{"id":2591,"date":"2024-11-09T06:48:13","date_gmt":"2024-11-09T06:48:13","guid":{"rendered":"https:\/\/sinkwithfaucet.com\/?post_type=product&#038;p=2591"},"modified":"2024-11-09T06:48:13","modified_gmt":"2024-11-09T06:48:13","slug":"single-kitchen-sink-8048l","status":"publish","type":"product","link":"https:\/\/sinkwithfaucet.com\/sl\/single-kitchen-sink-8048l\/","title":{"rendered":"Eno kuhinjsko korito 8048L"},"content":{"rendered":"<h2 data-sourcepos=\"1:1-1:46\">Enojna kuhinjska pomivalna korita: Klasi\u010dna izbira<\/h2>\n<p data-sourcepos=\"3:1-3:228\"><strong>Enojna kuhinjska pomivalna korita<\/strong> so zaradi svoje preprostosti in u\u010dinkovitosti priljubljena izbira \u0161tevilnih lastnikov stanovanj. Ponujajo \u010dist, neokrnjen videz in so kot nala\u0161\u010d za manj\u0161e kuhinje ali tiste, ki imajo raje minimalisti\u010dno estetiko.<\/p>\n<p data-sourcepos=\"5:1-5:46\"><strong>Klju\u010dne lastnosti enojnih kuhinjskih pomivalnih korit:<\/strong><\/p>\n<ul data-sourcepos=\"7:1-11:0\">\n<li data-sourcepos=\"7:1-7:83\"><strong>Preprosto in elegantno:<\/strong> Klasi\u010den dizajn, ki dopolnjuje razli\u010dne kuhinjske sloge.<\/li>\n<li data-sourcepos=\"8:1-8:70\"><strong>Var\u010devanje s prostorom:<\/strong> Idealno za manj\u0161e kuhinje z omejenim prostorom.<\/li>\n<li data-sourcepos=\"9:1-9:91\"><strong>Vsestranski:<\/strong> Uporablja se lahko za razli\u010dna opravila, od pomivanja posode do priprave hrane.<\/li>\n<li data-sourcepos=\"10:1-11:0\"><strong>Enostavno \u010di\u0161\u010denje:<\/strong> Eno veliko posodo je enostavno vzdr\u017eevati.<\/li>\n<\/ul>\n<p data-sourcepos=\"12:1-12:39\"><strong>Vrste kuhinjskih pomivalnih korit z eno skledo:<\/strong><\/p>\n<ul data-sourcepos=\"14:1-17:0\">\n<li data-sourcepos=\"14:1-14:85\"><strong>Dozdevna pomivalna korita:<\/strong> Namestite ga pod pult in poskrbite za eleganten in sodoben videz.<\/li>\n<li data-sourcepos=\"15:1-15:93\"><strong>Umivalniki za vgradnjo na vrh:<\/strong> Namestijo se na vrh pulta, kar zagotavlja tradicionalen videz.<\/li>\n<li data-sourcepos=\"16:1-17:0\"><strong>Kmetija Umivalniki:<\/strong> Velika in globoka pomivalna korita s predpasnikom, ki zagotavljajo rustikalno in funkcionalno obliko.<\/li>\n<\/ul>\n<p data-sourcepos=\"18:1-18:60\"><strong>Razmislek pri izbiri kuhinjskega pomivalnega korita z eno skledo:<\/strong><\/p>\n<ul data-sourcepos=\"20:1-24:0\">\n<li data-sourcepos=\"20:1-20:71\"><strong>Velikost:<\/strong> Izberite velikost, ki ustreza postavitvi va\u0161e kuhinje in va\u0161im potrebam.<\/li>\n<li data-sourcepos=\"21:1-21:109\"><strong>Material:<\/strong> Izberite trpe\u017een in enostaven za \u010di\u0161\u010denje material, kot so nerjave\u010de jeklo, kompozit ali \u0161amot.<\/li>\n<li data-sourcepos=\"22:1-22:83\"><strong>Globina:<\/strong> Upo\u0161tevajte globino posode, da lahko vanjo namestite ve\u010dje lonce in ponve.<\/li>\n<li data-sourcepos=\"23:1-24:0\"><strong>Namestitev:<\/strong> Poskrbite za pravilno namestitev, ne glede na to, ali gre za podometno ali zgornjo namestitev.<\/li>\n<\/ul>\n<p data-sourcepos=\"25:1-25:143\">\u010ce skrbno upo\u0161tevate te dejavnike, lahko izberete popolno kuhinjsko korito z eno posodo, ki bo izbolj\u0161alo funkcionalnost in slog va\u0161e kuhinje.<\/p>","protected":false},"excerpt":{"rendered":"<p>Skupna velikost: 720*470*210 mm<\/p>\n<p>Velikost izreza: 700 * 450 mm<\/p>\n<p>Material: nerjave\u010de jeklo<\/p>","protected":false},"featured_media":2592,"template":"","meta":[],"product_brand":[],"product_cat":[56],"product_tag":[],"class_list":{"0":"post-2591","1":"product","2":"type-product","3":"status-publish","4":"has-post-thumbnail","6":"product_cat-pressing-kitchen-sink","8":"first","9":"instock","10":"shipping-taxable","11":"product-type-simple"},"_links":{"self":[{"href":"https:\/\/sinkwithfaucet.com\/sl\/wp-json\/wp\/v2\/product\/2591","targetHints":{"allow":["GET"]}}],"collection":[{"href":"https:\/\/sinkwithfaucet.com\/sl\/wp-json\/wp\/v2\/product"}],"about":[{"href":"https:\/\/sinkwithfaucet.com\/sl\/wp-json\/wp\/v2\/types\/product"}],"wp:featuredmedia":[{"embeddable":true,"href":"https:\/\/sinkwithfaucet.com\/sl\/wp-json\/wp\/v2\/media\/2592"}],"wp:attachment":[{"href":"https:\/\/sinkwithfaucet.com\/sl\/wp-json\/wp\/v2\/media?parent=2591"}],"wp:term":[{"taxonomy":"product_brand","embeddable":true,"href":"https:\/\/sinkwithfaucet.com\/sl\/wp-json\/wp\/v2\/product_brand?post=2591"},{"taxonomy":"product_cat","embeddable":true,"href":"https:\/\/sinkwithfaucet.com\/sl\/wp-json\/wp\/v2\/product_cat?post=2591"},{"taxonomy":"product_tag","embeddable":true,"href":"https:\/\/sinkwithfaucet.com\/sl\/wp-json\/wp\/v2\/product_tag?post=2591"}],"curies":[{"name":"wp","href":"https:\/\/api.w.org\/{rel}","templated":true}]}}