{"id":2583,"date":"2024-11-09T06:38:04","date_gmt":"2024-11-09T06:38:04","guid":{"rendered":"https:\/\/sinkwithfaucet.com\/?post_type=product&#038;p=2583"},"modified":"2024-11-09T06:38:04","modified_gmt":"2024-11-09T06:38:04","slug":"big-kitchen-sink-7643","status":"publish","type":"product","link":"https:\/\/sinkwithfaucet.com\/sl\/big-kitchen-sink-7643\/","title":{"rendered":"Veliko kuhinjsko korito 7643"},"content":{"rendered":"<h2 data-sourcepos=\"1:1-1:47\">Velika kuhinjska korita: Prostorno kulinari\u010dno sredi\u0161\u010de<\/h2>\n<p data-sourcepos=\"3:1-3:170\">Veliki kuhinjski pomivalni koriti ponujajo dovolj prostora za pomivanje posode, pripravo hrane in namakanje velike kuhinjske posode. So priljubljena izbira za tiste, ki radi kuhajo in se zabavajo.<\/p>\n<p data-sourcepos=\"5:1-5:40\"><strong>Klju\u010dne lastnosti velikih kuhinjskih pomivalnih korit:<\/strong><\/p>\n<ul data-sourcepos=\"7:1-11:0\">\n<li data-sourcepos=\"7:1-7:73\"><strong>Prostorna zasnova:<\/strong> Zagotavlja dovolj prostora za ve\u010d opravil in \u010di\u0161\u010denje.<\/li>\n<li data-sourcepos=\"8:1-8:83\"><strong>Vsestranska funkcionalnost:<\/strong> Vanj lahko namestite velike lonce, ponve in peka\u010de.<\/li>\n<li data-sourcepos=\"9:1-9:78\"><strong>Pove\u010dana u\u010dinkovitost:<\/strong> Poenostavi kuhinjska opravila in skraj\u0161a \u010das \u010di\u0161\u010denja.<\/li>\n<li data-sourcepos=\"10:1-11:0\"><strong>Sodobna estetika:<\/strong> Na voljo so razli\u010dni slogi in obdelave, ki dopolnjujejo razli\u010dne kuhinjske dizajne.<\/li>\n<\/ul>\n<p data-sourcepos=\"12:1-12:33\"><strong>Vrste velikih kuhinjskih pomivalnih korit:<\/strong><\/p>\n<ul data-sourcepos=\"14:1-18:0\">\n<li data-sourcepos=\"14:1-14:85\"><strong>Dozdevna pomivalna korita:<\/strong> Namestite ga pod pult in poskrbite za eleganten in sodoben videz.<\/li>\n<li data-sourcepos=\"15:1-15:93\"><strong>Umivalniki za vgradnjo na vrh:<\/strong> Namestijo se na vrh pulta, kar zagotavlja tradicionalen videz.<\/li>\n<li data-sourcepos=\"16:1-16:103\"><strong>Kmetija Umivalniki:<\/strong> Velika in globoka pomivalna korita s predpasnikom, ki zagotavljajo rustikalno in funkcionalno obliko.<\/li>\n<li data-sourcepos=\"17:1-18:0\"><strong>Pomivalna korita na delovni postaji:<\/strong> Vklju\u010dite dodatne funkcije, kot so deske za rezanje, cedila in stojala za su\u0161enje.<\/li>\n<\/ul>\n<p data-sourcepos=\"19:1-19:54\"><strong>Razmislek pri izbiri velikega kuhinjskega pomivalnega korita:<\/strong><\/p>\n<ul data-sourcepos=\"21:1-26:0\">\n<li data-sourcepos=\"21:1-21:70\"><strong>Velikost:<\/strong> Prepri\u010dajte se, da pomivalno korito ustreza postavitvi va\u0161e kuhinje in va\u0161im potrebam.<\/li>\n<li data-sourcepos=\"22:1-22:109\"><strong>Material:<\/strong> Izberite trpe\u017een in enostaven za \u010di\u0161\u010denje material, kot so nerjave\u010de jeklo, kompozit ali \u0161amot.<\/li>\n<li data-sourcepos=\"23:1-23:99\"><strong>Konfiguracija sklede:<\/strong> Glede na svoje \u017eelje razmislite o konfiguraciji z eno ali dvema posodama.<\/li>\n<li data-sourcepos=\"24:1-24:64\"><strong>Globina:<\/strong> V globlje pomivalno korito lahko namestite ve\u010dje lonce in ponve.<\/li>\n<li data-sourcepos=\"25:1-26:0\"><strong>Namestitev:<\/strong> Poskrbite za pravilno namestitev, ne glede na to, ali gre za podometno ali zgornjo namestitev.<\/li>\n<\/ul>\n<p data-sourcepos=\"27:1-27:137\">\u010ce skrbno upo\u0161tevate te dejavnike, lahko izberete popolno veliko kuhinjsko korito, ki bo izbolj\u0161alo funkcionalnost in slog va\u0161e kuhinje.<\/p>","protected":false},"excerpt":{"rendered":"<p>Skupna velikost: 1200*500*200 mm<\/p>\n<p>Velikost izreza: 1180 * 480 mm<\/p>\n<p>Material: nerjave\u010de jeklo<\/p>","protected":false},"featured_media":2585,"template":"","meta":[],"product_brand":[],"product_cat":[56],"product_tag":[],"class_list":{"0":"post-2583","1":"product","2":"type-product","3":"status-publish","4":"has-post-thumbnail","6":"product_cat-pressing-kitchen-sink","8":"first","9":"instock","10":"shipping-taxable","11":"product-type-simple"},"_links":{"self":[{"href":"https:\/\/sinkwithfaucet.com\/sl\/wp-json\/wp\/v2\/product\/2583","targetHints":{"allow":["GET"]}}],"collection":[{"href":"https:\/\/sinkwithfaucet.com\/sl\/wp-json\/wp\/v2\/product"}],"about":[{"href":"https:\/\/sinkwithfaucet.com\/sl\/wp-json\/wp\/v2\/types\/product"}],"wp:featuredmedia":[{"embeddable":true,"href":"https:\/\/sinkwithfaucet.com\/sl\/wp-json\/wp\/v2\/media\/2585"}],"wp:attachment":[{"href":"https:\/\/sinkwithfaucet.com\/sl\/wp-json\/wp\/v2\/media?parent=2583"}],"wp:term":[{"taxonomy":"product_brand","embeddable":true,"href":"https:\/\/sinkwithfaucet.com\/sl\/wp-json\/wp\/v2\/product_brand?post=2583"},{"taxonomy":"product_cat","embeddable":true,"href":"https:\/\/sinkwithfaucet.com\/sl\/wp-json\/wp\/v2\/product_cat?post=2583"},{"taxonomy":"product_tag","embeddable":true,"href":"https:\/\/sinkwithfaucet.com\/sl\/wp-json\/wp\/v2\/product_tag?post=2583"}],"curies":[{"name":"wp","href":"https:\/\/api.w.org\/{rel}","templated":true}]}}