{"id":2580,"date":"2024-11-09T06:33:57","date_gmt":"2024-11-09T06:33:57","guid":{"rendered":"https:\/\/sinkwithfaucet.com\/?post_type=product&#038;p=2580"},"modified":"2024-11-09T06:33:57","modified_gmt":"2024-11-09T06:33:57","slug":"drainboard-kitchen-sink-6844","status":"publish","type":"product","link":"https:\/\/sinkwithfaucet.com\/sl\/drainboard-kitchen-sink-6844\/","title":{"rendered":"Kuhinjsko pomivalno korito z odtokom 6844"},"content":{"rendered":"<h2 data-sourcepos=\"1:1-1:56\">Kuhinjski pomivalniki z dvostranskim odtokom: Prakti\u010dna izbira<\/h2>\n<p data-sourcepos=\"3:1-3:212\">Dvostransko kuhinjsko korito z odcejalnikom je funkcionalen in eleganten dodatek vsaki kuhinji. Na obeh straneh pomivalnega korita so odcejalniki, ki zagotavljajo dovolj prostora za su\u0161enje posode, pribora in drugih kuhinjskih pripomo\u010dkov.<\/p>\n<p data-sourcepos=\"5:1-5:54\"><strong>Klju\u010dne lastnosti:<\/strong><\/p>\n<ul data-sourcepos=\"7:1-11:0\">\n<li data-sourcepos=\"7:1-7:102\"><strong>Ve\u010dja funkcionalnost:<\/strong> Dvojne odcejalne plo\u0161\u010de ponujajo ve\u010d prostora za su\u0161enje in urejanje posode.<\/li>\n<li data-sourcepos=\"8:1-8:109\"><strong>Izbolj\u0161ana u\u010dinkovitost:<\/strong> Z lo\u010denimi odcejalniki za \u010disto in umazano posodo lahko poenostavite kuhinjska opravila.<\/li>\n<li data-sourcepos=\"9:1-9:105\"><strong>Sodobno oblikovanje:<\/strong> Na voljo so razli\u010dni slogi in zaklju\u010dki, ki dopolnjujejo razli\u010dne kuhinjske estetike.<\/li>\n<li data-sourcepos=\"10:1-11:0\"><strong>Trajni materiali:<\/strong> Obi\u010dajno so izdelani iz nerjave\u010dega jekla, kar zagotavlja dolgotrajno delovanje.<\/li>\n<\/ul>\n<p data-sourcepos=\"12:1-12:68\"><strong>Upo\u0161tevanje pri izbiri dvostranskega kuhinjskega pomivalnega korita:<\/strong><\/p>\n<ul data-sourcepos=\"14:1-18:0\">\n<li data-sourcepos=\"14:1-14:73\"><strong>Velikost:<\/strong> Izberite velikost, ki ustreza razporeditvi va\u0161e kuhinje in va\u0161im potrebam.<\/li>\n<li data-sourcepos=\"15:1-15:85\"><strong>Material:<\/strong> Izberite trpe\u017een in enostaven za \u010di\u0161\u010denje material, kot je nerjavno jeklo.<\/li>\n<li data-sourcepos=\"16:1-16:105\"><strong>Velikost odto\u010dne plo\u0161\u010de:<\/strong> Upo\u0161tevajte velikost odto\u010dnih desk in se prepri\u010dajte, da bodo lahko sprejele va\u0161o posodo.<\/li>\n<li data-sourcepos=\"17:1-18:0\"><strong>Namestitev:<\/strong> Poskrbite za pravilno namestitev, da prepre\u010dite pu\u0161\u010danje in po\u0161kodbe.<\/li>\n<\/ul>\n<p data-sourcepos=\"19:1-19:150\">\u010ce skrbno upo\u0161tevate te dejavnike, lahko izberete popolno kuhinjsko korito z dvostranskim odcejalnikom, ki bo izbolj\u0161alo funkcionalnost in slog va\u0161e kuhinje.<\/p>","protected":false},"excerpt":{"rendered":"<p>Skupna velikost: 1000 * 500 * 150 mm<\/p>\n<p>Velikost izreza: 980 * 480 mm<\/p>\n<p>Material: nerjave\u010de jeklo<\/p>","protected":false},"featured_media":2581,"template":"","meta":[],"product_brand":[],"product_cat":[56],"product_tag":[],"class_list":{"0":"post-2580","1":"product","2":"type-product","3":"status-publish","4":"has-post-thumbnail","6":"product_cat-pressing-kitchen-sink","8":"first","9":"instock","10":"shipping-taxable","11":"product-type-simple"},"_links":{"self":[{"href":"https:\/\/sinkwithfaucet.com\/sl\/wp-json\/wp\/v2\/product\/2580","targetHints":{"allow":["GET"]}}],"collection":[{"href":"https:\/\/sinkwithfaucet.com\/sl\/wp-json\/wp\/v2\/product"}],"about":[{"href":"https:\/\/sinkwithfaucet.com\/sl\/wp-json\/wp\/v2\/types\/product"}],"wp:featuredmedia":[{"embeddable":true,"href":"https:\/\/sinkwithfaucet.com\/sl\/wp-json\/wp\/v2\/media\/2581"}],"wp:attachment":[{"href":"https:\/\/sinkwithfaucet.com\/sl\/wp-json\/wp\/v2\/media?parent=2580"}],"wp:term":[{"taxonomy":"product_brand","embeddable":true,"href":"https:\/\/sinkwithfaucet.com\/sl\/wp-json\/wp\/v2\/product_brand?post=2580"},{"taxonomy":"product_cat","embeddable":true,"href":"https:\/\/sinkwithfaucet.com\/sl\/wp-json\/wp\/v2\/product_cat?post=2580"},{"taxonomy":"product_tag","embeddable":true,"href":"https:\/\/sinkwithfaucet.com\/sl\/wp-json\/wp\/v2\/product_tag?post=2580"}],"curies":[{"name":"wp","href":"https:\/\/api.w.org\/{rel}","templated":true}]}}