{"id":2577,"date":"2024-11-09T06:30:16","date_gmt":"2024-11-09T06:30:16","guid":{"rendered":"https:\/\/sinkwithfaucet.com\/?post_type=product&#038;p=2577"},"modified":"2024-11-09T06:30:16","modified_gmt":"2024-11-09T06:30:16","slug":"kitchen-sink-with-drainboard-7848b","status":"publish","type":"product","link":"https:\/\/sinkwithfaucet.com\/sl\/kitchen-sink-with-drainboard-7848b\/","title":{"rendered":"Kuhinjsko pomivalno korito z odcejalnikom 7848B"},"content":{"rendered":"<h2 data-sourcepos=\"1:1-1:53\">Kuhinjsko pomivalno korito z odcejalnikom: Prakti\u010dna izbira<\/h2>\n<p data-sourcepos=\"3:1-3:212\"><strong>Kuhinjska pomivalna korita z odto\u010dnimi plo\u0161\u010dami<\/strong> ponujajo prakti\u010dno in u\u010dinkovito re\u0161itev za pomivanje in su\u0161enje posode. Vgrajen odcejalnik zagotavlja priro\u010den prostor za su\u0161enje posode, pribora in drugih kuhinjskih pripomo\u010dkov na zraku.<\/p>\n<p data-sourcepos=\"5:1-5:51\"><strong>Klju\u010dne lastnosti kuhinjskih pomivalnih korit z odcejalnikom:<\/strong><\/p>\n<ul data-sourcepos=\"7:1-10:0\">\n<li data-sourcepos=\"7:1-7:113\"><strong>Ve\u010dja funkcionalnost:<\/strong> Odcejalnik je priro\u010den prostor za su\u0161enje, ki zmanj\u0161uje nered na delovnem pultu.<\/li>\n<li data-sourcepos=\"8:1-8:103\"><strong>Izbolj\u0161ana higiena:<\/strong> Z odstranjevanjem posode s pulta lahko prepre\u010dite \u0161irjenje bakterij.<\/li>\n<li data-sourcepos=\"9:1-10:0\"><strong>Zasnova za var\u010devanje s prostorom:<\/strong> V eni enoti zdru\u017euje pomivalno korito in stojalo za su\u0161enje ter tako pove\u010duje u\u010dinkovitost va\u0161e kuhinje.<\/li>\n<\/ul>\n<p data-sourcepos=\"11:1-11:44\"><strong>Vrste kuhinjskih pomivalnih korit z odcejalnikom:<\/strong><\/p>\n<ul data-sourcepos=\"13:1-16:0\">\n<li data-sourcepos=\"13:1-13:90\"><strong>Iz nerjave\u010dega jekla:<\/strong> Priljubljena izbira zaradi trajnosti, higiene in sodobne estetike.<\/li>\n<li data-sourcepos=\"14:1-14:81\"><strong>\u0160amot:<\/strong> Trpe\u017een in toplotno odporen material klasi\u010dnega videza.<\/li>\n<li data-sourcepos=\"15:1-16:0\"><strong>Sestavljeni:<\/strong> Me\u0161anica materialov, kot sta kremen ali granit, zagotavlja elegantno in trajno mo\u017enost.<\/li>\n<\/ul>\n<p data-sourcepos=\"17:1-17:64\"><strong>Upo\u0161tevanje pri izbiri kuhinjskega pomivalnega korita z odcejalnikom:<\/strong><\/p>\n<ul data-sourcepos=\"19:1-24:0\">\n<li data-sourcepos=\"19:1-19:71\"><strong>Velikost:<\/strong> Izberite velikost, ki ustreza postavitvi va\u0161e kuhinje in va\u0161im potrebam.<\/li>\n<li data-sourcepos=\"20:1-20:93\"><strong>Postavitev odto\u010dne plo\u0161\u010de:<\/strong> Razmislite, ali vam bolj ustreza levo ali desno name\u0161\u010den odto\u010dni pult.<\/li>\n<li data-sourcepos=\"21:1-21:60\"><strong>Material:<\/strong> Izberite trpe\u017een in enostaven za \u010di\u0161\u010denje material.<\/li>\n<li data-sourcepos=\"22:1-22:72\"><strong>Namestitev:<\/strong> Izbirate lahko med vgradnjo pod ali na vrh.<\/li>\n<li data-sourcepos=\"23:1-24:0\"><strong>Slog:<\/strong> Izberite slog, ki dopolnjuje celotno zasnovo va\u0161e kuhinje.<\/li>\n<\/ul>\n<p data-sourcepos=\"25:1-25:146\">\u010ce skrbno upo\u0161tevate te dejavnike, lahko izberete popolno kuhinjsko korito z odcejalnikom, ki bo izbolj\u0161alo funkcionalnost in slog va\u0161e kuhinje.<\/p>","protected":false},"excerpt":{"rendered":"<p>Skupna velikost: 900*550*210 mm<\/p>\n<p>Velikost izreza: 880 * 480 mm<\/p>\n<p>Material: nerjave\u010de jeklo<\/p>","protected":false},"featured_media":2579,"template":"","meta":[],"product_brand":[],"product_cat":[56],"product_tag":[],"class_list":{"0":"post-2577","1":"product","2":"type-product","3":"status-publish","4":"has-post-thumbnail","6":"product_cat-pressing-kitchen-sink","8":"first","9":"instock","10":"shipping-taxable","11":"product-type-simple"},"_links":{"self":[{"href":"https:\/\/sinkwithfaucet.com\/sl\/wp-json\/wp\/v2\/product\/2577","targetHints":{"allow":["GET"]}}],"collection":[{"href":"https:\/\/sinkwithfaucet.com\/sl\/wp-json\/wp\/v2\/product"}],"about":[{"href":"https:\/\/sinkwithfaucet.com\/sl\/wp-json\/wp\/v2\/types\/product"}],"wp:featuredmedia":[{"embeddable":true,"href":"https:\/\/sinkwithfaucet.com\/sl\/wp-json\/wp\/v2\/media\/2579"}],"wp:attachment":[{"href":"https:\/\/sinkwithfaucet.com\/sl\/wp-json\/wp\/v2\/media?parent=2577"}],"wp:term":[{"taxonomy":"product_brand","embeddable":true,"href":"https:\/\/sinkwithfaucet.com\/sl\/wp-json\/wp\/v2\/product_brand?post=2577"},{"taxonomy":"product_cat","embeddable":true,"href":"https:\/\/sinkwithfaucet.com\/sl\/wp-json\/wp\/v2\/product_cat?post=2577"},{"taxonomy":"product_tag","embeddable":true,"href":"https:\/\/sinkwithfaucet.com\/sl\/wp-json\/wp\/v2\/product_tag?post=2577"}],"curies":[{"name":"wp","href":"https:\/\/api.w.org\/{rel}","templated":true}]}}