{"id":2432,"date":"2024-11-04T06:50:40","date_gmt":"2024-11-04T06:50:40","guid":{"rendered":"https:\/\/sinkwithfaucet.com\/?post_type=product&#038;p=2432"},"modified":"2024-11-11T02:44:49","modified_gmt":"2024-11-11T02:44:49","slug":"30-inch-kitchen-sink-3022ssa","status":"publish","type":"product","link":"https:\/\/sinkwithfaucet.com\/sl\/30-inch-kitchen-sink-3022ssa\/","title":{"rendered":"30-pal\u010dno kuhinjsko korito 3022SSA"},"content":{"rendered":"<p data-sourcepos=\"1:1-1:227\">30-pal\u010dna kuhinjska korita so priljubljena izbira za \u0161tevilne lastnike stanovanj, saj zagotavljajo ravnovesje med velikostjo in funkcionalnostjo. Na voljo so v razli\u010dnih slogih, materialih in konfiguracijah, ki ustrezajo razli\u010dnim oblikam in potrebam kuhinje.<\/p>\n<h3 data-sourcepos=\"3:1-3:42\">Klju\u010dne lastnosti 30-pal\u010dnih kuhinjskih pomivalnih korit:<\/h3>\n<ul data-sourcepos=\"5:1-9:0\">\n<li data-sourcepos=\"5:1-5:107\"><strong>Veliko prostora:<\/strong> Zagotavlja dovolj prostora za pomivanje posode, pripravo hrane in namakanje velike kuhinjske posode.<\/li>\n<li data-sourcepos=\"6:1-6:94\"><strong>Vsestranska zasnova:<\/strong> Na voljo so v konfiguracijah z enojno in dvojno posodo ter z delovno postajo.<\/li>\n<li data-sourcepos=\"7:1-7:80\"><strong>Trajni materiali:<\/strong> Pogosto so izdelani iz nerjavnega jekla, kompozita ali keramike.<\/li>\n<li data-sourcepos=\"8:1-9:0\"><strong>Elegantne mo\u017enosti:<\/strong> Na voljo so v razli\u010dnih obdelavah in slogih, ki dopolnjujejo razli\u010dne kuhinjske estetike.<\/li>\n<\/ul>\n<h3 data-sourcepos=\"10:1-10:35\">Vrste 30-pal\u010dnih kuhinjskih pomivalnih korit:<\/h3>\n<ul data-sourcepos=\"12:1-15:0\">\n<li data-sourcepos=\"12:1-12:85\"><strong><a href=\"https:\/\/sinkwithfaucet.com\/sl\/undermount-sink-1\/\">Dozidana pomivalna korita<\/a>:<\/strong> Namestite ga pod pult in poskrbite za eleganten in sodoben videz.<\/li>\n<li data-sourcepos=\"13:1-13:93\"><strong><a href=\"https:\/\/sinkwithfaucet.com\/sl\/topmount-sink-1\/\">Umivalniki za vgradnjo na vrh<\/a>:<\/strong> Namestijo se na vrh pulta, kar zagotavlja tradicionalen videz.<\/li>\n<li data-sourcepos=\"14:1-15:0\"><strong><a href=\"https:\/\/sinkwithfaucet.com\/sl\/apron-sink-1\/\">Kmetija umivalniki<\/a>:<\/strong> Velika in globoka pomivalna korita s predpasnikom, ki zagotavljajo rustikalno in funkcionalno obliko.<\/li>\n<\/ul>\n<h3 data-sourcepos=\"16:1-16:56\">Upo\u0161tevanje pri izbiri 30-pal\u010dnega kuhinjskega pomivalnega korita:<\/h3>\n<ul data-sourcepos=\"18:1-23:0\">\n<li data-sourcepos=\"18:1-18:94\"><strong>Material:<\/strong> Izberite trpe\u017een in enostaven za \u010di\u0161\u010denje material, kot je nerjavno jeklo ali kompozit.<\/li>\n<li data-sourcepos=\"19:1-19:91\"><strong>Konfiguracija sklede:<\/strong> Glede na svoje potrebe izberite konfiguracijo z eno ali dvema posodama.<\/li>\n<li data-sourcepos=\"20:1-20:78\"><strong>Globina:<\/strong> Upo\u0161tevajte globino posode, da lahko vanjo namestite ve\u010djo posodo.<\/li>\n<li data-sourcepos=\"21:1-21:105\"><strong>Zaklju\u010dek:<\/strong> Izberite obdelavo, ki dopolnjuje slog va\u0161e kuhinje, na primer krta\u010deno, polirano ali matirano.<\/li>\n<li data-sourcepos=\"22:1-23:0\"><strong>Namestitev:<\/strong> Poskrbite za pravilno namestitev, ne glede na to, ali gre za podometno ali zgornjo namestitev.<\/li>\n<\/ul>\n<p data-sourcepos=\"24:1-24:139\">\u010ce skrbno upo\u0161tevate te dejavnike, lahko izberete popolno 30-pal\u010dno kuhinjsko korito, ki bo izbolj\u0161alo funkcionalnost in slog va\u0161e kuhinje.<\/p>","protected":false},"excerpt":{"rendered":"<p>Skupna velikost: 30 * 22 * 10 palcev \/ 762 * 559 * 254 mm<\/p>\n<p>Velikost sklede: 712 * 451 mm<\/p>\n<p>Velikost izreza: 763 * 503 mm<\/p>\n<p>Radian Corner : R10<\/p>","protected":false},"featured_media":2433,"template":"","meta":[],"product_brand":[],"product_cat":[54],"product_tag":[],"class_list":{"0":"post-2432","1":"product","2":"type-product","3":"status-publish","4":"has-post-thumbnail","6":"product_cat-apron-sink-1","8":"first","9":"instock","10":"shipping-taxable","11":"product-type-simple"},"_links":{"self":[{"href":"https:\/\/sinkwithfaucet.com\/sl\/wp-json\/wp\/v2\/product\/2432","targetHints":{"allow":["GET"]}}],"collection":[{"href":"https:\/\/sinkwithfaucet.com\/sl\/wp-json\/wp\/v2\/product"}],"about":[{"href":"https:\/\/sinkwithfaucet.com\/sl\/wp-json\/wp\/v2\/types\/product"}],"wp:featuredmedia":[{"embeddable":true,"href":"https:\/\/sinkwithfaucet.com\/sl\/wp-json\/wp\/v2\/media\/2433"}],"wp:attachment":[{"href":"https:\/\/sinkwithfaucet.com\/sl\/wp-json\/wp\/v2\/media?parent=2432"}],"wp:term":[{"taxonomy":"product_brand","embeddable":true,"href":"https:\/\/sinkwithfaucet.com\/sl\/wp-json\/wp\/v2\/product_brand?post=2432"},{"taxonomy":"product_cat","embeddable":true,"href":"https:\/\/sinkwithfaucet.com\/sl\/wp-json\/wp\/v2\/product_cat?post=2432"},{"taxonomy":"product_tag","embeddable":true,"href":"https:\/\/sinkwithfaucet.com\/sl\/wp-json\/wp\/v2\/product_tag?post=2432"}],"curies":[{"name":"wp","href":"https:\/\/api.w.org\/{rel}","templated":true}]}}