{"id":2429,"date":"2024-11-04T06:26:45","date_gmt":"2024-11-04T06:26:45","guid":{"rendered":"https:\/\/sinkwithfaucet.com\/?post_type=product&#038;p=2429"},"modified":"2024-11-04T06:27:51","modified_gmt":"2024-11-04T06:27:51","slug":"stainless-apron-sink-3322da","status":"publish","type":"product","link":"https:\/\/sinkwithfaucet.com\/sl\/stainless-apron-sink-3322da\/","title":{"rendered":"Umivalnik iz nerjave\u010dega jekla 3322DA"},"content":{"rendered":"<h2><strong><b>Nerjave\u010di predpasnik: Trajna klasika<\/b><\/strong><\/h2>\n<p>Pomivalna korita iz nerjave\u010dega jekla so zelo privla\u010dna za lastnike stanovanj, ki i\u0161\u010dejo elegantno in zelo funkcionalno kuhinjo. Ta velika in globoka pomivalna korita, pogosto znana kot \"kme\u010dka korita\", se pona\u0161ajo z edinstvenim predpasnikom, ki \u0161trli \u010dez delovno povr\u0161ino.<\/p>\n<p>&nbsp;<\/p>\n<p><strong>Klju\u010dne lastnosti pomivalnih korit iz nerjave\u010dega jekla Apron Front:<\/strong><\/p>\n<ul>\n<li>Prostorna skleda: Ponuja veliko prostora za pomivanje velikih loncev in ponev.<\/li>\n<li>Elegantno oblikovanje: Predpasnik daje kuhinji klasi\u010den in prefinjen videz.<\/li>\n<li>Trajnost: Izdelano iz visokokakovostnega nerjave\u010dega jekla, ki zagotavlja dolgotrajno delovanje.<\/li>\n<li>Enostavno \u010di\u0161\u010denje: Gladko povr\u0161ino je enostavno vzdr\u017eevati in razku\u017eevati.<\/li>\n<\/ul>\n<p><strong><b>Upo\u0161tevanje pri izbiri pomivalnega korita iz nerjave\u010dega jekla:<\/b><\/strong><\/p>\n<ul>\n<li>Velikost: Izberite velikost, ki ustreza razporeditvi va\u0161e kuhinje in va\u0161im posebnim zahtevam.<\/li>\n<li>Konfiguracija sklede: Izbirate lahko med enojno ali dvojno nastavitvijo posode glede na svoje \u017eelje.<\/li>\n<li>Merilnik: Debelej\u0161i profil pomeni trajnej\u0161e pomivalno korito.<\/li>\n<li>Povr\u0161ina: Izberite povr\u0161ino, ki se ujema s slogom va\u0161e kuhinje, kot je bru\u0161eno ali polirano nerjavno jeklo.<\/li>\n<\/ul>\n<p><strong><b>Namestitev:<\/b><\/strong><\/p>\n<p>S skrbnim tehtanjem teh dejavnikov lahko izberete idealno pomivalno korito iz nerjave\u010dega jekla s predpasnikom, ki bo izbolj\u0161alo slog in funkcionalnost va\u0161e kuhinje.<\/p>","protected":false},"excerpt":{"rendered":"<p>Skupna velikost: 33 * 22 * 10 palcev \/ 838 * 559 * 254 mm<\/p>\n<p>Velikost posode: 788*420\/330*452 mm<\/p>\n<p>Velikost izreza: 839 * 503 mm<\/p>\n<p>Radian Corner : R10<\/p>","protected":false},"featured_media":2430,"template":"","meta":[],"product_brand":[],"product_cat":[54],"product_tag":[],"class_list":{"0":"post-2429","1":"product","2":"type-product","3":"status-publish","4":"has-post-thumbnail","6":"product_cat-apron-sink-1","8":"first","9":"instock","10":"shipping-taxable","11":"product-type-simple"},"_links":{"self":[{"href":"https:\/\/sinkwithfaucet.com\/sl\/wp-json\/wp\/v2\/product\/2429","targetHints":{"allow":["GET"]}}],"collection":[{"href":"https:\/\/sinkwithfaucet.com\/sl\/wp-json\/wp\/v2\/product"}],"about":[{"href":"https:\/\/sinkwithfaucet.com\/sl\/wp-json\/wp\/v2\/types\/product"}],"wp:featuredmedia":[{"embeddable":true,"href":"https:\/\/sinkwithfaucet.com\/sl\/wp-json\/wp\/v2\/media\/2430"}],"wp:attachment":[{"href":"https:\/\/sinkwithfaucet.com\/sl\/wp-json\/wp\/v2\/media?parent=2429"}],"wp:term":[{"taxonomy":"product_brand","embeddable":true,"href":"https:\/\/sinkwithfaucet.com\/sl\/wp-json\/wp\/v2\/product_brand?post=2429"},{"taxonomy":"product_cat","embeddable":true,"href":"https:\/\/sinkwithfaucet.com\/sl\/wp-json\/wp\/v2\/product_cat?post=2429"},{"taxonomy":"product_tag","embeddable":true,"href":"https:\/\/sinkwithfaucet.com\/sl\/wp-json\/wp\/v2\/product_tag?post=2429"}],"curies":[{"name":"wp","href":"https:\/\/api.w.org\/{rel}","templated":true}]}}