{"id":2427,"date":"2024-11-04T06:16:23","date_gmt":"2024-11-04T06:16:23","guid":{"rendered":"https:\/\/sinkwithfaucet.com\/?post_type=product&#038;p=2427"},"modified":"2024-11-04T06:16:23","modified_gmt":"2024-11-04T06:16:23","slug":"stainless-steel-apron-sink-3022sa","status":"publish","type":"product","link":"https:\/\/sinkwithfaucet.com\/sl\/stainless-steel-apron-sink-3022sa\/","title":{"rendered":"Pomivalno korito iz nerjave\u010dega jekla 3022SA"},"content":{"rendered":"<h2 data-sourcepos=\"1:1-1:56\">Pomivalna korita iz nerjave\u010dega jekla: Brez\u010dasna klasika<\/h2>\n<p data-sourcepos=\"3:1-3:252\">Pomivalna korita iz nerjave\u010dega jekla so priljubljena izbira za lastnike stanovanj, ki \u017eelijo imeti elegantno in funkcionalno kuhinjo. Ta velika in globoka pomivalna korita, ki se pogosto imenujejo \"kme\u010dka\", imajo zna\u010dilen predpasnik, ki se razteza preko pulta.<\/p>\n<p data-sourcepos=\"5:1-5:54\"><strong>Klju\u010dne lastnosti pomivalnih korit iz nerjave\u010dega jekla Apron Front:<\/strong><\/p>\n<ul data-sourcepos=\"7:1-11:0\">\n<li data-sourcepos=\"7:1-7:64\"><strong>Prostorna skleda:<\/strong> Dovolj prostora za pomivanje velikih loncev in ponvic.<\/li>\n<li data-sourcepos=\"8:1-8:86\"><strong>Elegantno oblikovanje:<\/strong> Sprednji del predpasnika va\u0161i kuhinji doda klasi\u010den in eleganten videz.<\/li>\n<li data-sourcepos=\"9:1-9:92\"><strong>Trajnost:<\/strong> Narejen je iz visokokakovostnega nerjave\u010dega jekla, kar zagotavlja dolgotrajno delovanje.<\/li>\n<li data-sourcepos=\"10:1-11:0\"><strong>Enostavno \u010di\u0161\u010denje:<\/strong> Gladko povr\u0161ino je enostavno vzdr\u017eevati in razku\u017eevati.<\/li>\n<\/ul>\n<p data-sourcepos=\"12:1-12:68\"><strong>Upo\u0161tevanje pri izbiri pomivalnega korita iz nerjave\u010dega jekla:<\/strong><\/p>\n<ul data-sourcepos=\"14:1-19:0\">\n<li data-sourcepos=\"14:1-14:73\"><strong>Velikost:<\/strong> Izberite velikost, ki ustreza razporeditvi va\u0161e kuhinje in va\u0161im potrebam.<\/li>\n<li data-sourcepos=\"15:1-15:97\"><strong>Konfiguracija sklede:<\/strong> Glede na svoje \u017eelje izberite konfiguracijo z eno ali dvema posodama.<\/li>\n<li data-sourcepos=\"16:1-16:59\"><strong>Merilnik:<\/strong> Debelej\u0161i profil pomeni trajnej\u0161e pomivalno korito.<\/li>\n<li data-sourcepos=\"17:1-17:113\"><strong>Zaklju\u010dek:<\/strong> Izberite obdelavo, ki dopolnjuje slog va\u0161e kuhinje, na primer bru\u0161eno ali polirano nerjavno jeklo.<\/li>\n<li data-sourcepos=\"18:1-19:0\"><strong>Namestitev:<\/strong> Razmislite o vgradnji pod ali nadgradnji.<\/li>\n<\/ul>\n<p data-sourcepos=\"20:1-20:150\">\u010ce skrbno upo\u0161tevate te dejavnike, lahko izberete popolno pomivalno korito iz nerjave\u010dega jekla s predpasnikom, ki bo izbolj\u0161alo slog in funkcionalnost va\u0161e kuhinje.<\/p>","protected":false},"excerpt":{"rendered":"<p>Skupna velikost: 30 * 22 * 10 palcev \/ 762 * 559 * 254 mm<\/p>\n<p>Velikost sklede: 712 * 451 mm<\/p>\n<p>Velikost izreza: 763 * 503 mm<\/p>\n<p>Radian Corner : R10<\/p>","protected":false},"featured_media":2428,"template":"","meta":[],"product_brand":[],"product_cat":[54],"product_tag":[],"class_list":{"0":"post-2427","1":"product","2":"type-product","3":"status-publish","4":"has-post-thumbnail","6":"product_cat-apron-sink-1","8":"first","9":"instock","10":"shipping-taxable","11":"product-type-simple"},"_links":{"self":[{"href":"https:\/\/sinkwithfaucet.com\/sl\/wp-json\/wp\/v2\/product\/2427","targetHints":{"allow":["GET"]}}],"collection":[{"href":"https:\/\/sinkwithfaucet.com\/sl\/wp-json\/wp\/v2\/product"}],"about":[{"href":"https:\/\/sinkwithfaucet.com\/sl\/wp-json\/wp\/v2\/types\/product"}],"wp:featuredmedia":[{"embeddable":true,"href":"https:\/\/sinkwithfaucet.com\/sl\/wp-json\/wp\/v2\/media\/2428"}],"wp:attachment":[{"href":"https:\/\/sinkwithfaucet.com\/sl\/wp-json\/wp\/v2\/media?parent=2427"}],"wp:term":[{"taxonomy":"product_brand","embeddable":true,"href":"https:\/\/sinkwithfaucet.com\/sl\/wp-json\/wp\/v2\/product_brand?post=2427"},{"taxonomy":"product_cat","embeddable":true,"href":"https:\/\/sinkwithfaucet.com\/sl\/wp-json\/wp\/v2\/product_cat?post=2427"},{"taxonomy":"product_tag","embeddable":true,"href":"https:\/\/sinkwithfaucet.com\/sl\/wp-json\/wp\/v2\/product_tag?post=2427"}],"curies":[{"name":"wp","href":"https:\/\/api.w.org\/{rel}","templated":true}]}}