{"id":2425,"date":"2024-11-04T06:09:13","date_gmt":"2024-11-04T06:09:13","guid":{"rendered":"https:\/\/sinkwithfaucet.com\/?post_type=product&#038;p=2425"},"modified":"2024-11-04T06:09:28","modified_gmt":"2024-11-04T06:09:28","slug":"matte-black-kitchen-sink-9246","status":"publish","type":"product","link":"https:\/\/sinkwithfaucet.com\/sl\/matte-black-kitchen-sink-9246\/","title":{"rendered":"Mat \u010drno kuhinjsko korito 9246"},"content":{"rendered":"<h2 data-sourcepos=\"1:1-1:55\">Mat \u010drna kuhinjska korita: Sodobna in elegantna izbira<\/h2>\n<p data-sourcepos=\"3:1-3:165\">Mat \u010drna kuhinjska korita so zaradi svojega elegantnega in sodobnega videza vedno bolj priljubljena. Vsaki kuhinji lahko dodajo pridih prefinjenosti.<\/p>\n<p data-sourcepos=\"5:1-5:46\"><strong>Klju\u010dne lastnosti:<\/strong><\/p>\n<ul data-sourcepos=\"7:1-11:0\">\n<li data-sourcepos=\"7:1-7:100\"><strong>Elegantna in sodobna estetika:<\/strong> Mat \u010drna povr\u0161ina ustvarja sodoben in minimalisti\u010den videz.<\/li>\n<li data-sourcepos=\"8:1-8:107\"><strong>Odporno na prstne odtise:<\/strong> Matiran zaklju\u010dek pomaga zmanj\u0161ati vidnost prstnih odtisov in made\u017eev.<\/li>\n<li data-sourcepos=\"9:1-9:99\"><strong>Trajno in dolgotrajno:<\/strong> Narejen je iz visokokakovostnih materialov, kot sta nerjavno jeklo ali kompozit.<\/li>\n<li data-sourcepos=\"10:1-11:0\"><strong>Vsestranski:<\/strong> Na voljo so razli\u010dni slogi, vklju\u010dno s podometnimi, zgornjimi in kme\u010dkimi.<\/li>\n<\/ul>\n<p data-sourcepos=\"12:1-12:60\"><strong>Razmislek pri izbiri mat \u010drnega kuhinjskega pomivalnega korita:<\/strong><\/p>\n<ul data-sourcepos=\"14:1-19:0\">\n<li data-sourcepos=\"14:1-14:76\"><strong>Material:<\/strong> Izberite trpe\u017een material, kot je nerjavno jeklo ali kompozit.<\/li>\n<li data-sourcepos=\"15:1-15:78\"><strong>Zaklju\u010dek:<\/strong> Prepri\u010dajte se, da je matiran \u010drn zaklju\u010dek enakomeren in kakovosten.<\/li>\n<li data-sourcepos=\"16:1-16:86\"><strong>Velikost in oblika:<\/strong> Izberite velikost in obliko, ki ustrezata postavitvi in potrebam va\u0161e kuhinje.<\/li>\n<li data-sourcepos=\"17:1-17:91\"><strong>Namestitev:<\/strong> Razmislite o na\u010dinu namestitve, ali gre za podometno ali zgornjo namestitev.<\/li>\n<li data-sourcepos=\"18:1-19:0\"><strong>Vzdr\u017eevanje:<\/strong> \u010ceprav so mat \u010drna pomivalna korita trpe\u017ena, je za ohranjanje njihovega videza nujno redno \u010di\u0161\u010denje.<\/li>\n<\/ul>\n<p data-sourcepos=\"20:1-20:143\">\u010ce skrbno upo\u0161tevate te dejavnike, lahko izberete popolno mat \u010drno kuhinjsko korito, ki bo izbolj\u0161alo slog in funkcionalnost va\u0161e kuhinje.<\/p>","protected":false},"excerpt":{"rendered":"<p>Skupna velikost: 9200*460*230 mm<\/p>\n<p>Velikost sklede: 700 * 363 mm<\/p>\n<p>Velikost izreza: 896 * 436 mm<\/p>\n<p>Radian Corner : R10<\/p>","protected":false},"featured_media":2426,"template":"","meta":[],"product_brand":[],"product_cat":[53],"product_tag":[],"class_list":{"0":"post-2425","1":"product","2":"type-product","3":"status-publish","4":"has-post-thumbnail","6":"product_cat-topmount-sink-1","8":"first","9":"instock","10":"shipping-taxable","11":"product-type-simple"},"_links":{"self":[{"href":"https:\/\/sinkwithfaucet.com\/sl\/wp-json\/wp\/v2\/product\/2425","targetHints":{"allow":["GET"]}}],"collection":[{"href":"https:\/\/sinkwithfaucet.com\/sl\/wp-json\/wp\/v2\/product"}],"about":[{"href":"https:\/\/sinkwithfaucet.com\/sl\/wp-json\/wp\/v2\/types\/product"}],"wp:featuredmedia":[{"embeddable":true,"href":"https:\/\/sinkwithfaucet.com\/sl\/wp-json\/wp\/v2\/media\/2426"}],"wp:attachment":[{"href":"https:\/\/sinkwithfaucet.com\/sl\/wp-json\/wp\/v2\/media?parent=2425"}],"wp:term":[{"taxonomy":"product_brand","embeddable":true,"href":"https:\/\/sinkwithfaucet.com\/sl\/wp-json\/wp\/v2\/product_brand?post=2425"},{"taxonomy":"product_cat","embeddable":true,"href":"https:\/\/sinkwithfaucet.com\/sl\/wp-json\/wp\/v2\/product_cat?post=2425"},{"taxonomy":"product_tag","embeddable":true,"href":"https:\/\/sinkwithfaucet.com\/sl\/wp-json\/wp\/v2\/product_tag?post=2425"}],"curies":[{"name":"wp","href":"https:\/\/api.w.org\/{rel}","templated":true}]}}