{"id":2423,"date":"2024-11-04T06:01:20","date_gmt":"2024-11-04T06:01:20","guid":{"rendered":"https:\/\/sinkwithfaucet.com\/?post_type=product&#038;p=2423"},"modified":"2024-11-04T06:01:20","modified_gmt":"2024-11-04T06:01:20","slug":"flush-mount-sink-7948","status":"publish","type":"product","link":"https:\/\/sinkwithfaucet.com\/sl\/flush-mount-sink-7948\/","title":{"rendered":"Umivalnik za vgradnjo v vodo 7948"},"content":{"rendered":"<h2 data-sourcepos=\"1:1-1:50\">Umivalniki za vgradnjo v tla: Sodobna in higieni\u010dna izbira<\/h2>\n<p data-sourcepos=\"3:1-3:186\">Umivalniki za vgradnjo so sodobna in elegantna mo\u017enost za kuhinje. Name\u0161\u010deni so tako, da je rob pomivalnega korita poravnan s pultom, kar ustvarja brezhibno in higieni\u010dno povr\u0161ino.<\/p>\n<p data-sourcepos=\"5:1-5:38\"><strong>Klju\u010dne lastnosti:<\/strong><\/p>\n<ul data-sourcepos=\"7:1-11:0\">\n<li data-sourcepos=\"7:1-7:81\"><strong>Elegantno oblikovanje:<\/strong> Oblika za vgradnjo pod strop ustvarja \u010dist in minimalisti\u010den videz.<\/li>\n<li data-sourcepos=\"8:1-8:127\"><strong>Enostavno \u010di\u0161\u010denje:<\/strong> Brezhibna integracija s pultom prepre\u010duje, da bi se ujeli ostanki, kar olaj\u0161a \u010di\u0161\u010denje.<\/li>\n<li data-sourcepos=\"9:1-9:72\"><strong>Higiensko:<\/strong> Ker ni vrzeli, je tveganje za razvoj bakterij manj\u0161e.<\/li>\n<li data-sourcepos=\"10:1-11:0\"><strong>Sodobna estetika:<\/strong> Dopolnjuje sodobne kuhinjske modele.<\/li>\n<\/ul>\n<p data-sourcepos=\"12:1-12:52\"><strong>Upo\u0161tevanje pri izbiri umivalnika za vgradnjo v vodo:<\/strong><\/p>\n<ul data-sourcepos=\"14:1-18:0\">\n<li data-sourcepos=\"14:1-14:76\"><strong>Material:<\/strong> Izberite trpe\u017een material, kot je nerjavno jeklo ali kompozit.<\/li>\n<li data-sourcepos=\"15:1-15:86\"><strong>Velikost in oblika:<\/strong> Izberite velikost in obliko, ki ustrezata postavitvi in potrebam va\u0161e kuhinje.<\/li>\n<li data-sourcepos=\"16:1-16:93\"><strong>Namestitev:<\/strong> Za zagotovitev ustreznega prileganja in tesnjenja je priporo\u010dljiva strokovna namestitev.<\/li>\n<li data-sourcepos=\"17:1-18:0\"><strong>Material pulta:<\/strong> Material pulta mora biti zdru\u017eljiv z na\u010dinom vgradnje pomivalnega korita.<\/li>\n<\/ul>\n<p data-sourcepos=\"19:1-19:135\">\u010ce skrbno upo\u0161tevate te dejavnike, lahko izberete popolno pomivalno korito za vgradnjo pod vodo, ki bo izbolj\u0161alo slog in funkcionalnost va\u0161e kuhinje.<\/p>","protected":false},"excerpt":{"rendered":"<p>Skupna velikost: 787 * 480 * 230 mm<\/p>\n<p>Velikost sklede: 736 * 362 mm<\/p>\n<p>Velikost izreza: 763 * 456 mm<\/p>\n<p>Radian Corner : R10<\/p>","protected":false},"featured_media":2424,"template":"","meta":[],"product_brand":[],"product_cat":[53],"product_tag":[],"class_list":{"0":"post-2423","1":"product","2":"type-product","3":"status-publish","4":"has-post-thumbnail","6":"product_cat-topmount-sink-1","8":"first","9":"instock","10":"shipping-taxable","11":"product-type-simple"},"_links":{"self":[{"href":"https:\/\/sinkwithfaucet.com\/sl\/wp-json\/wp\/v2\/product\/2423","targetHints":{"allow":["GET"]}}],"collection":[{"href":"https:\/\/sinkwithfaucet.com\/sl\/wp-json\/wp\/v2\/product"}],"about":[{"href":"https:\/\/sinkwithfaucet.com\/sl\/wp-json\/wp\/v2\/types\/product"}],"wp:featuredmedia":[{"embeddable":true,"href":"https:\/\/sinkwithfaucet.com\/sl\/wp-json\/wp\/v2\/media\/2424"}],"wp:attachment":[{"href":"https:\/\/sinkwithfaucet.com\/sl\/wp-json\/wp\/v2\/media?parent=2423"}],"wp:term":[{"taxonomy":"product_brand","embeddable":true,"href":"https:\/\/sinkwithfaucet.com\/sl\/wp-json\/wp\/v2\/product_brand?post=2423"},{"taxonomy":"product_cat","embeddable":true,"href":"https:\/\/sinkwithfaucet.com\/sl\/wp-json\/wp\/v2\/product_cat?post=2423"},{"taxonomy":"product_tag","embeddable":true,"href":"https:\/\/sinkwithfaucet.com\/sl\/wp-json\/wp\/v2\/product_tag?post=2423"}],"curies":[{"name":"wp","href":"https:\/\/api.w.org\/{rel}","templated":true}]}}