{"id":2421,"date":"2024-11-04T03:43:55","date_gmt":"2024-11-04T03:43:55","guid":{"rendered":"https:\/\/sinkwithfaucet.com\/?post_type=product&#038;p=2421"},"modified":"2024-11-04T03:43:55","modified_gmt":"2024-11-04T03:43:55","slug":"30-inch-sink-7046-a","status":"publish","type":"product","link":"https:\/\/sinkwithfaucet.com\/sl\/30-inch-sink-7046-a\/","title":{"rendered":"30-pal\u010dno pomivalno korito 7046-A"},"content":{"rendered":"<h2 data-sourcepos=\"1:1-1:45\">30-pal\u010dna pomivalna korita: Vsestranska izbira<\/h2>\n<p data-sourcepos=\"3:1-3:203\">30-pal\u010dno pomivalno korito je priljubljena velikost, ki zagotavlja ravnovesje med prostorom in funkcionalnostjo. Na voljo so v razli\u010dnih slogih, materialih in konfiguracijah, ki ustrezajo razli\u010dnim kuhinjskim zasnovam in potrebam.<\/p>\n<p data-sourcepos=\"5:1-5:42\"><strong>Klju\u010dne lastnosti 30-pal\u010dnih umivalnikov:<\/strong><\/p>\n<ul data-sourcepos=\"7:1-11:0\">\n<li data-sourcepos=\"7:1-7:107\"><strong>Veliko prostora:<\/strong> Zagotavlja dovolj prostora za pomivanje posode, pripravo hrane in namakanje velike kuhinjske posode.<\/li>\n<li data-sourcepos=\"8:1-8:94\"><strong>Vsestranska zasnova:<\/strong> Na voljo so v konfiguracijah z enojno in dvojno posodo ter z delovno postajo.<\/li>\n<li data-sourcepos=\"9:1-9:92\"><strong>Trajni materiali:<\/strong> Pogosto so izdelani iz nerjavnega jekla, litega \u017eeleza ali kompozitnih materialov.<\/li>\n<li data-sourcepos=\"10:1-11:0\"><strong>Sodobna estetika:<\/strong> Elegantni in sodobni modeli, ki dopolnjujejo razli\u010dne kuhinjske sloge.<\/li>\n<\/ul>\n<p data-sourcepos=\"12:1-12:35\"><strong>Vrste 30-pal\u010dnih kuhinjskih pomivalnih korit:<\/strong><\/p>\n<ul data-sourcepos=\"14:1-17:0\">\n<li data-sourcepos=\"14:1-14:77\"><strong>Dozdevna pomivalna korita:<\/strong> Namestite ga pod pult in zagotovite brezhiben videz.<\/li>\n<li data-sourcepos=\"15:1-15:93\"><strong>Umivalniki za vgradnjo na vrh:<\/strong> Namestijo se na vrh pulta, kar zagotavlja tradicionalen videz.<\/li>\n<li data-sourcepos=\"16:1-17:0\"><strong>Kmetija Umivalniki:<\/strong> Velika in globoka pomivalna korita s predpasnikom, ki zagotavljajo rustikalno in funkcionalno obliko.<\/li>\n<\/ul>\n<p data-sourcepos=\"18:1-18:73\"><strong>Pri izbiri 30-pal\u010dnega kuhinjskega pomivalnega korita upo\u0161tevajte naslednje dejavnike:<\/strong><\/p>\n<ul data-sourcepos=\"20:1-25:0\">\n<li data-sourcepos=\"20:1-20:94\"><strong>Material:<\/strong> Izberite trpe\u017een in enostaven za \u010di\u0161\u010denje material, kot je nerjavno jeklo ali kompozit.<\/li>\n<li data-sourcepos=\"21:1-21:100\"><strong>Konfiguracija sklede:<\/strong> Glede na svoje potrebe izberite konfiguracijo z eno, dvema ali tremi posodami.<\/li>\n<li data-sourcepos=\"22:1-22:64\"><strong>Globina:<\/strong> V globljo posodo lahko namestite ve\u010dje lonce in ponve.<\/li>\n<li data-sourcepos=\"23:1-23:105\"><strong>Zaklju\u010dek:<\/strong> Izberite obdelavo, ki dopolnjuje slog va\u0161e kuhinje, na primer bru\u0161eno, polirano ali satenasto.<\/li>\n<li data-sourcepos=\"24:1-25:0\"><strong>Namestitev:<\/strong> Razmislite o na\u010dinu namestitve, ali gre za podometno ali zgornjo namestitev.<\/li>\n<\/ul>\n<p data-sourcepos=\"26:1-26:138\">S skrbnim upo\u0161tevanjem teh dejavnikov lahko izberete popolno 30-pal\u010dno kuhinjsko korito.<\/p>","protected":false},"excerpt":{"rendered":"<p>Skupna velikost: 700*460*230 mm<\/p>\n<p>Velikost sklede: 660 * 363 mm<\/p>\n<p>Velikost izreza: 676*436 mm<\/p>\n<p>Radian Corner : R10<\/p>","protected":false},"featured_media":2422,"template":"","meta":[],"product_brand":[],"product_cat":[53],"product_tag":[],"class_list":{"0":"post-2421","1":"product","2":"type-product","3":"status-publish","4":"has-post-thumbnail","6":"product_cat-topmount-sink-1","8":"first","9":"instock","10":"shipping-taxable","11":"product-type-simple"},"_links":{"self":[{"href":"https:\/\/sinkwithfaucet.com\/sl\/wp-json\/wp\/v2\/product\/2421","targetHints":{"allow":["GET"]}}],"collection":[{"href":"https:\/\/sinkwithfaucet.com\/sl\/wp-json\/wp\/v2\/product"}],"about":[{"href":"https:\/\/sinkwithfaucet.com\/sl\/wp-json\/wp\/v2\/types\/product"}],"wp:featuredmedia":[{"embeddable":true,"href":"https:\/\/sinkwithfaucet.com\/sl\/wp-json\/wp\/v2\/media\/2422"}],"wp:attachment":[{"href":"https:\/\/sinkwithfaucet.com\/sl\/wp-json\/wp\/v2\/media?parent=2421"}],"wp:term":[{"taxonomy":"product_brand","embeddable":true,"href":"https:\/\/sinkwithfaucet.com\/sl\/wp-json\/wp\/v2\/product_brand?post=2421"},{"taxonomy":"product_cat","embeddable":true,"href":"https:\/\/sinkwithfaucet.com\/sl\/wp-json\/wp\/v2\/product_cat?post=2421"},{"taxonomy":"product_tag","embeddable":true,"href":"https:\/\/sinkwithfaucet.com\/sl\/wp-json\/wp\/v2\/product_tag?post=2421"}],"curies":[{"name":"wp","href":"https:\/\/api.w.org\/{rel}","templated":true}]}}