{"id":2418,"date":"2024-11-04T03:36:44","date_gmt":"2024-11-04T03:36:44","guid":{"rendered":"https:\/\/sinkwithfaucet.com\/?post_type=product&#038;p=2418"},"modified":"2024-11-04T03:36:44","modified_gmt":"2024-11-04T03:36:44","slug":"black-kitchen-sink-7647b","status":"publish","type":"product","link":"https:\/\/sinkwithfaucet.com\/sl\/black-kitchen-sink-7647b\/","title":{"rendered":"\u010crno kuhinjsko korito 7647B"},"content":{"rendered":"<h2 data-sourcepos=\"1:1-1:215\">\u010crna kuhinjska korita:<\/h2>\n<p data-sourcepos=\"1:1-1:215\">\u010crna kuhinjska pomivalna korita so v zadnjih letih vse bolj priljubljena, saj ponujajo sodoben in prefinjen videz, ki lahko izbolj\u0161a vsako kuhinjsko zasnovo. Na voljo so v razli\u010dnih materialih in slogih.<\/p>\n<ul data-sourcepos=\"5:1-8:0\">\n<li data-sourcepos=\"5:1-5:89\"><strong>Elegantno in sodobno:<\/strong> Temen, matiran zaklju\u010dek daje kuhinji sodoben pridih.<\/li>\n<li data-sourcepos=\"6:1-6:84\"><strong>Trajno in higieni\u010dno:<\/strong> Nerjave\u010de jeklo je trpe\u017een in enostaven za \u010di\u0161\u010denje material.<\/li>\n<li data-sourcepos=\"7:1-8:0\"><strong>Odporno na prstne odtise:<\/strong> Posebni premazi pomagajo zmanj\u0161ati prstne odtise in made\u017ee.<\/li>\n<\/ul>\n<p data-sourcepos=\"21:1-21:71\"><strong>Pri izbiri \u010drnega kuhinjskega korita upo\u0161tevajte naslednje dejavnike:<\/strong><\/p>\n<ul data-sourcepos=\"23:1-28:0\">\n<li data-sourcepos=\"23:1-23:67\"><strong>Material:<\/strong> Izberite material, ki ustreza va\u0161emu slogu in prora\u010dunu.<\/li>\n<li data-sourcepos=\"24:1-24:76\"><strong>Velikost in oblika:<\/strong> Izberite velikost in obliko, ki ustrezata postavitvi va\u0161e kuhinje.<\/li>\n<li data-sourcepos=\"25:1-25:72\"><strong>Namestitev:<\/strong> Odlo\u010dite se za vgradnjo pod ali nadgradnjo.<\/li>\n<li data-sourcepos=\"26:1-26:74\"><strong>Zaklju\u010dek:<\/strong> Upo\u0161tevajte poseben odtenek \u010drne barve in stopnjo sijaja.<\/li>\n<li data-sourcepos=\"27:1-28:0\"><strong>Vzdr\u017eevanje:<\/strong> \u010ce \u017eelite, da bo va\u0161e pomivalno korito videti \u010dim bolje, upo\u0161tevajte navodila proizvajalca za nego.<\/li>\n<\/ul>\n<p data-sourcepos=\"29:1-29:142\">\u010ce skrbno upo\u0161tevate te dejavnike, lahko izberete popolno \u010drno pomivalno korito, ki bo izbolj\u0161alo slog in funkcionalnost va\u0161e kuhinje.<\/p>","protected":false},"excerpt":{"rendered":"<p>Skupna velikost: 760 * 470 * 230 mm<\/p>\n<p>Velikost sklede: 720 * 363 mm<\/p>\n<p>Velikost izreza: 736 * 446 mm<\/p>\n<p>Radian Corner : R10<\/p>","protected":false},"featured_media":2419,"template":"","meta":[],"product_brand":[],"product_cat":[53],"product_tag":[],"class_list":{"0":"post-2418","1":"product","2":"type-product","3":"status-publish","4":"has-post-thumbnail","6":"product_cat-topmount-sink-1","8":"first","9":"instock","10":"shipping-taxable","11":"product-type-simple"},"_links":{"self":[{"href":"https:\/\/sinkwithfaucet.com\/sl\/wp-json\/wp\/v2\/product\/2418","targetHints":{"allow":["GET"]}}],"collection":[{"href":"https:\/\/sinkwithfaucet.com\/sl\/wp-json\/wp\/v2\/product"}],"about":[{"href":"https:\/\/sinkwithfaucet.com\/sl\/wp-json\/wp\/v2\/types\/product"}],"wp:featuredmedia":[{"embeddable":true,"href":"https:\/\/sinkwithfaucet.com\/sl\/wp-json\/wp\/v2\/media\/2419"}],"wp:attachment":[{"href":"https:\/\/sinkwithfaucet.com\/sl\/wp-json\/wp\/v2\/media?parent=2418"}],"wp:term":[{"taxonomy":"product_brand","embeddable":true,"href":"https:\/\/sinkwithfaucet.com\/sl\/wp-json\/wp\/v2\/product_brand?post=2418"},{"taxonomy":"product_cat","embeddable":true,"href":"https:\/\/sinkwithfaucet.com\/sl\/wp-json\/wp\/v2\/product_cat?post=2418"},{"taxonomy":"product_tag","embeddable":true,"href":"https:\/\/sinkwithfaucet.com\/sl\/wp-json\/wp\/v2\/product_tag?post=2418"}],"curies":[{"name":"wp","href":"https:\/\/api.w.org\/{rel}","templated":true}]}}