{"id":2413,"date":"2024-11-04T03:17:48","date_gmt":"2024-11-04T03:17:48","guid":{"rendered":"https:\/\/sinkwithfaucet.com\/?post_type=product&#038;p=2413"},"modified":"2024-11-04T06:17:09","modified_gmt":"2024-11-04T06:17:09","slug":"stainless-sink-3322so","status":"publish","type":"product","link":"https:\/\/sinkwithfaucet.com\/sl\/stainless-sink-3322so\/","title":{"rendered":"Pomivalno korito iz nerjave\u010dega jekla 3322SO"},"content":{"rendered":"<h2 data-sourcepos=\"1:1-1:44\">Nerjave\u010da pomivalna korita: Brez\u010dasna klasika<\/h2>\n<p data-sourcepos=\"3:1-3:251\">Pomivalna korita iz nerjavnega jekla so priljubljena izbira za kuhinje zaradi svoje vzdr\u017eljivosti, higiene in sodobne estetike. Izdelani so iz kovinske zlitine, ki je odporna na rjo, korozijo in made\u017ee, zato so dolgotrajni in enostavni za \u010di\u0161\u010denje.<\/p>\n<p data-sourcepos=\"18:1-18:38\"><strong>Prednosti umivalnikov iz nerjave\u010dega jekla:<\/strong><\/p>\n<ul data-sourcepos=\"20:1-24:0\">\n<li data-sourcepos=\"20:1-20:57\"><strong>Trajnost:<\/strong> Odporen na rjo, korozijo in vro\u010dino.<\/li>\n<li data-sourcepos=\"21:1-21:42\"><strong>Higiena:<\/strong> Enostavno \u010di\u0161\u010denje in razku\u017eevanje.<\/li>\n<li data-sourcepos=\"22:1-22:86\"><strong>Slog:<\/strong> Na voljo so razli\u010dne obdelave in slogi, ki se ujemajo s katerim koli kuhinjskim dekorjem.<\/li>\n<li data-sourcepos=\"23:1-24:0\"><strong>Vsestranskost:<\/strong> Primeren je za stanovanjske in poslovne kuhinje.<\/li>\n<\/ul>\n<p data-sourcepos=\"25:1-25:56\"><strong>Upo\u0161tevanje pri izbiri pomivalnega korita iz nerjave\u010dega jekla:<\/strong><\/p>\n<ul data-sourcepos=\"27:1-31:0\">\n<li data-sourcepos=\"27:1-27:90\"><strong>Merilnik:<\/strong> Debelina nerjavnega jekla, saj so debelej\u0161i premeri trpe\u017enej\u0161i.<\/li>\n<li data-sourcepos=\"28:1-28:85\"><strong>Zaklju\u010dek:<\/strong> Izbirate lahko med razli\u010dnimi obdelavami, kot so bru\u0161ena, polirana ali satenirana.<\/li>\n<li data-sourcepos=\"29:1-29:73\"><strong>Velikost:<\/strong> Izberite velikost, ki ustreza razporeditvi va\u0161e kuhinje in va\u0161im potrebam.<\/li>\n<li data-sourcepos=\"30:1-31:0\"><strong>Namestitev:<\/strong> Razmislite, ali \u017eelite pomivalno korito za vgradnjo ali za zgornjo vgradnjo.<\/li>\n<\/ul>\n<p data-sourcepos=\"32:1-32:143\">\u010ce skrbno upo\u0161tevate te dejavnike, lahko izberete popolno pomivalno korito iz nerjave\u010dega jekla, ki bo izbolj\u0161alo funkcionalnost in slog va\u0161e kuhinje.<\/p>","protected":false},"excerpt":{"rendered":"<p>Skupna velikost: 33 * 22 * 10 palcev \/ 838 * 559 * 254 mm<\/p>\n<p>Velikost sklede: 768 * 394 mm<\/p>\n<p>Velikost izreza: 814*535 mm<\/p>\n<p>Radianski kot: R0<\/p>","protected":false},"featured_media":2414,"template":"","meta":[],"product_brand":[],"product_cat":[53],"product_tag":[],"class_list":{"0":"post-2413","1":"product","2":"type-product","3":"status-publish","4":"has-post-thumbnail","6":"product_cat-topmount-sink-1","8":"first","9":"instock","10":"shipping-taxable","11":"product-type-simple"},"_links":{"self":[{"href":"https:\/\/sinkwithfaucet.com\/sl\/wp-json\/wp\/v2\/product\/2413","targetHints":{"allow":["GET"]}}],"collection":[{"href":"https:\/\/sinkwithfaucet.com\/sl\/wp-json\/wp\/v2\/product"}],"about":[{"href":"https:\/\/sinkwithfaucet.com\/sl\/wp-json\/wp\/v2\/types\/product"}],"wp:featuredmedia":[{"embeddable":true,"href":"https:\/\/sinkwithfaucet.com\/sl\/wp-json\/wp\/v2\/media\/2414"}],"wp:attachment":[{"href":"https:\/\/sinkwithfaucet.com\/sl\/wp-json\/wp\/v2\/media?parent=2413"}],"wp:term":[{"taxonomy":"product_brand","embeddable":true,"href":"https:\/\/sinkwithfaucet.com\/sl\/wp-json\/wp\/v2\/product_brand?post=2413"},{"taxonomy":"product_cat","embeddable":true,"href":"https:\/\/sinkwithfaucet.com\/sl\/wp-json\/wp\/v2\/product_cat?post=2413"},{"taxonomy":"product_tag","embeddable":true,"href":"https:\/\/sinkwithfaucet.com\/sl\/wp-json\/wp\/v2\/product_tag?post=2413"}],"curies":[{"name":"wp","href":"https:\/\/api.w.org\/{rel}","templated":true}]}}