{"id":2411,"date":"2024-11-04T03:09:36","date_gmt":"2024-11-04T03:09:36","guid":{"rendered":"https:\/\/sinkwithfaucet.com\/?post_type=product&#038;p=2411"},"modified":"2024-11-04T03:09:36","modified_gmt":"2024-11-04T03:09:36","slug":"deep-sink-3120do","status":"publish","type":"product","link":"https:\/\/sinkwithfaucet.com\/sl\/deep-sink-3120do\/","title":{"rendered":"Globoko pomivalno korito 3120DO"},"content":{"rendered":"<h2 data-sourcepos=\"1:1-1:53\">Globoka pomivalna korita: Prakti\u010dna in elegantna izbira<\/h2>\n<p data-sourcepos=\"3:1-3:266\">Globoka pomivalna korita ponujajo \u0161tevilne prednosti, med drugim ve\u010djo funkcionalnost, bolj\u0161o estetiko in bolj\u0161e mo\u017enosti \u010di\u0161\u010denja. Posebej uporabna so za namestitev velikih loncev in ponev, namakanje velikih predmetov in opravljanje drugih kuhinjskih opravil.<\/p>\n<p data-sourcepos=\"5:1-5:39\"><strong>Klju\u010dne lastnosti globokih kuhinjskih pomivalnih korit:<\/strong><\/p>\n<ul data-sourcepos=\"7:1-11:0\">\n<li data-sourcepos=\"7:1-7:87\"><strong>Velika globina:<\/strong> Zagotavlja veliko prostora za pranje velike posode in velikih predmetov.<\/li>\n<li data-sourcepos=\"8:1-8:97\"><strong>Zmanj\u0161ano brizganje:<\/strong> Globlja zasnova pomaga zmanj\u0161ati brizganje vode na pult.<\/li>\n<li data-sourcepos=\"9:1-9:112\"><strong>Izbolj\u0161ana funkcionalnost:<\/strong> Lahko opravlja razli\u010dna kuhinjska opravila, od pomivanja posode do priprave hrane.<\/li>\n<li data-sourcepos=\"10:1-11:0\"><strong>Elegantno oblikovanje:<\/strong> Na voljo so razli\u010dni slogi in obdelave, ki dopolnjujejo vsak kuhinjski dekor.<\/li>\n<\/ul>\n<p data-sourcepos=\"12:1-12:32\"><strong>Vrste globokih kuhinjskih pomivalnih korit:<\/strong><\/p>\n<ul data-sourcepos=\"14:1-17:0\">\n<li data-sourcepos=\"14:1-14:85\"><strong>Dozdevna pomivalna korita:<\/strong> Namestite ga pod pult in poskrbite za eleganten in sodoben videz.<\/li>\n<li data-sourcepos=\"15:1-15:105\"><strong>Umivalniki za vgradnjo na vrh:<\/strong> Namestite ga na vrh pulta, kar zagotavlja klasi\u010den in tradicionalen videz.<\/li>\n<li data-sourcepos=\"16:1-17:0\"><strong>Kmetija Umivalniki:<\/strong> Velika in globoka pomivalna korita s predpasnikom, ki zagotavljajo rustikalno in funkcionalno obliko.<\/li>\n<\/ul>\n<p data-sourcepos=\"18:1-18:53\"><strong>Razmislek pri izbiri globokega kuhinjskega pomivalnega korita:<\/strong><\/p>\n<ul data-sourcepos=\"20:1-24:0\">\n<li data-sourcepos=\"20:1-20:94\"><strong>Globina:<\/strong> Izberite globino, ki ustreza va\u0161im potrebam, in upo\u0161tevajte velikost loncev in ponev.<\/li>\n<li data-sourcepos=\"21:1-21:89\"><strong>Material:<\/strong> Nerjave\u010de jeklo je priljubljena izbira zaradi trpe\u017enosti in enostavnega \u010di\u0161\u010denja.<\/li>\n<li data-sourcepos=\"22:1-22:78\"><strong>Velikost:<\/strong> Izberite velikost, ki ustreza razporeditvi va\u0161e kuhinje in razpolo\u017eljivemu prostoru.<\/li>\n<li data-sourcepos=\"23:1-24:0\"><strong>Slog:<\/strong> Izberite slog, ki dopolnjuje celotno zasnovo va\u0161e kuhinje.<\/li>\n<\/ul>\n<p data-sourcepos=\"25:1-25:136\">\u010ce skrbno upo\u0161tevate te dejavnike, lahko izberete popoln globok kuhinjski pomivalnik, ki bo izbolj\u0161al funkcionalnost in slog va\u0161e kuhinje.<\/p>","protected":false},"excerpt":{"rendered":"<p>Skupna velikost: 31 * 20 * 9 palcev\/810 * 510 * 220 mm<\/p>\n<p>Velikost posode: 350*398\/350*398 mm<\/p>\n<p>Velikost izreza: 767 * 488 mm<\/p>\n<p>Radian Corner : R10<\/p>","protected":false},"featured_media":2412,"template":"","meta":[],"product_brand":[],"product_cat":[53],"product_tag":[],"class_list":{"0":"post-2411","1":"product","2":"type-product","3":"status-publish","4":"has-post-thumbnail","6":"product_cat-topmount-sink-1","8":"first","9":"instock","10":"shipping-taxable","11":"product-type-simple"},"_links":{"self":[{"href":"https:\/\/sinkwithfaucet.com\/sl\/wp-json\/wp\/v2\/product\/2411","targetHints":{"allow":["GET"]}}],"collection":[{"href":"https:\/\/sinkwithfaucet.com\/sl\/wp-json\/wp\/v2\/product"}],"about":[{"href":"https:\/\/sinkwithfaucet.com\/sl\/wp-json\/wp\/v2\/types\/product"}],"wp:featuredmedia":[{"embeddable":true,"href":"https:\/\/sinkwithfaucet.com\/sl\/wp-json\/wp\/v2\/media\/2412"}],"wp:attachment":[{"href":"https:\/\/sinkwithfaucet.com\/sl\/wp-json\/wp\/v2\/media?parent=2411"}],"wp:term":[{"taxonomy":"product_brand","embeddable":true,"href":"https:\/\/sinkwithfaucet.com\/sl\/wp-json\/wp\/v2\/product_brand?post=2411"},{"taxonomy":"product_cat","embeddable":true,"href":"https:\/\/sinkwithfaucet.com\/sl\/wp-json\/wp\/v2\/product_cat?post=2411"},{"taxonomy":"product_tag","embeddable":true,"href":"https:\/\/sinkwithfaucet.com\/sl\/wp-json\/wp\/v2\/product_tag?post=2411"}],"curies":[{"name":"wp","href":"https:\/\/api.w.org\/{rel}","templated":true}]}}