{"id":2409,"date":"2024-11-04T03:03:16","date_gmt":"2024-11-04T03:03:16","guid":{"rendered":"https:\/\/sinkwithfaucet.com\/?post_type=product&#038;p=2409"},"modified":"2024-11-04T03:03:16","modified_gmt":"2024-11-04T03:03:16","slug":"double-kitchen-sink-1160ddo","status":"publish","type":"product","link":"https:\/\/sinkwithfaucet.com\/sl\/double-kitchen-sink-1160ddo\/","title":{"rendered":"Dvojno kuhinjsko korito 1160DDO"},"content":{"rendered":"<h2 data-sourcepos=\"1:1-1:48\">Dvojni kuhinjski umivalniki: Vsestranska izbira<\/h2>\n<p data-sourcepos=\"3:1-3:237\">Dvojna kuhinjska pomivalna korita so prakti\u010dna in u\u010dinkovita re\u0161itev za zaposlena gospodinjstva. Z dvema lo\u010denima umivalnikoma zagotavljajo dovolj prostora za razli\u010dna opravila, kot so pomivanje posode, priprava hrane ter \u010di\u0161\u010denje sadja in zelenjave.<\/p>\n<p data-sourcepos=\"5:1-5:46\"><strong>Glavne prednosti:<\/strong><\/p>\n<ul data-sourcepos=\"7:1-11:0\">\n<li data-sourcepos=\"7:1-7:97\"><strong>Ve\u010dja funkcionalnost:<\/strong> Z dvema umivalnikoma lahko opravljate ve\u010d nalog in poskrbite za urejenost kuhinje.<\/li>\n<li data-sourcepos=\"8:1-8:135\"><strong>U\u010dinkovitost:<\/strong> Lo\u010deni umivalniki se lahko uporabljajo za razli\u010dna opravila, na primer za pomivanje posode v enem umivalniku in pripravo hrane v drugem.<\/li>\n<li data-sourcepos=\"9:1-9:126\"><strong>Prilagodljivost:<\/strong> Dvojna pomivalna korita omogo\u010dajo prilagodljivost pri postavitvi in oblikovanju, saj se lahko prilagodijo razli\u010dnim konfiguracijam kuhinje.<\/li>\n<li data-sourcepos=\"10:1-11:0\"><strong>Slog:<\/strong> Dvojni umivalniki lahko kuhinji dodajo pridih prefinjenosti in funkcionalnosti.<\/li>\n<\/ul>\n<p data-sourcepos=\"12:1-12:39\"><strong>Vrste kuhinjskih pomivalnih korit z dvojno skledo:<\/strong><\/p>\n<ul data-sourcepos=\"14:1-18:0\">\n<li data-sourcepos=\"14:1-14:100\"><strong>Ob bok:<\/strong> Dva umivalnika sta postavljena drug ob drugem, kar zagotavlja klasi\u010den in tradicionalen videz.<\/li>\n<li data-sourcepos=\"15:1-15:105\"><strong>Neenake velikosti sklede:<\/strong> Eno korito je ve\u010dje od drugega, kar omogo\u010da prilagodljivost pri razli\u010dnih opravilih.<\/li>\n<li data-sourcepos=\"16:1-16:95\"><strong>Deli in vladaj:<\/strong> Eno korito s pregrado, ki ustvarja dva lo\u010dena predala.<\/li>\n<li data-sourcepos=\"17:1-18:0\"><strong>Podometno vgradnjo:<\/strong> Dvojni podometni umivalniki zagotavljajo brezhiben in sodoben videz, saj so name\u0161\u010deni pod pultom.<\/li>\n<\/ul>\n<p data-sourcepos=\"19:1-19:60\"><strong>Razmisleki pri izbiri kuhinjskega pomivalnega korita z dvojno skledo:<\/strong><\/p>\n<ul data-sourcepos=\"21:1-25:0\">\n<li data-sourcepos=\"21:1-21:69\"><strong>Velikost:<\/strong> Prepri\u010dajte se, da je pomivalno korito primerne velikosti za va\u0161 kuhinjski prostor.<\/li>\n<li data-sourcepos=\"22:1-22:74\"><strong>Slog:<\/strong> Izberite pomivalno korito, ki dopolnjuje celotno zasnovo va\u0161e kuhinje.<\/li>\n<li data-sourcepos=\"23:1-23:76\"><strong>Material:<\/strong> Izberite trpe\u017een material, kot je nerjavno jeklo ali kompozit.<\/li>\n<li data-sourcepos=\"24:1-25:0\"><strong>Odprtine za pipo:<\/strong> Razmislite o \u0161tevilu in namestitvi lukenj za pipo, da se prilagodite \u017eeleni konfiguraciji.<\/li>\n<\/ul>\n<p data-sourcepos=\"26:1-26:185\"><strong>Dvojna kuhinjska pomivalna korita so prakti\u010dna in vsestranska izbira za zaposlena gospodinjstva.<\/strong> Zaradi svoje vzdr\u017eljivosti, higiene in sodobne estetike so priljubljena izbira za kuhinje vseh velikosti.<\/p>","protected":false},"excerpt":{"rendered":"<p>Skupna velikost: 1160*510*220 mm<\/p>\n<p>Velikost posode: 400*400\/335*400 mm<\/p>\n<p>Velikost izreza: 1135 * 485 mm<\/p>\n<p>Radian Corner : R10<\/p>","protected":false},"featured_media":2410,"template":"","meta":[],"product_brand":[],"product_cat":[53],"product_tag":[],"class_list":{"0":"post-2409","1":"product","2":"type-product","3":"status-publish","4":"has-post-thumbnail","6":"product_cat-topmount-sink-1","8":"first","9":"instock","10":"shipping-taxable","11":"product-type-simple"},"_links":{"self":[{"href":"https:\/\/sinkwithfaucet.com\/sl\/wp-json\/wp\/v2\/product\/2409","targetHints":{"allow":["GET"]}}],"collection":[{"href":"https:\/\/sinkwithfaucet.com\/sl\/wp-json\/wp\/v2\/product"}],"about":[{"href":"https:\/\/sinkwithfaucet.com\/sl\/wp-json\/wp\/v2\/types\/product"}],"wp:featuredmedia":[{"embeddable":true,"href":"https:\/\/sinkwithfaucet.com\/sl\/wp-json\/wp\/v2\/media\/2410"}],"wp:attachment":[{"href":"https:\/\/sinkwithfaucet.com\/sl\/wp-json\/wp\/v2\/media?parent=2409"}],"wp:term":[{"taxonomy":"product_brand","embeddable":true,"href":"https:\/\/sinkwithfaucet.com\/sl\/wp-json\/wp\/v2\/product_brand?post=2409"},{"taxonomy":"product_cat","embeddable":true,"href":"https:\/\/sinkwithfaucet.com\/sl\/wp-json\/wp\/v2\/product_cat?post=2409"},{"taxonomy":"product_tag","embeddable":true,"href":"https:\/\/sinkwithfaucet.com\/sl\/wp-json\/wp\/v2\/product_tag?post=2409"}],"curies":[{"name":"wp","href":"https:\/\/api.w.org\/{rel}","templated":true}]}}