{"id":2407,"date":"2024-11-04T02:52:17","date_gmt":"2024-11-04T02:52:17","guid":{"rendered":"https:\/\/sinkwithfaucet.com\/?post_type=product&#038;p=2407"},"modified":"2024-11-04T02:52:17","modified_gmt":"2024-11-04T02:52:17","slug":"top-mount-kitchen-sink-1200sdo","status":"publish","type":"product","link":"https:\/\/sinkwithfaucet.com\/sl\/top-mount-kitchen-sink-1200sdo\/","title":{"rendered":"Kuhinjsko pomivalno korito 1200SDO"},"content":{"rendered":"<h2 data-sourcepos=\"1:1-1:44\">Kuhinjska pomivalna korita za vgradnjo na vrh: Klasi\u010dna izbira<\/h2>\n<p data-sourcepos=\"3:1-3:206\">Kuhinjska pomivalna korita, znana tudi kot vgradna korita, so klasi\u010dna in vsestranska mo\u017enost za \u0161tevilne kuhinje. Namestijo se na vrh pulta, kar ustvarja tradicionalen videz, ki ga je enostavno namestiti.<\/p>\n<p data-sourcepos=\"5:1-5:44\"><strong>Klju\u010dne lastnosti:<\/strong><\/p>\n<ul data-sourcepos=\"7:1-11:0\">\n<li data-sourcepos=\"7:1-7:70\"><strong>Enostavna namestitev:<\/strong> Enostavna namestitev na katerikoli material pulta.<\/li>\n<li data-sourcepos=\"8:1-8:112\"><strong>\u0160irok razpon slogov:<\/strong> Na voljo so v razli\u010dnih oblikah, velikostih in materialih, ki ustrezajo razli\u010dnim oblikam kuhinj.<\/li>\n<li data-sourcepos=\"9:1-9:127\"><strong>Trajno in higieni\u010dno:<\/strong> Izdelani so iz materialov, kot so nerjavno jeklo, keramika ali kompozit, kar zagotavlja dolgotrajno delovanje.<\/li>\n<li data-sourcepos=\"10:1-11:0\"><strong>Stro\u0161kovna u\u010dinkovitost:<\/strong> Pogosto so cenovno ugodnej\u0161i od podometnih umivalnikov.<\/li>\n<\/ul>\n<p data-sourcepos=\"12:1-12:37\"><strong>Vrste kuhinjskih pomivalnih korit:<\/strong><\/p>\n<ul data-sourcepos=\"14:1-18:0\">\n<li data-sourcepos=\"14:1-14:57\"><strong>Posamezna posoda:<\/strong> En sam velik umivalnik za splo\u0161no uporabo.<\/li>\n<li data-sourcepos=\"15:1-15:56\"><strong>Dvojna skleda:<\/strong> Dva lo\u010dena umivalnika za ve\u010dopravilnost.<\/li>\n<li data-sourcepos=\"16:1-16:92\"><strong>Trojna skleda:<\/strong> Trije umivalniki za ve\u010djo funkcionalnost, ki se pogosto uporabljajo v poslovnih kuhinjah.<\/li>\n<li data-sourcepos=\"17:1-18:0\"><strong>Kmetija umivalnik:<\/strong> Veliko, globoko pomivalno korito s predpasnikom, ki ponuja rustikalen in tradicionalen videz.<\/li>\n<\/ul>\n<p data-sourcepos=\"19:1-19:75\"><strong>Pri izbiri kuhinjskega pomivalnega korita za zgornjo monta\u017eo upo\u0161tevajte naslednje dejavnike:<\/strong><\/p>\n<ul data-sourcepos=\"21:1-25:0\">\n<li data-sourcepos=\"21:1-21:70\"><strong>Velikost:<\/strong> Prepri\u010dajte se, da je umivalnik primeren za va\u0161o mizno plo\u0161\u010do in izpolnjuje va\u0161e potrebe.<\/li>\n<li data-sourcepos=\"22:1-22:98\"><strong>Material:<\/strong> Izberite trpe\u017een in enostaven za \u010di\u0161\u010denje material, kot je nerjavno jeklo ali kompozit.<\/li>\n<li data-sourcepos=\"23:1-23:75\"><strong>Slog:<\/strong> Izberite slog, ki dopolnjuje celotno zasnovo va\u0161e kuhinje.<\/li>\n<li data-sourcepos=\"24:1-25:0\"><strong>Namestitev:<\/strong> Poskrbite za pravilno namestitev, da prepre\u010dite pu\u0161\u010danje in po\u0161kodbe.<\/li>\n<\/ul>\n<p data-sourcepos=\"26:1-26:141\">\u010ce skrbno upo\u0161tevate te dejavnike, lahko izberete popolno kuhinjsko pomivalno korito, ki bo izbolj\u0161alo funkcionalnost in slog va\u0161e kuhinje.<\/p>","protected":false},"excerpt":{"rendered":"<p>Skupna velikost: 1200*510*220 mm<\/p>\n<p>Velikost sklede: 440 * 400 mm<\/p>\n<p>Velikost izreza: 1175 * 485 mm<\/p>\n<p>Radian Corner : R10<\/p>","protected":false},"featured_media":2408,"template":"","meta":[],"product_brand":[],"product_cat":[53],"product_tag":[],"class_list":{"0":"post-2407","1":"product","2":"type-product","3":"status-publish","4":"has-post-thumbnail","6":"product_cat-topmount-sink-1","8":"first","9":"instock","10":"shipping-taxable","11":"product-type-simple"},"_links":{"self":[{"href":"https:\/\/sinkwithfaucet.com\/sl\/wp-json\/wp\/v2\/product\/2407","targetHints":{"allow":["GET"]}}],"collection":[{"href":"https:\/\/sinkwithfaucet.com\/sl\/wp-json\/wp\/v2\/product"}],"about":[{"href":"https:\/\/sinkwithfaucet.com\/sl\/wp-json\/wp\/v2\/types\/product"}],"wp:featuredmedia":[{"embeddable":true,"href":"https:\/\/sinkwithfaucet.com\/sl\/wp-json\/wp\/v2\/media\/2408"}],"wp:attachment":[{"href":"https:\/\/sinkwithfaucet.com\/sl\/wp-json\/wp\/v2\/media?parent=2407"}],"wp:term":[{"taxonomy":"product_brand","embeddable":true,"href":"https:\/\/sinkwithfaucet.com\/sl\/wp-json\/wp\/v2\/product_brand?post=2407"},{"taxonomy":"product_cat","embeddable":true,"href":"https:\/\/sinkwithfaucet.com\/sl\/wp-json\/wp\/v2\/product_cat?post=2407"},{"taxonomy":"product_tag","embeddable":true,"href":"https:\/\/sinkwithfaucet.com\/sl\/wp-json\/wp\/v2\/product_tag?post=2407"}],"curies":[{"name":"wp","href":"https:\/\/api.w.org\/{rel}","templated":true}]}}