{"id":2405,"date":"2024-11-04T02:44:36","date_gmt":"2024-11-04T02:44:36","guid":{"rendered":"https:\/\/sinkwithfaucet.com\/?post_type=product&#038;p=2405"},"modified":"2024-11-04T02:45:56","modified_gmt":"2024-11-04T02:45:56","slug":"above-counter-sink-8151sdo","status":"publish","type":"product","link":"https:\/\/sinkwithfaucet.com\/sl\/above-counter-sink-8151sdo\/","title":{"rendered":"Umivalnik nad pultom 8151SDO"},"content":{"rendered":"<h2 data-sourcepos=\"1:1-1:51\">Umivalniki nad pultom: Elegantna in sodobna izbira<\/h2>\n<p data-sourcepos=\"3:1-3:194\"><strong>Umivalniki nad pultom<\/strong>, znani tudi kot pomivalna korita, so priljubljena izbira za oblikovanje kopalnice in kuhinje. Name\u0161\u010deni so na vrhu pulta in ustvarjajo edinstveno in privla\u010dno sredi\u0161\u010dno to\u010dko.<\/p>\n<p data-sourcepos=\"5:1-5:40\"><strong>Klju\u010dne zna\u010dilnosti nadgradnih umivalnikov:<\/strong><\/p>\n<ul data-sourcepos=\"7:1-11:0\">\n<li data-sourcepos=\"7:1-7:88\"><strong>Elegantno oblikovanje:<\/strong> Na voljo so v razli\u010dnih slogih, od klasi\u010dnega do sodobnega.<\/li>\n<li data-sourcepos=\"8:1-8:78\"><strong>Enostavna namestitev:<\/strong> Enostavna namestitev na obstoje\u010di pult.<\/li>\n<li data-sourcepos=\"9:1-9:72\"><strong>Razli\u010dni materiali:<\/strong> Izbirate lahko med keramiko, steklom, kamnom ali kovino.<\/li>\n<li data-sourcepos=\"10:1-11:0\"><strong>Prilagajanje:<\/strong> Lahko ga prilagodite svojim potrebam in \u017eeljam.<\/li>\n<\/ul>\n<p data-sourcepos=\"12:1-12:55\"><strong>Upo\u0161tevanje pri izbiri umivalnika nad pultom:<\/strong><\/p>\n<ul data-sourcepos=\"14:1-18:0\">\n<li data-sourcepos=\"14:1-14:144\"><strong>Velikost in oblika:<\/strong> Upo\u0161tevajte velikost in obliko pomivalnega korita, da bo ustrezalo va\u0161i delovni povr\u0161ini in dopolnjevalo dizajn kopalnice ali kuhinje.<\/li>\n<li data-sourcepos=\"15:1-15:82\"><strong>Material:<\/strong> Izberite trpe\u017een in za \u010di\u0161\u010denje enostaven material, ki ustreza va\u0161emu slogu.<\/li>\n<li data-sourcepos=\"16:1-16:87\"><strong>Vodovodna pipa:<\/strong> Izberite pipo, ki je skladna z vi\u0161ino in slogom umivalnika.<\/li>\n<li data-sourcepos=\"17:1-18:0\"><strong>Namestitev:<\/strong> Poskrbite za pravilno namestitev, da prepre\u010dite po\u0161kodbe zaradi vode in zagotovite optimalno delovanje.<\/li>\n<\/ul>\n<p data-sourcepos=\"19:1-19:143\"><strong>\u010ce skrbno upo\u0161tevate te dejavnike, lahko izberete popolno pomivalno korito nad pultom, ki bo izbolj\u0161alo slog in funkcionalnost va\u0161ega prostora.<\/strong><\/p>","protected":false},"excerpt":{"rendered":"<p>Skupna velikost: 810 * 510 * 220 mm<\/p>\n<p>Velikost posode: 400 * 400 mm<\/p>\n<p>Velikost izreza: 785 * 485 mm<\/p>\n<p>Radian Corner : R10<\/p>","protected":false},"featured_media":2406,"template":"","meta":[],"product_brand":[],"product_cat":[53],"product_tag":[],"class_list":{"0":"post-2405","1":"product","2":"type-product","3":"status-publish","4":"has-post-thumbnail","6":"product_cat-topmount-sink-1","8":"first","9":"instock","10":"shipping-taxable","11":"product-type-simple"},"_links":{"self":[{"href":"https:\/\/sinkwithfaucet.com\/sl\/wp-json\/wp\/v2\/product\/2405","targetHints":{"allow":["GET"]}}],"collection":[{"href":"https:\/\/sinkwithfaucet.com\/sl\/wp-json\/wp\/v2\/product"}],"about":[{"href":"https:\/\/sinkwithfaucet.com\/sl\/wp-json\/wp\/v2\/types\/product"}],"wp:featuredmedia":[{"embeddable":true,"href":"https:\/\/sinkwithfaucet.com\/sl\/wp-json\/wp\/v2\/media\/2406"}],"wp:attachment":[{"href":"https:\/\/sinkwithfaucet.com\/sl\/wp-json\/wp\/v2\/media?parent=2405"}],"wp:term":[{"taxonomy":"product_brand","embeddable":true,"href":"https:\/\/sinkwithfaucet.com\/sl\/wp-json\/wp\/v2\/product_brand?post=2405"},{"taxonomy":"product_cat","embeddable":true,"href":"https:\/\/sinkwithfaucet.com\/sl\/wp-json\/wp\/v2\/product_cat?post=2405"},{"taxonomy":"product_tag","embeddable":true,"href":"https:\/\/sinkwithfaucet.com\/sl\/wp-json\/wp\/v2\/product_tag?post=2405"}],"curies":[{"name":"wp","href":"https:\/\/api.w.org\/{rel}","templated":true}]}}