{"id":2403,"date":"2024-11-04T02:39:18","date_gmt":"2024-11-04T02:39:18","guid":{"rendered":"https:\/\/sinkwithfaucet.com\/?post_type=product&#038;p=2403"},"modified":"2024-11-04T02:39:18","modified_gmt":"2024-11-04T02:39:18","slug":"black-stainless-steel-kitchen-sink-7843","status":"publish","type":"product","link":"https:\/\/sinkwithfaucet.com\/sl\/black-stainless-steel-kitchen-sink-7843\/","title":{"rendered":"Kuhinjsko korito iz \u010drnega nerjave\u010dega jekla 7843"},"content":{"rendered":"<h2 data-sourcepos=\"1:1-1:57\">Kuhinjska pomivalna korita iz \u010drnega nerjave\u010dega jekla: Sodobna in elegantna izbira<\/h2>\n<p data-sourcepos=\"3:1-3:231\">\u010crna kuhinjska pomivalna korita iz nerjavnega jekla so v zadnjih letih vse bolj priljubljena, saj ponujajo elegantno in sodobno alternativo tradicionalnemu nerjavnemu jeklu. Ta edinstvena obdelava dodaja vsaki kuhinji pridih prefinjenosti in elegance.<\/p>\n<p data-sourcepos=\"5:1-5:48\"><strong>Klju\u010dne lastnosti \u010drnih umivalnikov iz nerjave\u010dega jekla:<\/strong><\/p>\n<ul data-sourcepos=\"7:1-11:0\">\n<li data-sourcepos=\"7:1-7:93\"><strong>Sodobna estetika:<\/strong> Temna, gladka obdelava ustvarja sodoben in prefinjen videz.<\/li>\n<li data-sourcepos=\"8:1-8:92\"><strong>Trajnost:<\/strong> Narejen je iz visokokakovostnega nerjave\u010dega jekla, kar zagotavlja dolgotrajno delovanje.<\/li>\n<li data-sourcepos=\"9:1-9:113\"><strong>Odpornost na prstne odtise:<\/strong> Posebni premazi pomagajo zmanj\u0161ati prstne odtise in made\u017ee, kar olaj\u0161a \u010di\u0161\u010denje.<\/li>\n<li data-sourcepos=\"10:1-11:0\"><strong>Razli\u010dni slogi:<\/strong> Na voljo so razli\u010dni slogi, vklju\u010dno z umivalniki za vgradnjo, umivalniki za zgornjo vgradnjo in kme\u010dkimi umivalniki.<\/li>\n<\/ul>\n<p data-sourcepos=\"12:1-12:62\"><strong>Razmislek pri izbiri \u010drnega umivalnika iz nerjave\u010dega jekla:<\/strong><\/p>\n<ul data-sourcepos=\"14:1-18:0\">\n<li data-sourcepos=\"14:1-14:120\"><strong>Zaklju\u010dek:<\/strong> Izberite obdelavo, ki dopolnjuje celoten slog va\u0161e kuhinje, na primer mat \u010drno ali bru\u0161eno \u010drno jeklo.<\/li>\n<li data-sourcepos=\"15:1-15:75\"><strong>Velikost:<\/strong> Izberite velikost, ki ustreza va\u0161im posebnim potrebam in razporeditvi kuhinje.<\/li>\n<li data-sourcepos=\"16:1-16:91\"><strong>Namestitev:<\/strong> Razmislite o na\u010dinu namestitve, ali gre za podometno ali zgornjo namestitev.<\/li>\n<li data-sourcepos=\"17:1-18:0\"><strong>Vzdr\u017eevanje:<\/strong> \u010ceprav je \u010drno nerjavno jeklo trpe\u017eno, je za ohranjanje videza nujno redno \u010di\u0161\u010denje.<\/li>\n<\/ul>\n<p data-sourcepos=\"19:1-19:149\">\u010ce skrbno upo\u0161tevate te dejavnike, lahko izberete popolno \u010drno pomivalno korito iz nerjave\u010dega jekla, ki bo izbolj\u0161alo slog in funkcionalnost va\u0161e kuhinje.<\/p>","protected":false},"excerpt":{"rendered":"<p>Skupna velikost: 780 * 430 * 220 mm<\/p>\n<p>Velikost sklede: 740 * 381 mm<\/p>\n<p>Velikost izreza: 740 * 381 mm<\/p>\n<p>Radian Corner : R10<\/p>","protected":false},"featured_media":2404,"template":"","meta":[],"product_brand":[],"product_cat":[52],"product_tag":[],"class_list":{"0":"post-2403","1":"product","2":"type-product","3":"status-publish","4":"has-post-thumbnail","6":"product_cat-undermount-sink-1","8":"first","9":"instock","10":"shipping-taxable","11":"product-type-simple"},"_links":{"self":[{"href":"https:\/\/sinkwithfaucet.com\/sl\/wp-json\/wp\/v2\/product\/2403","targetHints":{"allow":["GET"]}}],"collection":[{"href":"https:\/\/sinkwithfaucet.com\/sl\/wp-json\/wp\/v2\/product"}],"about":[{"href":"https:\/\/sinkwithfaucet.com\/sl\/wp-json\/wp\/v2\/types\/product"}],"wp:featuredmedia":[{"embeddable":true,"href":"https:\/\/sinkwithfaucet.com\/sl\/wp-json\/wp\/v2\/media\/2404"}],"wp:attachment":[{"href":"https:\/\/sinkwithfaucet.com\/sl\/wp-json\/wp\/v2\/media?parent=2403"}],"wp:term":[{"taxonomy":"product_brand","embeddable":true,"href":"https:\/\/sinkwithfaucet.com\/sl\/wp-json\/wp\/v2\/product_brand?post=2403"},{"taxonomy":"product_cat","embeddable":true,"href":"https:\/\/sinkwithfaucet.com\/sl\/wp-json\/wp\/v2\/product_cat?post=2403"},{"taxonomy":"product_tag","embeddable":true,"href":"https:\/\/sinkwithfaucet.com\/sl\/wp-json\/wp\/v2\/product_tag?post=2403"}],"curies":[{"name":"wp","href":"https:\/\/api.w.org\/{rel}","templated":true}]}}