{"id":2401,"date":"2024-11-04T02:18:10","date_gmt":"2024-11-04T02:18:10","guid":{"rendered":"https:\/\/sinkwithfaucet.com\/?post_type=product&#038;p=2401"},"modified":"2024-11-04T02:18:10","modified_gmt":"2024-11-04T02:18:10","slug":"flat-sink-8348dr","status":"publish","type":"product","link":"https:\/\/sinkwithfaucet.com\/sl\/flat-sink-8348dr\/","title":{"rendered":"Plo\u0161\u010dato pomivalno korito 8348DR"},"content":{"rendered":"<h2 data-sourcepos=\"1:1-1:45\">Ravna pomivalna korita: Minimalisti\u010dna in sodobna izbira<\/h2>\n<p data-sourcepos=\"3:1-3:191\">Ravna pomivalna korita so minimalisti\u010dna in sodobna izbira za kuhinje in kopalnice. Imajo ravno, neovirano umivalnik, pogosto izdelan iz materialov, kot sta nerjavno jeklo ali keramika.<\/p>\n<p data-sourcepos=\"5:1-5:31\"><strong>Klju\u010dne lastnosti:<\/strong><\/p>\n<ul data-sourcepos=\"7:1-11:0\">\n<li data-sourcepos=\"7:1-7:83\"><strong>Minimalisti\u010dna estetika:<\/strong> \u010cista, ravna zasnova ustvarja eleganten in sodoben videz.<\/li>\n<li data-sourcepos=\"8:1-8:96\"><strong>Enostavno \u010di\u0161\u010denje:<\/strong> Gladko povr\u0161ino je enostavno obrisati, kar zmanj\u0161uje kopi\u010denje bakterij.<\/li>\n<li data-sourcepos=\"9:1-9:61\"><strong>Var\u010devanje s prostorom:<\/strong> Kompaktna zasnova lahko optimizira majhne prostore.<\/li>\n<li data-sourcepos=\"10:1-11:0\"><strong>Edinstven slog:<\/strong> Kopalnici ali kuhinji doda poseben pe\u010dat.<\/li>\n<\/ul>\n<p data-sourcepos=\"12:1-12:45\"><strong>Upo\u0161tevanje pri izbiri ravnega umivalnika:<\/strong><\/p>\n<ul data-sourcepos=\"14:1-18:0\">\n<li data-sourcepos=\"14:1-14:79\"><strong>Odvodnjavanje:<\/strong> Poskrbite, da ima umivalnik ustrezno odvajanje vode, da prepre\u010dite nabiranje vode.<\/li>\n<li data-sourcepos=\"15:1-15:92\"><strong>Material:<\/strong> Izberite trpe\u017een in enostaven za \u010di\u0161\u010denje material, kot je nerjavno jeklo ali keramika.<\/li>\n<li data-sourcepos=\"16:1-16:89\"><strong>Namestitev:<\/strong> Razmislite o na\u010dinu namestitve, ali gre za podometno ali vgradno vgradnjo.<\/li>\n<li data-sourcepos=\"17:1-18:0\"><strong>Vodovodna pipa:<\/strong> Izberite pipo, ki dopolnjuje minimalisti\u010dno zasnovo umivalnika.<\/li>\n<\/ul>","protected":false},"excerpt":{"rendered":"<p>Skupna velikost: 33*19*10\/838*483*254 mm<\/p>\n<p>Velikost sklede: 381*397\/381*397 mm<\/p>\n<p>Velikost izreza: 788 * 433 mm<\/p>\n<p>Radian Corner : R10<\/p>","protected":false},"featured_media":2402,"template":"","meta":[],"product_brand":[],"product_cat":[52],"product_tag":[],"class_list":{"0":"post-2401","1":"product","2":"type-product","3":"status-publish","4":"has-post-thumbnail","6":"product_cat-undermount-sink-1","8":"first","9":"instock","10":"shipping-taxable","11":"product-type-simple"},"_links":{"self":[{"href":"https:\/\/sinkwithfaucet.com\/sl\/wp-json\/wp\/v2\/product\/2401","targetHints":{"allow":["GET"]}}],"collection":[{"href":"https:\/\/sinkwithfaucet.com\/sl\/wp-json\/wp\/v2\/product"}],"about":[{"href":"https:\/\/sinkwithfaucet.com\/sl\/wp-json\/wp\/v2\/types\/product"}],"wp:featuredmedia":[{"embeddable":true,"href":"https:\/\/sinkwithfaucet.com\/sl\/wp-json\/wp\/v2\/media\/2402"}],"wp:attachment":[{"href":"https:\/\/sinkwithfaucet.com\/sl\/wp-json\/wp\/v2\/media?parent=2401"}],"wp:term":[{"taxonomy":"product_brand","embeddable":true,"href":"https:\/\/sinkwithfaucet.com\/sl\/wp-json\/wp\/v2\/product_brand?post=2401"},{"taxonomy":"product_cat","embeddable":true,"href":"https:\/\/sinkwithfaucet.com\/sl\/wp-json\/wp\/v2\/product_cat?post=2401"},{"taxonomy":"product_tag","embeddable":true,"href":"https:\/\/sinkwithfaucet.com\/sl\/wp-json\/wp\/v2\/product_tag?post=2401"}],"curies":[{"name":"wp","href":"https:\/\/api.w.org\/{rel}","templated":true}]}}