{"id":2391,"date":"2024-11-04T01:44:51","date_gmt":"2024-11-04T01:44:51","guid":{"rendered":"https:\/\/sinkwithfaucet.com\/?post_type=product&#038;p=2391"},"modified":"2024-11-04T01:46:08","modified_gmt":"2024-11-04T01:46:08","slug":"integrated-sink-7544sdu","status":"publish","type":"product","link":"https:\/\/sinkwithfaucet.com\/sl\/integrated-sink-7544sdu\/","title":{"rendered":"Vgrajeno pomivalno korito 7544SDU"},"content":{"rendered":"<h2 data-sourcepos=\"1:1-1:46\">Vgrajena pomivalna korita: Brezhibno oblikovanje kuhinje<\/h2>\n<p data-sourcepos=\"3:1-3:176\"><strong>Vgrajena pomivalna korita<\/strong> so sodobna in elegantna izbira za kuhinjske pulti. Brezhibno so integrirani v material pulta, kar ustvarja \u010dist in minimalisti\u010den videz.<\/p>\n<p data-sourcepos=\"5:1-5:37\"><strong>Klju\u010dne lastnosti:<\/strong><\/p>\n<ul data-sourcepos=\"7:1-11:0\">\n<li data-sourcepos=\"7:1-7:139\"><strong>Brezhibno oblikovanje:<\/strong> Pomivalno korito in pult tvorita enotno povr\u0161ino, zato ni vrzeli in razpok, kjer se lahko kopi\u010dijo bakterije.<\/li>\n<li data-sourcepos=\"8:1-8:117\"><strong>Prilagajanje:<\/strong> Integrirana pomivalna korita lahko prilagodite svojim potrebam, vklju\u010dno z velikostjo, obliko in globino.<\/li>\n<li data-sourcepos=\"9:1-9:121\"><strong>Trajnost:<\/strong> Vgrajena pomivalna korita so izdelana iz trajnih materialov, kot so kremen, granit ali masivna povr\u0161ina.<\/li>\n<li data-sourcepos=\"10:1-11:0\"><strong>Enostavno \u010di\u0161\u010denje:<\/strong> Gladko, brez\u0161ivno povr\u0161ino je enostavno \u010distiti in vzdr\u017eevati.<\/li>\n<\/ul>\n<p data-sourcepos=\"12:1-12:30\"><strong>Vrste:<\/strong><\/p>\n<ul data-sourcepos=\"14:1-17:0\">\n<li data-sourcepos=\"14:1-14:90\"><strong>Kremen:<\/strong> Priljubljena izbira zaradi trpe\u017enosti, toplotne odpornosti in razli\u010dnih barv.<\/li>\n<li data-sourcepos=\"15:1-15:79\"><strong>Granit:<\/strong> Mo\u017enost iz naravnega kamna, ki ponuja razko\u0161en in eleganten videz.<\/li>\n<li data-sourcepos=\"16:1-17:0\"><strong>Trdna povr\u0161ina:<\/strong> Umetni material, ki je trpe\u017een in eleganten.<\/li>\n<\/ul>\n<p data-sourcepos=\"18:1-18:52\"><strong>Razmisleki pri izbiri integriranega umivalnika:<\/strong><\/p>\n<ul data-sourcepos=\"20:1-24:0\">\n<li data-sourcepos=\"20:1-20:108\"><strong>Material:<\/strong> Izberite material, ki dopolnjuje estetiko va\u0161e kuhinje in izpolnjuje va\u0161e funkcionalne potrebe.<\/li>\n<li data-sourcepos=\"21:1-21:128\"><strong>Velikost in oblika:<\/strong> Upo\u0161tevajte velikost in obliko pomivalnega korita, da bo ustrezalo postavitvi va\u0161e kuhinje in va\u0161im potrebam.<\/li>\n<li data-sourcepos=\"22:1-22:101\"><strong>Namestitev:<\/strong> Priporo\u010dljiva je strokovna namestitev, da zagotovite brezhibno in vodotesno prileganje.<\/li>\n<li data-sourcepos=\"23:1-24:0\"><strong>Vzdr\u017eevanje:<\/strong> Upo\u0161tevajte proizvajal\u010deve priporo\u010dene smernice za \u010di\u0161\u010denje in vzdr\u017eevanje.<\/li>\n<\/ul>\n<p data-sourcepos=\"25:1-25:184\"><strong>Vgrajena pomivalna korita ponujajo eleganten in sodoben videz, ki lahko izbolj\u0161a slog va\u0161e kuhinje.<\/strong> So odli\u010dna izbira za lastnike stanovanj, ki dajejo prednost estetiki in funkcionalnosti.<\/p>","protected":false},"excerpt":{"rendered":"<p>Skupna velikost: 750 * 440 * 220 mm<\/p>\n<p>Velikost posode: 400 * 400 mm<\/p>\n<p>Velikost izreza: 710 * 400 mm<\/p>\n<p>Radian Corner : R10<\/p>","protected":false},"featured_media":2392,"template":"","meta":[],"product_brand":[],"product_cat":[52],"product_tag":[],"class_list":{"0":"post-2391","1":"product","2":"type-product","3":"status-publish","4":"has-post-thumbnail","6":"product_cat-undermount-sink-1","8":"first","9":"instock","10":"shipping-taxable","11":"product-type-simple"},"_links":{"self":[{"href":"https:\/\/sinkwithfaucet.com\/sl\/wp-json\/wp\/v2\/product\/2391","targetHints":{"allow":["GET"]}}],"collection":[{"href":"https:\/\/sinkwithfaucet.com\/sl\/wp-json\/wp\/v2\/product"}],"about":[{"href":"https:\/\/sinkwithfaucet.com\/sl\/wp-json\/wp\/v2\/types\/product"}],"wp:featuredmedia":[{"embeddable":true,"href":"https:\/\/sinkwithfaucet.com\/sl\/wp-json\/wp\/v2\/media\/2392"}],"wp:attachment":[{"href":"https:\/\/sinkwithfaucet.com\/sl\/wp-json\/wp\/v2\/media?parent=2391"}],"wp:term":[{"taxonomy":"product_brand","embeddable":true,"href":"https:\/\/sinkwithfaucet.com\/sl\/wp-json\/wp\/v2\/product_brand?post=2391"},{"taxonomy":"product_cat","embeddable":true,"href":"https:\/\/sinkwithfaucet.com\/sl\/wp-json\/wp\/v2\/product_cat?post=2391"},{"taxonomy":"product_tag","embeddable":true,"href":"https:\/\/sinkwithfaucet.com\/sl\/wp-json\/wp\/v2\/product_tag?post=2391"}],"curies":[{"name":"wp","href":"https:\/\/api.w.org\/{rel}","templated":true}]}}