{"id":2342,"date":"2024-11-01T07:21:34","date_gmt":"2024-11-01T07:21:34","guid":{"rendered":"https:\/\/sinkwithfaucet.com\/?post_type=product&#038;p=2342"},"modified":"2024-11-01T07:23:29","modified_gmt":"2024-11-01T07:23:29","slug":"small-stainless-steel-sink-2344su","status":"publish","type":"product","link":"https:\/\/sinkwithfaucet.com\/sl\/small-stainless-steel-sink-2344su\/","title":{"rendered":"Majhen umivalnik iz nerjave\u010dega jekla 2344SU"},"content":{"rendered":"<h2 data-sourcepos=\"1:1-1:50\">Majhna pomivalna korita iz nerjave\u010dega jekla: Kompaktna re\u0161itev<\/h2>\n<p data-sourcepos=\"3:1-3:87\">Mala pomivalna korita iz nerjavnega jekla so prakti\u010dna izbira za razli\u010dne namene.<\/p>\n<p data-sourcepos=\"10:1-10:44\"><strong>Prednosti:<\/strong><\/p>\n<ul data-sourcepos=\"12:1-16:0\">\n<li data-sourcepos=\"12:1-12:58\"><strong>Var\u010devanje s prostorom:<\/strong> Kompaktna zasnova se prilega majhnim prostorom.<\/li>\n<li data-sourcepos=\"13:1-13:88\"><strong>Trajnost:<\/strong> Nerjave\u010de jeklo je trpe\u017een material, ki je odporen proti rji in koroziji.<\/li>\n<li data-sourcepos=\"14:1-14:66\"><strong>Enostavno \u010di\u0161\u010denje:<\/strong> Gladko povr\u0161ino je enostavno vzdr\u017eevati in \u010distiti.<\/li>\n<li data-sourcepos=\"15:1-16:0\"><strong>Sodobna estetika:<\/strong> Elegantna in elegantna zasnova dopolnjuje razli\u010dne kuhinjske sloge.<\/li>\n<\/ul>\n<p data-sourcepos=\"17:1-17:41\"><strong>Vrste:<\/strong><\/p>\n<ul data-sourcepos=\"19:1-23:0\">\n<li data-sourcepos=\"19:1-19:77\"><strong>Dozdevna pomivalna korita:<\/strong> Namestite ga pod pult in zagotovite brezhiben videz.<\/li>\n<li data-sourcepos=\"20:1-20:93\"><strong>Umivalniki za vgradnjo na vrh:<\/strong> Namestijo se na vrh pulta, kar zagotavlja tradicionalen videz.<\/li>\n<li data-sourcepos=\"21:1-21:65\"><strong>Enotni pomivalni koriti:<\/strong> Eno korito za osnovna \u010di\u0161\u010denja.<\/li>\n<li data-sourcepos=\"22:1-23:0\"><strong>Dvojna posoda za umivalnik:<\/strong> Dva lo\u010dena umivalnika za ve\u010dopravilnost.<\/li>\n<\/ul>\n<p data-sourcepos=\"24:1-24:78\"><strong>Pri izbiri majhnega umivalnika iz nerjave\u010dega jekla upo\u0161tevajte naslednje dejavnike:<\/strong><\/p>\n<ul data-sourcepos=\"26:1-30:0\">\n<li data-sourcepos=\"26:1-26:76\"><strong>Velikost:<\/strong> Izberite velikost, ki ustreza va\u0161im posebnim potrebam in razpolo\u017eljivemu prostoru.<\/li>\n<li data-sourcepos=\"27:1-27:64\"><strong>Globina:<\/strong> V globlje pomivalno korito lahko namestite ve\u010dje lonce in ponve.<\/li>\n<li data-sourcepos=\"28:1-28:93\"><strong>Merilnik:<\/strong> Debelina nerjavnega jekla lahko vpliva na vzdr\u017eljivost in zvok umivalnika.<\/li>\n<li data-sourcepos=\"29:1-30:0\"><strong>Zaklju\u010dek:<\/strong> Izberite obdelavo, ki dopolnjuje slog va\u0161e kuhinje, na primer bru\u0161eno ali polirano nerjavno jeklo.<\/li>\n<\/ul>\n<p data-sourcepos=\"31:1-31:109\">\u010ce skrbno upo\u0161tevate te dejavnike, lahko izberete popolno majhno pomivalno korito iz nerjave\u010dega jekla za svoje potrebe.<\/p>","protected":false},"excerpt":{"rendered":"<p>Skupna velikost \uff1a 230*440*200 mm<\/p>\n<p>Velikost posode \uff1a190*400 mm<\/p>\n<p>Velikost izreza \uff1a190*400 mm<\/p>\n<p>Radianski kot \uff1aR10<\/p>","protected":false},"featured_media":2343,"template":"","meta":[],"product_brand":[],"product_cat":[52],"product_tag":[],"class_list":{"0":"post-2342","1":"product","2":"type-product","3":"status-publish","4":"has-post-thumbnail","6":"product_cat-undermount-sink-1","8":"first","9":"instock","10":"shipping-taxable","11":"product-type-simple"},"_links":{"self":[{"href":"https:\/\/sinkwithfaucet.com\/sl\/wp-json\/wp\/v2\/product\/2342","targetHints":{"allow":["GET"]}}],"collection":[{"href":"https:\/\/sinkwithfaucet.com\/sl\/wp-json\/wp\/v2\/product"}],"about":[{"href":"https:\/\/sinkwithfaucet.com\/sl\/wp-json\/wp\/v2\/types\/product"}],"wp:featuredmedia":[{"embeddable":true,"href":"https:\/\/sinkwithfaucet.com\/sl\/wp-json\/wp\/v2\/media\/2343"}],"wp:attachment":[{"href":"https:\/\/sinkwithfaucet.com\/sl\/wp-json\/wp\/v2\/media?parent=2342"}],"wp:term":[{"taxonomy":"product_brand","embeddable":true,"href":"https:\/\/sinkwithfaucet.com\/sl\/wp-json\/wp\/v2\/product_brand?post=2342"},{"taxonomy":"product_cat","embeddable":true,"href":"https:\/\/sinkwithfaucet.com\/sl\/wp-json\/wp\/v2\/product_cat?post=2342"},{"taxonomy":"product_tag","embeddable":true,"href":"https:\/\/sinkwithfaucet.com\/sl\/wp-json\/wp\/v2\/product_tag?post=2342"}],"curies":[{"name":"wp","href":"https:\/\/api.w.org\/{rel}","templated":true}]}}