{"id":25,"date":"2023-03-05T10:39:43","date_gmt":"2023-03-05T10:39:43","guid":{"rendered":"https:\/\/sinkwithfaucet.com\/?page_id=25"},"modified":"2024-12-05T02:13:39","modified_gmt":"2024-12-05T02:13:39","slug":"about-kitchen-sink-supplier","status":"publish","type":"page","link":"https:\/\/sinkwithfaucet.com\/sl\/about-kitchen-sink-supplier\/","title":{"rendered":"O"},"content":{"rendered":"<section class=\"section\" id=\"section_1587488824\">\n\t\t<div class=\"bg section-bg fill bg-fill  bg-loaded\" >\n\n\t\t\t\n\t\t\t\n\t\t\t\n\n\t\t<\/div>\n\n\t\t\n\n\t\t<div class=\"section-content relative\">\n\t\t\t\n<div class=\"row align-equal\"  id=\"row-266696434\">\n\n\t<div id=\"col-1304101989\" class=\"col medium-12 small-12 large-6 medium-col-first\"  >\n\t\t\t\t<div class=\"col-inner\"  >\n\t\t\t\n\t\t\t\n\t<div id=\"text-3150053872\" class=\"text\">\n\t\t\n<h1><strong>Dexing kuhinjsko korito dobavitelj<\/strong><\/h1>\n\t\t\n<style>\n#text-3150053872 {\n  font-size: 1rem;\n}\n@media (min-width:550px) {\n  #text-3150053872 {\n    font-size: 1rem;\n  }\n}\n@media (min-width:850px) {\n  #text-3150053872 {\n    font-size: 1.4rem;\n  }\n}\n<\/style>\n\t<\/div>\n\t\n<div class=\"is-divider divider clearfix\" style=\"max-width:50px;height:4px;background-color:rgb(59, 181, 76);\"><\/div>\n\t<div id=\"gap-135660870\" class=\"gap-element clearfix hide-for-small\" style=\"display:block; height:auto;\">\n\t\t\n<style>\n#gap-135660870 {\n  padding-top: 20px;\n}\n<\/style>\n\t<\/div>\n\t\n<p>Kot vodilni proizvajalec je Dexing specializiran za izdelavo visokokakovostnih kuhinjskih pomivalnih korit. <a href=\"https:\/\/sinkwithfaucet.com\/sl\/handmade-sink\/\">ro\u010dno izdelani umivalniki<\/a>, <a href=\"https:\/\/sinkwithfaucet.com\/sl\/press-sink\/\">stiskanje pomivalnih korit<\/a>in <a href=\"https:\/\/sinkwithfaucet.com\/sl\/stainless-steel-kitchen-faucet\/\">kuhinjske pipe iz nerjave\u010dega jekla<\/a>. Na\u0161i najsodobnej\u0161i obrati na Kitajskem in v Vietnamu nam omogo\u010dajo dobavo izdelkov po meri, ki izpolnjujejo va\u0161e posebne zahteve. Poleg tega imajo na\u0161i izdelki certifikata UPC in CE, ki sta namenjena strankam po vsem svetu. Stopite v stik z nami in nam sporo\u010dite svoje zahteve, zagotovo vam bomo ponudili profesionalne izdelke in dobre storitve.<\/p>\n\t<div id=\"gap-98677092\" class=\"gap-element clearfix\" style=\"display:block; height:auto;\">\n\t\t\n<style>\n#gap-98677092 {\n  padding-top: 30px;\n}\n<\/style>\n\t<\/div>\n\t\n<a href=\"\/sl\/contact\/\" class=\"button primary\"  style=\"border-radius:99px;\">\n    <span>Pi\u0161ite nam<\/span>\n  <\/a>\n\n\t\t<\/div>\n\t\t\t\t\n<style>\n#col-1304101989 > .col-inner {\n  padding: 0px 0px 0px 0px;\n}\n@media (min-width:550px) {\n  #col-1304101989 > .col-inner {\n    padding: 0px 0px 0px 0px;\n  }\n}\n@media (min-width:850px) {\n  #col-1304101989 > .col-inner {\n    padding: 0px 20px 0px 0px;\n  }\n}\n<\/style>\n\t<\/div>\n\n\t\n\n\t<div id=\"col-923832080\" class=\"col medium-12 small-12 large-6\"  >\n\t\t\t\t<div class=\"col-inner\"  >\n\t\t\t\n\t\t\t\n\t<div class=\"img has-hover x md-x lg-x y md-y lg-y\" id=\"image_1436196683\">\n\t\t\t\t\t\t\t\t<div class=\"img-inner box-shadow-1 box-shadow-5-hover dark\" >\n\t\t\t<img loading=\"lazy\" decoding=\"async\" width=\"600\" height=\"400\" src=\"https:\/\/sinkwithfaucet.com\/wp-content\/uploads\/2024\/11\/kitchen-sink-company1.jpg\" class=\"attachment-original size-original\" alt=\"podjetje za kuhinjska korita (1)\" srcset=\"https:\/\/sinkwithfaucet.com\/wp-content\/uploads\/2024\/11\/kitchen-sink-company1.jpg 600w, https:\/\/sinkwithfaucet.com\/wp-content\/uploads\/2024\/11\/kitchen-sink-company1-300x200.jpg 300w, https:\/\/sinkwithfaucet.com\/wp-content\/uploads\/2024\/11\/kitchen-sink-company1-18x12.jpg 18w\" sizes=\"auto, (max-width: 600px) 100vw, 600px\" title=\"\">\t\t\t\t\t\t\n\t\t\t\t\t<\/div>\n\t\t\t\t\t\t\t\t\n<style>\n#image_1436196683 {\n  width: 100%;\n}\n<\/style>\n\t<\/div>\n\t\n\t\t<\/div>\n\t\t\t\t\n<style>\n#col-923832080 > .col-inner {\n  padding: 0px 0px 0px 0px;\n  border-radius: 8px;\n}\n@media (min-width:550px) {\n  #col-923832080 > .col-inner {\n    padding: 0px 0px 0px 0px;\n  }\n}\n@media (min-width:850px) {\n  #col-923832080 > .col-inner {\n    padding: 0px 0px 0px 20px;\n  }\n}\n<\/style>\n\t<\/div>\n\n\t\n<\/div>\n<div class=\"row\"  id=\"row-1237740166\">\n\n\t<div id=\"col-2016133142\" class=\"col medium-4 small-12 large-4\"  >\n\t\t\t\t<div class=\"col-inner\"  >\n\t\t\t\n\t\t\t\n<p><strong><span style=\"font-size: 150%;\"><span class=\"count-up\">20000<\/span>+<\/span><\/strong><\/p>\n<p><strong><span style=\"font-size: 150%;\">Tovarna kvadratnih metrov\u00a0<\/span><\/strong><\/p>\n\t\t<\/div>\n\t\t\t\t\t<\/div>\n\n\t\n\n\t<div id=\"col-213604691\" class=\"col medium-4 small-12 large-4\"  >\n\t\t\t\t<div class=\"col-inner\"  >\n\t\t\t\n\t\t\t\n<p><strong><span style=\"font-size: 150%;\"><span class=\"count-up\">15<\/span> +leta <\/span><\/strong><\/p>\n<p><strong><span style=\"font-size: 150%;\">Izku\u0161nje v proizvodnji<\/span><\/strong><\/p>\n\t\t<\/div>\n\t\t\t\t\t<\/div>\n\n\t\n\n\t<div id=\"col-2140445755\" class=\"col medium-4 small-12 large-4\"  >\n\t\t\t\t<div class=\"col-inner\"  >\n\t\t\t\n\t\t\t\n<p><strong><span style=\"font-size: 150%;\"><span class=\"count-up\">300<\/span>+<br \/>\nStaffs<\/span><\/strong><\/p>\n\t\t<\/div>\n\t\t\t\t\t<\/div>\n\n\t\n<\/div>\n\t\t<\/div>\n\n\t\t\n<style>\n#section_1587488824 {\n  padding-top: 30px;\n  padding-bottom: 30px;\n}\n@media (min-width:550px) {\n  #section_1587488824 {\n    padding-top: 30px;\n    padding-bottom: 30px;\n  }\n}\n@media (min-width:850px) {\n  #section_1587488824 {\n    padding-top: 80px;\n    padding-bottom: 80px;\n  }\n}\n<\/style>\n\t<\/section>\n\t\n\t<section class=\"section\" id=\"section_642431757\">\n\t\t<div class=\"bg section-bg fill bg-fill  bg-loaded\" >\n\n\t\t\t\n\t\t\t\n\t\t\t\n\n\t\t<\/div>\n\n\t\t\n\n\t\t<div class=\"section-content relative\">\n\t\t\t\n\t<div id=\"gap-290310864\" class=\"gap-element clearfix\" style=\"display:block; height:auto;\">\n\t\t\n<style>\n#gap-290310864 {\n  padding-top: 30px;\n}\n<\/style>\n\t<\/div>\n\t\n<div class=\"row align-center\"  id=\"row-446170189\">\n\n\t<div id=\"col-736198601\" class=\"col medium-10 small-12 large-10\"  >\n\t\t\t\t<div class=\"col-inner\"  >\n\t\t\t\n\t\t\t\n\t<div id=\"text-286788031\" class=\"text\">\n\t\t\n<h2><strong>Popolna kombinacija oblikovanja in funkcionalnosti<\/strong><\/h2>\n\t\t\n<style>\n#text-286788031 {\n  font-size: 1.35rem;\n  text-align: center;\n  color: rgb(255,255,255);\n}\n#text-286788031 > * {\n  color: rgb(255,255,255);\n}\n<\/style>\n\t<\/div>\n\t\n<div class=\"text-center\"><div class=\"is-divider divider clearfix\" style=\"background-color:rgb(255, 255, 255);\"><\/div><\/div>\n\t\t<\/div>\n\t\t\t\t\n<style>\n#col-736198601 > .col-inner {\n  margin: 0px 0px -20px 0px;\n}\n<\/style>\n\t<\/div>\n\n\t\n<\/div>\n<div class=\"row\"  id=\"row-733450920\">\n\n\t<div id=\"col-1483647638\" class=\"col small-12 large-12\"  >\n\t\t\t\t<div class=\"col-inner text-center\"  >\n\t\t\t\n\t\t\t\n<a href=\"\/sl\/shop\/\" class=\"button white\"  style=\"border-radius:99px;\">\n    <span>Preberite ve\u010d<\/span>\n  <\/a>\n\n\t\t<\/div>\n\t\t\t\t\n<style>\n#col-1483647638 > .col-inner {\n  margin: 0px 0px -20px 0px;\n}\n<\/style>\n\t<\/div>\n\n\t\n<\/div>\n\t\t<\/div>\n\n\t\t\n<style>\n#section_642431757 {\n  padding-top: 30px;\n  padding-bottom: 30px;\n  background-color: rgb(80, 107, 106);\n}\n<\/style>\n\t<\/section>\n\t\n\t<section class=\"section\" id=\"section_1256256696\">\n\t\t<div class=\"bg section-bg fill bg-fill  bg-loaded\" >\n\n\t\t\t\n\t\t\t\n\t\t\t\n\n\t\t<\/div>\n\n\t\t\n\n\t\t<div class=\"section-content relative\">\n\t\t\t\n<div class=\"row\"  id=\"row-97912436\">\n\n\t<div id=\"col-255684971\" class=\"col medium-6 small-12 large-6\"  >\n\t\t\t\t<div class=\"col-inner\"  >\n\t\t\t\n\t\t\t\n\t<div id=\"gap-517112903\" class=\"gap-element clearfix\" style=\"display:block; height:auto;\">\n\t\t\n<style>\n#gap-517112903 {\n  padding-top: 45px;\n}\n<\/style>\n\t<\/div>\n\t\n\t<div class=\"img has-hover x md-x lg-x y md-y lg-y\" id=\"image_637211732\">\n\t\t\t\t\t\t\t\t<div class=\"img-inner image-cover dark\" style=\"padding-top:65%;\">\n\t\t\t<img loading=\"lazy\" decoding=\"async\" width=\"794\" height=\"510\" src=\"https:\/\/sinkwithfaucet.com\/wp-content\/uploads\/2024\/11\/48a630f0-9512-4231-a10d-eef0c336bb1f.jpg\" class=\"attachment-original size-original\" alt=\"Na\u0161i certifikati\" srcset=\"https:\/\/sinkwithfaucet.com\/wp-content\/uploads\/2024\/11\/48a630f0-9512-4231-a10d-eef0c336bb1f.jpg 794w, https:\/\/sinkwithfaucet.com\/wp-content\/uploads\/2024\/11\/48a630f0-9512-4231-a10d-eef0c336bb1f-300x193.jpg 300w, https:\/\/sinkwithfaucet.com\/wp-content\/uploads\/2024\/11\/48a630f0-9512-4231-a10d-eef0c336bb1f-768x493.jpg 768w, https:\/\/sinkwithfaucet.com\/wp-content\/uploads\/2024\/11\/48a630f0-9512-4231-a10d-eef0c336bb1f-18x12.jpg 18w, https:\/\/sinkwithfaucet.com\/wp-content\/uploads\/2024\/11\/48a630f0-9512-4231-a10d-eef0c336bb1f-600x385.jpg 600w\" sizes=\"auto, (max-width: 794px) 100vw, 794px\" title=\"\">\t\t\t\t\t\t\n\t\t\t\t\t<\/div>\n\t\t\t\t\t\t\t\t\n<style>\n#image_637211732 {\n  width: 100%;\n}\n<\/style>\n\t<\/div>\n\t\n\t\t<\/div>\n\t\t\t\t\t<\/div>\n\n\t\n\n\t<div id=\"col-185576455\" class=\"col medium-6 small-12 large-6\"  >\n\t\t\t\t<div class=\"col-inner\"  >\n\t\t\t\n\t\t\t\n<h2 class=\"elementor-divider__text elementor-divider__element\"><strong>Na\u0161e prednosti kot dobavitelj kuhinjskega korita<\/strong><\/h2>\n<p data-sourcepos=\"7:1-7:45\"><strong>Na\u0161a zavezanost kakovosti in inovacijam:<\/strong><\/p>\n<ul data-sourcepos=\"9:1-12:0\">\n<li data-sourcepos=\"9:1-9:135\"><strong>Napredni proizvodni objekti:<\/strong> Z najsodobnej\u0161imi stroji zagotavljamo natan\u010dno proizvodnjo in stalno kakovost.<\/li>\n<li data-sourcepos=\"10:1-10:131\"><strong>Nenehno izbolj\u0161evanje:<\/strong> Vlagamo v raziskave in razvoj, da lahko sledimo industrijskim trendom in ponujamo inovativne izdelke.<\/li>\n<li data-sourcepos=\"11:1-12:0\"><strong>Osredoto\u010denost na stranke:<\/strong> Na\u0161 cilj je zadovoljiti razli\u010dne potrebe na\u0161ih strank z zagotavljanjem \u0161iroke palete visokokakovostnih pomivalnih korit iz nerjavnega jekla.<\/li>\n<\/ul>\n<p data-sourcepos=\"13:1-13:22\"><strong>Na\u0161 obseg izdelkov:<\/strong><\/p>\n<ul data-sourcepos=\"15:1-18:0\">\n<li data-sourcepos=\"15:1-15:105\"><strong>Ro\u010dno izdelani umivalniki:<\/strong> Izdelani so natan\u010dno in s pozornostjo do podrobnosti za edinstven in oseben dotik.<\/li>\n<li data-sourcepos=\"17:1-18:0\"><strong>Strojno izdelana pomivalna korita:<\/strong> U\u010dinkovito izdelani s sodobnimi proizvodnimi tehnikami za dosledno kakovost in cenovno dostopnost.<\/li>\n<\/ul>\n<a href=\"\/sl\/contact\/\" class=\"button primary\"  style=\"border-radius:99px;\">\n    <span>Pridru\u017eite se nam zdaj<\/span>\n  <\/a>\n\n\t\t<\/div>\n\t\t\t\t\t<\/div>\n\n\t\n<\/div>\n\t\t<\/div>\n\n\t\t\n<style>\n#section_1256256696 {\n  padding-top: 0px;\n  padding-bottom: 0px;\n}\n@media (min-width:550px) {\n  #section_1256256696 {\n    padding-top: 0px;\n    padding-bottom: 0px;\n  }\n}\n@media (min-width:850px) {\n  #section_1256256696 {\n    padding-top: 50px;\n    padding-bottom: 50px;\n  }\n}\n<\/style>\n\t<\/section>\n\t\n\t<section class=\"section\" id=\"section_488252017\">\n\t\t<div class=\"bg section-bg fill bg-fill  bg-loaded\" >\n\n\t\t\t\n\t\t\t\n\t\t\t\n\n\t\t<\/div>\n\n\t\t\n\n\t\t<div class=\"section-content relative\">\n\t\t\t\n<div class=\"row\"  id=\"row-440473522\">\n\n\t<div id=\"col-197760227\" class=\"col small-12 large-12\"  >\n\t\t\t\t<div class=\"col-inner\"  >\n\t\t\t\n\t\t\t\n<h2 style=\"text-align: center;\">Zakaj izbrati Dexing kot dobavitelja kuhinjskega korita?<\/h2>\n\t\t<\/div>\n\t\t\t\t\t<\/div>\n\n\t\n<\/div>\n<div class=\"row\"  id=\"row-1025441964\">\n\n\t<div id=\"col-1587306181\" class=\"col medium-4 small-12 large-4\"  >\n\t\t\t\t<div class=\"col-inner\"  >\n\t\t\t\n\t\t\t\n\n\t\t<div class=\"icon-box featured-box icon-box-center text-center\"  >\n\t\t\t\t\t<div class=\"icon-box-img\" style=\"width: 98px\">\n\t\t\t\t<div class=\"icon\">\n\t\t\t\t\t<div class=\"icon-inner\" >\n\t\t\t\t\t\t<img loading=\"lazy\" decoding=\"async\" width=\"200\" height=\"200\" src=\"https:\/\/sinkwithfaucet.com\/wp-content\/uploads\/2024\/10\/quality.png\" class=\"attachment-medium size-medium\" alt=\"kakovost\" srcset=\"https:\/\/sinkwithfaucet.com\/wp-content\/uploads\/2024\/10\/quality.png 200w, https:\/\/sinkwithfaucet.com\/wp-content\/uploads\/2024\/10\/quality-150x150.png 150w, https:\/\/sinkwithfaucet.com\/wp-content\/uploads\/2024\/10\/quality-12x12.png 12w, https:\/\/sinkwithfaucet.com\/wp-content\/uploads\/2024\/10\/quality-100x100.png 100w\" sizes=\"auto, (max-width: 200px) 100vw, 200px\" title=\"\">\t\t\t\t\t<\/div>\n\t\t\t\t<\/div>\n\t\t\t<\/div>\n\t\t\t\t<div class=\"icon-box-text last-reset\">\n\t\t\t\t\t\t\t\t\t\n<h3><strong>Zagotavljanje kakovosti<\/strong><\/h3>\n<p>Na\u0161a zavezanost kakovosti zagotavlja, da boste prejeli zanesljiv in vzdr\u017eljiv izdelek.<\/p>\n\t\t<\/div>\n\t<\/div>\n\t\n\t\n\t\t<\/div>\n\t\t\t\t\t<\/div>\n\n\t\n\n\t<div id=\"col-2047548562\" class=\"col medium-4 small-12 large-4\"  >\n\t\t\t\t<div class=\"col-inner\"  >\n\t\t\t\n\t\t\t\n\n\t\t<div class=\"icon-box featured-box icon-box-center text-center\"  >\n\t\t\t\t\t<div class=\"icon-box-img\" style=\"width: 98px\">\n\t\t\t\t<div class=\"icon\">\n\t\t\t\t\t<div class=\"icon-inner\" >\n\t\t\t\t\t\t<img loading=\"lazy\" decoding=\"async\" width=\"200\" height=\"200\" src=\"https:\/\/sinkwithfaucet.com\/wp-content\/uploads\/2024\/10\/customization.png\" class=\"attachment-medium size-medium\" alt=\"prilagajanje\" srcset=\"https:\/\/sinkwithfaucet.com\/wp-content\/uploads\/2024\/10\/customization.png 200w, https:\/\/sinkwithfaucet.com\/wp-content\/uploads\/2024\/10\/customization-150x150.png 150w, https:\/\/sinkwithfaucet.com\/wp-content\/uploads\/2024\/10\/customization-12x12.png 12w, https:\/\/sinkwithfaucet.com\/wp-content\/uploads\/2024\/10\/customization-100x100.png 100w\" sizes=\"auto, (max-width: 200px) 100vw, 200px\" title=\"\">\t\t\t\t\t<\/div>\n\t\t\t\t<\/div>\n\t\t\t<\/div>\n\t\t\t\t<div class=\"icon-box-text last-reset\">\n\t\t\t\t\t\t\t\t\t\n<h3><a href=\"https:\/\/sinkwithfaucet.com\/sl\/stainless-kitchen-sink-oem-service\/\"><strong>Mo\u017enosti prilagajanja<\/strong><\/a><\/h3>\n<p>Ponujamo razli\u010dne sloge, velikosti in obdelave, ki ustrezajo va\u0161im posebnim potrebam.<\/p>\n\t\t<\/div>\n\t<\/div>\n\t\n\t\n\t\t<\/div>\n\t\t\t\t\t<\/div>\n\n\t\n\n\t<div id=\"col-1035359576\" class=\"col medium-4 small-12 large-4\"  >\n\t\t\t\t<div class=\"col-inner\"  >\n\t\t\t\n\t\t\t\n\n\t\t<div class=\"icon-box featured-box icon-box-center text-center\"  >\n\t\t\t\t\t<div class=\"icon-box-img\" style=\"width: 98px\">\n\t\t\t\t<div class=\"icon\">\n\t\t\t\t\t<div class=\"icon-inner\" >\n\t\t\t\t\t\t<img loading=\"lazy\" decoding=\"async\" width=\"200\" height=\"200\" src=\"https:\/\/sinkwithfaucet.com\/wp-content\/uploads\/2024\/10\/customer-service-fill.png\" class=\"attachment-medium size-medium\" alt=\"storitve za stranke\" srcset=\"https:\/\/sinkwithfaucet.com\/wp-content\/uploads\/2024\/10\/customer-service-fill.png 200w, https:\/\/sinkwithfaucet.com\/wp-content\/uploads\/2024\/10\/customer-service-fill-150x150.png 150w, https:\/\/sinkwithfaucet.com\/wp-content\/uploads\/2024\/10\/customer-service-fill-12x12.png 12w, https:\/\/sinkwithfaucet.com\/wp-content\/uploads\/2024\/10\/customer-service-fill-100x100.png 100w\" sizes=\"auto, (max-width: 200px) 100vw, 200px\" title=\"\">\t\t\t\t\t<\/div>\n\t\t\t\t<\/div>\n\t\t\t<\/div>\n\t\t\t\t<div class=\"icon-box-text last-reset\">\n\t\t\t\t\t\t\t\t\t\n<h3><strong>Odli\u010dna storitev za stranke<\/strong><\/h3>\n<p>Na\u0161a predana ekipa vam vedno pomaga pri va\u0161ih poizvedbah in zagotavlja prilagojeno podporo.<\/p>\n\t\t<\/div>\n\t<\/div>\n\t\n\t\n\t\t<\/div>\n\t\t\t\t\t<\/div>\n\n\t\n<\/div>\n\t\t<\/div>\n\n\t\t\n<style>\n#section_488252017 {\n  padding-top: 30px;\n  padding-bottom: 30px;\n  background-color: rgb(240, 252, 249);\n}\n<\/style>\n\t<\/section>","protected":false},"excerpt":{"rendered":"","protected":false},"author":3,"featured_media":2165,"parent":0,"menu_order":0,"comment_status":"closed","ping_status":"closed","template":"page-blank.php","meta":{"footnotes":""},"class_list":["post-25","page","type-page","status-publish","has-post-thumbnail","hentry"],"_links":{"self":[{"href":"https:\/\/sinkwithfaucet.com\/sl\/wp-json\/wp\/v2\/pages\/25","targetHints":{"allow":["GET"]}}],"collection":[{"href":"https:\/\/sinkwithfaucet.com\/sl\/wp-json\/wp\/v2\/pages"}],"about":[{"href":"https:\/\/sinkwithfaucet.com\/sl\/wp-json\/wp\/v2\/types\/page"}],"author":[{"embeddable":true,"href":"https:\/\/sinkwithfaucet.com\/sl\/wp-json\/wp\/v2\/users\/3"}],"replies":[{"embeddable":true,"href":"https:\/\/sinkwithfaucet.com\/sl\/wp-json\/wp\/v2\/comments?post=25"}],"version-history":[{"count":38,"href":"https:\/\/sinkwithfaucet.com\/sl\/wp-json\/wp\/v2\/pages\/25\/revisions"}],"predecessor-version":[{"id":2726,"href":"https:\/\/sinkwithfaucet.com\/sl\/wp-json\/wp\/v2\/pages\/25\/revisions\/2726"}],"wp:featuredmedia":[{"embeddable":true,"href":"https:\/\/sinkwithfaucet.com\/sl\/wp-json\/wp\/v2\/media\/2165"}],"wp:attachment":[{"href":"https:\/\/sinkwithfaucet.com\/sl\/wp-json\/wp\/v2\/media?parent=25"}],"curies":[{"name":"wp","href":"https:\/\/api.w.org\/{rel}","templated":true}]}}