{"id":1608,"date":"2024-10-14T01:54:52","date_gmt":"2024-10-14T01:54:52","guid":{"rendered":"https:\/\/sinkwithfaucet.com\/?page_id=1608"},"modified":"2025-05-12T07:17:31","modified_gmt":"2025-05-12T07:17:31","slug":"stainless-steel-kitchen-faucet","status":"publish","type":"page","link":"https:\/\/sinkwithfaucet.com\/sl\/stainless-steel-kitchen-faucet\/","title":{"rendered":"Kuhinjska pipa"},"content":{"rendered":"<div class=\"banner has-hover has-parallax\" id=\"banner-1135230695\">\n          <div class=\"banner-inner fill\">\n        <div class=\"banner-bg fill\" data-parallax=\"-3\" data-parallax-container=\".banner\" data-parallax-background>\n            <div class=\"bg fill bg-fill\"><\/div>\n                                    \n                    <\/div>\n\t\t\n        <div class=\"banner-layers container\">\n            <div class=\"fill banner-link\"><\/div>            \n   <div id=\"text-box-1056469334\" class=\"text-box banner-layer x50 md-x5 lg-x5 y50 md-y40 lg-y40 res-text\">\n                     <div data-animate=\"fadeInLeft\">           <div class=\"text-box-content text dark\">\n              \n              <div class=\"text-inner text-center\">\n                  \n\t<div id=\"text-1359021623\" class=\"text\">\n\t\t\n<h1>Kuhinjske pipe<\/h1>\n\t\t\n<style>\n#text-1359021623 {\n  color: #1e73be;\n}\n#text-1359021623 > * {\n  color: #1e73be;\n}\n<\/style>\n\t<\/div>\n\t\n              <\/div>\n           <\/div>\n       <\/div>                     \n<style>\n#text-box-1056469334 {\n  width: 80%;\n}\n#text-box-1056469334 .text-box-content {\n  font-size: 100%;\n}\n@media (min-width:550px) {\n  #text-box-1056469334 {\n    width: 39%;\n  }\n}\n<\/style>\n    <\/div>\n \n        <\/div>\n      <\/div>\n\n            \n<style>\n#banner-1135230695 {\n  padding-top: 700px;\n}\n#banner-1135230695 .bg.bg-loaded {\n  background-image: url(https:\/\/sinkwithfaucet.com\/wp-content\/uploads\/2024\/11\/3-1.jpg);\n}\n#banner-1135230695 .overlay {\n  background-color: rgba(0, 0, 0, 0.3);\n}\n#banner-1135230695 .bg {\n  background-position: 61% 54%;\n}\n<\/style>\n  <\/div>\n\n\n\t<section class=\"section\" id=\"section_1230272266\">\n\t\t<div class=\"bg section-bg fill bg-fill  bg-loaded\" >\n\n\t\t\t\n\t\t\t\n\t\t\t\n\n\t\t<\/div>\n\n\t\t\n\n\t\t<div class=\"section-content relative\">\n\t\t\t\n<div class=\"row\"  id=\"row-1030620669\">\n\n\t<div id=\"col-348605959\" class=\"col small-12 large-12\"  >\n\t\t\t\t<div class=\"col-inner\"  >\n\t\t\t\n\t\t\t\n<h2 style=\"text-align: center;\" data-sourcepos=\"1:1-1:64\">Kuhinjske pipe iz nerjave\u010dega jekla: Kovina za kuhinjo: brez\u010dasen slog, trajna zmogljivost<\/h2>\n<p style=\"text-align: center;\" data-sourcepos=\"1:1-1:64\">Kuhinjske pipe iz nerjave\u010dega jekla so zaradi svoje vzdr\u017eljivosti, higiene in sodobne estetike priljubljena izbira lastnikov stanovanj. Izdelane so iz kovinske zlitine, ki je odporna na rjo, korozijo in made\u017ee, zato so dolgotrajne in enostavne za \u010di\u0161\u010denje.<\/p>\n\t\t<\/div>\n\t\t\t\t\t<\/div>\n\n\t\n<\/div>\n\t\t<\/div>\n\n\t\t\n<style>\n#section_1230272266 {\n  padding-top: 30px;\n  padding-bottom: 30px;\n}\n<\/style>\n\t<\/section>\n\t\n\t<section class=\"section\" id=\"section_304270699\">\n\t\t<div class=\"bg section-bg fill bg-fill  bg-loaded\" >\n\n\t\t\t\n\t\t\t\n\t\t\t\n\n\t\t<\/div>\n\n\t\t\n\n\t\t<div class=\"section-content relative\">\n\t\t\t\n<div class=\"row\"  id=\"row-892269720\">\n\n\t<div id=\"col-1118353355\" class=\"col small-12 large-12\"  >\n\t\t\t\t<div class=\"col-inner\"  >\n\t\t\t\n\t\t\t\n<h2 style=\"text-align: center;\">Vrste kuhinjskih pip<\/h2>\n\t\t<\/div>\n\t\t\t\t\t<\/div>\n\n\t\n<\/div>\n<div class=\"row\" style=\"max-width:1500px\" id=\"row-1867370882\">\n\n\t<div id=\"col-1546396817\" class=\"col medium-4 small-6 large-4\"  >\n\t\t\t\t<div class=\"col-inner\"  >\n\t\t\t\n\t\t\t\n\t<div class=\"box has-hover   has-hover box-text-bottom\" >\n\n\t\t<div class=\"box-image\" >\n\t\t\t\t\t\t<div class=\"\" >\n\t\t\t\t<img loading=\"lazy\" decoding=\"async\" width=\"470\" height=\"563\" src=\"https:\/\/sinkwithfaucet.com\/wp-content\/uploads\/2024\/10\/F104.jpg\" class=\"attachment-original size-original\" alt=\"Enoro\u010dajne pipe\" srcset=\"https:\/\/sinkwithfaucet.com\/wp-content\/uploads\/2024\/10\/F104.jpg 470w, https:\/\/sinkwithfaucet.com\/wp-content\/uploads\/2024\/10\/F104-250x300.jpg 250w, https:\/\/sinkwithfaucet.com\/wp-content\/uploads\/2024\/10\/F104-10x12.jpg 10w\" sizes=\"auto, (max-width: 470px) 100vw, 470px\" title=\"\">\t\t\t\t\t\t\t\t\t\t\t<\/div>\n\t\t\t\t\t<\/div>\n\n\t\t<div class=\"box-text text-center\" >\n\t\t\t<div class=\"box-text-inner\">\n\t\t\t\t\n<h3><strong>Enoro\u010dne pipe<\/strong><\/h3>\n<p>Te pipe imajo en sam vzvod za upravljanje temperature in pretoka vode.<\/p>\n\t\t\t<\/div>\n\t\t<\/div>\n\t<\/div>\n\t\n\t\t<\/div>\n\t\t\t\t\t<\/div>\n\n\t\n\n\t<div id=\"col-1365868705\" class=\"col medium-4 small-6 large-4\"  >\n\t\t\t\t<div class=\"col-inner\"  >\n\t\t\t\n\t\t\t\n\t<div class=\"box has-hover   has-hover box-text-bottom\" >\n\n\t\t<div class=\"box-image\" >\n\t\t\t\t\t\t<div class=\"\" >\n\t\t\t\t<img loading=\"lazy\" decoding=\"async\" width=\"470\" height=\"563\" src=\"https:\/\/sinkwithfaucet.com\/wp-content\/uploads\/2024\/10\/F6011.jpg\" class=\"attachment-original size-original\" alt=\"Dvoro\u010dne pipe\" srcset=\"https:\/\/sinkwithfaucet.com\/wp-content\/uploads\/2024\/10\/F6011.jpg 470w, https:\/\/sinkwithfaucet.com\/wp-content\/uploads\/2024\/10\/F6011-250x300.jpg 250w, https:\/\/sinkwithfaucet.com\/wp-content\/uploads\/2024\/10\/F6011-10x12.jpg 10w\" sizes=\"auto, (max-width: 470px) 100vw, 470px\" title=\"\">\t\t\t\t\t\t\t\t\t\t\t<\/div>\n\t\t\t\t\t<\/div>\n\n\t\t<div class=\"box-text text-center\" >\n\t\t\t<div class=\"box-text-inner\">\n\t\t\t\t\n<h3><strong>Dvoro\u010dne pipe<\/strong><\/h3>\n<p>Te pipe imajo lo\u010dene ro\u010dice za upravljanje pretoka tople in hladne vode.<\/p>\n\t\t\t<\/div>\n\t\t<\/div>\n\t<\/div>\n\t\n\t\t<\/div>\n\t\t\t\t\t<\/div>\n\n\t\n\n\t<div id=\"col-2074622644\" class=\"col medium-4 small-6 large-4\"  >\n\t\t\t\t<div class=\"col-inner\"  >\n\t\t\t\n\t\t\t\n\t<div class=\"box has-hover   has-hover box-text-bottom\" >\n\n\t\t<div class=\"box-image\" >\n\t\t\t<a href=\"https:\/\/sinkwithfaucet.com\/sl\/kitchen-one-handle-faucet-1001\/\" >\t\t\t<div class=\"\" >\n\t\t\t\t<img loading=\"lazy\" decoding=\"async\" width=\"600\" height=\"713\" src=\"https:\/\/sinkwithfaucet.com\/wp-content\/uploads\/2024\/11\/F6221A11.jpg\" class=\"attachment-original size-original\" alt=\"Potegnite navzdol pipe:\" srcset=\"https:\/\/sinkwithfaucet.com\/wp-content\/uploads\/2024\/11\/F6221A11.jpg 600w, https:\/\/sinkwithfaucet.com\/wp-content\/uploads\/2024\/11\/F6221A11-252x300.jpg 252w, https:\/\/sinkwithfaucet.com\/wp-content\/uploads\/2024\/11\/F6221A11-10x12.jpg 10w\" sizes=\"auto, (max-width: 600px) 100vw, 600px\" title=\"\">\t\t\t\t\t\t\t\t\t\t\t<\/div>\n\t\t\t<\/a>\t\t<\/div>\n\n\t\t<div class=\"box-text text-center\" >\n\t\t\t<div class=\"box-text-inner\">\n\t\t\t\t\n<h3><strong>Potegnite navzdol pipe<\/strong><\/h3>\n<p>Te pipe imajo izvle\u010dno razpr\u0161ilno glavo, ki jo lahko potegnete navzdol in podalj\u0161ate za la\u017eje polnjenje loncev in ponev.<\/p>\n\t\t\t<\/div>\n\t\t<\/div>\n\t<\/div>\n\t\n\t\t<\/div>\n\t\t\t\t\t<\/div>\n\n\t\n<\/div>\n<div class=\"row\"  id=\"row-1596048673\">\n\n\t<div id=\"col-20446953\" class=\"col small-12 large-12\"  >\n\t\t\t\t<div class=\"col-inner text-center\"  >\n\t\t\t\n\t\t\t\n<a href=\"\/sl\/contact\/\" class=\"button primary\"  style=\"border-radius:99px;\">\n    <span>Prilagojena pipa<\/span>\n  <\/a>\n\n\t\t<\/div>\n\t\t\t\t\t<\/div>\n\n\t\n<\/div>\n\t\t<\/div>\n\n\t\t\n<style>\n#section_304270699 {\n  padding-top: 30px;\n  padding-bottom: 30px;\n  background-color: rgb(240, 252, 249);\n}\n<\/style>\n\t<\/section>\n\t\n\t<section class=\"section\" id=\"section_1623752513\">\n\t\t<div class=\"bg section-bg fill bg-fill  bg-loaded\" >\n\n\t\t\t\n\t\t\t\n\t\t\t\n\n\t\t<\/div>\n\n\t\t\n\n\t\t<div class=\"section-content relative\">\n\t\t\t\n<div class=\"row\"  id=\"row-1287654747\">\n\n\t<div id=\"col-621942302\" class=\"col medium-6 small-12 large-6\"  >\n\t\t\t\t<div class=\"col-inner\"  >\n\t\t\t\n\t\t\t\n\t<div class=\"img has-hover x md-x lg-x y md-y lg-y\" id=\"image_1802458204\">\n\t\t\t\t\t\t\t\t<div class=\"img-inner image-cover dark\" style=\"padding-top:75%;\">\n\t\t\t<img loading=\"lazy\" decoding=\"async\" width=\"500\" height=\"500\" src=\"https:\/\/sinkwithfaucet.com\/wp-content\/uploads\/2024\/11\/f0c3afea-4044-4213-b4d4-9f9f1d0d84e4.jpg\" class=\"attachment-original size-original\" alt=\"Kuhinjske pipe iz nerjave\u010dega jekla\" srcset=\"https:\/\/sinkwithfaucet.com\/wp-content\/uploads\/2024\/11\/f0c3afea-4044-4213-b4d4-9f9f1d0d84e4.jpg 500w, https:\/\/sinkwithfaucet.com\/wp-content\/uploads\/2024\/11\/f0c3afea-4044-4213-b4d4-9f9f1d0d84e4-300x300.jpg 300w, https:\/\/sinkwithfaucet.com\/wp-content\/uploads\/2024\/11\/f0c3afea-4044-4213-b4d4-9f9f1d0d84e4-150x150.jpg 150w, https:\/\/sinkwithfaucet.com\/wp-content\/uploads\/2024\/11\/f0c3afea-4044-4213-b4d4-9f9f1d0d84e4-12x12.jpg 12w, https:\/\/sinkwithfaucet.com\/wp-content\/uploads\/2024\/11\/f0c3afea-4044-4213-b4d4-9f9f1d0d84e4-100x100.jpg 100w\" sizes=\"auto, (max-width: 500px) 100vw, 500px\" title=\"\">\t\t\t\t\t\t\n\t\t\t\t\t<\/div>\n\t\t\t\t\t\t\t\t\n<style>\n#image_1802458204 {\n  width: 100%;\n}\n<\/style>\n\t<\/div>\n\t\n\t\t<\/div>\n\t\t\t\t\t<\/div>\n\n\t\n\n\t<div id=\"col-728933246\" class=\"col medium-6 small-12 large-6\"  >\n\t\t\t\t<div class=\"col-inner\"  >\n\t\t\t\n\t\t\t\n<h2 class=\"auto-hide-last-sibling-br paragraph-u1TS5p paragraph-element br-paragraph-space\">Prednosti <a href=\"https:\/\/sinkwithfaucet.com\/sl\/stainless-steel-faucet\/\">Kuhinjske pipe iz nerjave\u010dega jekla<\/a>:<\/h2>\n<div class=\"auto-hide-last-sibling-br paragraph-u1TS5p paragraph-element br-paragraph-space\">Prvi\u010d, trajnost je velik plus. Vodovodne pipe iz nerjave\u010dega jekla so odporne proti rji, koroziji in vro\u010dini. So odporne na obrabo pri vsakodnevni uporabi in zdr\u017eijo dolgo \u010dasa.<\/div>\n<div>\u00a0<\/div>\n<div class=\"auto-hide-last-sibling-br paragraph-u1TS5p paragraph-element br-paragraph-space\">\u0160e en odli\u010den vidik je higiena. Zelo enostavno jih je \u010distiti in vzdr\u017eevati. Ni vam treba porabiti veliko \u010dasa in truda, da bi bili videti dobro.<\/div>\n<div>\u00a0<\/div>\n<div class=\"auto-hide-last-sibling-br paragraph-u1TS5p paragraph-element br-paragraph-space\">Sodobno estetiko kuhinjskih pip iz nerjavnega jekla je prav tako te\u017eko prese\u010di. S svojo elegantno in stilsko zasnovo lahko dopolnjujejo razli\u010dne kuhinjske sloge. Ne glede na to, ali je va\u0161a kuhinja tradicionalna, moderna ali nekaj vmesnega, se bo vanjo prilegala pipa iz nerjavnega jekla.<\/div>\n<div>\u00a0<\/div>\n<div class=\"auto-hide-last-sibling-br paragraph-u1TS5p paragraph-element br-paragraph-space\">Vsestranskost je \u0161e ena prednost. Na voljo je veliko razli\u010dnih stilov in zaklju\u010dkov, zato lahko izberete tistega, ki ustreza va\u0161im osebnim \u017eeljam.<\/div>\n<div class=\"auto-hide-last-sibling-br paragraph-u1TS5p paragraph-element br-paragraph-space\">\u00a0<\/div>\n\t\t<\/div>\n\t\t\t\t\t<\/div>\n\n\t\n<\/div>\n\t\t<\/div>\n\n\t\t\n<style>\n#section_1623752513 {\n  padding-top: 30px;\n  padding-bottom: 30px;\n}\n<\/style>\n\t<\/section>\n\t\n\t<section class=\"section\" id=\"section_506874660\">\n\t\t<div class=\"bg section-bg fill bg-fill  bg-loaded\" >\n\n\t\t\t\n\t\t\t<div class=\"section-bg-overlay absolute fill\"><\/div>\n\t\t\t\n\n\t\t<\/div>\n\n\t\t\n\n\t\t<div class=\"section-content relative\">\n\t\t\t\n<div class=\"row\"  id=\"row-1837197978\">\n\n\t<div id=\"col-649084136\" class=\"col medium-6 small-12 large-6\"  >\n\t\t\t\t<div class=\"col-inner\"  >\n\t\t\t\n\t\t\t\n<h2 class=\"auto-hide-last-sibling-br paragraph-u1TS5p paragraph-element br-paragraph-space\">Razmislek pri izbiri kuhinjske pipe iz nerjave\u010dega jekla:<\/h2>\n<div class=\"auto-hide-last-sibling-br paragraph-u1TS5p paragraph-element br-paragraph-space\">Stil je zelo pomemben. \u017delite izbrati pipo, ki se dobro ujema s celotnim dizajnom va\u0161e kuhinje. Izbolj\u0161ati mora videz va\u0161e kuhinje in ne biti v nasprotju z njim.<\/div>\n<div><\/div>\n<div class=\"auto-hide-last-sibling-br paragraph-u1TS5p paragraph-element br-paragraph-space\">Razmislite tudi o funkcionalnosti. Upo\u0161tevajte posebne funkcije, ki jih potrebujete. Na primer, razpr\u0161ilnik z mo\u017enostjo izvleka ali senzor brez dotika sta lahko zelo priro\u010dna.<\/div>\n<div><\/div>\n<div class=\"auto-hide-last-sibling-br paragraph-u1TS5p paragraph-element br-paragraph-space\">Pomemben je tudi zaklju\u010dek. Izberite tak\u0161no, ki je elegantna in prakti\u010dna. Odli\u010dne mo\u017enosti so bru\u0161eni nikelj, krom ali mat \u010drna.<\/div>\n<div><\/div>\n<div class=\"auto-hide-last-sibling-br paragraph-u1TS5p paragraph-element br-paragraph-space\">Drugi dejavnik je pritisk vode. Prepri\u010dajte se, da je pipa primerna za va\u0161 vodni tlak in zagotavlja ustrezen pretok vode. Ko \u017eelite pomiti posodo ali napolniti lonec, si ne \u017eelite \u0161ibkega curka vode.<\/div>\n<div class=\"auto-hide-last-sibling-br paragraph-u1TS5p paragraph-element br-paragraph-space\"><\/div>\n\t<div id=\"gap-1572486042\" class=\"gap-element clearfix\" style=\"display:block; height:auto;\">\n\t\t\n<style>\n#gap-1572486042 {\n  padding-top: 40px;\n}\n<\/style>\n\t<\/div>\n\t\n<a href=\"https:\/\/sinkwithfaucet.com\/wp-content\/uploads\/2025\/05\/1.pdf\" target=\"_blank\" class=\"button primary\" rel=\"noopener\"  style=\"border-radius:99px;\">\n    <span>ve\u010d stilov pip<\/span>\n  <\/a>\n\n\t\t<\/div>\n\t\t\t\t\t<\/div>\n\n\t\n\n\t<div id=\"col-712071103\" class=\"col medium-6 small-12 large-6\"  >\n\t\t\t\t<div class=\"col-inner\"  >\n\t\t\t\n\t\t\t\n\t<div class=\"img has-hover x md-x lg-x y md-y lg-y\" id=\"image_170114234\">\n\t\t\t\t\t\t\t\t<div class=\"img-inner image-cover dark\" style=\"padding-top:85%;\">\n\t\t\t<img loading=\"lazy\" decoding=\"async\" width=\"500\" height=\"500\" src=\"https:\/\/sinkwithfaucet.com\/wp-content\/uploads\/2024\/11\/c22ea714-3146-428c-8096-0e1fd31b7b6a.jpg\" class=\"attachment-original size-original\" alt=\"Nerjave\u010de kuhinjske pipe\" srcset=\"https:\/\/sinkwithfaucet.com\/wp-content\/uploads\/2024\/11\/c22ea714-3146-428c-8096-0e1fd31b7b6a.jpg 500w, https:\/\/sinkwithfaucet.com\/wp-content\/uploads\/2024\/11\/c22ea714-3146-428c-8096-0e1fd31b7b6a-300x300.jpg 300w, https:\/\/sinkwithfaucet.com\/wp-content\/uploads\/2024\/11\/c22ea714-3146-428c-8096-0e1fd31b7b6a-150x150.jpg 150w, https:\/\/sinkwithfaucet.com\/wp-content\/uploads\/2024\/11\/c22ea714-3146-428c-8096-0e1fd31b7b6a-12x12.jpg 12w, https:\/\/sinkwithfaucet.com\/wp-content\/uploads\/2024\/11\/c22ea714-3146-428c-8096-0e1fd31b7b6a-100x100.jpg 100w\" sizes=\"auto, (max-width: 500px) 100vw, 500px\" title=\"\">\t\t\t\t\t\t\n\t\t\t\t\t<\/div>\n\t\t\t\t\t\t\t\t\n<style>\n#image_170114234 {\n  width: 100%;\n}\n<\/style>\n\t<\/div>\n\t\n\t\t<\/div>\n\t\t\t\t\t<\/div>\n\n\t\n<\/div>\n\t\t<\/div>\n\n\t\t\n<style>\n#section_506874660 {\n  padding-top: 30px;\n  padding-bottom: 30px;\n  background-color: rgba(208, 208, 208, 0.424);\n}\n#section_506874660 .section-bg-overlay {\n  background-color: #f0fcf9;\n}\n<\/style>\n\t<\/section>\n\t\n\t<section class=\"section\" id=\"section_462858919\">\n\t\t<div class=\"bg section-bg fill bg-fill  bg-loaded\" >\n\n\t\t\t\n\t\t\t\n\t\t\t\n\n\t\t<\/div>\n\n\t\t\n\n\t\t<div class=\"section-content relative\">\n\t\t\t\n<div class=\"row\"  id=\"row-2111115220\">\n\n\t<div id=\"col-442416378\" class=\"col small-12 large-12\"  >\n\t\t\t\t<div class=\"col-inner\"  >\n\t\t\t\n\t\t\t\n<h2 style=\"text-align: center;\">Pi\u0161ite nam<\/h2>\n\t\t<\/div>\n\t\t\t\t\t<\/div>\n\n\t\n<\/div>\n<div class=\"row\"  id=\"row-903993225\">\n\n\t<div id=\"col-482021379\" class=\"col small-12 large-12\"  >\n\t\t\t\t<div class=\"col-inner\"  >\n\t\t\t\n\t\t\t\n\n<div class=\"wpcf7 no-js\" id=\"wpcf7-f280-o1\" lang=\"en-US\" dir=\"ltr\" data-wpcf7-id=\"280\">\n<div class=\"screen-reader-response\"><p role=\"status\" aria-live=\"polite\" aria-atomic=\"true\"><\/p> <ul><\/ul><\/div>\n<form action=\"\/sl\/wp-json\/wp\/v2\/pages\/1608#wpcf7-f280-o1\" method=\"post\" class=\"wpcf7-form init\" aria-label=\"Kontaktni obrazec\" novalidate=\"novalidate\" data-status=\"init\" data-trp-original-action=\"\/sl\/wp-json\/wp\/v2\/pages\/1608#wpcf7-f280-o1\">\n<fieldset class=\"hidden-fields-container\"><input type=\"hidden\" name=\"_wpcf7\" value=\"280\" \/><input type=\"hidden\" name=\"_wpcf7_version\" value=\"6.1\" \/><input type=\"hidden\" name=\"_wpcf7_locale\" value=\"en_US\" \/><input type=\"hidden\" name=\"_wpcf7_unit_tag\" value=\"wpcf7-f280-o1\" \/><input type=\"hidden\" name=\"_wpcf7_container_post\" value=\"0\" \/><input type=\"hidden\" name=\"_wpcf7_posted_data_hash\" value=\"\" \/>\n<\/fieldset>\n<div class='custom_contact_style'>\n\t<div class=\"row row-small\">\n\t\t<div class=\"col medium-6 small-12 large-6\">\n\t\t\t<div class=\"col-inner\">\n\t\t\t\t<p><span class=\"wpcf7-form-control-wrap\" data-name=\"your-name\"><input size=\"40\" maxlength=\"400\" class=\"wpcf7-form-control wpcf7-text wpcf7-validates-as-required\" aria-required=\"true\" aria-invalid=\"false\" placeholder=\"Ime*\" value=\"\" type=\"text\" name=\"your-name\" \/><\/span>\n\t\t\t\t<\/p>\n\t\t\t<\/div>\n\t\t<\/div>\n\t\t<div class=\"col medium-6 small-12 large-6\">\n\t\t\t<div class=\"col-inner\">\n\t\t\t\t<p><span class=\"wpcf7-form-control-wrap\" data-name=\"your-email\"><input size=\"40\" maxlength=\"400\" class=\"wpcf7-form-control wpcf7-email wpcf7-validates-as-required wpcf7-text wpcf7-validates-as-email\" aria-required=\"true\" aria-invalid=\"false\" placeholder=\"E-po\u0161ta*\" value=\"\" type=\"email\" name=\"your-email\" \/><\/span>\n\t\t\t\t<\/p>\n\t\t\t<\/div>\n\t\t<\/div>\n\t<\/div>\n\t<div class='cus_contact_form_bottom'>\n\t\t<p><span class=\"wpcf7-form-control-wrap\" data-name=\"your-phone\"><input size=\"40\" maxlength=\"400\" class=\"wpcf7-form-control wpcf7-text\" aria-invalid=\"false\" placeholder=\"Telefon\" value=\"\" type=\"text\" name=\"your-phone\" \/><\/span>\n\t\t<\/p>\n\t<\/div>\n\t<div class='cus_contact_form_bottom'>\n\t\t<p><span class=\"wpcf7-form-control-wrap\" data-name=\"your-country\"><input size=\"40\" maxlength=\"400\" class=\"wpcf7-form-control wpcf7-text\" aria-invalid=\"false\" placeholder=\"Dr\u017eava\" value=\"\" type=\"text\" name=\"your-country\" \/><\/span>\n\t\t<\/p>\n\t<\/div>\n\t<p><span class=\"wpcf7-form-control-wrap\" data-name=\"your-message\"><textarea cols=\"40\" rows=\"10\" maxlength=\"2000\" class=\"wpcf7-form-control wpcf7-textarea wpcf7-validates-as-required\" aria-required=\"true\" aria-invalid=\"false\" placeholder=\"Va\u0161e sporo\u010dilo *\" name=\"your-message\"><\/textarea><\/span>\n\t<\/p>\n\t<div style=\"margin-bottom:10px;\">\n\t\t<p><span class=\"wpcf7-form-control-wrap kc_captcha cf7ic-toggle\" data-name=\"kc_captcha\"><span class=\"wpcf7-form-control wpcf7-radio\"><span class=\"captcha-image\" style=\"display: none;\"><span class=\"cf7ic_instructions\">Doka\u017eite, da ste \u010dlovek, tako da izberete<span> klju\u010d<\/span>.<\/span><label><input aria-label=\"1\" type=\"radio\" name=\"kc_captcha\" value=\"bot\" \/><svg aria-hidden=\"true\" role=\"img\" xmlns=\"http:\/\/www.w3.org\/2000\/svg\" viewbox=\"0 0 576 512\"><path fill=\"currentColor\" d=\"M259 18l-65 132-146 22c-26 3-37 36-18 54l106 103-25 146c-5 26 23 46 46 33l131-68 131 68c23 13 51-7 46-33l-25-146 106-103c19-18 8-51-18-54l-146-22-65-132a32 32 0 00-58 0z\"\/><\/svg><\/label><label><input aria-label=\"2\" type=\"radio\" name=\"kc_captcha\" value=\"bot\" \/><svg aria-hidden=\"true\" role=\"img\" xmlns=\"http:\/\/www.w3.org\/2000\/svg\" viewbox=\"0 0 512 512\"><path fill=\"currentColor\" d=\"M350 99c-54 0-98-35-166-35-25 0-47 4-68 12a56 56 0 004-24C118 24 95 1 66 0a56 56 0 00-34 102v386c0 13 11 24 24 24h16c13 0 24-11 24-24v-94c28-12 64-23 114-23 54 0 98 35 166 35 48 0 86-16 122-41 9-6 14-15 14-26V96c0-23-24-39-45-29-35 16-77 32-117 32z\"\/><\/svg><\/label><label><input aria-label=\"3\" type=\"radio\" name=\"kc_captcha\" value=\"kc_human\" \/><svg aria-hidden=\"true\" role=\"img\" xmlns=\"http:\/\/www.w3.org\/2000\/svg\" viewbox=\"0 0 512 512\"><path fill=\"currentColor\" d=\"M512 176a176 176 0 01-209 173l-24 27a24 24 0 01-18 8h-37v40c0 13-11 24-24 24h-40v40c0 13-11 24-24 24H24c-13 0-24-11-24-24v-78c0-6 3-13 7-17l162-162a176 176 0 11343-55zm-176-48a48 48 0 1096 0 48 48 0 00-96 0z\"\/><\/svg><\/label>\r\n    <\/span>\r\n    <span style=\"display:none\">\r\n        <input type=\"text\" name=\"kc_honeypot\">\r\n    <\/span><\/span><\/span>\n\t\t<\/p>\n\t<\/div>\n\t<p><input class=\"wpcf7-form-control wpcf7-submit has-spinner\" type=\"submit\" value=\"Po\u0161lji sporo\u010dilo\" \/>\n\t<\/p>\n<\/div><div class=\"wpcf7-response-output\" aria-hidden=\"true\"><\/div>\n<input type=\"hidden\" name=\"trp-form-language\" value=\"sl\"\/><\/form>\n<\/div>\n\n\t\t<\/div>\n\t\t\t\t\t<\/div>\n\n\t\n<\/div>\n\t\t<\/div>\n\n\t\t\n<style>\n#section_462858919 {\n  padding-top: 30px;\n  padding-bottom: 30px;\n}\n<\/style>\n\t<\/section>","protected":false},"excerpt":{"rendered":"","protected":false},"author":4,"featured_media":2495,"parent":0,"menu_order":0,"comment_status":"closed","ping_status":"closed","template":"page-blank.php","meta":{"footnotes":""},"class_list":["post-1608","page","type-page","status-publish","has-post-thumbnail","hentry"],"_links":{"self":[{"href":"https:\/\/sinkwithfaucet.com\/sl\/wp-json\/wp\/v2\/pages\/1608","targetHints":{"allow":["GET"]}}],"collection":[{"href":"https:\/\/sinkwithfaucet.com\/sl\/wp-json\/wp\/v2\/pages"}],"about":[{"href":"https:\/\/sinkwithfaucet.com\/sl\/wp-json\/wp\/v2\/types\/page"}],"author":[{"embeddable":true,"href":"https:\/\/sinkwithfaucet.com\/sl\/wp-json\/wp\/v2\/users\/4"}],"replies":[{"embeddable":true,"href":"https:\/\/sinkwithfaucet.com\/sl\/wp-json\/wp\/v2\/comments?post=1608"}],"version-history":[{"count":50,"href":"https:\/\/sinkwithfaucet.com\/sl\/wp-json\/wp\/v2\/pages\/1608\/revisions"}],"predecessor-version":[{"id":3485,"href":"https:\/\/sinkwithfaucet.com\/sl\/wp-json\/wp\/v2\/pages\/1608\/revisions\/3485"}],"wp:featuredmedia":[{"embeddable":true,"href":"https:\/\/sinkwithfaucet.com\/sl\/wp-json\/wp\/v2\/media\/2495"}],"wp:attachment":[{"href":"https:\/\/sinkwithfaucet.com\/sl\/wp-json\/wp\/v2\/media?parent=1608"}],"curies":[{"name":"wp","href":"https:\/\/api.w.org\/{rel}","templated":true}]}}