{"id":2660,"date":"2024-11-11T10:19:02","date_gmt":"2024-11-11T10:19:02","guid":{"rendered":"https:\/\/sinkwithfaucet.com\/?post_type=product&#038;p=2660"},"modified":"2024-12-27T03:10:06","modified_gmt":"2024-12-27T03:10:06","slug":"single-handle-pull-out-sprayer-kitchen-faucet","status":"publish","type":"product","link":"https:\/\/sinkwithfaucet.com\/sk\/single-handle-pull-out-sprayer-kitchen-faucet\/","title":{"rendered":"Jednoru\u010dn\u00e1 kuchynsk\u00e1 bat\u00e9ria s v\u00fdsuvn\u00fdm rozpra\u0161ova\u010dom 1107"},"content":{"rendered":"<h2 class=\"a-size-base-plus a-text-bold\"><strong>Inform\u00e1cie o kuchynskej bat\u00e9rii s jednou rukov\u00e4\u0165ou a v\u00fdsuvn\u00fdm rozpra\u0161ova\u010dom<\/strong><\/h2>\n<ul class=\"a-unordered-list a-vertical a-spacing-mini\">\n<li class=\"a-spacing-mini\"><span class=\"a-list-item\"><strong>DLHOTRVAJ\u00daCI A ODOLN\u00dd: <\/strong>T\u00e1to vy\u0165ahovacia kuchynsk\u00e1 bat\u00e9ria je vyroben\u00e1 z vysokokvalitnej nehrdzavej\u00facej ocele s pevnou \u0161trukt\u00farou a povrch vyu\u017e\u00edva technol\u00f3giu vysokoteplotn\u00e9ho vypa\u013eovania farby, ktor\u00e1 je odoln\u00e1 proti opotrebovaniu a trv\u00e1cna, nie je \u013eahk\u00e9 ju zhrdzavie\u0165 a vybledn\u00fa\u0165 a m\u00f4\u017ee sa pou\u017e\u00edva\u0165 dlh\u00fd \u010das.<\/span><\/li>\n<li class=\"a-spacing-mini\"><span class=\"a-list-item\"><strong>RE\u017dIM DVOJIT\u00c9HO V\u00ddTOKU: <\/strong>Kuchynsk\u00e1 drezov\u00e1 bat\u00e9ria je tie\u017e vybaven\u00e1 funkciou dvojit\u00e9ho v\u00fdtoku, ktor\u00fa mo\u017eno \u013eahko prep\u00edna\u0165 medzi norm\u00e1lnym vodn\u00fdm st\u013apcom a silnou sprchou, aby vyhovovala va\u0161im r\u00f4znym potreb\u00e1m.<\/span><\/li>\n<li class=\"a-spacing-mini\"><span class=\"a-list-item\"><strong>NASTAVENIE TEPLOTY: <\/strong>Str\u00e1nka <a href=\"https:\/\/kitchensink.us\/stainless-steel-kitchen-faucet\/\" target=\"_blank\" rel=\"noopener\">drezov\u00e1 bat\u00e9ria<\/a> je tie\u017e vybaven\u00e1 funkciou nastavenia teploty, v\u010faka ktorej si m\u00f4\u017eete \u013eubovo\u013ene nastavi\u0165 po\u017eadovan\u00fa teplotu, \u010do v\u00e1m u\u0161etr\u00ed n\u00e1mahu s ru\u010dn\u00fdm mie\u0161an\u00edm teplej a studenej vody.<\/span><\/li>\n<li class=\"a-spacing-mini\"><span class=\"a-list-item\"><strong>OT\u00c1\u010cANIE O 360 STUP\u0147OV: <\/strong>Funkcia ot\u00e1\u010dania o 360 stup\u0148ov umo\u017e\u0148uje pln\u00fd rozsah pohybu a flexibilitu, v\u010faka \u010domu pr\u00fad vody flexibilne dosiahne do v\u0161etk\u00fdch k\u00fatov drezu a poskytuje dostatok priestoru na \u010distenie hrncov a misiek.<\/span><\/li>\n<li class=\"a-spacing-mini\"><span class=\"a-list-item\"><strong>VYSOKOKVALITN\u00c1 TRYSKA: <\/strong>Nape\u0148ova\u010d jemnej poko\u017eky dok\u00e1\u017ee nielen vytvori\u0165 bohat\u00fa penu, jemn\u00fa a nestriekaj\u00facu vodu, pr\u00edjemn\u00fa na dotyk, ale aj filtrova\u0165 ne\u010distoty a pom\u00f4c\u0165 v\u00e1m \u0161etri\u0165 vodu v ka\u017edodennom \u017eivote.<\/span><\/li>\n<\/ul>\n<p>&nbsp;<\/p>\n<h2><strong>Typy v\u00fdsuvn\u00fdch kuchynsk\u00fdch bat\u00e9ri\u00ed<\/strong><\/h2>\n<ul>\n<li><strong>Jednor\u00fa\u010dov\u00e1 rukov\u00e4\u0165:<\/strong><\/li>\n<\/ul>\n<p>Najbe\u017enej\u0161\u00ed typ.M\u00e1 jednu p\u00e1ku, ktorou sa ovl\u00e1da teplota aj prietok vody.  Pon\u00faka jednoduch\u00e9 a intuit\u00edvne ovl\u00e1danie.<\/p>\n<ul>\n<li><strong>Profesion\u00e1lny \u0161t\u00fdl:<\/strong><\/li>\n<\/ul>\n<p>\u010casto maj\u00fa v\u00fdtok s vysok\u00fdm obl\u00fakom pre lep\u0161\u00ed priestor pod bat\u00e9riou.  Zvy\u010dajne sa vyzna\u010duj\u00fa siln\u00fdm pr\u00fadom a odolnou kon\u0161trukciou, v\u010faka \u010domu s\u00fa ob\u013e\u00faben\u00e9 u \u0161\u00e9fkuch\u00e1rov a seri\u00f3znych dom\u00e1cich kuch\u00e1rov.<\/p>\n<ul>\n<li><strong>V\u00e1\u017een\u00e9:<\/strong><\/li>\n<\/ul>\n<p>Do z\u00e1kladne striekacej hlavice zakomponujte z\u00e1va\u017eie, ktor\u00e9 pom\u00e1ha hladk\u00e9mu zas\u00favaniu a zabra\u0148uje jej viseniu.T\u00fdm sa zabezpe\u010d\u00ed elegantnej\u0161\u00ed a pou\u017e\u00edvate\u013esky pr\u00edjemnej\u0161\u00ed z\u00e1\u017eitok.<\/p>\n<ul>\n<li><strong>Pru\u017einov\u00e1 n\u00e1pl\u0148:<\/strong><\/li>\n<\/ul>\n<p>Pomocou pru\u017einov\u00e9ho mechanizmu sa striekacia hlava r\u00fdchlo a bez n\u00e1mahy zas\u00fava.  To m\u00f4\u017ee po\u010das pou\u017e\u00edvania u\u0161etri\u0165 \u010das a n\u00e1mahu.<\/p>\n<p>&nbsp;<\/p>\n<h2 data-sourcepos=\"16:1-16:57\"><strong>Faktory, ktor\u00e9 treba zv\u00e1\u017ei\u0165 pri v\u00fdbere jednop\u00e1kovej kuchynskej bat\u00e9rie s v\u00fdsuvn\u00fdm rozpra\u0161ova\u010dom<\/strong><\/h2>\n<ul data-sourcepos=\"18:1-22:0\">\n<li data-sourcepos=\"18:1-18:114\"><strong>V\u00fd\u0161ka v\u00fdtoku:<\/strong>\u00a0Uistite sa, \u017ee v\u00fd\u0161ka v\u00fdlevky zodpoved\u00e1 h\u013abke drezu a ve\u013ekosti pou\u017e\u00edvan\u00fdch hrncov a panv\u00edc.<\/li>\n<li data-sourcepos=\"19:1-19:116\"><strong>Dokon\u010denie:<\/strong>\u00a0Vyberte si povrchov\u00fa \u00fapravu, ktor\u00e1 dop\u013a\u0148a \u0161t\u00fdl va\u0161ej kuchyne, napr\u00edklad chr\u00f3m, br\u00fasen\u00fd nikel alebo matn\u00fa \u010diernu.<\/li>\n<li data-sourcepos=\"20:1-20:91\"><strong>In\u0161tal\u00e1cia:<\/strong>\u00a0Zv\u00e1\u017ete sp\u00f4sob in\u0161tal\u00e1cie a potrebn\u00e9 vodovodn\u00e9 pr\u00edpojky.<\/li>\n<li data-sourcepos=\"21:1-22:0\"><strong>Tlak vody:<\/strong>\u00a0Uistite sa, \u017ee bat\u00e9ria zvl\u00e1dne tlak vody vo va\u0161ej dom\u00e1cnosti.<\/li>\n<\/ul>\n<p>&nbsp;<\/p>\n<h2><strong>Vlastnosti a v\u00fdhody v\u00fdsuvnej kuchynskej bat\u00e9rie<\/strong><\/h2>\n<ul>\n<li>In\u0161tal\u00e1cia s jedn\u00fdm otvorom - maxim\u00e1lna hr\u00fabka paluby 1,75\"<\/li>\n<li>Zhoda s ADA - Jednoduch\u00e9 ovl\u00e1danie pomocou jednej p\u00e1ky<\/li>\n<li>Vertik\u00e1lna kon\u0161trukcia rukov\u00e4te na hlavnom telese, oto\u010dn\u00e1 o 90\u00b0 dopredu, \u010do umo\u017e\u0148uje prev\u00e1dzku v stiesnen\u00fdch priestoroch so zadn\u00fdm obkladom<\/li>\n<li>Dvojfunk\u010dn\u00e1 rozpra\u0161ovacia hlavica - prietok vody 1,8 GPM striedavo strieda v\u00fdkonn\u00fd rozpra\u0161ova\u010d a prevzdu\u0161\u0148ovan\u00fd pr\u00fad: Ide\u00e1lny na v\u00fdkonn\u00e9 drhnutie, jemn\u00e9 oplachovanie a plnenie hrncov<\/li>\n<li>Bezolovnat\u00e1 kon\u0161trukcia z odolnej mosadze v s\u00falade s CALGreen California<\/li>\n<li>360\u00b0oto\u010dn\u00e1 v\u00fdtokov\u00e1 r\u00fara zabezpe\u010duje plynul\u00fd chod s\u0165ahovania<\/li>\n<li>Vysok\u00fd obl\u00fakov\u00fd v\u00fdtok poskytuje dostatok priestoru na plnenie hrncov a \u010distenie v\u00e4\u010d\u0161ieho riadu<\/li>\n<li>Keramick\u00e1 kazeta - najvy\u0161\u0161ia kvalita presnosti \"bez kvapkania\"<\/li>\n<li>Vysoko \u00fa\u010dinn\u00fd perl\u00e1tor, ktor\u00fd poskytuje jemn\u00fd pr\u00fad bez \u0161pliechania<\/li>\n<li>V\u00fdsuvn\u00e1 rozpra\u0161ovacia hlavica so 60\" nylonovou opletenou hadicou v\u00e1m umo\u017en\u00ed opl\u00e1chnu\u0165 um\u00fdvadlo v ka\u017edom rohu<\/li>\n<li>Gumov\u00e9 trysky striekacej hlavy sa \u013eahko \u010distia od miner\u00e1lnych usaden\u00edn, aby mali dlhodob\u00fd v\u00fdkon<\/li>\n<li>Viacn\u00e1sobne pokovovan\u00e1 povrchov\u00e1 \u00faprava odoln\u00e1 proti kor\u00f3zii, ktor\u00e1 \u010dasom nevybledne a nezm\u00e4tie<\/li>\n<li>Vr\u00e1tane predin\u0161talovan\u00e9ho mont\u00e1\u017eneho hardv\u00e9ru a potrubia proti prasknutiu hor\u00facej\/studenej vody<\/li>\n<\/ul>\n<p>&nbsp;<\/p>\n<p>T\u00e1to elegantn\u00e1 bat\u00e9ria s klasick\u00fdm dizajnom a jednoduch\u00fdmi l\u00edniami bude vyzera\u0165 skvele v ka\u017edej kuchyni. V\u00fdsuvn\u00e1 bat\u00e9ria sa dod\u00e1va v dvoch odoln\u00fdch povrchov\u00fdch \u00faprav\u00e1ch, ktor\u00e9 doplnia farebn\u00fa paletu va\u0161ej kuchyne. Jej dvoj\u010dinn\u00e1 striekacia hlavica s vys\u00favate\u013enou hadicou v\u00e1m u\u013eah\u010d\u00ed um\u00fdvanie a oplachovanie. T\u00e1to odborne spracovan\u00e1 bat\u00e9ria je vyroben\u00e1 z najkvalitnej\u0161\u00edch materi\u00e1lov a poskytne mnoho rokov bezstarostn\u00e9ho pou\u017e\u00edvania.<\/p>\n<p>&nbsp;<\/p>\n<p>&nbsp;<\/p>\n<p>&nbsp;<\/p>\n<p>&nbsp;<\/p>\n<p>&nbsp;<\/p>\n<p>&nbsp;<\/p>","protected":false},"excerpt":{"rendered":"<table style=\"height: 407px;\" width=\"704\">\n<tbody>\n<tr>\n<td width=\"808\">1 Rozmery bat\u00e9rie Celkov\u00e9 rozmery<\/td>\n<td width=\"1177\">380*225 mm<\/td>\n<\/tr>\n<tr>\n<td width=\"808\">2 \u010cist\u00e1 hmotnos\u0165 bat\u00e9rie<\/td>\n<td width=\"1177\">2,5 kg<\/td>\n<\/tr>\n<tr>\n<td width=\"808\">3 Vodovodn\u00e1 bat\u00e9ria s boxom Hrub\u00e1 hmotnos\u0165<\/td>\n<td width=\"1177\">2,8 kg<\/td>\n<\/tr>\n<tr>\n<td width=\"808\">4 Rozmer boxu<\/td>\n<td width=\"1177\">54*32*26 mm<\/td>\n<\/tr>\n<tr>\n<td width=\"808\">5 Balenie<\/td>\n<td width=\"1177\">4KS\/KSN;10KS\/KSN;12KS\/KSN<\/td>\n<\/tr>\n<tr>\n<td width=\"808\">6 D\u013a\u017eka pr\u00edvodnej hadice<\/td>\n<td width=\"1177\">60 mm<\/td>\n<\/tr>\n<tr>\n<td width=\"808\">7 Ve\u013ekos\u0165 matice vodovodn\u00e9ho potrubia<\/td>\n<td width=\"1177\">3\/8\" alebo 1\/2\" alebo 9\/16<\/td>\n<\/tr>\n<tr>\n<td width=\"808\">8 Ve\u013ekos\u0165 rezu mont\u00e1\u017eneho otvoru<\/td>\n<td width=\"1177\">35 mm<\/td>\n<\/tr>\n<tr>\n<td width=\"808\">9 Materi\u00e1ly bat\u00e9ri\u00ed<\/td>\n<td width=\"1177\">Bezolovnat\u00fd pr\u00e9miov\u00fd 304 America Standard Stainless<br \/>\noce\u013e<\/td>\n<\/tr>\n<\/tbody>\n<\/table>","protected":false},"featured_media":2661,"template":"","meta":[],"product_brand":[],"product_cat":[57],"product_tag":[],"class_list":{"0":"post-2660","1":"product","2":"type-product","3":"status-publish","4":"has-post-thumbnail","6":"product_cat-stainless-steel-faucet","8":"first","9":"instock","10":"shipping-taxable","11":"product-type-simple"},"_links":{"self":[{"href":"https:\/\/sinkwithfaucet.com\/sk\/wp-json\/wp\/v2\/product\/2660","targetHints":{"allow":["GET"]}}],"collection":[{"href":"https:\/\/sinkwithfaucet.com\/sk\/wp-json\/wp\/v2\/product"}],"about":[{"href":"https:\/\/sinkwithfaucet.com\/sk\/wp-json\/wp\/v2\/types\/product"}],"wp:featuredmedia":[{"embeddable":true,"href":"https:\/\/sinkwithfaucet.com\/sk\/wp-json\/wp\/v2\/media\/2661"}],"wp:attachment":[{"href":"https:\/\/sinkwithfaucet.com\/sk\/wp-json\/wp\/v2\/media?parent=2660"}],"wp:term":[{"taxonomy":"product_brand","embeddable":true,"href":"https:\/\/sinkwithfaucet.com\/sk\/wp-json\/wp\/v2\/product_brand?post=2660"},{"taxonomy":"product_cat","embeddable":true,"href":"https:\/\/sinkwithfaucet.com\/sk\/wp-json\/wp\/v2\/product_cat?post=2660"},{"taxonomy":"product_tag","embeddable":true,"href":"https:\/\/sinkwithfaucet.com\/sk\/wp-json\/wp\/v2\/product_tag?post=2660"}],"curies":[{"name":"wp","href":"https:\/\/api.w.org\/{rel}","templated":true}]}}