{"id":2653,"date":"2024-11-11T09:53:20","date_gmt":"2024-11-11T09:53:20","guid":{"rendered":"https:\/\/sinkwithfaucet.com\/?post_type=product&#038;p=2653"},"modified":"2024-11-11T10:14:00","modified_gmt":"2024-11-11T10:14:00","slug":"spring-pull-down-kitchen-faucet-1003","status":"publish","type":"product","link":"https:\/\/sinkwithfaucet.com\/sk\/spring-pull-down-kitchen-faucet-1003\/","title":{"rendered":"Pru\u017einov\u00e1 vy\u0165ahovacia kuchynsk\u00e1 bat\u00e9ria 1003"},"content":{"rendered":"<h2 data-sourcepos=\"1:1-1:57\">Jarn\u00e9 vy\u0165ahovacie kuchynsk\u00e9 bat\u00e9rie: Modern\u00e9 pohodlie<\/h2>\n<p data-sourcepos=\"3:1-3:174\">Pru\u017einov\u00e1 s\u0165ahovacia kuchynsk\u00e1 bat\u00e9ria je ob\u013e\u00fabenou vo\u013ebou pre modern\u00e9 kuchyne. Sp\u00e1ja v sebe \u0161t\u00fdl, funk\u010dnos\u0165 a jednoduch\u00e9 pou\u017e\u00edvanie. Tu je preh\u013ead jej funkci\u00ed a v\u00fdhod:<\/p>\n<h3 data-sourcepos=\"5:1-5:21\">Ako to funguje?<\/h3>\n<p data-sourcepos=\"6:1-6:227\">Pru\u017einov\u00e1 s\u0165ahovacia bat\u00e9ria m\u00e1 flexibiln\u00fd v\u00fdtok, ktor\u00fd sa d\u00e1 stiahnu\u0165 a vysun\u00fa\u0165, aby ste dosiahli na r\u00f4zne \u010dasti um\u00fdvadla. Ke\u010f v\u00fdtok uvo\u013en\u00edte, v\u010faka zabudovan\u00e9mu pru\u017einov\u00e9mu mechanizmu sa hladko stiahne sp\u00e4\u0165 na miesto.<\/p>\n<h3 data-sourcepos=\"8:1-8:44\">K\u013e\u00fa\u010dov\u00e9 v\u00fdhody jarn\u00fdch v\u00fdsuvn\u00fdch bat\u00e9ri\u00ed<\/h3>\n<ul data-sourcepos=\"9:1-13:0\">\n<li data-sourcepos=\"9:1-9:128\"><strong>Flexibilita:<\/strong> S\u0165ahovacia kon\u0161trukcia v\u00e1m umo\u017en\u00ed \u013eahko naplni\u0165 ve\u013ek\u00e9 hrnce a panvice alebo vy\u010disti\u0165 \u0165a\u017eko pr\u00edstupn\u00e9 miesta drezu.<\/li>\n<li data-sourcepos=\"10:1-10:136\"><strong>V\u0161estrannos\u0165:<\/strong> Mnoh\u00e9 modely pon\u00fakaj\u00fa viacero nastaven\u00ed postreku, napr\u00edklad prevzdu\u0161nen\u00fd pr\u00fad a siln\u00fd postrek, aby sa prisp\u00f4sobili r\u00f4znym \u00faloh\u00e1m.<\/li>\n<li data-sourcepos=\"11:1-11:91\"><strong>Jednoduchos\u0165 pou\u017e\u00edvania:<\/strong> Pru\u017einov\u00fd mechanizmus zabezpe\u010duje hladk\u00fd chod a \u013eahk\u00e9 zas\u00favanie.<\/li>\n<li data-sourcepos=\"12:1-13:0\"><strong>\u0160t\u00fdlov\u00fd dizajn:<\/strong> K dispoz\u00edcii s\u00fa r\u00f4zne povrchov\u00e9 \u00fapravy a \u0161t\u00fdly, ktor\u00e9 doplnia ak\u00fdko\u013evek kuchynsk\u00fd dekor.<\/li>\n<\/ul>\n<p data-sourcepos=\"21:1-21:143\">D\u00f4kladn\u00fdm zv\u00e1\u017een\u00edm t\u00fdchto faktorov m\u00f4\u017eete vybra\u0165 pru\u017einov\u00fa s\u0165ahovaciu kuchynsk\u00fa bat\u00e9riu, ktor\u00e1 zv\u00fd\u0161i funk\u010dnos\u0165 a \u0161t\u00fdl va\u0161ej kuchyne.<\/p>","protected":false},"excerpt":{"rendered":"<table style=\"height: 407px;\" width=\"704\">\n<tbody>\n<tr>\n<td width=\"808\">1 Rozmery bat\u00e9rie Celkov\u00e9 rozmery<\/td>\n<td width=\"1177\">405*225 mm<\/td>\n<\/tr>\n<tr>\n<td width=\"808\">2 \u010cist\u00e1 hmotnos\u0165 bat\u00e9rie<\/td>\n<td width=\"1177\">2,5 kg<\/td>\n<\/tr>\n<tr>\n<td width=\"808\">3 Vodovodn\u00e1 bat\u00e9ria s boxom Hrub\u00e1 hmotnos\u0165<\/td>\n<td width=\"1177\">2,8 kg<\/td>\n<\/tr>\n<tr>\n<td width=\"808\">4 Rozmer boxu<\/td>\n<td width=\"1177\">54*32*26 mm<\/td>\n<\/tr>\n<tr>\n<td width=\"808\">5 Balenie<\/td>\n<td width=\"1177\">4KS\/KSN;10KS\/KSN;12KS\/KSN<\/td>\n<\/tr>\n<tr>\n<td width=\"808\">6 D\u013a\u017eka pr\u00edvodnej hadice<\/td>\n<td width=\"1177\">60 mm<\/td>\n<\/tr>\n<tr>\n<td width=\"808\">7 Ve\u013ekos\u0165 matice vodovodn\u00e9ho potrubia<\/td>\n<td width=\"1177\">3\/8\" alebo 1\/2\" alebo 9\/16<\/td>\n<\/tr>\n<tr>\n<td width=\"808\">8 Ve\u013ekos\u0165 rezu mont\u00e1\u017eneho otvoru<\/td>\n<td width=\"1177\">35 mm<\/td>\n<\/tr>\n<tr>\n<td width=\"808\">9 Materi\u00e1ly bat\u00e9ri\u00ed<\/td>\n<td width=\"1177\">Bezolovnat\u00fd pr\u00e9miov\u00fd 304 America Standard Stainless<br \/>\noce\u013e<\/td>\n<\/tr>\n<\/tbody>\n<\/table>","protected":false},"featured_media":2654,"template":"","meta":[],"product_brand":[],"product_cat":[57],"product_tag":[],"class_list":{"0":"post-2653","1":"product","2":"type-product","3":"status-publish","4":"has-post-thumbnail","6":"product_cat-stainless-steel-faucet","8":"first","9":"instock","10":"shipping-taxable","11":"product-type-simple"},"_links":{"self":[{"href":"https:\/\/sinkwithfaucet.com\/sk\/wp-json\/wp\/v2\/product\/2653","targetHints":{"allow":["GET"]}}],"collection":[{"href":"https:\/\/sinkwithfaucet.com\/sk\/wp-json\/wp\/v2\/product"}],"about":[{"href":"https:\/\/sinkwithfaucet.com\/sk\/wp-json\/wp\/v2\/types\/product"}],"wp:featuredmedia":[{"embeddable":true,"href":"https:\/\/sinkwithfaucet.com\/sk\/wp-json\/wp\/v2\/media\/2654"}],"wp:attachment":[{"href":"https:\/\/sinkwithfaucet.com\/sk\/wp-json\/wp\/v2\/media?parent=2653"}],"wp:term":[{"taxonomy":"product_brand","embeddable":true,"href":"https:\/\/sinkwithfaucet.com\/sk\/wp-json\/wp\/v2\/product_brand?post=2653"},{"taxonomy":"product_cat","embeddable":true,"href":"https:\/\/sinkwithfaucet.com\/sk\/wp-json\/wp\/v2\/product_cat?post=2653"},{"taxonomy":"product_tag","embeddable":true,"href":"https:\/\/sinkwithfaucet.com\/sk\/wp-json\/wp\/v2\/product_tag?post=2653"}],"curies":[{"name":"wp","href":"https:\/\/api.w.org\/{rel}","templated":true}]}}