{"id":2650,"date":"2024-11-11T09:47:41","date_gmt":"2024-11-11T09:47:41","guid":{"rendered":"https:\/\/sinkwithfaucet.com\/?post_type=product&#038;p=2650"},"modified":"2024-11-11T09:50:38","modified_gmt":"2024-11-11T09:50:38","slug":"commercial-sink-faucet-1101","status":"publish","type":"product","link":"https:\/\/sinkwithfaucet.com\/sk\/commercial-sink-faucet-1101\/","title":{"rendered":"Komer\u010dn\u00e1 drezov\u00e1 bat\u00e9ria 1101"},"content":{"rendered":"<h2 data-sourcepos=\"1:1-1:61\">Komer\u010dn\u00e9 drezov\u00e9 bat\u00e9rie: Sprievodca v\u00fdberom tej spr\u00e1vnej<\/h2>\n<p data-sourcepos=\"3:1-3:194\">Komer\u010dn\u00e9 drezov\u00e9 bat\u00e9rie s\u00fa navrhnut\u00e9 tak, aby odolali intenz\u00edvnemu pou\u017e\u00edvaniu, vysokotlakovej vode a drsn\u00fdm \u010distiacim prostriedkom. S\u00fa skon\u0161truovan\u00e9 tak, aby vydr\u017eali a poskytovali spo\u013eahliv\u00fd v\u00fdkon v n\u00e1ro\u010dn\u00fdch prostrediach.<\/p>\n<h3 data-sourcepos=\"5:1-5:43\">K\u013e\u00fa\u010dov\u00e9 vlastnosti komer\u010dn\u00fdch drezov\u00fdch bat\u00e9ri\u00ed<\/h3>\n<ul data-sourcepos=\"7:1-12:0\">\n<li data-sourcepos=\"7:1-7:88\"><strong>Odolnos\u0165:<\/strong> Vyroben\u00e9 z vysokokvalitn\u00fdch materi\u00e1lov, ako je mosadz alebo nehrdzavej\u00faca oce\u013e.<\/li>\n<li data-sourcepos=\"8:1-8:78\"><strong>Vysok\u00fd prietok:<\/strong> Poskytuje siln\u00fd pr\u00fad vody na \u00fa\u010dinn\u00e9 \u010distenie.<\/li>\n<li data-sourcepos=\"9:1-9:51\"><strong>Jednoduch\u00e1 \u00fadr\u017eba:<\/strong> Jednoduch\u00e9 \u010distenie a oprava.<\/li>\n<li data-sourcepos=\"10:1-10:89\"><strong>R\u00f4zne \u0161t\u00fdly:<\/strong> K dispoz\u00edcii s\u00fa r\u00f4zne \u0161t\u00fdly, ktor\u00e9 sa hodia k estetick\u00e9mu vzh\u013eadu va\u0161ej kuchyne.<\/li>\n<li data-sourcepos=\"11:1-12:0\"><strong>\u0160peci\u00e1lne funkcie:<\/strong> Niektor\u00e9 bat\u00e9rie pon\u00fakaj\u00fa \u010fal\u0161ie funkcie, ako s\u00fa rozpra\u0161ovacie hlavice, ovl\u00e1danie teploty a bezdotykov\u00e9 ovl\u00e1danie.<\/li>\n<\/ul>\n<h3 data-sourcepos=\"13:1-13:36\">Typy komer\u010dn\u00fdch drezov\u00fdch bat\u00e9ri\u00ed<\/h3>\n<ol data-sourcepos=\"15:1-34:0\">\n<li data-sourcepos=\"15:1-18:3\">\n<p data-sourcepos=\"15:4-15:28\"><strong>N\u00e1stenn\u00e9 bat\u00e9rie:<\/strong><\/p>\n<ul data-sourcepos=\"16:4-18:3\">\n<li data-sourcepos=\"16:4-16:45\">Ide\u00e1lne na jednoduch\u00e9 \u010distenie a \u00fadr\u017ebu.<\/li>\n<li data-sourcepos=\"17:4-18:3\">Pon\u00faka flexibilitu pri umiestnen\u00ed a dizajne.<\/li>\n<\/ul>\n<\/li>\n<li data-sourcepos=\"19:1-22:3\">\n<p data-sourcepos=\"19:4-19:28\"><strong>Palubn\u00e9 bat\u00e9rie:<\/strong><\/p>\n<ul data-sourcepos=\"20:4-22:3\">\n<li data-sourcepos=\"20:4-20:42\">In\u0161taluje sa priamo na pracovn\u00fa dosku.<\/li>\n<li data-sourcepos=\"21:4-22:3\">K dispoz\u00edcii s\u00fa r\u00f4zne konfigur\u00e1cie vr\u00e1tane modelov s jednou a dvoma rukov\u00e4\u0165ami.<\/li>\n<\/ul>\n<\/li>\n<li data-sourcepos=\"23:1-26:3\">\n<p data-sourcepos=\"23:4-23:25\"><strong>Vodovodn\u00e9 bat\u00e9rie s hus\u00edm krkom:<\/strong><\/p>\n<ul data-sourcepos=\"24:4-26:3\">\n<li data-sourcepos=\"24:4-24:70\">Je vybaven\u00e1 v\u00fdlevkou s vysok\u00fdm obl\u00fakom pre \u013eahk\u00fd pr\u00edstup k ve\u013ek\u00fdm hrncom a panviciam.<\/li>\n<li data-sourcepos=\"25:4-26:3\">\u010casto sa pou\u017e\u00edvaj\u00fa v komer\u010dn\u00fdch kuchyniach pre svoju v\u0161estrannos\u0165.<\/li>\n<\/ul>\n<\/li>\n<li data-sourcepos=\"27:1-30:3\">\n<p data-sourcepos=\"27:4-27:25\"><strong>Predoplachovacie bat\u00e9rie:<\/strong><\/p>\n<ul data-sourcepos=\"28:4-30:3\">\n<li data-sourcepos=\"28:4-28:85\">Ur\u010den\u00fd na n\u00e1ro\u010dn\u00e9 \u010distiace \u00falohy, ako je oplachovanie zvy\u0161kov jedla z riadu.<\/li>\n<li data-sourcepos=\"29:4-30:3\">Zvy\u010dajne je vybaven\u00fd vysokotlakovou striekacou hlavicou.<\/li>\n<\/ul>\n<\/li>\n<li data-sourcepos=\"31:1-34:0\">\n<p data-sourcepos=\"31:4-31:25\"><strong>Bezdotykov\u00e9 bat\u00e9rie:<\/strong><\/p>\n<ul data-sourcepos=\"32:4-34:0\">\n<li data-sourcepos=\"32:4-32:81\">Podporuje hygienu t\u00fdm, \u017ee eliminuje potrebu manu\u00e1lneho kontaktu s koh\u00fatikom.<\/li>\n<li data-sourcepos=\"33:4-34:0\">Ide\u00e1lne pre vysoko frekventovan\u00e9 priestory, ako s\u00fa komer\u010dn\u00e9 kuchyne a toalety.<\/li>\n<\/ul>\n<\/li>\n<\/ol>\n<p data-sourcepos=\"44:1-44:135\">D\u00f4kladn\u00fdm zv\u00e1\u017een\u00edm t\u00fdchto faktorov m\u00f4\u017eete vybra\u0165 dokonal\u00fa komer\u010dn\u00fa drezov\u00fa bat\u00e9riu, ktor\u00e1 bude sp\u013a\u0148a\u0165 \u0161pecifick\u00e9 potreby va\u0161ej firmy.<\/p>","protected":false},"excerpt":{"rendered":"<h3 data-sourcepos=\"35:1-35:62\">Faktory, ktor\u00e9 treba zv\u00e1\u017ei\u0165 pri v\u00fdbere komer\u010dnej drezovej bat\u00e9rie<\/h3>\n<ul data-sourcepos=\"37:1-43:0\">\n<li data-sourcepos=\"37:1-37:94\"><strong>Prietokov\u00e1 r\u00fdchlos\u0165:<\/strong> Uistite sa, \u017ee bat\u00e9ria zvl\u00e1dne po\u017eadovan\u00fd prietok vody pre va\u0161e \u0161pecifick\u00e9 potreby.<\/li>\n<li data-sourcepos=\"38:1-38:96\"><strong>Odolnos\u0165:<\/strong> Vyberte si bat\u00e9riu vyroben\u00fa z vysokokvalitn\u00fdch materi\u00e1lov, ktor\u00e9 vydr\u017eia n\u00e1ro\u010dn\u00e9 pou\u017e\u00edvanie.<\/li>\n<li data-sourcepos=\"39:1-39:79\"><strong>Dokon\u010denie:<\/strong> Vyberte povrchov\u00fa \u00fapravu, ktor\u00e1 je odoln\u00e1 vo\u010di kor\u00f3zii a \u013eahko sa \u010dist\u00ed.<\/li>\n<li data-sourcepos=\"40:1-40:91\"><strong>In\u0161tal\u00e1cia:<\/strong> Zv\u00e1\u017ete sp\u00f4sob in\u0161tal\u00e1cie a potrebn\u00e9 vodovodn\u00e9 pr\u00edpojky.<\/li>\n<li data-sourcepos=\"41:1-41:97\"><strong>\u00dadr\u017eba:<\/strong> H\u013eadajte bat\u00e9rie s \u013eahko vymenite\u013en\u00fdmi dielmi a jednoduch\u00fdmi postupmi \u00fadr\u017eby.<\/li>\n<li data-sourcepos=\"42:1-43:0\"><strong>S\u00falad s predpismi:<\/strong> Uistite sa, \u017ee bat\u00e9ria vyhovuje miestnym vodovodn\u00fdm predpisom a nariadeniam.<\/li>\n<\/ul>","protected":false},"featured_media":2651,"template":"","meta":[],"product_brand":[],"product_cat":[57],"product_tag":[],"class_list":{"0":"post-2650","1":"product","2":"type-product","3":"status-publish","4":"has-post-thumbnail","6":"product_cat-stainless-steel-faucet","8":"first","9":"instock","10":"shipping-taxable","11":"product-type-simple"},"_links":{"self":[{"href":"https:\/\/sinkwithfaucet.com\/sk\/wp-json\/wp\/v2\/product\/2650","targetHints":{"allow":["GET"]}}],"collection":[{"href":"https:\/\/sinkwithfaucet.com\/sk\/wp-json\/wp\/v2\/product"}],"about":[{"href":"https:\/\/sinkwithfaucet.com\/sk\/wp-json\/wp\/v2\/types\/product"}],"wp:featuredmedia":[{"embeddable":true,"href":"https:\/\/sinkwithfaucet.com\/sk\/wp-json\/wp\/v2\/media\/2651"}],"wp:attachment":[{"href":"https:\/\/sinkwithfaucet.com\/sk\/wp-json\/wp\/v2\/media?parent=2650"}],"wp:term":[{"taxonomy":"product_brand","embeddable":true,"href":"https:\/\/sinkwithfaucet.com\/sk\/wp-json\/wp\/v2\/product_brand?post=2650"},{"taxonomy":"product_cat","embeddable":true,"href":"https:\/\/sinkwithfaucet.com\/sk\/wp-json\/wp\/v2\/product_cat?post=2650"},{"taxonomy":"product_tag","embeddable":true,"href":"https:\/\/sinkwithfaucet.com\/sk\/wp-json\/wp\/v2\/product_tag?post=2650"}],"curies":[{"name":"wp","href":"https:\/\/api.w.org\/{rel}","templated":true}]}}