{"id":2434,"date":"2024-11-04T06:57:38","date_gmt":"2024-11-04T06:57:38","guid":{"rendered":"https:\/\/sinkwithfaucet.com\/?post_type=product&#038;p=2434"},"modified":"2024-11-04T06:57:38","modified_gmt":"2024-11-04T06:57:38","slug":"undermount-sink-3322dsa","status":"publish","type":"product","link":"https:\/\/sinkwithfaucet.com\/sk\/undermount-sink-3322dsa\/","title":{"rendered":"Podomietkov\u00e9 um\u00fdvadlo 3322DSA"},"content":{"rendered":"<h2 data-sourcepos=\"1:1-1:46\">Podomietkov\u00e9 drezy: Elegantn\u00e1 a modern\u00e1 vo\u013eba<\/h2>\n<p data-sourcepos=\"3:1-3:210\"><strong>Podomietkov\u00e9 drezy<\/strong> s\u00fa ob\u013e\u00fabenou vo\u013ebou pre majite\u013eov domov, ktor\u00ed h\u013eadaj\u00fa \u010dist\u00fd a modern\u00fd vzh\u013ead svojej kuchyne. Tieto drezy sa in\u0161taluj\u00fa pod pracovn\u00fa dosku, \u010d\u00edm vytv\u00e1raj\u00fa celistv\u00fd a integrovan\u00fd vzh\u013ead.<\/p>\n<p data-sourcepos=\"5:1-5:37\"><strong>K\u013e\u00fa\u010dov\u00e9 vlastnosti:<\/strong><\/p>\n<ul data-sourcepos=\"7:1-11:0\">\n<li data-sourcepos=\"7:1-7:144\"><strong>Elegantn\u00fd dizajn:<\/strong> Podomietkov\u00e1 in\u0161tal\u00e1cia eliminuje medzery medzi um\u00fdvadlom a pracovnou doskou, \u010do vytv\u00e1ra minimalistick\u00fd a modern\u00fd estetick\u00fd dojem.<\/li>\n<li data-sourcepos=\"8:1-8:125\"><strong>\u013dahko sa \u010dist\u00ed:<\/strong> V\u010faka bez\u0161vov\u00e9mu dizajnu je \u010distenie hra\u010dka, preto\u017ee sa v \u0148om nehromadia ne\u010distoty a \u00falomky.<\/li>\n<li data-sourcepos=\"9:1-9:140\"><strong>Roz\u0161\u00edren\u00fd priestor na pracovnej doske:<\/strong> Podstavn\u00fd dizajn maximalizuje priestor na pracovnej doske, \u010d\u00edm poskytuje viac miesta na pr\u00edpravu jedla a in\u00e9 \u00falohy.<\/li>\n<li data-sourcepos=\"10:1-11:0\"><strong>Odolnos\u0165:<\/strong> Podomietkov\u00e9 drezy s\u00fa zvy\u010dajne vyroben\u00e9 z odoln\u00fdch materi\u00e1lov, ako je nehrdzavej\u00faca oce\u013e alebo kompozit, \u010do zaru\u010duje ich dlhodob\u00fa funk\u010dnos\u0165.<\/li>\n<\/ul>\n<p data-sourcepos=\"19:1-19:52\"><strong>\u00davahy pri v\u00fdbere um\u00fdvadla:<\/strong><\/p>\n<ul data-sourcepos=\"21:1-25:0\">\n<li data-sourcepos=\"21:1-21:69\"><strong>Ve\u013ekos\u0165:<\/strong> Uistite sa, \u017ee drez m\u00e1 spr\u00e1vnu ve\u013ekos\u0165 pre v\u00e1\u0161 kuchynsk\u00fd priestor.<\/li>\n<li data-sourcepos=\"22:1-22:98\"><strong>Materi\u00e1l:<\/strong> Vyberte si odoln\u00fd a \u013eahko um\u00fdvate\u013en\u00fd materi\u00e1l, napr\u00edklad z nehrdzavej\u00facej ocele alebo kompozitu.<\/li>\n<li data-sourcepos=\"23:1-23:112\"><strong>Otvory na bat\u00e9rie:<\/strong> Zv\u00e1\u017ete po\u010det a umiestnenie otvorov pre bat\u00e9rie, aby ste mohli prisp\u00f4sobi\u0165 po\u017eadovan\u00fa konfigur\u00e1ciu.<\/li>\n<li data-sourcepos=\"24:1-25:0\"><strong>In\u0161tal\u00e1cia:<\/strong> Podomietkov\u00e9 drezy si vy\u017eaduj\u00fa odborn\u00fa in\u0161tal\u00e1ciu, aby sa zabezpe\u010dilo ich spr\u00e1vne a bezpe\u010dn\u00e9 osadenie.<\/li>\n<\/ul>\n<p data-sourcepos=\"26:1-26:139\">D\u00f4kladn\u00fdm zv\u00e1\u017een\u00edm t\u00fdchto faktorov m\u00f4\u017eete vybra\u0165 dokonal\u00fd podomietkov\u00fd drez, ktor\u00fd zv\u00fd\u0161i \u0161t\u00fdl a funk\u010dnos\u0165 va\u0161ej kuchyne.<\/p>","protected":false},"excerpt":{"rendered":"<p>Celkov\u00e1 ve\u013ekos\u0165: 33*22*10 palcov \/ 838*559*254 mm<\/p>\n<p>Ve\u013ekos\u0165 misky: 430*452\/330*452 mm<\/p>\n<p>Ve\u013ekos\u0165 v\u00fdrezu: 839*560 mm<\/p>\n<p>Radi\u00e1nov\u00fd roh : R10<\/p>","protected":false},"featured_media":2435,"template":"","meta":[],"product_brand":[],"product_cat":[54],"product_tag":[],"class_list":{"0":"post-2434","1":"product","2":"type-product","3":"status-publish","4":"has-post-thumbnail","6":"product_cat-apron-sink-1","8":"first","9":"instock","10":"shipping-taxable","11":"product-type-simple"},"_links":{"self":[{"href":"https:\/\/sinkwithfaucet.com\/sk\/wp-json\/wp\/v2\/product\/2434","targetHints":{"allow":["GET"]}}],"collection":[{"href":"https:\/\/sinkwithfaucet.com\/sk\/wp-json\/wp\/v2\/product"}],"about":[{"href":"https:\/\/sinkwithfaucet.com\/sk\/wp-json\/wp\/v2\/types\/product"}],"wp:featuredmedia":[{"embeddable":true,"href":"https:\/\/sinkwithfaucet.com\/sk\/wp-json\/wp\/v2\/media\/2435"}],"wp:attachment":[{"href":"https:\/\/sinkwithfaucet.com\/sk\/wp-json\/wp\/v2\/media?parent=2434"}],"wp:term":[{"taxonomy":"product_brand","embeddable":true,"href":"https:\/\/sinkwithfaucet.com\/sk\/wp-json\/wp\/v2\/product_brand?post=2434"},{"taxonomy":"product_cat","embeddable":true,"href":"https:\/\/sinkwithfaucet.com\/sk\/wp-json\/wp\/v2\/product_cat?post=2434"},{"taxonomy":"product_tag","embeddable":true,"href":"https:\/\/sinkwithfaucet.com\/sk\/wp-json\/wp\/v2\/product_tag?post=2434"}],"curies":[{"name":"wp","href":"https:\/\/api.w.org\/{rel}","templated":true}]}}