{"id":2429,"date":"2024-11-04T06:26:45","date_gmt":"2024-11-04T06:26:45","guid":{"rendered":"https:\/\/sinkwithfaucet.com\/?post_type=product&#038;p=2429"},"modified":"2024-11-04T06:27:51","modified_gmt":"2024-11-04T06:27:51","slug":"stainless-apron-sink-3322da","status":"publish","type":"product","link":"https:\/\/sinkwithfaucet.com\/sk\/stainless-apron-sink-3322da\/","title":{"rendered":"Nerezov\u00fd z\u00e1sterov\u00fd drez 3322DA"},"content":{"rendered":"<h2><strong><b>Nerezov\u00e9 z\u00e1sterov\u00e9 drezy: Trval\u00e1 klasika<\/b><\/strong><\/h2>\n<p>Nerezov\u00e9 z\u00e1sterov\u00e9 drezy s\u00fa ve\u013emi atrakt\u00edvne pre majite\u013eov domov, ktor\u00ed h\u013eadaj\u00fa \u0161t\u00fdlov\u00fa a vysoko funk\u010dn\u00fa kuchy\u0148u. Tieto ve\u013ek\u00e9 a hlbok\u00e9 drezy, \u010dasto zn\u00e1me ako \"farm\u00e1rske drezy\", sa m\u00f4\u017eu pochv\u00e1li\u0165 jedine\u010dnou prednou \u010das\u0165ou z\u00e1stery, ktor\u00e1 vy\u010dnieva nad pracovn\u00fa dosku.<\/p>\n<p>&nbsp;<\/p>\n<p><strong>K\u013e\u00fa\u010dov\u00e9 vlastnosti um\u00fdvadiel z nehrdzavej\u00facej ocele:<\/strong><\/p>\n<ul>\n<li>Priestrann\u00e1 miska: Pon\u00faka dostatok priestoru na um\u00fdvanie ve\u013ek\u00fdch hrncov a panv\u00edc.<\/li>\n<li>\u0160t\u00fdlov\u00fd dizajn: Predn\u00e1 z\u00e1stera dod\u00e1 va\u0161ej kuchyni klasick\u00fd a rafinovan\u00fd vzh\u013ead.<\/li>\n<li>Odolnos\u0165: Vyroben\u00e9 z vysokokvalitnej nehrdzavej\u00facej ocele, ktor\u00e1 zaru\u010duje dlhodob\u00fd v\u00fdkon.<\/li>\n<li>\u013dahko sa \u010dist\u00ed: Hladk\u00fd povrch sa \u013eahko udr\u017eiava a dezinfikuje.<\/li>\n<\/ul>\n<p><strong><b>\u00davahy pri v\u00fdbere um\u00fdvadla z nehrdzavej\u00facej ocele:<\/b><\/strong><\/p>\n<ul>\n<li>Ve\u013ekos\u0165: Vyberte si ve\u013ekos\u0165, ktor\u00e1 vyhovuje usporiadaniu va\u0161ej kuchyne a va\u0161im \u0161pecifick\u00fdm po\u017eiadavk\u00e1m.<\/li>\n<li>Konfigur\u00e1cia misky: Vyberte si pod\u013ea svojich preferenci\u00ed konfigur\u00e1ciu s jednou alebo dvoma miskami.<\/li>\n<li>Meradlo: Hrub\u0161\u00ed rozmer znamen\u00e1 odolnej\u0161\u00ed drez.<\/li>\n<li>Povrchov\u00e1 \u00faprava: Vyberte si povrchov\u00fa \u00fapravu, ktor\u00e1 lad\u00ed so \u0161t\u00fdlom va\u0161ej kuchyne, napr\u00edklad z br\u00fasenej alebo le\u0161tenej nehrdzavej\u00facej ocele.<\/li>\n<\/ul>\n<p><strong><b>In\u0161tal\u00e1cia:<\/b><\/strong><\/p>\n<p>D\u00f4kladn\u00fdm zv\u00e1\u017een\u00edm t\u00fdchto faktorov m\u00f4\u017eete vybra\u0165 ide\u00e1lny drez z nehrdzavej\u00facej ocele s prednou z\u00e1sterou, ktor\u00fd zv\u00fd\u0161i \u0161t\u00fdl a funk\u010dnos\u0165 va\u0161ej kuchyne.<\/p>","protected":false},"excerpt":{"rendered":"<p>Celkov\u00e1 ve\u013ekos\u0165: 33*22*10 palcov \/ 838*559*254 mm<\/p>\n<p>Ve\u013ekos\u0165 misky: 788*420\/330*452 mm<\/p>\n<p>Ve\u013ekos\u0165 v\u00fdrezu: 839*503 mm<\/p>\n<p>Radi\u00e1nov\u00fd roh : R10<\/p>","protected":false},"featured_media":2430,"template":"","meta":[],"product_brand":[],"product_cat":[54],"product_tag":[],"class_list":{"0":"post-2429","1":"product","2":"type-product","3":"status-publish","4":"has-post-thumbnail","6":"product_cat-apron-sink-1","8":"first","9":"instock","10":"shipping-taxable","11":"product-type-simple"},"_links":{"self":[{"href":"https:\/\/sinkwithfaucet.com\/sk\/wp-json\/wp\/v2\/product\/2429","targetHints":{"allow":["GET"]}}],"collection":[{"href":"https:\/\/sinkwithfaucet.com\/sk\/wp-json\/wp\/v2\/product"}],"about":[{"href":"https:\/\/sinkwithfaucet.com\/sk\/wp-json\/wp\/v2\/types\/product"}],"wp:featuredmedia":[{"embeddable":true,"href":"https:\/\/sinkwithfaucet.com\/sk\/wp-json\/wp\/v2\/media\/2430"}],"wp:attachment":[{"href":"https:\/\/sinkwithfaucet.com\/sk\/wp-json\/wp\/v2\/media?parent=2429"}],"wp:term":[{"taxonomy":"product_brand","embeddable":true,"href":"https:\/\/sinkwithfaucet.com\/sk\/wp-json\/wp\/v2\/product_brand?post=2429"},{"taxonomy":"product_cat","embeddable":true,"href":"https:\/\/sinkwithfaucet.com\/sk\/wp-json\/wp\/v2\/product_cat?post=2429"},{"taxonomy":"product_tag","embeddable":true,"href":"https:\/\/sinkwithfaucet.com\/sk\/wp-json\/wp\/v2\/product_tag?post=2429"}],"curies":[{"name":"wp","href":"https:\/\/api.w.org\/{rel}","templated":true}]}}