{"id":2427,"date":"2024-11-04T06:16:23","date_gmt":"2024-11-04T06:16:23","guid":{"rendered":"https:\/\/sinkwithfaucet.com\/?post_type=product&#038;p=2427"},"modified":"2024-11-04T06:16:23","modified_gmt":"2024-11-04T06:16:23","slug":"stainless-steel-apron-sink-3022sa","status":"publish","type":"product","link":"https:\/\/sinkwithfaucet.com\/sk\/stainless-steel-apron-sink-3022sa\/","title":{"rendered":"Um\u00fdvadlo z nehrdzavej\u00facej ocele 3022SA"},"content":{"rendered":"<h2 data-sourcepos=\"1:1-1:56\">Um\u00fdvadl\u00e1 z nehrdzavej\u00facej ocele: Nad\u010dasov\u00e1 klasika<\/h2>\n<p data-sourcepos=\"3:1-3:252\">Z\u00e1sterov\u00e9 drezy z nehrdzavej\u00facej ocele s\u00fa ob\u013e\u00fabenou vo\u013ebou pre majite\u013eov domov, ktor\u00ed chc\u00fa ma\u0165 \u0161t\u00fdlov\u00fa a funk\u010dn\u00fa kuchy\u0148u. Tieto ve\u013ek\u00e9, hlbok\u00e9 drezy, \u010dasto ozna\u010dovan\u00e9 ako \"farm\u00e1rske drezy\", maj\u00fa v\u00fdrazn\u00fa predn\u00fa \u010das\u0165 z\u00e1stery, ktor\u00e1 presahuje pracovn\u00fa dosku.<\/p>\n<p data-sourcepos=\"5:1-5:54\"><strong>K\u013e\u00fa\u010dov\u00e9 vlastnosti um\u00fdvadiel z nehrdzavej\u00facej ocele:<\/strong><\/p>\n<ul data-sourcepos=\"7:1-11:0\">\n<li data-sourcepos=\"7:1-7:64\"><strong>Priestrann\u00e1 miska:<\/strong> Dostatok priestoru na um\u00fdvanie ve\u013ek\u00fdch hrncov a panv\u00edc.<\/li>\n<li data-sourcepos=\"8:1-8:86\"><strong>\u0160t\u00fdlov\u00fd dizajn:<\/strong> Predn\u00e1 z\u00e1stera dod\u00e1 va\u0161ej kuchyni klasick\u00fd a elegantn\u00fd vzh\u013ead.<\/li>\n<li data-sourcepos=\"9:1-9:92\"><strong>Odolnos\u0165:<\/strong> Vyroben\u00e9 z vysokokvalitnej nehrdzavej\u00facej ocele, ktor\u00e1 zaru\u010duje dlhodob\u00fd v\u00fdkon.<\/li>\n<li data-sourcepos=\"10:1-11:0\"><strong>\u013dahko sa \u010dist\u00ed:<\/strong> Hladk\u00fd povrch sa \u013eahko udr\u017eiava a dezinfikuje.<\/li>\n<\/ul>\n<p data-sourcepos=\"12:1-12:68\"><strong>\u00davahy pri v\u00fdbere um\u00fdvadla z nehrdzavej\u00facej ocele:<\/strong><\/p>\n<ul data-sourcepos=\"14:1-19:0\">\n<li data-sourcepos=\"14:1-14:73\"><strong>Ve\u013ekos\u0165:<\/strong> Vyberte si ve\u013ekos\u0165, ktor\u00e1 vyhovuje usporiadaniu va\u0161ej kuchyne a va\u0161im potreb\u00e1m.<\/li>\n<li data-sourcepos=\"15:1-15:97\"><strong>Konfigur\u00e1cia misky:<\/strong> Pod\u013ea svojich preferenci\u00ed si vyberte konfigur\u00e1ciu s jednou alebo dvoma miskami.<\/li>\n<li data-sourcepos=\"16:1-16:59\"><strong>Meradlo:<\/strong> Silnej\u0161\u00ed rozmer znamen\u00e1 odolnej\u0161\u00ed drez.<\/li>\n<li data-sourcepos=\"17:1-17:113\"><strong>Dokon\u010denie:<\/strong> Vyberte si povrchov\u00fa \u00fapravu, ktor\u00e1 dop\u013a\u0148a \u0161t\u00fdl va\u0161ej kuchyne, napr\u00edklad z br\u00fasenej alebo le\u0161tenej nehrdzavej\u00facej ocele.<\/li>\n<li data-sourcepos=\"18:1-19:0\"><strong>In\u0161tal\u00e1cia:<\/strong> Zv\u00e1\u017ete mo\u017enos\u0165 in\u0161tal\u00e1cie pod alebo na vrchn\u00fa dosku.<\/li>\n<\/ul>\n<p data-sourcepos=\"20:1-20:150\">D\u00f4kladn\u00fdm zv\u00e1\u017een\u00edm t\u00fdchto faktorov si m\u00f4\u017eete vybra\u0165 dokonal\u00fd drez z nehrdzavej\u00facej ocele s prednou z\u00e1sterou, ktor\u00fd zv\u00fd\u0161i \u0161t\u00fdl a funk\u010dnos\u0165 va\u0161ej kuchyne.<\/p>","protected":false},"excerpt":{"rendered":"<p>Celkov\u00e1 ve\u013ekos\u0165: 30*22*10 palcov \/ 762*559*254 mm<\/p>\n<p>Ve\u013ekos\u0165 misky: 712*451 mm<\/p>\n<p>Ve\u013ekos\u0165 v\u00fdrezu: 763*503 mm<\/p>\n<p>Radi\u00e1nov\u00fd roh : R10<\/p>","protected":false},"featured_media":2428,"template":"","meta":[],"product_brand":[],"product_cat":[54],"product_tag":[],"class_list":{"0":"post-2427","1":"product","2":"type-product","3":"status-publish","4":"has-post-thumbnail","6":"product_cat-apron-sink-1","8":"first","9":"instock","10":"shipping-taxable","11":"product-type-simple"},"_links":{"self":[{"href":"https:\/\/sinkwithfaucet.com\/sk\/wp-json\/wp\/v2\/product\/2427","targetHints":{"allow":["GET"]}}],"collection":[{"href":"https:\/\/sinkwithfaucet.com\/sk\/wp-json\/wp\/v2\/product"}],"about":[{"href":"https:\/\/sinkwithfaucet.com\/sk\/wp-json\/wp\/v2\/types\/product"}],"wp:featuredmedia":[{"embeddable":true,"href":"https:\/\/sinkwithfaucet.com\/sk\/wp-json\/wp\/v2\/media\/2428"}],"wp:attachment":[{"href":"https:\/\/sinkwithfaucet.com\/sk\/wp-json\/wp\/v2\/media?parent=2427"}],"wp:term":[{"taxonomy":"product_brand","embeddable":true,"href":"https:\/\/sinkwithfaucet.com\/sk\/wp-json\/wp\/v2\/product_brand?post=2427"},{"taxonomy":"product_cat","embeddable":true,"href":"https:\/\/sinkwithfaucet.com\/sk\/wp-json\/wp\/v2\/product_cat?post=2427"},{"taxonomy":"product_tag","embeddable":true,"href":"https:\/\/sinkwithfaucet.com\/sk\/wp-json\/wp\/v2\/product_tag?post=2427"}],"curies":[{"name":"wp","href":"https:\/\/api.w.org\/{rel}","templated":true}]}}