{"id":2425,"date":"2024-11-04T06:09:13","date_gmt":"2024-11-04T06:09:13","guid":{"rendered":"https:\/\/sinkwithfaucet.com\/?post_type=product&#038;p=2425"},"modified":"2024-11-04T06:09:28","modified_gmt":"2024-11-04T06:09:28","slug":"matte-black-kitchen-sink-9246","status":"publish","type":"product","link":"https:\/\/sinkwithfaucet.com\/sk\/matte-black-kitchen-sink-9246\/","title":{"rendered":"Matn\u00fd \u010dierny kuchynsk\u00fd drez 9246"},"content":{"rendered":"<h2 data-sourcepos=\"1:1-1:55\">Matn\u00e9 \u010dierne kuchynsk\u00e9 drezy: Modern\u00e1 a elegantn\u00e1 vo\u013eba<\/h2>\n<p data-sourcepos=\"3:1-3:165\">Matn\u00e9 \u010dierne kuchynsk\u00e9 drezy s\u00fa \u010doraz ob\u013e\u00fabenej\u0161ie v\u010faka svojmu \u0161t\u00fdlov\u00e9mu a modern\u00e9mu vzh\u013eadu. Dok\u00e1\u017eu doda\u0165 n\u00e1dych sofistikovanosti ka\u017ed\u00e9mu dizajnu kuchyne.<\/p>\n<p data-sourcepos=\"5:1-5:46\"><strong>K\u013e\u00fa\u010dov\u00e9 vlastnosti:<\/strong><\/p>\n<ul data-sourcepos=\"7:1-11:0\">\n<li data-sourcepos=\"7:1-7:100\"><strong>Elegantn\u00e1 a modern\u00e1 estetika:<\/strong> Matn\u00fd \u010dierny povrch vytv\u00e1ra modern\u00fd a minimalistick\u00fd vzh\u013ead.<\/li>\n<li data-sourcepos=\"8:1-8:107\"><strong>Odolnos\u0165 vo\u010di odtla\u010dkom prstov:<\/strong> Matn\u00fd povrch pom\u00e1ha minimalizova\u0165 vidite\u013enos\u0165 odtla\u010dkov prstov a \u0161m\u00fah.<\/li>\n<li data-sourcepos=\"9:1-9:99\"><strong>Odoln\u00e9 a dlhotrvaj\u00face:<\/strong> Vyroben\u00e9 z vysokokvalitn\u00fdch materi\u00e1lov, ako je nehrdzavej\u00faca oce\u013e alebo kompozit.<\/li>\n<li data-sourcepos=\"10:1-11:0\"><strong>V\u0161estrannos\u0165:<\/strong> K dispoz\u00edcii s\u00fa r\u00f4zne \u0161t\u00fdly vr\u00e1tane podomietkov\u00e9ho, horn\u00e9ho a farm\u00e1rskeho.<\/li>\n<\/ul>\n<p data-sourcepos=\"12:1-12:60\"><strong>\u00davahy pri v\u00fdbere matn\u00e9ho \u010dierneho kuchynsk\u00e9ho drezu:<\/strong><\/p>\n<ul data-sourcepos=\"14:1-19:0\">\n<li data-sourcepos=\"14:1-14:76\"><strong>Materi\u00e1l:<\/strong> Vyberte si odoln\u00fd materi\u00e1l, ako je nehrdzavej\u00faca oce\u013e alebo kompozit.<\/li>\n<li data-sourcepos=\"15:1-15:78\"><strong>Dokon\u010denie:<\/strong> Uistite sa, \u017ee matn\u00e1 \u010dierna povrchov\u00e1 \u00faprava je konzistentn\u00e1 a kvalitn\u00e1.<\/li>\n<li data-sourcepos=\"16:1-16:86\"><strong>Ve\u013ekos\u0165 a tvar:<\/strong> Vyberte si ve\u013ekos\u0165 a tvar, ktor\u00e9 vyhovuj\u00fa usporiadaniu a potreb\u00e1m va\u0161ej kuchyne.<\/li>\n<li data-sourcepos=\"17:1-17:91\"><strong>In\u0161tal\u00e1cia:<\/strong> Zv\u00e1\u017ete sp\u00f4sob in\u0161tal\u00e1cie, \u010di ide o podomietkov\u00fa alebo horn\u00fa mont\u00e1\u017e.<\/li>\n<li data-sourcepos=\"18:1-19:0\"><strong>\u00dadr\u017eba:<\/strong> Hoci s\u00fa matn\u00e9 \u010dierne drezy odoln\u00e9, na zachovanie ich vzh\u013eadu je nevyhnutn\u00e9 pravideln\u00e9 \u010distenie.<\/li>\n<\/ul>\n<p data-sourcepos=\"20:1-20:143\">Ak d\u00f4kladne zv\u00e1\u017eite tieto faktory, m\u00f4\u017eete si vybra\u0165 dokonal\u00fd matn\u00fd \u010dierny kuchynsk\u00fd drez, ktor\u00fd zv\u00fd\u0161i \u0161t\u00fdl a funk\u010dnos\u0165 va\u0161ej kuchyne.<\/p>","protected":false},"excerpt":{"rendered":"<p>Celkov\u00e1 ve\u013ekos\u0165: 9200*460*230 mm<\/p>\n<p>Ve\u013ekos\u0165 misky: 700*363 mm<\/p>\n<p>Ve\u013ekos\u0165 v\u00fdrezu: 896*436 mm<\/p>\n<p>Radi\u00e1nov\u00fd roh : R10<\/p>","protected":false},"featured_media":2426,"template":"","meta":[],"product_brand":[],"product_cat":[53],"product_tag":[],"class_list":{"0":"post-2425","1":"product","2":"type-product","3":"status-publish","4":"has-post-thumbnail","6":"product_cat-topmount-sink-1","8":"first","9":"instock","10":"shipping-taxable","11":"product-type-simple"},"_links":{"self":[{"href":"https:\/\/sinkwithfaucet.com\/sk\/wp-json\/wp\/v2\/product\/2425","targetHints":{"allow":["GET"]}}],"collection":[{"href":"https:\/\/sinkwithfaucet.com\/sk\/wp-json\/wp\/v2\/product"}],"about":[{"href":"https:\/\/sinkwithfaucet.com\/sk\/wp-json\/wp\/v2\/types\/product"}],"wp:featuredmedia":[{"embeddable":true,"href":"https:\/\/sinkwithfaucet.com\/sk\/wp-json\/wp\/v2\/media\/2426"}],"wp:attachment":[{"href":"https:\/\/sinkwithfaucet.com\/sk\/wp-json\/wp\/v2\/media?parent=2425"}],"wp:term":[{"taxonomy":"product_brand","embeddable":true,"href":"https:\/\/sinkwithfaucet.com\/sk\/wp-json\/wp\/v2\/product_brand?post=2425"},{"taxonomy":"product_cat","embeddable":true,"href":"https:\/\/sinkwithfaucet.com\/sk\/wp-json\/wp\/v2\/product_cat?post=2425"},{"taxonomy":"product_tag","embeddable":true,"href":"https:\/\/sinkwithfaucet.com\/sk\/wp-json\/wp\/v2\/product_tag?post=2425"}],"curies":[{"name":"wp","href":"https:\/\/api.w.org\/{rel}","templated":true}]}}