{"id":2418,"date":"2024-11-04T03:36:44","date_gmt":"2024-11-04T03:36:44","guid":{"rendered":"https:\/\/sinkwithfaucet.com\/?post_type=product&#038;p=2418"},"modified":"2024-11-04T03:36:44","modified_gmt":"2024-11-04T03:36:44","slug":"black-kitchen-sink-7647b","status":"publish","type":"product","link":"https:\/\/sinkwithfaucet.com\/sk\/black-kitchen-sink-7647b\/","title":{"rendered":"\u010cierny kuchynsk\u00fd drez 7647B"},"content":{"rendered":"<h2 data-sourcepos=\"1:1-1:215\">\u010cierne kuchynsk\u00e9 drezy:<\/h2>\n<p data-sourcepos=\"1:1-1:215\">\u010cierne kuchynsk\u00e9 drezy s\u00fa v posledn\u00fdch rokoch \u010doraz ob\u013e\u00fabenej\u0161ie a pon\u00fakaj\u00fa modern\u00fd a sofistikovan\u00fd vzh\u013ead, ktor\u00fd m\u00f4\u017ee pozdvihn\u00fa\u0165 dizajn ka\u017edej kuchyne. S\u00fa dostupn\u00e9 v r\u00f4znych materi\u00e1loch a \u0161t\u00fdloch.<\/p>\n<ul data-sourcepos=\"5:1-8:0\">\n<li data-sourcepos=\"5:1-5:89\"><strong>Elegantn\u00e9 a modern\u00e9:<\/strong> Tmav\u00fd matn\u00fd povrch dod\u00e1 va\u0161ej kuchyni modern\u00fd n\u00e1dych.<\/li>\n<li data-sourcepos=\"6:1-6:84\"><strong>Odoln\u00e9 a hygienick\u00e9:<\/strong> Nerezov\u00e1 oce\u013e je odoln\u00fd a \u013eahko sa \u010dist\u00ed.<\/li>\n<li data-sourcepos=\"7:1-8:0\"><strong>Odolnos\u0165 vo\u010di odtla\u010dkom prstov:<\/strong> \u0160peci\u00e1lna povrchov\u00e1 \u00faprava pom\u00e1ha minimalizova\u0165 odtla\u010dky prstov a \u0161muhy.<\/li>\n<\/ul>\n<p data-sourcepos=\"21:1-21:71\"><strong>Pri v\u00fdbere \u010dierneho kuchynsk\u00e9ho drezu zv\u00e1\u017ete nasleduj\u00face faktory:<\/strong><\/p>\n<ul data-sourcepos=\"23:1-28:0\">\n<li data-sourcepos=\"23:1-23:67\"><strong>Materi\u00e1l:<\/strong> Vyberte si materi\u00e1l, ktor\u00fd vyhovuje v\u00e1\u0161mu \u0161t\u00fdlu a rozpo\u010dtu.<\/li>\n<li data-sourcepos=\"24:1-24:76\"><strong>Ve\u013ekos\u0165 a tvar:<\/strong> Vyberte si ve\u013ekos\u0165 a tvar, ktor\u00e9 vyhovuj\u00fa usporiadaniu va\u0161ej kuchyne.<\/li>\n<li data-sourcepos=\"25:1-25:72\"><strong>In\u0161tal\u00e1cia:<\/strong> Rozhodnite sa medzi in\u0161tal\u00e1ciou pod omietku a in\u0161tal\u00e1ciou na vrchn\u00fa dosku.<\/li>\n<li data-sourcepos=\"26:1-26:74\"><strong>Dokon\u010denie:<\/strong> Zv\u00e1\u017ete konkr\u00e9tny odtie\u0148 \u010diernej farby a \u00farove\u0148 lesku.<\/li>\n<li data-sourcepos=\"27:1-28:0\"><strong>\u00dadr\u017eba:<\/strong> Ak chcete, aby um\u00fdvadlo vyzeralo \u010do najlep\u0161ie, postupujte pod\u013ea pokynov v\u00fdrobcu.<\/li>\n<\/ul>\n<p data-sourcepos=\"29:1-29:142\">D\u00f4kladn\u00fdm zv\u00e1\u017een\u00edm t\u00fdchto faktorov si m\u00f4\u017eete vybra\u0165 dokonal\u00fd \u010dierny drez, ktor\u00fd zv\u00fd\u0161i \u0161t\u00fdl a funk\u010dnos\u0165 va\u0161ej kuchyne.<\/p>","protected":false},"excerpt":{"rendered":"<p>Celkov\u00e1 ve\u013ekos\u0165: 760*470*230 mm<\/p>\n<p>Ve\u013ekos\u0165 misky: 720*363 mm<\/p>\n<p>Ve\u013ekos\u0165 v\u00fdrezu: 736*446 mm<\/p>\n<p>Radi\u00e1nov\u00fd roh : R10<\/p>","protected":false},"featured_media":2419,"template":"","meta":[],"product_brand":[],"product_cat":[53],"product_tag":[],"class_list":{"0":"post-2418","1":"product","2":"type-product","3":"status-publish","4":"has-post-thumbnail","6":"product_cat-topmount-sink-1","8":"first","9":"instock","10":"shipping-taxable","11":"product-type-simple"},"_links":{"self":[{"href":"https:\/\/sinkwithfaucet.com\/sk\/wp-json\/wp\/v2\/product\/2418","targetHints":{"allow":["GET"]}}],"collection":[{"href":"https:\/\/sinkwithfaucet.com\/sk\/wp-json\/wp\/v2\/product"}],"about":[{"href":"https:\/\/sinkwithfaucet.com\/sk\/wp-json\/wp\/v2\/types\/product"}],"wp:featuredmedia":[{"embeddable":true,"href":"https:\/\/sinkwithfaucet.com\/sk\/wp-json\/wp\/v2\/media\/2419"}],"wp:attachment":[{"href":"https:\/\/sinkwithfaucet.com\/sk\/wp-json\/wp\/v2\/media?parent=2418"}],"wp:term":[{"taxonomy":"product_brand","embeddable":true,"href":"https:\/\/sinkwithfaucet.com\/sk\/wp-json\/wp\/v2\/product_brand?post=2418"},{"taxonomy":"product_cat","embeddable":true,"href":"https:\/\/sinkwithfaucet.com\/sk\/wp-json\/wp\/v2\/product_cat?post=2418"},{"taxonomy":"product_tag","embeddable":true,"href":"https:\/\/sinkwithfaucet.com\/sk\/wp-json\/wp\/v2\/product_tag?post=2418"}],"curies":[{"name":"wp","href":"https:\/\/api.w.org\/{rel}","templated":true}]}}