{"id":2413,"date":"2024-11-04T03:17:48","date_gmt":"2024-11-04T03:17:48","guid":{"rendered":"https:\/\/sinkwithfaucet.com\/?post_type=product&#038;p=2413"},"modified":"2024-11-04T06:17:09","modified_gmt":"2024-11-04T06:17:09","slug":"stainless-sink-3322so","status":"publish","type":"product","link":"https:\/\/sinkwithfaucet.com\/sk\/stainless-sink-3322so\/","title":{"rendered":"Nerezov\u00fd drez 3322SO"},"content":{"rendered":"<h2 data-sourcepos=\"1:1-1:44\">Nerezov\u00e9 drezy: Nad\u010dasov\u00e1 klasika<\/h2>\n<p data-sourcepos=\"3:1-3:251\">Nerezov\u00e9 drezy s\u00fa ob\u013e\u00fabenou vo\u013ebou pre kuchyne v\u010faka svojej odolnosti, hygiene a modernej estetike. S\u00fa vyroben\u00e9 zo zliatiny kovov, ktor\u00e1 je odoln\u00e1 vo\u010di kor\u00f3zii, hrdzi a \u0161kvrn\u00e1m, v\u010faka \u010domu maj\u00fa dlh\u00fa \u017eivotnos\u0165 a \u013eahko sa \u010distia.<\/p>\n<p data-sourcepos=\"18:1-18:38\"><strong>V\u00fdhody um\u00fdvadiel z nehrdzavej\u00facej ocele:<\/strong><\/p>\n<ul data-sourcepos=\"20:1-24:0\">\n<li data-sourcepos=\"20:1-20:57\"><strong>Odolnos\u0165:<\/strong> Odolnos\u0165 vo\u010di kor\u00f3zii, kor\u00f3zii a teplu.<\/li>\n<li data-sourcepos=\"21:1-21:42\"><strong>Hygiena:<\/strong> \u013dahko sa \u010dist\u00ed a dezinfikuje.<\/li>\n<li data-sourcepos=\"22:1-22:86\"><strong>\u0160t\u00fdl:<\/strong> K dispoz\u00edcii s\u00fa r\u00f4zne povrchov\u00e9 \u00fapravy a \u0161t\u00fdly, ktor\u00e9 sa hodia ku ka\u017ed\u00e9mu kuchynsk\u00e9mu zariadeniu.<\/li>\n<li data-sourcepos=\"23:1-24:0\"><strong>V\u0161estrannos\u0165:<\/strong> Vhodn\u00fd do obytn\u00fdch aj komer\u010dn\u00fdch kuch\u00fd\u0148.<\/li>\n<\/ul>\n<p data-sourcepos=\"25:1-25:56\"><strong>\u00davahy pri v\u00fdbere drezu z nehrdzavej\u00facej ocele:<\/strong><\/p>\n<ul data-sourcepos=\"27:1-31:0\">\n<li data-sourcepos=\"27:1-27:90\"><strong>Meradlo:<\/strong> Hr\u00fabka nehrdzavej\u00facej ocele, pri\u010dom hrub\u0161ie hr\u00fabky s\u00fa odolnej\u0161ie.<\/li>\n<li data-sourcepos=\"28:1-28:85\"><strong>Dokon\u010denie:<\/strong> Vyberte si z r\u00f4znych povrchov\u00fdch \u00faprav, ako s\u00fa kart\u00e1\u010dovan\u00e9, le\u0161ten\u00e9 alebo sat\u00e9nov\u00e9.<\/li>\n<li data-sourcepos=\"29:1-29:73\"><strong>Ve\u013ekos\u0165:<\/strong> Vyberte si ve\u013ekos\u0165, ktor\u00e1 vyhovuje usporiadaniu va\u0161ej kuchyne a va\u0161im potreb\u00e1m.<\/li>\n<li data-sourcepos=\"30:1-31:0\"><strong>In\u0161tal\u00e1cia:<\/strong> Zv\u00e1\u017ete, \u010di chcete um\u00fdvadlo s podomietkovou alebo hornou mont\u00e1\u017eou.<\/li>\n<\/ul>\n<p data-sourcepos=\"32:1-32:143\">D\u00f4kladn\u00fdm zv\u00e1\u017een\u00edm t\u00fdchto faktorov si m\u00f4\u017eete vybra\u0165 dokonal\u00fd drez z nehrdzavej\u00facej ocele, ktor\u00fd zv\u00fd\u0161i funk\u010dnos\u0165 a \u0161t\u00fdl va\u0161ej kuchyne.<\/p>","protected":false},"excerpt":{"rendered":"<p>Celkov\u00e1 ve\u013ekos\u0165: 33*22*10 palcov \/ 838*559*254 mm<\/p>\n<p>Ve\u013ekos\u0165 misky: 768*394 mm<\/p>\n<p>Ve\u013ekos\u0165 v\u00fdrezu: 814*535 mm<\/p>\n<p>Radi\u00e1nov\u00fd roh : R0<\/p>","protected":false},"featured_media":2414,"template":"","meta":[],"product_brand":[],"product_cat":[53],"product_tag":[],"class_list":{"0":"post-2413","1":"product","2":"type-product","3":"status-publish","4":"has-post-thumbnail","6":"product_cat-topmount-sink-1","8":"first","9":"instock","10":"shipping-taxable","11":"product-type-simple"},"_links":{"self":[{"href":"https:\/\/sinkwithfaucet.com\/sk\/wp-json\/wp\/v2\/product\/2413","targetHints":{"allow":["GET"]}}],"collection":[{"href":"https:\/\/sinkwithfaucet.com\/sk\/wp-json\/wp\/v2\/product"}],"about":[{"href":"https:\/\/sinkwithfaucet.com\/sk\/wp-json\/wp\/v2\/types\/product"}],"wp:featuredmedia":[{"embeddable":true,"href":"https:\/\/sinkwithfaucet.com\/sk\/wp-json\/wp\/v2\/media\/2414"}],"wp:attachment":[{"href":"https:\/\/sinkwithfaucet.com\/sk\/wp-json\/wp\/v2\/media?parent=2413"}],"wp:term":[{"taxonomy":"product_brand","embeddable":true,"href":"https:\/\/sinkwithfaucet.com\/sk\/wp-json\/wp\/v2\/product_brand?post=2413"},{"taxonomy":"product_cat","embeddable":true,"href":"https:\/\/sinkwithfaucet.com\/sk\/wp-json\/wp\/v2\/product_cat?post=2413"},{"taxonomy":"product_tag","embeddable":true,"href":"https:\/\/sinkwithfaucet.com\/sk\/wp-json\/wp\/v2\/product_tag?post=2413"}],"curies":[{"name":"wp","href":"https:\/\/api.w.org\/{rel}","templated":true}]}}