{"id":2403,"date":"2024-11-04T02:39:18","date_gmt":"2024-11-04T02:39:18","guid":{"rendered":"https:\/\/sinkwithfaucet.com\/?post_type=product&#038;p=2403"},"modified":"2024-11-04T02:39:18","modified_gmt":"2024-11-04T02:39:18","slug":"black-stainless-steel-kitchen-sink-7843","status":"publish","type":"product","link":"https:\/\/sinkwithfaucet.com\/sk\/black-stainless-steel-kitchen-sink-7843\/","title":{"rendered":"\u010cierny kuchynsk\u00fd drez z nehrdzavej\u00facej ocele 7843"},"content":{"rendered":"<h2 data-sourcepos=\"1:1-1:57\">\u010cierne kuchynsk\u00e9 drezy z nehrdzavej\u00facej ocele: Modern\u00e1 a elegantn\u00e1 vo\u013eba<\/h2>\n<p data-sourcepos=\"3:1-3:231\">\u010cierne kuchynsk\u00e9 drezy z nehrdzavej\u00facej ocele s\u00fa v posledn\u00fdch rokoch \u010doraz ob\u013e\u00fabenej\u0161ie a predstavuj\u00fa \u0161t\u00fdlov\u00fa a modern\u00fa alternat\u00edvu k tradi\u010dnej nehrdzavej\u00facej oceli. T\u00e1to jedine\u010dn\u00e1 povrchov\u00e1 \u00faprava dod\u00e1 ka\u017edej kuchyni n\u00e1dych sofistikovanosti a elegancie.<\/p>\n<p data-sourcepos=\"5:1-5:48\"><strong>K\u013e\u00fa\u010dov\u00e9 vlastnosti \u010diernych drezov z nehrdzavej\u00facej ocele:<\/strong><\/p>\n<ul data-sourcepos=\"7:1-11:0\">\n<li data-sourcepos=\"7:1-7:93\"><strong>Modern\u00e1 estetika:<\/strong> Tmav\u00fd, elegantn\u00fd povrch vytv\u00e1ra modern\u00fd a sofistikovan\u00fd vzh\u013ead.<\/li>\n<li data-sourcepos=\"8:1-8:92\"><strong>Odolnos\u0165:<\/strong> Vyroben\u00e9 z vysokokvalitnej nehrdzavej\u00facej ocele, ktor\u00e1 zaru\u010duje dlhodob\u00fd v\u00fdkon.<\/li>\n<li data-sourcepos=\"9:1-9:113\"><strong>Odolnos\u0165 vo\u010di odtla\u010dkom prstov:<\/strong> \u0160peci\u00e1lna povrchov\u00e1 \u00faprava pom\u00e1ha minimalizova\u0165 odtla\u010dky prstov a \u0161muhy, \u010do u\u013eah\u010duje \u010distenie.<\/li>\n<li data-sourcepos=\"10:1-11:0\"><strong>R\u00f4zne \u0161t\u00fdly:<\/strong> K dispoz\u00edcii s\u00fa r\u00f4zne \u0161t\u00fdly vr\u00e1tane podomietkov\u00fdch, horn\u00fdch a farm\u00e1rskych drezov.<\/li>\n<\/ul>\n<p data-sourcepos=\"12:1-12:62\"><strong>\u00davahy pri v\u00fdbere \u010dierneho drezu z nehrdzavej\u00facej ocele:<\/strong><\/p>\n<ul data-sourcepos=\"14:1-18:0\">\n<li data-sourcepos=\"14:1-14:120\"><strong>Dokon\u010denie:<\/strong> Vyberte si povrchov\u00fa \u00fapravu, ktor\u00e1 dop\u013a\u0148a celkov\u00fd \u0161t\u00fdl va\u0161ej kuchyne, napr\u00edklad matn\u00fa \u010diernu alebo \u010diernu kart\u00e1\u010dovan\u00fa oce\u013e.<\/li>\n<li data-sourcepos=\"15:1-15:75\"><strong>Ve\u013ekos\u0165:<\/strong> Vyberte si ve\u013ekos\u0165, ktor\u00e1 vyhovuje va\u0161im \u0161pecifick\u00fdm potreb\u00e1m a usporiadaniu kuchyne.<\/li>\n<li data-sourcepos=\"16:1-16:91\"><strong>In\u0161tal\u00e1cia:<\/strong> Zv\u00e1\u017ete sp\u00f4sob in\u0161tal\u00e1cie, \u010di ide o podomietkov\u00fa alebo horn\u00fa mont\u00e1\u017e.<\/li>\n<li data-sourcepos=\"17:1-18:0\"><strong>\u00dadr\u017eba:<\/strong> Hoci je \u010dierna nehrdzavej\u00faca oce\u013e odoln\u00e1, na zachovanie jej vzh\u013eadu je nevyhnutn\u00e9 pravideln\u00e9 \u010distenie.<\/li>\n<\/ul>\n<p data-sourcepos=\"19:1-19:149\">Ak d\u00f4kladne zv\u00e1\u017eite tieto faktory, m\u00f4\u017eete si vybra\u0165 dokonal\u00fd \u010dierny drez z nehrdzavej\u00facej ocele, ktor\u00fd zv\u00fd\u0161i \u0161t\u00fdl a funk\u010dnos\u0165 va\u0161ej kuchyne.<\/p>","protected":false},"excerpt":{"rendered":"<p>Celkov\u00e1 ve\u013ekos\u0165: 780*430*220 mm<\/p>\n<p>Ve\u013ekos\u0165 misy: 740*381 mm<\/p>\n<p>Ve\u013ekos\u0165 v\u00fdrezu: 740*381 mm<\/p>\n<p>Radi\u00e1nov\u00fd roh : R10<\/p>","protected":false},"featured_media":2404,"template":"","meta":[],"product_brand":[],"product_cat":[52],"product_tag":[],"class_list":{"0":"post-2403","1":"product","2":"type-product","3":"status-publish","4":"has-post-thumbnail","6":"product_cat-undermount-sink-1","8":"first","9":"instock","10":"shipping-taxable","11":"product-type-simple"},"_links":{"self":[{"href":"https:\/\/sinkwithfaucet.com\/sk\/wp-json\/wp\/v2\/product\/2403","targetHints":{"allow":["GET"]}}],"collection":[{"href":"https:\/\/sinkwithfaucet.com\/sk\/wp-json\/wp\/v2\/product"}],"about":[{"href":"https:\/\/sinkwithfaucet.com\/sk\/wp-json\/wp\/v2\/types\/product"}],"wp:featuredmedia":[{"embeddable":true,"href":"https:\/\/sinkwithfaucet.com\/sk\/wp-json\/wp\/v2\/media\/2404"}],"wp:attachment":[{"href":"https:\/\/sinkwithfaucet.com\/sk\/wp-json\/wp\/v2\/media?parent=2403"}],"wp:term":[{"taxonomy":"product_brand","embeddable":true,"href":"https:\/\/sinkwithfaucet.com\/sk\/wp-json\/wp\/v2\/product_brand?post=2403"},{"taxonomy":"product_cat","embeddable":true,"href":"https:\/\/sinkwithfaucet.com\/sk\/wp-json\/wp\/v2\/product_cat?post=2403"},{"taxonomy":"product_tag","embeddable":true,"href":"https:\/\/sinkwithfaucet.com\/sk\/wp-json\/wp\/v2\/product_tag?post=2403"}],"curies":[{"name":"wp","href":"https:\/\/api.w.org\/{rel}","templated":true}]}}