{"id":2401,"date":"2024-11-04T02:18:10","date_gmt":"2024-11-04T02:18:10","guid":{"rendered":"https:\/\/sinkwithfaucet.com\/?post_type=product&#038;p=2401"},"modified":"2024-11-04T02:18:10","modified_gmt":"2024-11-04T02:18:10","slug":"flat-sink-8348dr","status":"publish","type":"product","link":"https:\/\/sinkwithfaucet.com\/sk\/flat-sink-8348dr\/","title":{"rendered":"Ploch\u00fd drez 8348DR"},"content":{"rendered":"<h2 data-sourcepos=\"1:1-1:45\">Ploch\u00e9 drezy: Minimalistick\u00e1 a modern\u00e1 vo\u013eba<\/h2>\n<p data-sourcepos=\"3:1-3:191\">Ploch\u00e9 drezy s\u00fa minimalistickou a modernou dizajnovou vo\u013ebou pre kuchyne a k\u00fape\u013ene. Vyzna\u010duj\u00fa sa ploch\u00fdm, vo\u013en\u00fdm um\u00fdvadlom, \u010dasto vyroben\u00fdm z materi\u00e1lov, ako je nehrdzavej\u00faca oce\u013e alebo keramika.<\/p>\n<p data-sourcepos=\"5:1-5:31\"><strong>K\u013e\u00fa\u010dov\u00e9 vlastnosti:<\/strong><\/p>\n<ul data-sourcepos=\"7:1-11:0\">\n<li data-sourcepos=\"7:1-7:83\"><strong>Minimalistick\u00e1 estetika:<\/strong> \u010cist\u00fd, ploch\u00fd dizajn vytv\u00e1ra elegantn\u00fd a modern\u00fd vzh\u013ead.<\/li>\n<li data-sourcepos=\"8:1-8:96\"><strong>\u013dahko sa \u010dist\u00ed:<\/strong> Hladk\u00fd povrch sa \u013eahko utiera, \u010d\u00edm sa zni\u017euje hromadenie bakt\u00e9ri\u00ed.<\/li>\n<li data-sourcepos=\"9:1-9:61\"><strong>\u00daspora miesta:<\/strong> Kompaktn\u00fd dizajn dok\u00e1\u017ee optimalizova\u0165 mal\u00e9 priestory.<\/li>\n<li data-sourcepos=\"10:1-11:0\"><strong>Jedine\u010dn\u00fd \u0161t\u00fdl:<\/strong> Dod\u00e1 va\u0161ej k\u00fape\u013eni alebo kuchyni osobit\u00fd n\u00e1dych.<\/li>\n<\/ul>\n<p data-sourcepos=\"12:1-12:45\"><strong>\u00davahy pri v\u00fdbere ploch\u00e9ho drezu:<\/strong><\/p>\n<ul data-sourcepos=\"14:1-18:0\">\n<li data-sourcepos=\"14:1-14:79\"><strong>Odvodnenie:<\/strong> Uistite sa, \u017ee drez m\u00e1 dostato\u010dn\u00fd odtok, aby sa zabr\u00e1nilo hromadeniu vody.<\/li>\n<li data-sourcepos=\"15:1-15:92\"><strong>Materi\u00e1l:<\/strong> Vyberte si odoln\u00fd a \u013eahko um\u00fdvate\u013en\u00fd materi\u00e1l, ako je nehrdzavej\u00faca oce\u013e alebo keramika.<\/li>\n<li data-sourcepos=\"16:1-16:89\"><strong>In\u0161tal\u00e1cia:<\/strong> Zv\u00e1\u017ete sp\u00f4sob in\u0161tal\u00e1cie, \u010di ide o podomietkov\u00fa alebo z\u00e1suvn\u00fa in\u0161tal\u00e1ciu.<\/li>\n<li data-sourcepos=\"17:1-18:0\"><strong>Vodovodn\u00e1 bat\u00e9ria:<\/strong> Vyberte si bat\u00e9riu, ktor\u00e1 dop\u013a\u0148a minimalistick\u00fd dizajn um\u00fdvadla.<\/li>\n<\/ul>","protected":false},"excerpt":{"rendered":"<p>Celkov\u00e1 ve\u013ekos\u0165: 33*19*10\/838*483*254 mm<\/p>\n<p>Ve\u013ekos\u0165 misky: 381*397\/381*397 mm<\/p>\n<p>Ve\u013ekos\u0165 v\u00fdrezu: 788*433 mm<\/p>\n<p>Radi\u00e1nov\u00fd roh : R10<\/p>","protected":false},"featured_media":2402,"template":"","meta":[],"product_brand":[],"product_cat":[52],"product_tag":[],"class_list":{"0":"post-2401","1":"product","2":"type-product","3":"status-publish","4":"has-post-thumbnail","6":"product_cat-undermount-sink-1","8":"first","9":"instock","10":"shipping-taxable","11":"product-type-simple"},"_links":{"self":[{"href":"https:\/\/sinkwithfaucet.com\/sk\/wp-json\/wp\/v2\/product\/2401","targetHints":{"allow":["GET"]}}],"collection":[{"href":"https:\/\/sinkwithfaucet.com\/sk\/wp-json\/wp\/v2\/product"}],"about":[{"href":"https:\/\/sinkwithfaucet.com\/sk\/wp-json\/wp\/v2\/types\/product"}],"wp:featuredmedia":[{"embeddable":true,"href":"https:\/\/sinkwithfaucet.com\/sk\/wp-json\/wp\/v2\/media\/2402"}],"wp:attachment":[{"href":"https:\/\/sinkwithfaucet.com\/sk\/wp-json\/wp\/v2\/media?parent=2401"}],"wp:term":[{"taxonomy":"product_brand","embeddable":true,"href":"https:\/\/sinkwithfaucet.com\/sk\/wp-json\/wp\/v2\/product_brand?post=2401"},{"taxonomy":"product_cat","embeddable":true,"href":"https:\/\/sinkwithfaucet.com\/sk\/wp-json\/wp\/v2\/product_cat?post=2401"},{"taxonomy":"product_tag","embeddable":true,"href":"https:\/\/sinkwithfaucet.com\/sk\/wp-json\/wp\/v2\/product_tag?post=2401"}],"curies":[{"name":"wp","href":"https:\/\/api.w.org\/{rel}","templated":true}]}}