{"id":2394,"date":"2024-11-04T01:54:04","date_gmt":"2024-11-04T01:54:04","guid":{"rendered":"https:\/\/sinkwithfaucet.com\/?post_type=product&#038;p=2394"},"modified":"2024-11-04T01:55:37","modified_gmt":"2024-11-04T01:55:37","slug":"undermount-bar-sink-1144ddu","status":"publish","type":"product","link":"https:\/\/sinkwithfaucet.com\/sk\/undermount-bar-sink-1144ddu\/","title":{"rendered":"Barov\u00fd drez 1144DDU"},"content":{"rendered":"<h2 data-sourcepos=\"1:1-1:50\">Barov\u00e9 drezy: Elegantn\u00e1 a modern\u00e1 vo\u013eba<\/h2>\n<p data-sourcepos=\"3:1-3:193\"><strong>Podomietkov\u00e9 barov\u00e9 drezy<\/strong> s\u00fa ob\u013e\u00fabenou vo\u013ebou pre dom\u00e1ce bary, mokr\u00e9 bary a men\u0161ie kuchynsk\u00e9 priestory. S\u00fa navrhnut\u00e9 tak, aby sa dali nain\u0161talova\u0165 pod pracovn\u00fa dosku, \u010d\u00edm vytv\u00e1raj\u00fa celistv\u00fd a modern\u00fd vzh\u013ead.<\/p>\n<p data-sourcepos=\"5:1-5:41\"><strong>K\u013e\u00fa\u010dov\u00e9 vlastnosti:<\/strong><\/p>\n<ul data-sourcepos=\"7:1-11:0\">\n<li data-sourcepos=\"7:1-7:92\"><strong>Elegantn\u00fd dizajn:<\/strong> Podomietkov\u00e1 in\u0161tal\u00e1cia poskytuje \u010dist\u00fd a modern\u00fd estetick\u00fd vzh\u013ead.<\/li>\n<li data-sourcepos=\"8:1-8:119\"><strong>\u013dahko sa \u010dist\u00ed:<\/strong> Bezprobl\u00e9mov\u00e9 spojenie s pracovnou doskou eliminuje medzery, v ktor\u00fdch sa m\u00f4\u017eu hromadi\u0165 ne\u010distoty a \u00falomky.<\/li>\n<li data-sourcepos=\"9:1-9:58\"><strong>\u00daspora miesta:<\/strong> Kompaktn\u00e9 rozmery ide\u00e1lne pre men\u0161ie priestory.<\/li>\n<li data-sourcepos=\"10:1-11:0\"><strong>Odolnos\u0165:<\/strong> Zvy\u010dajne s\u00fa vyroben\u00e9 z vysokokvalitnej nehrdzavej\u00facej ocele, \u010do zaru\u010duje dlhodob\u00fd v\u00fdkon.<\/li>\n<\/ul>\n<p data-sourcepos=\"12:1-12:56\"><strong>\u00davahy pri v\u00fdbere barov\u00e9ho drezu:<\/strong><\/p>\n<ul data-sourcepos=\"14:1-18:0\">\n<li data-sourcepos=\"14:1-14:66\"><strong>Ve\u013ekos\u0165:<\/strong> Vyberte si ve\u013ekos\u0165, ktor\u00e1 vyhovuje v\u00e1\u0161mu konkr\u00e9tnemu priestoru a potreb\u00e1m.<\/li>\n<li data-sourcepos=\"15:1-15:109\"><strong>H\u013abka:<\/strong> Zv\u00e1\u017ete h\u013abku drezu na r\u00f4zne \u00fakony, ako je um\u00fdvanie skla alebo pr\u00edprava n\u00e1pojov.<\/li>\n<li data-sourcepos=\"16:1-16:92\"><strong>Materi\u00e1l:<\/strong> Nerezov\u00e1 oce\u013e je ob\u013e\u00fabenou vo\u013ebou pre svoju odolnos\u0165 a jednoduch\u00fa \u00fadr\u017ebu.<\/li>\n<li data-sourcepos=\"17:1-18:0\"><strong>Otvory na bat\u00e9rie:<\/strong> Uistite sa, \u017ee drez m\u00e1 vhodn\u00fd po\u010det otvorov pre bat\u00e9rie pre po\u017eadovan\u00fa konfigur\u00e1ciu.<\/li>\n<\/ul>\n<p data-sourcepos=\"19:1-20:30\">D\u00f4kladn\u00fdm zv\u00e1\u017een\u00edm t\u00fdchto faktorov si m\u00f4\u017eete vybra\u0165 dokonal\u00fd barov\u00fd drez, ktor\u00fd dopln\u00ed va\u0161u kuchy\u0148u alebo barov\u00fd pult.<\/p>","protected":false},"excerpt":{"rendered":"<p>Celkov\u00e1 ve\u013ekos\u0165 \uff1a 1150*440*220 mm<\/p>\n<p>Ve\u013ekos\u0165 misky \uff1a400*400\/300*400 mm<\/p>\n<p>Ve\u013ekos\u0165 v\u00fdrezu \uff1a1110*400 mm<\/p>\n<p>Radi\u00e1nov\u00fd roh \uff1aR10<\/p>","protected":false},"featured_media":2397,"template":"","meta":[],"product_brand":[],"product_cat":[52],"product_tag":[],"class_list":{"0":"post-2394","1":"product","2":"type-product","3":"status-publish","4":"has-post-thumbnail","6":"product_cat-undermount-sink-1","8":"first","9":"instock","10":"shipping-taxable","11":"product-type-simple"},"_links":{"self":[{"href":"https:\/\/sinkwithfaucet.com\/sk\/wp-json\/wp\/v2\/product\/2394","targetHints":{"allow":["GET"]}}],"collection":[{"href":"https:\/\/sinkwithfaucet.com\/sk\/wp-json\/wp\/v2\/product"}],"about":[{"href":"https:\/\/sinkwithfaucet.com\/sk\/wp-json\/wp\/v2\/types\/product"}],"wp:featuredmedia":[{"embeddable":true,"href":"https:\/\/sinkwithfaucet.com\/sk\/wp-json\/wp\/v2\/media\/2397"}],"wp:attachment":[{"href":"https:\/\/sinkwithfaucet.com\/sk\/wp-json\/wp\/v2\/media?parent=2394"}],"wp:term":[{"taxonomy":"product_brand","embeddable":true,"href":"https:\/\/sinkwithfaucet.com\/sk\/wp-json\/wp\/v2\/product_brand?post=2394"},{"taxonomy":"product_cat","embeddable":true,"href":"https:\/\/sinkwithfaucet.com\/sk\/wp-json\/wp\/v2\/product_cat?post=2394"},{"taxonomy":"product_tag","embeddable":true,"href":"https:\/\/sinkwithfaucet.com\/sk\/wp-json\/wp\/v2\/product_tag?post=2394"}],"curies":[{"name":"wp","href":"https:\/\/api.w.org\/{rel}","templated":true}]}}