{"id":2391,"date":"2024-11-04T01:44:51","date_gmt":"2024-11-04T01:44:51","guid":{"rendered":"https:\/\/sinkwithfaucet.com\/?post_type=product&#038;p=2391"},"modified":"2024-11-04T01:46:08","modified_gmt":"2024-11-04T01:46:08","slug":"integrated-sink-7544sdu","status":"publish","type":"product","link":"https:\/\/sinkwithfaucet.com\/sk\/integrated-sink-7544sdu\/","title":{"rendered":"Integrovan\u00fd drez 7544SDU"},"content":{"rendered":"<h2 data-sourcepos=\"1:1-1:46\">Integrovan\u00e9 drezy: Bezprobl\u00e9mov\u00fd dizajn kuchyne<\/h2>\n<p data-sourcepos=\"3:1-3:176\"><strong>Integrovan\u00e9 drezy<\/strong> s\u00fa modernou a \u0161t\u00fdlovou vo\u013ebou pre kuchynsk\u00e9 dosky. S\u00fa hladko integrovan\u00e9 do materi\u00e1lu pracovnej dosky, \u010d\u00edm vytv\u00e1raj\u00fa \u010dist\u00fd a minimalistick\u00fd vzh\u013ead.<\/p>\n<p data-sourcepos=\"5:1-5:37\"><strong>K\u013e\u00fa\u010dov\u00e9 vlastnosti:<\/strong><\/p>\n<ul data-sourcepos=\"7:1-11:0\">\n<li data-sourcepos=\"7:1-7:139\"><strong>Bezprobl\u00e9mov\u00fd dizajn:<\/strong> Um\u00fdvadlo a pracovn\u00e1 doska tvoria jeden jednotn\u00fd povrch, \u010d\u00edm sa eliminuj\u00fa medzery a \u0161trbiny, v ktor\u00fdch sa m\u00f4\u017eu hromadi\u0165 bakt\u00e9rie.<\/li>\n<li data-sourcepos=\"8:1-8:117\"><strong>Prisp\u00f4sobenie:<\/strong> Integrovan\u00e9 um\u00fdvadl\u00e1 mo\u017eno prisp\u00f4sobi\u0165 va\u0161im \u0161pecifick\u00fdm potreb\u00e1m vr\u00e1tane ve\u013ekosti, tvaru a h\u013abky.<\/li>\n<li data-sourcepos=\"9:1-9:121\"><strong>Odolnos\u0165:<\/strong> Integrovan\u00e9 drezy vyroben\u00e9 z odoln\u00fdch materi\u00e1lov, ako je kreme\u0148, \u017eula alebo pevn\u00fd povrch, s\u00fa vyroben\u00e9 tak, aby vydr\u017eali.<\/li>\n<li data-sourcepos=\"10:1-11:0\"><strong>\u013dahko sa \u010dist\u00ed:<\/strong> Hladk\u00fd, bez\u0161vov\u00fd povrch sa \u013eahko \u010dist\u00ed a udr\u017eiava.<\/li>\n<\/ul>\n<p data-sourcepos=\"12:1-12:30\"><strong>Typy:<\/strong><\/p>\n<ul data-sourcepos=\"14:1-17:0\">\n<li data-sourcepos=\"14:1-14:90\"><strong>Kreme\u0148:<\/strong> Ob\u013e\u00faben\u00e1 vo\u013eba pre svoju trvanlivos\u0165, tepeln\u00fa odolnos\u0165 a r\u00f4znorodos\u0165 farieb.<\/li>\n<li data-sourcepos=\"15:1-15:79\"><strong>\u017dula:<\/strong> Pr\u00edrodn\u00fd kame\u0148, ktor\u00fd pon\u00faka luxusn\u00fd a elegantn\u00fd vzh\u013ead.<\/li>\n<li data-sourcepos=\"16:1-17:0\"><strong>Pevn\u00fd povrch:<\/strong> Umel\u00fd materi\u00e1l, ktor\u00fd je odoln\u00fd a \u0161t\u00fdlov\u00fd.<\/li>\n<\/ul>\n<p data-sourcepos=\"18:1-18:52\"><strong>\u00davahy pri v\u00fdbere integrovan\u00e9ho um\u00fdvadla:<\/strong><\/p>\n<ul data-sourcepos=\"20:1-24:0\">\n<li data-sourcepos=\"20:1-20:108\"><strong>Materi\u00e1l:<\/strong> Vyberte si materi\u00e1l, ktor\u00fd dop\u013a\u0148a estetick\u00fd vzh\u013ead va\u0161ej kuchyne a sp\u013a\u0148a va\u0161e funk\u010dn\u00e9 potreby.<\/li>\n<li data-sourcepos=\"21:1-21:128\"><strong>Ve\u013ekos\u0165 a tvar:<\/strong> Zv\u00e1\u017ete ve\u013ekos\u0165 a tvar drezu, aby sa hodil k usporiadaniu va\u0161ej kuchyne a vyhovoval va\u0161im potreb\u00e1m.<\/li>\n<li data-sourcepos=\"22:1-22:101\"><strong>In\u0161tal\u00e1cia:<\/strong> Odpor\u00fa\u010da sa odborn\u00e1 in\u0161tal\u00e1cia, aby sa zabezpe\u010dilo bezprobl\u00e9mov\u00e9 a vodotesn\u00e9 uchytenie.<\/li>\n<li data-sourcepos=\"23:1-24:0\"><strong>\u00dadr\u017eba:<\/strong> Dodr\u017eiavajte v\u00fdrobcom odpor\u00fa\u010dan\u00e9 pokyny na \u010distenie a \u00fadr\u017ebu.<\/li>\n<\/ul>\n<p data-sourcepos=\"25:1-25:184\"><strong>Integrovan\u00e9 drezy pon\u00fakaj\u00fa elegantn\u00fd a modern\u00fd vzh\u013ead, ktor\u00fd m\u00f4\u017ee pozdvihn\u00fa\u0165 \u0161t\u00fdl va\u0161ej kuchyne.<\/strong> S\u00fa skvelou vo\u013ebou pre majite\u013eov domov, ktor\u00ed klad\u00fa d\u00f4raz na estetiku aj funk\u010dnos\u0165.<\/p>","protected":false},"excerpt":{"rendered":"<p>Celkov\u00e1 ve\u013ekos\u0165: 750*440*220 mm<\/p>\n<p>Ve\u013ekos\u0165 misky: 400*400 mm<\/p>\n<p>Ve\u013ekos\u0165 v\u00fdrezu: 710*400 mm<\/p>\n<p>Radi\u00e1nov\u00fd roh : R10<\/p>","protected":false},"featured_media":2392,"template":"","meta":[],"product_brand":[],"product_cat":[52],"product_tag":[],"class_list":{"0":"post-2391","1":"product","2":"type-product","3":"status-publish","4":"has-post-thumbnail","6":"product_cat-undermount-sink-1","8":"first","9":"instock","10":"shipping-taxable","11":"product-type-simple"},"_links":{"self":[{"href":"https:\/\/sinkwithfaucet.com\/sk\/wp-json\/wp\/v2\/product\/2391","targetHints":{"allow":["GET"]}}],"collection":[{"href":"https:\/\/sinkwithfaucet.com\/sk\/wp-json\/wp\/v2\/product"}],"about":[{"href":"https:\/\/sinkwithfaucet.com\/sk\/wp-json\/wp\/v2\/types\/product"}],"wp:featuredmedia":[{"embeddable":true,"href":"https:\/\/sinkwithfaucet.com\/sk\/wp-json\/wp\/v2\/media\/2392"}],"wp:attachment":[{"href":"https:\/\/sinkwithfaucet.com\/sk\/wp-json\/wp\/v2\/media?parent=2391"}],"wp:term":[{"taxonomy":"product_brand","embeddable":true,"href":"https:\/\/sinkwithfaucet.com\/sk\/wp-json\/wp\/v2\/product_brand?post=2391"},{"taxonomy":"product_cat","embeddable":true,"href":"https:\/\/sinkwithfaucet.com\/sk\/wp-json\/wp\/v2\/product_cat?post=2391"},{"taxonomy":"product_tag","embeddable":true,"href":"https:\/\/sinkwithfaucet.com\/sk\/wp-json\/wp\/v2\/product_tag?post=2391"}],"curies":[{"name":"wp","href":"https:\/\/api.w.org\/{rel}","templated":true}]}}