{"id":2389,"date":"2024-11-04T01:38:16","date_gmt":"2024-11-04T01:38:16","guid":{"rendered":"https:\/\/sinkwithfaucet.com\/?post_type=product&#038;p=2389"},"modified":"2024-11-04T01:38:17","modified_gmt":"2024-11-04T01:38:17","slug":"free-standing-sink-7544du","status":"publish","type":"product","link":"https:\/\/sinkwithfaucet.com\/sk\/free-standing-sink-7544du\/","title":{"rendered":"Vo\u013ene stojaci drez 7544DU"},"content":{"rendered":"<h2 data-sourcepos=\"1:1-1:54\">Vo\u013ene stojace drezy: \u0160t\u00fdlov\u00e1 a funk\u010dn\u00e1 vo\u013eba<\/h2>\n<p data-sourcepos=\"3:1-3:226\">Vo\u013ene stojace drezy s\u00fa univerz\u00e1lnym a p\u00fatav\u00fdm doplnkom k\u00fape\u013en\u00ed aj kuch\u00fd\u0148. Na rozdiel od tradi\u010dn\u00fdch um\u00fdvadiel na doske sa vo\u013ene stojace um\u00fdvadl\u00e1 in\u0161taluj\u00fa na podlahu, \u010d\u00edm dodaj\u00fa v\u00e1\u0161mu priestoru jedine\u010dn\u00fd a elegantn\u00fd n\u00e1dych.<\/p>\n<p data-sourcepos=\"5:1-5:39\"><strong>K\u013e\u00fa\u010dov\u00e9 vlastnosti vo\u013ene stojacich um\u00fdvadiel:<\/strong><\/p>\n<ul data-sourcepos=\"7:1-11:0\">\n<li data-sourcepos=\"7:1-7:90\"><strong>V\u0161estrann\u00fd dizajn:<\/strong> K dispoz\u00edcii je \u0161irok\u00e1 \u0161k\u00e1la \u0161t\u00fdlov, od klasick\u00fdch a\u017e po modern\u00e9.<\/li>\n<li data-sourcepos=\"8:1-8:90\"><strong>Jednoduch\u00e1 in\u0161tal\u00e1cia:<\/strong> Jednoduch\u00e1 in\u0161tal\u00e1cia bez potreby rozsiahlej pr\u00e1ce na pracovnej doske.<\/li>\n<li data-sourcepos=\"9:1-9:74\"><strong>Jedine\u010dn\u00e1 estetika:<\/strong> Vytvor\u00ed \u00fastredn\u00fd bod v k\u00fape\u013eni alebo kuchyni.<\/li>\n<li data-sourcepos=\"10:1-11:0\"><strong>\u013dahko sa \u010dist\u00ed:<\/strong> Hladk\u00fd povrch a otvoren\u00fd dizajn u\u013eah\u010duj\u00fa \u010distenie.<\/li>\n<li data-sourcepos=\"10:1-11:0\"><strong>Kuchynsk\u00e9 drezy:<\/strong>\n<ul data-sourcepos=\"19:5-21:0\">\n<li data-sourcepos=\"19:5-19:126\"><strong>Um\u00fdvadl\u00e1 Farmhouse:<\/strong> Ve\u013ek\u00e9 hlbok\u00e9 drezy s prednou z\u00e1sterou poskytuj\u00fa dostatok priestoru na um\u00fdvanie riadu a pr\u00edpravu jedla.<\/li>\n<li data-sourcepos=\"20:5-21:0\"><strong>U\u017eitkov\u00e9 drezy:<\/strong> Ide\u00e1lne pre pr\u00e1\u010dovne, gar\u00e1\u017ee alebo vonkaj\u0161ie kuchyne.<\/li>\n<\/ul>\n<\/li>\n<\/ul>\n<ul data-sourcepos=\"14:1-21:0\">\n<li style=\"list-style-type: none;\" data-sourcepos=\"14:1-17:100\"><\/li>\n<\/ul>\n<p data-sourcepos=\"22:1-22:53\"><strong>\u00davahy pri v\u00fdbere vo\u013ene stojaceho um\u00fdvadla:<\/strong><\/p>\n<ul data-sourcepos=\"24:1-28:0\">\n<li data-sourcepos=\"24:1-24:74\"><strong>\u0160t\u00fdl:<\/strong> Vyberte si um\u00fdvadlo, ktor\u00e9 dop\u013a\u0148a celkov\u00fa estetiku v\u00e1\u0161ho dizajnu.<\/li>\n<li data-sourcepos=\"25:1-25:78\"><strong>Ve\u013ekos\u0165:<\/strong> Vyberte si ve\u013ekos\u0165, ktor\u00e1 vyhovuje v\u00e1\u0161mu dostupn\u00e9mu priestoru a va\u0161im potreb\u00e1m.<\/li>\n<li data-sourcepos=\"26:1-26:129\"><strong>Materi\u00e1l:<\/strong> Zv\u00e1\u017ete materi\u00e1l, ako je keramika, porcel\u00e1n alebo nehrdzavej\u00faca oce\u013e, na z\u00e1klade trvanlivosti a \u0161t\u00fdlov\u00fdch preferenci\u00ed.<\/li>\n<li data-sourcepos=\"27:1-28:0\"><strong>In\u0161talat\u00e9rske pr\u00e1ce:<\/strong> Zabezpe\u010dte spr\u00e1vne in\u0161talat\u00e9rske pripojenia a zv\u00e1\u017ete v\u0161etky potenci\u00e1lne probl\u00e9my, najm\u00e4 v pr\u00edpade vo\u013ene stojacich kuchynsk\u00fdch drezov.<\/li>\n<\/ul>","protected":false},"excerpt":{"rendered":"<p>Celkov\u00e1 ve\u013ekos\u0165: 750*440*220 mm<\/p>\n<p>Ve\u013ekos\u0165 misky: 340*400\/340*400 mm<\/p>\n<p>Ve\u013ekos\u0165 v\u00fdrezu: 710*400 mm<\/p>\n<p>Radi\u00e1nov\u00fd roh : R10<\/p>","protected":false},"featured_media":2390,"template":"","meta":[],"product_brand":[],"product_cat":[52],"product_tag":[],"class_list":{"0":"post-2389","1":"product","2":"type-product","3":"status-publish","4":"has-post-thumbnail","6":"product_cat-undermount-sink-1","8":"first","9":"instock","10":"shipping-taxable","11":"product-type-simple"},"_links":{"self":[{"href":"https:\/\/sinkwithfaucet.com\/sk\/wp-json\/wp\/v2\/product\/2389","targetHints":{"allow":["GET"]}}],"collection":[{"href":"https:\/\/sinkwithfaucet.com\/sk\/wp-json\/wp\/v2\/product"}],"about":[{"href":"https:\/\/sinkwithfaucet.com\/sk\/wp-json\/wp\/v2\/types\/product"}],"wp:featuredmedia":[{"embeddable":true,"href":"https:\/\/sinkwithfaucet.com\/sk\/wp-json\/wp\/v2\/media\/2390"}],"wp:attachment":[{"href":"https:\/\/sinkwithfaucet.com\/sk\/wp-json\/wp\/v2\/media?parent=2389"}],"wp:term":[{"taxonomy":"product_brand","embeddable":true,"href":"https:\/\/sinkwithfaucet.com\/sk\/wp-json\/wp\/v2\/product_brand?post=2389"},{"taxonomy":"product_cat","embeddable":true,"href":"https:\/\/sinkwithfaucet.com\/sk\/wp-json\/wp\/v2\/product_cat?post=2389"},{"taxonomy":"product_tag","embeddable":true,"href":"https:\/\/sinkwithfaucet.com\/sk\/wp-json\/wp\/v2\/product_tag?post=2389"}],"curies":[{"name":"wp","href":"https:\/\/api.w.org\/{rel}","templated":true}]}}