{"id":2342,"date":"2024-11-01T07:21:34","date_gmt":"2024-11-01T07:21:34","guid":{"rendered":"https:\/\/sinkwithfaucet.com\/?post_type=product&#038;p=2342"},"modified":"2024-11-01T07:23:29","modified_gmt":"2024-11-01T07:23:29","slug":"small-stainless-steel-sink-2344su","status":"publish","type":"product","link":"https:\/\/sinkwithfaucet.com\/sk\/small-stainless-steel-sink-2344su\/","title":{"rendered":"Mal\u00fd nerezov\u00fd drez 2344SU"},"content":{"rendered":"<h2 data-sourcepos=\"1:1-1:50\">Mal\u00e9 drezy z nehrdzavej\u00facej ocele: Kompaktn\u00e9 rie\u0161enie<\/h2>\n<p data-sourcepos=\"3:1-3:87\">Mal\u00e9 drezy z nehrdzavej\u00facej ocele s\u00fa praktickou vo\u013ebou pre r\u00f4zne aplik\u00e1cie.<\/p>\n<p data-sourcepos=\"10:1-10:44\"><strong>V\u00fdhody:<\/strong><\/p>\n<ul data-sourcepos=\"12:1-16:0\">\n<li data-sourcepos=\"12:1-12:58\"><strong>\u00daspora miesta:<\/strong> Kompaktn\u00fd dizajn sa hod\u00ed do mal\u00fdch priestorov.<\/li>\n<li data-sourcepos=\"13:1-13:88\"><strong>Odolnos\u0165:<\/strong> Nerezov\u00e1 oce\u013e je odoln\u00fd materi\u00e1l, ktor\u00fd je odoln\u00fd vo\u010di kor\u00f3zii a hrdzi.<\/li>\n<li data-sourcepos=\"14:1-14:66\"><strong>\u013dahko sa \u010dist\u00ed:<\/strong> Hladk\u00fd povrch sa \u013eahko udr\u017eiava a \u010dist\u00ed.<\/li>\n<li data-sourcepos=\"15:1-16:0\"><strong>Modern\u00e1 estetika:<\/strong> Elegantn\u00fd a \u0161t\u00fdlov\u00fd dizajn dop\u013a\u0148a r\u00f4zne \u0161t\u00fdly kuch\u00fd\u0148.<\/li>\n<\/ul>\n<p data-sourcepos=\"17:1-17:41\"><strong>Typy:<\/strong><\/p>\n<ul data-sourcepos=\"19:1-23:0\">\n<li data-sourcepos=\"19:1-19:77\"><strong>Podomietkov\u00e9 drezy:<\/strong> In\u0161taluje sa pod pracovn\u00fa dosku, aby p\u00f4sobila celistvo.<\/li>\n<li data-sourcepos=\"20:1-20:93\"><strong>Um\u00fdvadl\u00e1 s hornou mont\u00e1\u017eou:<\/strong> In\u0161taluje sa na horn\u00fa \u010das\u0165 pracovnej dosky a pon\u00faka tradi\u010dn\u00fd vzh\u013ead.<\/li>\n<li data-sourcepos=\"21:1-21:65\"><strong>Um\u00fdvadl\u00e1 s jednou misou:<\/strong> Jedno um\u00fdvadlo na z\u00e1kladn\u00e9 \u010distiace \u00fakony.<\/li>\n<li data-sourcepos=\"22:1-23:0\"><strong>Um\u00fdvadl\u00e1 s dvojitou misou:<\/strong> Dve samostatn\u00e9 um\u00fdvadl\u00e1 na viacero \u00faloh.<\/li>\n<\/ul>\n<p data-sourcepos=\"24:1-24:78\"><strong>Pri v\u00fdbere mal\u00e9ho drezu z nehrdzavej\u00facej ocele zv\u00e1\u017ete nasleduj\u00face faktory:<\/strong><\/p>\n<ul data-sourcepos=\"26:1-30:0\">\n<li data-sourcepos=\"26:1-26:76\"><strong>Ve\u013ekos\u0165:<\/strong> Vyberte si ve\u013ekos\u0165, ktor\u00e1 vyhovuje va\u0161im \u0161pecifick\u00fdm potreb\u00e1m a dostupn\u00e9mu priestoru.<\/li>\n<li data-sourcepos=\"27:1-27:64\"><strong>H\u013abka:<\/strong> Do hlb\u0161ieho drezu sa zmestia v\u00e4\u010d\u0161ie hrnce a panvice.<\/li>\n<li data-sourcepos=\"28:1-28:93\"><strong>Meradlo:<\/strong> Hr\u00fabka nehrdzavej\u00facej ocele m\u00f4\u017ee ovplyvni\u0165 odolnos\u0165 a zvuk drezu.<\/li>\n<li data-sourcepos=\"29:1-30:0\"><strong>Dokon\u010denie:<\/strong> Vyberte si povrchov\u00fa \u00fapravu, ktor\u00e1 dop\u013a\u0148a \u0161t\u00fdl va\u0161ej kuchyne, napr\u00edklad z br\u00fasenej alebo le\u0161tenej nehrdzavej\u00facej ocele.<\/li>\n<\/ul>\n<p data-sourcepos=\"31:1-31:109\">D\u00f4kladn\u00fdm zv\u00e1\u017een\u00edm t\u00fdchto faktorov m\u00f4\u017eete vybra\u0165 dokonal\u00fd mal\u00fd drez z nehrdzavej\u00facej ocele pre svoje potreby.<\/p>","protected":false},"excerpt":{"rendered":"<p>Celkov\u00e1 ve\u013ekos\u0165 \uff1a 230*440*200 mm<\/p>\n<p>Ve\u013ekos\u0165 misky \uff1a190*400 mm<\/p>\n<p>Ve\u013ekos\u0165 v\u00fdrezu \uff1a190*400 mm<\/p>\n<p>Radi\u00e1nov\u00fd roh \uff1aR10<\/p>","protected":false},"featured_media":2343,"template":"","meta":[],"product_brand":[],"product_cat":[52],"product_tag":[],"class_list":{"0":"post-2342","1":"product","2":"type-product","3":"status-publish","4":"has-post-thumbnail","6":"product_cat-undermount-sink-1","8":"first","9":"instock","10":"shipping-taxable","11":"product-type-simple"},"_links":{"self":[{"href":"https:\/\/sinkwithfaucet.com\/sk\/wp-json\/wp\/v2\/product\/2342","targetHints":{"allow":["GET"]}}],"collection":[{"href":"https:\/\/sinkwithfaucet.com\/sk\/wp-json\/wp\/v2\/product"}],"about":[{"href":"https:\/\/sinkwithfaucet.com\/sk\/wp-json\/wp\/v2\/types\/product"}],"wp:featuredmedia":[{"embeddable":true,"href":"https:\/\/sinkwithfaucet.com\/sk\/wp-json\/wp\/v2\/media\/2343"}],"wp:attachment":[{"href":"https:\/\/sinkwithfaucet.com\/sk\/wp-json\/wp\/v2\/media?parent=2342"}],"wp:term":[{"taxonomy":"product_brand","embeddable":true,"href":"https:\/\/sinkwithfaucet.com\/sk\/wp-json\/wp\/v2\/product_brand?post=2342"},{"taxonomy":"product_cat","embeddable":true,"href":"https:\/\/sinkwithfaucet.com\/sk\/wp-json\/wp\/v2\/product_cat?post=2342"},{"taxonomy":"product_tag","embeddable":true,"href":"https:\/\/sinkwithfaucet.com\/sk\/wp-json\/wp\/v2\/product_tag?post=2342"}],"curies":[{"name":"wp","href":"https:\/\/api.w.org\/{rel}","templated":true}]}}