{"id":25,"date":"2023-03-05T10:39:43","date_gmt":"2023-03-05T10:39:43","guid":{"rendered":"https:\/\/sinkwithfaucet.com\/?page_id=25"},"modified":"2024-12-05T02:13:39","modified_gmt":"2024-12-05T02:13:39","slug":"about-kitchen-sink-supplier","status":"publish","type":"page","link":"https:\/\/sinkwithfaucet.com\/sk\/about-kitchen-sink-supplier\/","title":{"rendered":"O str\u00e1nke"},"content":{"rendered":"<section class=\"section\" id=\"section_1991362934\">\n\t\t<div class=\"bg section-bg fill bg-fill  bg-loaded\" >\n\n\t\t\t\n\t\t\t\n\t\t\t\n\n\t\t<\/div>\n\n\t\t\n\n\t\t<div class=\"section-content relative\">\n\t\t\t\n<div class=\"row align-equal\"  id=\"row-39730690\">\n\n\t<div id=\"col-458204250\" class=\"col medium-12 small-12 large-6 medium-col-first\"  >\n\t\t\t\t<div class=\"col-inner\"  >\n\t\t\t\n\t\t\t\n\t<div id=\"text-1130476882\" class=\"text\">\n\t\t\n<h1><strong>Dod\u00e1vate\u013e kuchynsk\u00fdch drezov Dexing<\/strong><\/h1>\n\t\t\n<style>\n#text-1130476882 {\n  font-size: 1rem;\n}\n@media (min-width:550px) {\n  #text-1130476882 {\n    font-size: 1rem;\n  }\n}\n@media (min-width:850px) {\n  #text-1130476882 {\n    font-size: 1.4rem;\n  }\n}\n<\/style>\n\t<\/div>\n\t\n<div class=\"is-divider divider clearfix\" style=\"max-width:50px;height:4px;background-color:rgb(59, 181, 76);\"><\/div>\n\t<div id=\"gap-1714267762\" class=\"gap-element clearfix hide-for-small\" style=\"display:block; height:auto;\">\n\t\t\n<style>\n#gap-1714267762 {\n  padding-top: 20px;\n}\n<\/style>\n\t<\/div>\n\t\n<p>Spolo\u010dnos\u0165 Dexing sa ako popredn\u00fd v\u00fdrobca \u0161pecializuje na v\u00fdrobu vysokokvalitn\u00fdch kuchynsk\u00fdch drezov. <a href=\"https:\/\/sinkwithfaucet.com\/sk\/handmade-sink\/\">ru\u010dne vyr\u00e1ban\u00e9 drezy<\/a>, <a href=\"https:\/\/sinkwithfaucet.com\/sk\/press-sink\/\">lisovacie drezy<\/a>a <a href=\"https:\/\/sinkwithfaucet.com\/sk\/stainless-steel-kitchen-faucet\/\">kuchynsk\u00e9 bat\u00e9rie z nehrdzavej\u00facej ocele<\/a>. Na\u0161e najmodernej\u0161ie zariadenia v \u010c\u00edne a vo Vietname n\u00e1m umo\u017e\u0148uj\u00fa dod\u00e1va\u0165 v\u00fdrobky prisp\u00f4soben\u00e9 va\u0161im \u0161pecifick\u00fdm po\u017eiadavk\u00e1m. Okrem toho s\u00fa na\u0161e v\u00fdrobky certifikovan\u00e9 pod\u013ea noriem UPC a CE, aby vyhovovali z\u00e1kazn\u00edkom na celom svete. Kontaktujte n\u00e1s a ozn\u00e1mte n\u00e1m svoje po\u017eiadavky, ur\u010dite v\u00e1m pon\u00fakneme profesion\u00e1lne v\u00fdrobky a dobr\u00e9 slu\u017eby.<\/p>\n\t<div id=\"gap-479130007\" class=\"gap-element clearfix\" style=\"display:block; height:auto;\">\n\t\t\n<style>\n#gap-479130007 {\n  padding-top: 30px;\n}\n<\/style>\n\t<\/div>\n\t\n<a href=\"\/sk\/contact\/\" class=\"button primary\"  style=\"border-radius:99px;\">\n    <span>Kontaktujte n\u00e1s<\/span>\n  <\/a>\n\n\t\t<\/div>\n\t\t\t\t\n<style>\n#col-458204250 > .col-inner {\n  padding: 0px 0px 0px 0px;\n}\n@media (min-width:550px) {\n  #col-458204250 > .col-inner {\n    padding: 0px 0px 0px 0px;\n  }\n}\n@media (min-width:850px) {\n  #col-458204250 > .col-inner {\n    padding: 0px 20px 0px 0px;\n  }\n}\n<\/style>\n\t<\/div>\n\n\t\n\n\t<div id=\"col-679449064\" class=\"col medium-12 small-12 large-6\"  >\n\t\t\t\t<div class=\"col-inner\"  >\n\t\t\t\n\t\t\t\n\t<div class=\"img has-hover x md-x lg-x y md-y lg-y\" id=\"image_1262894844\">\n\t\t\t\t\t\t\t\t<div class=\"img-inner box-shadow-1 box-shadow-5-hover dark\" >\n\t\t\t<img loading=\"lazy\" decoding=\"async\" width=\"600\" height=\"400\" src=\"https:\/\/sinkwithfaucet.com\/wp-content\/uploads\/2024\/11\/kitchen-sink-company1.jpg\" class=\"attachment-original size-original\" alt=\"spolo\u010dnos\u0165 vyr\u00e1baj\u00faca kuchynsk\u00e9 drezy(1)\" srcset=\"https:\/\/sinkwithfaucet.com\/wp-content\/uploads\/2024\/11\/kitchen-sink-company1.jpg 600w, https:\/\/sinkwithfaucet.com\/wp-content\/uploads\/2024\/11\/kitchen-sink-company1-300x200.jpg 300w, https:\/\/sinkwithfaucet.com\/wp-content\/uploads\/2024\/11\/kitchen-sink-company1-18x12.jpg 18w\" sizes=\"auto, (max-width: 600px) 100vw, 600px\" title=\"\">\t\t\t\t\t\t\n\t\t\t\t\t<\/div>\n\t\t\t\t\t\t\t\t\n<style>\n#image_1262894844 {\n  width: 100%;\n}\n<\/style>\n\t<\/div>\n\t\n\t\t<\/div>\n\t\t\t\t\n<style>\n#col-679449064 > .col-inner {\n  padding: 0px 0px 0px 0px;\n  border-radius: 8px;\n}\n@media (min-width:550px) {\n  #col-679449064 > .col-inner {\n    padding: 0px 0px 0px 0px;\n  }\n}\n@media (min-width:850px) {\n  #col-679449064 > .col-inner {\n    padding: 0px 0px 0px 20px;\n  }\n}\n<\/style>\n\t<\/div>\n\n\t\n<\/div>\n<div class=\"row\"  id=\"row-426330816\">\n\n\t<div id=\"col-953431979\" class=\"col medium-4 small-12 large-4\"  >\n\t\t\t\t<div class=\"col-inner\"  >\n\t\t\t\n\t\t\t\n<p><strong><span style=\"font-size: 150%;\"><span class=\"count-up\">20000<\/span>+<\/span><\/strong><\/p>\n<p><strong><span style=\"font-size: 150%;\">Tov\u00e1re\u0148 na \u0161tvorcov\u00e9 metre\u00a0<\/span><\/strong><\/p>\n\t\t<\/div>\n\t\t\t\t\t<\/div>\n\n\t\n\n\t<div id=\"col-2034841298\" class=\"col medium-4 small-12 large-4\"  >\n\t\t\t\t<div class=\"col-inner\"  >\n\t\t\t\n\t\t\t\n<p><strong><span style=\"font-size: 150%;\"><span class=\"count-up\">15<\/span> +roky <\/span><\/strong><\/p>\n<p><strong><span style=\"font-size: 150%;\">Sk\u00fasenosti s v\u00fdrobou<\/span><\/strong><\/p>\n\t\t<\/div>\n\t\t\t\t\t<\/div>\n\n\t\n\n\t<div id=\"col-1862289545\" class=\"col medium-4 small-12 large-4\"  >\n\t\t\t\t<div class=\"col-inner\"  >\n\t\t\t\n\t\t\t\n<p><strong><span style=\"font-size: 150%;\"><span class=\"count-up\">300<\/span>+<br \/>\nStaffs<\/span><\/strong><\/p>\n\t\t<\/div>\n\t\t\t\t\t<\/div>\n\n\t\n<\/div>\n\t\t<\/div>\n\n\t\t\n<style>\n#section_1991362934 {\n  padding-top: 30px;\n  padding-bottom: 30px;\n}\n@media (min-width:550px) {\n  #section_1991362934 {\n    padding-top: 30px;\n    padding-bottom: 30px;\n  }\n}\n@media (min-width:850px) {\n  #section_1991362934 {\n    padding-top: 80px;\n    padding-bottom: 80px;\n  }\n}\n<\/style>\n\t<\/section>\n\t\n\t<section class=\"section\" id=\"section_1074126763\">\n\t\t<div class=\"bg section-bg fill bg-fill  bg-loaded\" >\n\n\t\t\t\n\t\t\t\n\t\t\t\n\n\t\t<\/div>\n\n\t\t\n\n\t\t<div class=\"section-content relative\">\n\t\t\t\n\t<div id=\"gap-272063282\" class=\"gap-element clearfix\" style=\"display:block; height:auto;\">\n\t\t\n<style>\n#gap-272063282 {\n  padding-top: 30px;\n}\n<\/style>\n\t<\/div>\n\t\n<div class=\"row align-center\"  id=\"row-686944843\">\n\n\t<div id=\"col-1181385530\" class=\"col medium-10 small-12 large-10\"  >\n\t\t\t\t<div class=\"col-inner\"  >\n\t\t\t\n\t\t\t\n\t<div id=\"text-2358778755\" class=\"text\">\n\t\t\n<h2><strong>Dokonal\u00e1 kombin\u00e1cia dizajnu a funk\u010dnosti<\/strong><\/h2>\n\t\t\n<style>\n#text-2358778755 {\n  font-size: 1.35rem;\n  text-align: center;\n  color: rgb(255,255,255);\n}\n#text-2358778755 > * {\n  color: rgb(255,255,255);\n}\n<\/style>\n\t<\/div>\n\t\n<div class=\"text-center\"><div class=\"is-divider divider clearfix\" style=\"background-color:rgb(255, 255, 255);\"><\/div><\/div>\n\t\t<\/div>\n\t\t\t\t\n<style>\n#col-1181385530 > .col-inner {\n  margin: 0px 0px -20px 0px;\n}\n<\/style>\n\t<\/div>\n\n\t\n<\/div>\n<div class=\"row\"  id=\"row-1633956828\">\n\n\t<div id=\"col-304441643\" class=\"col small-12 large-12\"  >\n\t\t\t\t<div class=\"col-inner text-center\"  >\n\t\t\t\n\t\t\t\n<a href=\"\/sk\/shop\/\" class=\"button white\"  style=\"border-radius:99px;\">\n    <span>Zistite viac<\/span>\n  <\/a>\n\n\t\t<\/div>\n\t\t\t\t\n<style>\n#col-304441643 > .col-inner {\n  margin: 0px 0px -20px 0px;\n}\n<\/style>\n\t<\/div>\n\n\t\n<\/div>\n\t\t<\/div>\n\n\t\t\n<style>\n#section_1074126763 {\n  padding-top: 30px;\n  padding-bottom: 30px;\n  background-color: rgb(80, 107, 106);\n}\n<\/style>\n\t<\/section>\n\t\n\t<section class=\"section\" id=\"section_2003903139\">\n\t\t<div class=\"bg section-bg fill bg-fill  bg-loaded\" >\n\n\t\t\t\n\t\t\t\n\t\t\t\n\n\t\t<\/div>\n\n\t\t\n\n\t\t<div class=\"section-content relative\">\n\t\t\t\n<div class=\"row\"  id=\"row-1616438438\">\n\n\t<div id=\"col-1311159539\" class=\"col medium-6 small-12 large-6\"  >\n\t\t\t\t<div class=\"col-inner\"  >\n\t\t\t\n\t\t\t\n\t<div id=\"gap-120949028\" class=\"gap-element clearfix\" style=\"display:block; height:auto;\">\n\t\t\n<style>\n#gap-120949028 {\n  padding-top: 45px;\n}\n<\/style>\n\t<\/div>\n\t\n\t<div class=\"img has-hover x md-x lg-x y md-y lg-y\" id=\"image_1414926362\">\n\t\t\t\t\t\t\t\t<div class=\"img-inner image-cover dark\" style=\"padding-top:65%;\">\n\t\t\t<img loading=\"lazy\" decoding=\"async\" width=\"794\" height=\"510\" src=\"https:\/\/sinkwithfaucet.com\/wp-content\/uploads\/2024\/11\/48a630f0-9512-4231-a10d-eef0c336bb1f.jpg\" class=\"attachment-original size-original\" alt=\"Na\u0161e certifik\u00e1cie\" srcset=\"https:\/\/sinkwithfaucet.com\/wp-content\/uploads\/2024\/11\/48a630f0-9512-4231-a10d-eef0c336bb1f.jpg 794w, https:\/\/sinkwithfaucet.com\/wp-content\/uploads\/2024\/11\/48a630f0-9512-4231-a10d-eef0c336bb1f-300x193.jpg 300w, https:\/\/sinkwithfaucet.com\/wp-content\/uploads\/2024\/11\/48a630f0-9512-4231-a10d-eef0c336bb1f-768x493.jpg 768w, https:\/\/sinkwithfaucet.com\/wp-content\/uploads\/2024\/11\/48a630f0-9512-4231-a10d-eef0c336bb1f-18x12.jpg 18w, https:\/\/sinkwithfaucet.com\/wp-content\/uploads\/2024\/11\/48a630f0-9512-4231-a10d-eef0c336bb1f-600x385.jpg 600w\" sizes=\"auto, (max-width: 794px) 100vw, 794px\" title=\"\">\t\t\t\t\t\t\n\t\t\t\t\t<\/div>\n\t\t\t\t\t\t\t\t\n<style>\n#image_1414926362 {\n  width: 100%;\n}\n<\/style>\n\t<\/div>\n\t\n\t\t<\/div>\n\t\t\t\t\t<\/div>\n\n\t\n\n\t<div id=\"col-2011170337\" class=\"col medium-6 small-12 large-6\"  >\n\t\t\t\t<div class=\"col-inner\"  >\n\t\t\t\n\t\t\t\n<h2 class=\"elementor-divider__text elementor-divider__element\"><strong>Na\u0161e v\u00fdhody ako dod\u00e1vate\u013e kuchynsk\u00fdch drezov<\/strong><\/h2>\n<p data-sourcepos=\"7:1-7:45\"><strong>N\u00e1\u0161 z\u00e1v\u00e4zok ku kvalite a inov\u00e1ci\u00e1m:<\/strong><\/p>\n<ul data-sourcepos=\"9:1-12:0\">\n<li data-sourcepos=\"9:1-9:135\"><strong>Pokro\u010dil\u00e9 v\u00fdrobn\u00e9 zariadenia:<\/strong> Sme vybaven\u00ed najmodernej\u0161\u00edmi strojmi, ktor\u00e9 zabezpe\u010duj\u00fa presn\u00fa v\u00fdrobu a st\u00e1lu kvalitu.<\/li>\n<li data-sourcepos=\"10:1-10:131\"><strong>Neust\u00e1le zlep\u0161ovanie:<\/strong> Investujeme do v\u00fdskumu a v\u00fdvoja, aby sme udr\u017eali n\u00e1skok pred priemyseln\u00fdmi trendmi a pon\u00fakali inovat\u00edvne produkty.<\/li>\n<li data-sourcepos=\"11:1-12:0\"><strong>Zameranie na z\u00e1kazn\u00edka:<\/strong> Na\u0161\u00edm cie\u013eom je uspokoji\u0165 rozmanit\u00e9 potreby na\u0161ich z\u00e1kazn\u00edkov poskytovan\u00edm \u0161irok\u00e9ho sortimentu vysokokvalitn\u00fdch drezov z nehrdzavej\u00facej ocele.<\/li>\n<\/ul>\n<p data-sourcepos=\"13:1-13:22\"><strong>N\u00e1\u0161 sortiment v\u00fdrobkov:<\/strong><\/p>\n<ul data-sourcepos=\"15:1-18:0\">\n<li data-sourcepos=\"15:1-15:105\"><strong>Ru\u010dne vyr\u00e1ban\u00e9 drezy:<\/strong> Vyroben\u00e9 s prec\u00edznos\u0165ou a d\u00f4razom na detail pre jedine\u010dn\u00fd a osobn\u00fd vzh\u013ead.<\/li>\n<li data-sourcepos=\"17:1-18:0\"><strong>Strojovo vyr\u00e1ban\u00e9 drezy:<\/strong> Efekt\u00edvne vyr\u00e1ban\u00e9 pomocou modern\u00fdch v\u00fdrobn\u00fdch postupov pre konzistentn\u00fa kvalitu a cenov\u00fa dostupnos\u0165.<\/li>\n<\/ul>\n<a href=\"\/sk\/contact\/\" class=\"button primary\"  style=\"border-radius:99px;\">\n    <span>Pridajte sa k n\u00e1m teraz<\/span>\n  <\/a>\n\n\t\t<\/div>\n\t\t\t\t\t<\/div>\n\n\t\n<\/div>\n\t\t<\/div>\n\n\t\t\n<style>\n#section_2003903139 {\n  padding-top: 0px;\n  padding-bottom: 0px;\n}\n@media (min-width:550px) {\n  #section_2003903139 {\n    padding-top: 0px;\n    padding-bottom: 0px;\n  }\n}\n@media (min-width:850px) {\n  #section_2003903139 {\n    padding-top: 50px;\n    padding-bottom: 50px;\n  }\n}\n<\/style>\n\t<\/section>\n\t\n\t<section class=\"section\" id=\"section_351150145\">\n\t\t<div class=\"bg section-bg fill bg-fill  bg-loaded\" >\n\n\t\t\t\n\t\t\t\n\t\t\t\n\n\t\t<\/div>\n\n\t\t\n\n\t\t<div class=\"section-content relative\">\n\t\t\t\n<div class=\"row\"  id=\"row-622920605\">\n\n\t<div id=\"col-1495698898\" class=\"col small-12 large-12\"  >\n\t\t\t\t<div class=\"col-inner\"  >\n\t\t\t\n\t\t\t\n<h2 style=\"text-align: center;\">Pre\u010do si vybra\u0165 Dexing ako dod\u00e1vate\u013ea kuchynsk\u00fdch drezov?<\/h2>\n\t\t<\/div>\n\t\t\t\t\t<\/div>\n\n\t\n<\/div>\n<div class=\"row\"  id=\"row-474535663\">\n\n\t<div id=\"col-1234262312\" class=\"col medium-4 small-12 large-4\"  >\n\t\t\t\t<div class=\"col-inner\"  >\n\t\t\t\n\t\t\t\n\n\t\t<div class=\"icon-box featured-box icon-box-center text-center\"  >\n\t\t\t\t\t<div class=\"icon-box-img\" style=\"width: 98px\">\n\t\t\t\t<div class=\"icon\">\n\t\t\t\t\t<div class=\"icon-inner\" >\n\t\t\t\t\t\t<img loading=\"lazy\" decoding=\"async\" width=\"200\" height=\"200\" src=\"https:\/\/sinkwithfaucet.com\/wp-content\/uploads\/2024\/10\/quality.png\" class=\"attachment-medium size-medium\" alt=\"kvalita\" srcset=\"https:\/\/sinkwithfaucet.com\/wp-content\/uploads\/2024\/10\/quality.png 200w, https:\/\/sinkwithfaucet.com\/wp-content\/uploads\/2024\/10\/quality-150x150.png 150w, https:\/\/sinkwithfaucet.com\/wp-content\/uploads\/2024\/10\/quality-12x12.png 12w, https:\/\/sinkwithfaucet.com\/wp-content\/uploads\/2024\/10\/quality-100x100.png 100w\" sizes=\"auto, (max-width: 200px) 100vw, 200px\" title=\"\">\t\t\t\t\t<\/div>\n\t\t\t\t<\/div>\n\t\t\t<\/div>\n\t\t\t\t<div class=\"icon-box-text last-reset\">\n\t\t\t\t\t\t\t\t\t\n<h3><strong>Zabezpe\u010denie kvality<\/strong><\/h3>\n<p>N\u00e1\u0161 z\u00e1v\u00e4zok vo\u010di kvalite v\u00e1m zaru\u010duje, \u017ee dostanete spo\u013eahliv\u00fd a odoln\u00fd v\u00fdrobok.<\/p>\n\t\t<\/div>\n\t<\/div>\n\t\n\t\n\t\t<\/div>\n\t\t\t\t\t<\/div>\n\n\t\n\n\t<div id=\"col-862564924\" class=\"col medium-4 small-12 large-4\"  >\n\t\t\t\t<div class=\"col-inner\"  >\n\t\t\t\n\t\t\t\n\n\t\t<div class=\"icon-box featured-box icon-box-center text-center\"  >\n\t\t\t\t\t<div class=\"icon-box-img\" style=\"width: 98px\">\n\t\t\t\t<div class=\"icon\">\n\t\t\t\t\t<div class=\"icon-inner\" >\n\t\t\t\t\t\t<img loading=\"lazy\" decoding=\"async\" width=\"200\" height=\"200\" src=\"https:\/\/sinkwithfaucet.com\/wp-content\/uploads\/2024\/10\/customization.png\" class=\"attachment-medium size-medium\" alt=\"prisp\u00f4sobenie\" srcset=\"https:\/\/sinkwithfaucet.com\/wp-content\/uploads\/2024\/10\/customization.png 200w, https:\/\/sinkwithfaucet.com\/wp-content\/uploads\/2024\/10\/customization-150x150.png 150w, https:\/\/sinkwithfaucet.com\/wp-content\/uploads\/2024\/10\/customization-12x12.png 12w, https:\/\/sinkwithfaucet.com\/wp-content\/uploads\/2024\/10\/customization-100x100.png 100w\" sizes=\"auto, (max-width: 200px) 100vw, 200px\" title=\"\">\t\t\t\t\t<\/div>\n\t\t\t\t<\/div>\n\t\t\t<\/div>\n\t\t\t\t<div class=\"icon-box-text last-reset\">\n\t\t\t\t\t\t\t\t\t\n<h3><a href=\"https:\/\/sinkwithfaucet.com\/sk\/stainless-kitchen-sink-oem-service\/\"><strong>Mo\u017enosti prisp\u00f4sobenia<\/strong><\/a><\/h3>\n<p>Pon\u00fakame r\u00f4zne \u0161t\u00fdly, ve\u013ekosti a povrchov\u00e9 \u00fapravy, ktor\u00e9 sp\u013a\u0148aj\u00fa va\u0161e \u0161pecifick\u00e9 potreby.<\/p>\n\t\t<\/div>\n\t<\/div>\n\t\n\t\n\t\t<\/div>\n\t\t\t\t\t<\/div>\n\n\t\n\n\t<div id=\"col-36714907\" class=\"col medium-4 small-12 large-4\"  >\n\t\t\t\t<div class=\"col-inner\"  >\n\t\t\t\n\t\t\t\n\n\t\t<div class=\"icon-box featured-box icon-box-center text-center\"  >\n\t\t\t\t\t<div class=\"icon-box-img\" style=\"width: 98px\">\n\t\t\t\t<div class=\"icon\">\n\t\t\t\t\t<div class=\"icon-inner\" >\n\t\t\t\t\t\t<img loading=\"lazy\" decoding=\"async\" width=\"200\" height=\"200\" src=\"https:\/\/sinkwithfaucet.com\/wp-content\/uploads\/2024\/10\/customer-service-fill.png\" class=\"attachment-medium size-medium\" alt=\"slu\u017eby z\u00e1kazn\u00edkom\" srcset=\"https:\/\/sinkwithfaucet.com\/wp-content\/uploads\/2024\/10\/customer-service-fill.png 200w, https:\/\/sinkwithfaucet.com\/wp-content\/uploads\/2024\/10\/customer-service-fill-150x150.png 150w, https:\/\/sinkwithfaucet.com\/wp-content\/uploads\/2024\/10\/customer-service-fill-12x12.png 12w, https:\/\/sinkwithfaucet.com\/wp-content\/uploads\/2024\/10\/customer-service-fill-100x100.png 100w\" sizes=\"auto, (max-width: 200px) 100vw, 200px\" title=\"\">\t\t\t\t\t<\/div>\n\t\t\t\t<\/div>\n\t\t\t<\/div>\n\t\t\t\t<div class=\"icon-box-text last-reset\">\n\t\t\t\t\t\t\t\t\t\n<h3><strong>Vynikaj\u00faci z\u00e1kazn\u00edcky servis<\/strong><\/h3>\n<p>N\u00e1\u0161 \u0161pecializovan\u00fd t\u00edm v\u00e1m v\u017edy pom\u00f4\u017ee s va\u0161imi ot\u00e1zkami a poskytne v\u00e1m individu\u00e1lnu podporu.<\/p>\n\t\t<\/div>\n\t<\/div>\n\t\n\t\n\t\t<\/div>\n\t\t\t\t\t<\/div>\n\n\t\n<\/div>\n\t\t<\/div>\n\n\t\t\n<style>\n#section_351150145 {\n  padding-top: 30px;\n  padding-bottom: 30px;\n  background-color: rgb(240, 252, 249);\n}\n<\/style>\n\t<\/section>","protected":false},"excerpt":{"rendered":"","protected":false},"author":3,"featured_media":2165,"parent":0,"menu_order":0,"comment_status":"closed","ping_status":"closed","template":"page-blank.php","meta":{"footnotes":""},"class_list":["post-25","page","type-page","status-publish","has-post-thumbnail","hentry"],"_links":{"self":[{"href":"https:\/\/sinkwithfaucet.com\/sk\/wp-json\/wp\/v2\/pages\/25","targetHints":{"allow":["GET"]}}],"collection":[{"href":"https:\/\/sinkwithfaucet.com\/sk\/wp-json\/wp\/v2\/pages"}],"about":[{"href":"https:\/\/sinkwithfaucet.com\/sk\/wp-json\/wp\/v2\/types\/page"}],"author":[{"embeddable":true,"href":"https:\/\/sinkwithfaucet.com\/sk\/wp-json\/wp\/v2\/users\/3"}],"replies":[{"embeddable":true,"href":"https:\/\/sinkwithfaucet.com\/sk\/wp-json\/wp\/v2\/comments?post=25"}],"version-history":[{"count":38,"href":"https:\/\/sinkwithfaucet.com\/sk\/wp-json\/wp\/v2\/pages\/25\/revisions"}],"predecessor-version":[{"id":2726,"href":"https:\/\/sinkwithfaucet.com\/sk\/wp-json\/wp\/v2\/pages\/25\/revisions\/2726"}],"wp:featuredmedia":[{"embeddable":true,"href":"https:\/\/sinkwithfaucet.com\/sk\/wp-json\/wp\/v2\/media\/2165"}],"wp:attachment":[{"href":"https:\/\/sinkwithfaucet.com\/sk\/wp-json\/wp\/v2\/media?parent=25"}],"curies":[{"name":"wp","href":"https:\/\/api.w.org\/{rel}","templated":true}]}}