{"id":2050,"date":"2024-10-19T09:28:07","date_gmt":"2024-10-19T09:28:07","guid":{"rendered":"https:\/\/sinkwithfaucet.com\/?page_id=2050"},"modified":"2024-11-11T08:47:26","modified_gmt":"2024-11-11T08:47:26","slug":"faqs-about-kitchen-sink","status":"publish","type":"page","link":"https:\/\/sinkwithfaucet.com\/sk\/faqs-about-kitchen-sink\/","title":{"rendered":"\u010casto kladen\u00e9 ot\u00e1zky"},"content":{"rendered":"<div class=\"banner has-hover has-parallax\" id=\"banner-778738526\">\n          <div class=\"banner-inner fill\">\n        <div class=\"banner-bg fill\" data-parallax=\"-3\" data-parallax-container=\".banner\" data-parallax-background>\n            <div class=\"bg fill bg-fill\"><\/div>\n                                    \n                    <\/div>\n\t\t\n        <div class=\"banner-layers container\">\n            <div class=\"fill banner-link\"><\/div>            \n   <div id=\"text-box-1780353154\" class=\"text-box banner-layer x50 md-x50 lg-x50 y50 md-y50 lg-y50 res-text\">\n                     <div data-animate=\"fadeInLeft\">           <div class=\"text-box-content text dark\">\n              \n              <div class=\"text-inner text-center\">\n                  \n<h1 style=\"text-align: center;\">\u010casto kladen\u00e9 ot\u00e1zky<\/h1>\n              <\/div>\n           <\/div>\n       <\/div>                     \n<style>\n#text-box-1780353154 {\n  width: 80%;\n}\n#text-box-1780353154 .text-box-content {\n  font-size: 100%;\n}\n@media (min-width:550px) {\n  #text-box-1780353154 {\n    width: 41%;\n  }\n}\n<\/style>\n    <\/div>\n \n        <\/div>\n      <\/div>\n\n            \n<style>\n#banner-778738526 {\n  padding-top: 145px;\n}\n#banner-778738526 .bg.bg-loaded {\n  background-image: 8950;\n}\n#banner-778738526 .overlay {\n  background-color: rgba(0, 0, 0, 0.3);\n}\n#banner-778738526 .bg {\n  background-position: 35% 23%;\n}\n<\/style>\n  <\/div>\n\n\n\t<section class=\"section\" id=\"section_1473426254\">\n\t\t<div class=\"bg section-bg fill bg-fill  bg-loaded\" >\n\n\t\t\t\n\t\t\t\n\t\t\t\n\n\t\t<\/div>\n\n\t\t\n\n\t\t<div class=\"section-content relative\">\n\t\t\t\n<div class=\"row\"  id=\"row-885580680\">\n\n\t<div id=\"col-187726204\" class=\"col small-12 large-12\"  >\n\t\t\t\t<div class=\"col-inner\"  >\n\t\t\t\n\t\t\t\n<h3 data-sourcepos=\"3:1-3:58\"><strong>1. Prisp\u00f4sobte si svoju kuchy\u0148u pomocou tla\u010de vlastn\u00e9ho loga<\/strong><\/h3>\n<p data-sourcepos=\"5:1-5:170\">Vylep\u0161ite svoju zna\u010dku pomocou na\u0161ej slu\u017eby tla\u010de loga na z\u00e1kazku. Va\u0161e logo m\u00f4\u017eeme vytla\u010di\u0165 laserom alebo \u010diernou farbou priamo na na\u0161e nerezov\u00e9 kuchynsk\u00e9 drezy a bat\u00e9rie.<\/p>\n<p data-sourcepos=\"7:1-7:150\">Ak chcete za\u010da\u0165, jednoducho n\u00e1m poskytnite list s povolen\u00edm na pou\u017e\u00edvanie loga. V spolupr\u00e1ci s vami vytvor\u00edme jedine\u010dn\u00fd zna\u010dkov\u00fd produkt, ktor\u00fd v\u00e1s odl\u00ed\u0161i.<\/p>\n<h3 data-sourcepos=\"9:1-9:50\"><strong>2. Kuchynsk\u00e9 rie\u0161enia na mieru, presne pre v\u00e1s<\/strong><\/h3>\n<p data-sourcepos=\"11:1-11:134\">Potrebujete kuchynsk\u00fd drez, ktor\u00fd bude rovnako jedine\u010dn\u00fd ako v\u00e1\u0161 priestor? N\u00e1\u0161 sk\u00fasen\u00fd dizajn\u00e9rsky t\u00edm v\u00e1m vytvor\u00ed drez na mieru presne pod\u013ea va\u0161ich po\u017eiadaviek.<\/p>\n<p data-sourcepos=\"13:1-13:176\">V\u010faka viac ako 5 a\u017e 10 rokom sk\u00fasenost\u00ed v odvetv\u00ed neust\u00e1le inovujeme a zav\u00e1dzame nov\u00e9 produktov\u00e9 rady. Kontaktujte n\u00e1s e\u0161te dnes a prediskutujte s nami va\u0161e potreby t\u00fdkaj\u00face sa kuchynsk\u00fdch drezov alebo bat\u00e9ri\u00ed na mieru.<\/p>\n<h3 data-sourcepos=\"15:1-15:41\"><strong>3. Zaru\u010den\u00e1 kvalita a \u00fa\u010dinnos\u0165<\/strong><\/h3>\n<p data-sourcepos=\"17:1-17:173\">V spolo\u010dnosti Dexing sa sna\u017e\u00edme poskytova\u0165 v\u00fdnimo\u010dn\u00fa kvalitu a efektivitu. N\u00e1\u0161 v\u00fdrobn\u00fd proces certifikovan\u00fd pod\u013ea normy ISO9001 zaru\u010duje, \u017ee ka\u017ed\u00fd v\u00fdrobok sp\u013a\u0148a najvy\u0161\u0161ie \u0161tandardy.<\/p>\n<p data-sourcepos=\"19:1-19:112\">Od vstupn\u00fdch materi\u00e1lov a\u017e po kone\u010dn\u00fa kontrolu starostlivo monitorujeme ka\u017ed\u00fd krok, aby sme zaru\u010dili bezchybn\u00fd v\u00fdrobok.<\/p>\n<h3 data-sourcepos=\"21:1-21:45\"><strong>4. Kompletn\u00e9 kuchynsk\u00e9 rie\u0161enia, zjednodu\u0161en\u00e9<\/strong><\/h3>\n<p data-sourcepos=\"23:1-23:190\">Okrem na\u0161ich prvotriednych kuchynsk\u00fdch drezov pon\u00fakame \u0161irok\u00fd sortiment pr\u00edslu\u0161enstva na doplnenie va\u0161ej kuchyne. M\u00e1me v\u0161etko, \u010do potrebujete - od bat\u00e9ri\u00ed a odtokov\u00fdch kanv\u00edc a\u017e po d\u00e1vkova\u010de mydla a dosky na kr\u00e1janie.<\/p>\n<p data-sourcepos=\"25:1-25:97\">Vyberte si komplexn\u00e9 kuchynsk\u00e9 rie\u0161enie Dexing, ktor\u00e9 sp\u00e1ja \u0161t\u00fdl, funk\u010dnos\u0165 a odolnos\u0165.<\/p>\n<h3 data-sourcepos=\"27:1-27:40\"><strong>5. Umenie ru\u010dnej v\u00fdroby kuchynsk\u00fdch drezov<\/strong><\/h3>\n<p data-sourcepos=\"29:1-29:150\">Spoznajte kr\u00e1su a remeseln\u00e9 spracovanie ru\u010dne vyr\u00e1ban\u00e9ho kuchynsk\u00e9ho drezu. Ka\u017ed\u00fd drez je jedine\u010dn\u00fdm umeleck\u00fdm dielom, starostlivo vyroben\u00fdm s d\u00f4razom na detail.<\/p>\n<p data-sourcepos=\"31:1-31:31\"><strong>Pre\u010do si vybra\u0165 ru\u010dne vyr\u00e1ban\u00fd drez?<\/strong><\/p>\n<ul data-sourcepos=\"33:1-36:0\">\n<li data-sourcepos=\"33:1-33:65\"><strong>V\u00fdrazn\u00fd \u0161t\u00fdl:<\/strong> Dodajte svojej kuchyni n\u00e1dych elegancie.<\/li>\n<li data-sourcepos=\"34:1-34:67\"><strong>Vynikaj\u00face remeseln\u00e9 spracovanie:<\/strong> Vyroben\u00e9 z prvotriednych materi\u00e1lov.<\/li>\n<li data-sourcepos=\"35:1-36:0\"><strong>Personalizovan\u00fd dizajn:<\/strong> Vytvorte si um\u00fdvadlo, ktor\u00e9 bude jedine\u010dn\u00e9.<\/li>\n<\/ul>\n<p data-sourcepos=\"37:1-37:66\">Investujte do ru\u010dne vyroben\u00e9ho kuchynsk\u00e9ho drezu a pozdvihnite svoj kulin\u00e1rsky priestor.<\/p>\n\t\t<\/div>\n\t\t\t\t\t<\/div>\n\n\t\n<\/div>\n\t\t<\/div>\n\n\t\t\n<style>\n#section_1473426254 {\n  padding-top: 30px;\n  padding-bottom: 30px;\n}\n<\/style>\n\t<\/section>\n\t\n\t<section class=\"section\" id=\"section_1584136517\">\n\t\t<div class=\"bg section-bg fill bg-fill  bg-loaded\" >\n\n\t\t\t\n\t\t\t\n\t\t\t\n\n\t\t<\/div>\n\n\t\t\n\n\t\t<div class=\"section-content relative\">\n\t\t\t\n<div class=\"row\"  id=\"row-1956600289\">\n\n\t<div id=\"col-1098822495\" class=\"col small-12 large-12\"  >\n\t\t\t\t<div class=\"col-inner\"  >\n\t\t\t\n\t\t\t\n<h2 style=\"text-align: center;\">Kontaktujte n\u00e1s<\/h2>\n<p style=\"text-align: center;\">Z\u00edska\u0165 najnov\u0161iu cenu? Odpovieme v\u00e1m \u010do najsk\u00f4r (do 12 hod\u00edn)<\/p>\n\t\t<\/div>\n\t\t\t\t\t<\/div>\n\n\t\n<\/div>\n<div class=\"row\"  id=\"row-226942741\">\n\n\t<div id=\"col-1299661166\" class=\"col small-12 large-12\"  >\n\t\t\t\t<div class=\"col-inner\"  >\n\t\t\t\n\t\t\t\n\n<div class=\"wpcf7 no-js\" id=\"wpcf7-f280-o1\" lang=\"en-US\" dir=\"ltr\" data-wpcf7-id=\"280\">\n<div class=\"screen-reader-response\"><p role=\"status\" aria-live=\"polite\" aria-atomic=\"true\"><\/p> <ul><\/ul><\/div>\n<form action=\"\/sk\/wp-json\/wp\/v2\/pages\/2050#wpcf7-f280-o1\" method=\"post\" class=\"wpcf7-form init\" aria-label=\"Kontaktn\u00fd formul\u00e1r\" novalidate=\"novalidate\" data-status=\"init\" data-trp-original-action=\"\/sk\/wp-json\/wp\/v2\/pages\/2050#wpcf7-f280-o1\">\n<fieldset class=\"hidden-fields-container\"><input type=\"hidden\" name=\"_wpcf7\" value=\"280\" \/><input type=\"hidden\" name=\"_wpcf7_version\" value=\"6.1\" \/><input type=\"hidden\" name=\"_wpcf7_locale\" value=\"en_US\" \/><input type=\"hidden\" name=\"_wpcf7_unit_tag\" value=\"wpcf7-f280-o1\" \/><input type=\"hidden\" name=\"_wpcf7_container_post\" value=\"0\" \/><input type=\"hidden\" name=\"_wpcf7_posted_data_hash\" value=\"\" \/>\n<\/fieldset>\n<div class='custom_contact_style'>\n\t<div class=\"row row-small\">\n\t\t<div class=\"col medium-6 small-12 large-6\">\n\t\t\t<div class=\"col-inner\">\n\t\t\t\t<p><span class=\"wpcf7-form-control-wrap\" data-name=\"your-name\"><input size=\"40\" maxlength=\"400\" class=\"wpcf7-form-control wpcf7-text wpcf7-validates-as-required\" aria-required=\"true\" aria-invalid=\"false\" placeholder=\"N\u00e1zov*\" value=\"\" type=\"text\" name=\"your-name\" \/><\/span>\n\t\t\t\t<\/p>\n\t\t\t<\/div>\n\t\t<\/div>\n\t\t<div class=\"col medium-6 small-12 large-6\">\n\t\t\t<div class=\"col-inner\">\n\t\t\t\t<p><span class=\"wpcf7-form-control-wrap\" data-name=\"your-email\"><input size=\"40\" maxlength=\"400\" class=\"wpcf7-form-control wpcf7-email wpcf7-validates-as-required wpcf7-text wpcf7-validates-as-email\" aria-required=\"true\" aria-invalid=\"false\" placeholder=\"E-mail*\" value=\"\" type=\"email\" name=\"your-email\" \/><\/span>\n\t\t\t\t<\/p>\n\t\t\t<\/div>\n\t\t<\/div>\n\t<\/div>\n\t<div class='cus_contact_form_bottom'>\n\t\t<p><span class=\"wpcf7-form-control-wrap\" data-name=\"your-phone\"><input size=\"40\" maxlength=\"400\" class=\"wpcf7-form-control wpcf7-text\" aria-invalid=\"false\" placeholder=\"Telef\u00f3n\" value=\"\" type=\"text\" name=\"your-phone\" \/><\/span>\n\t\t<\/p>\n\t<\/div>\n\t<div class='cus_contact_form_bottom'>\n\t\t<p><span class=\"wpcf7-form-control-wrap\" data-name=\"your-country\"><input size=\"40\" maxlength=\"400\" class=\"wpcf7-form-control wpcf7-text\" aria-invalid=\"false\" placeholder=\"Krajina\" value=\"\" type=\"text\" name=\"your-country\" \/><\/span>\n\t\t<\/p>\n\t<\/div>\n\t<p><span class=\"wpcf7-form-control-wrap\" data-name=\"your-message\"><textarea cols=\"40\" rows=\"10\" maxlength=\"2000\" class=\"wpcf7-form-control wpcf7-textarea wpcf7-validates-as-required\" aria-required=\"true\" aria-invalid=\"false\" placeholder=\"Va\u0161a spr\u00e1va *\" name=\"your-message\"><\/textarea><\/span>\n\t<\/p>\n\t<div style=\"margin-bottom:10px;\">\n\t\t<p><span class=\"wpcf7-form-control-wrap kc_captcha cf7ic-toggle\" data-name=\"kc_captcha\"><span class=\"wpcf7-form-control wpcf7-radio\"><span class=\"captcha-image\" style=\"display: none;\"><span class=\"cf7ic_instructions\">Pros\u00edm, preuk\u00e1\u017ete, \u017ee ste \u010dlovek, v\u00fdberom<span> k\u013e\u00fa\u010d<\/span>.<\/span><label><input aria-label=\"1\" type=\"radio\" name=\"kc_captcha\" value=\"bot\" \/><svg aria-hidden=\"true\" role=\"img\" xmlns=\"http:\/\/www.w3.org\/2000\/svg\" viewbox=\"0 0 512 512\"><path fill=\"currentColor\" d=\"M500 168h-55l-8-21a127 127 0 00-120-83H195a127 127 0 00-120 83l-8 21H12c-8 0-14 8-11 16l8 24a12 12 0 0011 8h29a64 64 0 00-33 56v48c0 16 6 31 16 42v62c0 13 11 24 24 24h48c13 0 24-11 24-24v-40h256v40c0 13 11 24 24 24h48c13 0 24-11 24-24v-62c10-11 16-26 16-42v-48c0-24-13-45-33-56h29a12 12 0 0011-8l8-24c3-8-3-16-11-16zm-365 2c9-25 33-42 60-42h122c27 0 51 17 60 42l15 38H120l15-38zM88 328a32 32 0 010-64c18 0 48 30 48 48s-30 16-48 16zm336 0c-18 0-48 2-48-16s30-48 48-48 32 14 32 32-14 32-32 32z\"\/><\/svg><\/label><label><input aria-label=\"2\" type=\"radio\" name=\"kc_captcha\" value=\"kc_human\" \/><svg aria-hidden=\"true\" role=\"img\" xmlns=\"http:\/\/www.w3.org\/2000\/svg\" viewbox=\"0 0 512 512\"><path fill=\"currentColor\" d=\"M512 176a176 176 0 01-209 173l-24 27a24 24 0 01-18 8h-37v40c0 13-11 24-24 24h-40v40c0 13-11 24-24 24H24c-13 0-24-11-24-24v-78c0-6 3-13 7-17l162-162a176 176 0 11343-55zm-176-48a48 48 0 1096 0 48 48 0 00-96 0z\"\/><\/svg><\/label><label><input aria-label=\"3\" type=\"radio\" name=\"kc_captcha\" value=\"bot\" \/><svg aria-hidden=\"true\" role=\"img\" xmlns=\"http:\/\/www.w3.org\/2000\/svg\" viewbox=\"0 0 640 512\"><path fill=\"currentColor\" d=\"M624 352h-16V244c0-13-5-25-14-34L494 110c-9-9-21-14-34-14h-44V48c0-26-21-48-48-48H48C22 0 0 22 0 48v320c0 27 22 48 48 48h16a96 96 0 00192 0h128a96 96 0 00192 0h48c9 0 16-7 16-16v-32c0-9-7-16-16-16zM160 464a48 48 0 110-96 48 48 0 010 96zm320 0a48 48 0 110-96 48 48 0 010 96zm80-208H416V144h44l100 100v12z\"\/><\/svg><\/label>\r\n    <\/span>\r\n    <span style=\"display:none\">\r\n        <input type=\"text\" name=\"kc_honeypot\">\r\n    <\/span><\/span><\/span>\n\t\t<\/p>\n\t<\/div>\n\t<p><input class=\"wpcf7-form-control wpcf7-submit has-spinner\" type=\"submit\" value=\"Odosla\u0165 spr\u00e1vu\" \/>\n\t<\/p>\n<\/div><div class=\"wpcf7-response-output\" aria-hidden=\"true\"><\/div>\n<input type=\"hidden\" name=\"trp-form-language\" value=\"sk\"\/><\/form>\n<\/div>\n\n\t\t<\/div>\n\t\t\t\t\t<\/div>\n\n\t\n<\/div>\n\t\t<\/div>\n\n\t\t\n<style>\n#section_1584136517 {\n  padding-top: 30px;\n  padding-bottom: 30px;\n  background-color: rgba(216, 247, 240, 0.39);\n}\n<\/style>\n\t<\/section>","protected":false},"excerpt":{"rendered":"","protected":false},"author":4,"featured_media":2076,"parent":0,"menu_order":0,"comment_status":"closed","ping_status":"closed","template":"page-blank.php","meta":{"footnotes":""},"class_list":["post-2050","page","type-page","status-publish","has-post-thumbnail","hentry"],"_links":{"self":[{"href":"https:\/\/sinkwithfaucet.com\/sk\/wp-json\/wp\/v2\/pages\/2050","targetHints":{"allow":["GET"]}}],"collection":[{"href":"https:\/\/sinkwithfaucet.com\/sk\/wp-json\/wp\/v2\/pages"}],"about":[{"href":"https:\/\/sinkwithfaucet.com\/sk\/wp-json\/wp\/v2\/types\/page"}],"author":[{"embeddable":true,"href":"https:\/\/sinkwithfaucet.com\/sk\/wp-json\/wp\/v2\/users\/4"}],"replies":[{"embeddable":true,"href":"https:\/\/sinkwithfaucet.com\/sk\/wp-json\/wp\/v2\/comments?post=2050"}],"version-history":[{"count":11,"href":"https:\/\/sinkwithfaucet.com\/sk\/wp-json\/wp\/v2\/pages\/2050\/revisions"}],"predecessor-version":[{"id":2632,"href":"https:\/\/sinkwithfaucet.com\/sk\/wp-json\/wp\/v2\/pages\/2050\/revisions\/2632"}],"wp:featuredmedia":[{"embeddable":true,"href":"https:\/\/sinkwithfaucet.com\/sk\/wp-json\/wp\/v2\/media\/2076"}],"wp:attachment":[{"href":"https:\/\/sinkwithfaucet.com\/sk\/wp-json\/wp\/v2\/media?parent=2050"}],"curies":[{"name":"wp","href":"https:\/\/api.w.org\/{rel}","templated":true}]}}