{"id":2662,"date":"2024-11-11T10:24:59","date_gmt":"2024-11-11T10:24:59","guid":{"rendered":"https:\/\/sinkwithfaucet.com\/?post_type=product&#038;p=2662"},"modified":"2024-11-11T10:24:59","modified_gmt":"2024-11-11T10:24:59","slug":"single-hole-kitchen-sink-faucet-1203","status":"publish","type":"product","link":"https:\/\/sinkwithfaucet.com\/ro\/single-hole-kitchen-sink-faucet-1203\/","title":{"rendered":"Robinet pentru chiuveta de buc\u0103t\u0103rie cu o singur\u0103 gaur\u0103 1203"},"content":{"rendered":"<p data-sourcepos=\"1:1-1:198\">Un robinet pentru chiuveta de buc\u0103t\u0103rie cu o singur\u0103 gaur\u0103 este o alegere popular\u0103 pentru buc\u0103t\u0103riile moderne datorit\u0103 designului s\u0103u elegant \u0219i minimalist. Este proiectat s\u0103 se potriveasc\u0103 \u00eentr-o singur\u0103 gaur\u0103 \u00een blatul dvs., ceea ce face instalarea u\u0219oar\u0103.<\/p>\n<h2 data-sourcepos=\"3:1-3:48\">Caracteristici principale ale robinetelor pentru chiuvete de buc\u0103t\u0103rie cu o singur\u0103 gaur\u0103:<\/h2>\n<ul data-sourcepos=\"5:1-10:0\">\n<li data-sourcepos=\"5:1-5:81\"><strong>Design elegant:<\/strong> Designul cu o singur\u0103 gaur\u0103 creeaz\u0103 un aspect curat \u0219i contemporan.<\/li>\n<li data-sourcepos=\"6:1-6:66\"><strong>Instalare u\u0219oar\u0103:<\/strong> Simplu de instalat, \u00een special pentru cei care se ocup\u0103 de bricolaj.<\/li>\n<li data-sourcepos=\"7:1-7:119\"><strong>Varietate de stiluri:<\/strong> Disponibil \u00een diferite stiluri, de la modern la tradi\u021bional, pentru a se potrivi cu diferite estetici de buc\u0103t\u0103rie.<\/li>\n<li data-sourcepos=\"8:1-8:111\"><strong>Durabilitate:<\/strong> Fabricat din materiale de \u00eenalt\u0103 calitate, cum ar fi alama \u0219i o\u021belul inoxidabil, pentru performan\u021b\u0103 de lung\u0103 durat\u0103.<\/li>\n<li data-sourcepos=\"9:1-10:0\"><strong>\u00centre\u021binere u\u0219oar\u0103:<\/strong> Simplu de cur\u0103\u021bat \u0219i \u00eentre\u021binut.<\/li>\n<\/ul>\n<h2 data-sourcepos=\"11:1-11:41\">Tipuri de robinete pentru chiuvete de buc\u0103t\u0103rie cu o singur\u0103 gaur\u0103:<\/h2>\n<ul data-sourcepos=\"13:1-16:0\">\n<li data-sourcepos=\"13:1-13:108\"><strong>Robinete cu un singur m\u00e2ner:<\/strong> Ofer\u0103 un control u\u0219or at\u00e2t al temperaturii apei, c\u00e2t \u0219i al debitului cu un singur levier.<\/li>\n<li data-sourcepos=\"14:1-14:106\"><strong>Robinete Pull-Down:<\/strong> Dispune de un g\u00e2t flexibil care poate fi tras \u00een jos pentru o mai mare accesibilitate \u0219i versatilitate.<\/li>\n<li data-sourcepos=\"15:1-16:0\"><strong>Robinete f\u0103r\u0103 contact:<\/strong> Ofer\u0103 operare f\u0103r\u0103 m\u00e2ini pentru o igien\u0103 \u00eembun\u0103t\u0103\u021bit\u0103.<\/li>\n<\/ul>\n<h2 data-sourcepos=\"17:1-17:59\">Factori de luat \u00een considerare la alegerea unui robinet cu un singur orificiu:<\/h2>\n<ul data-sourcepos=\"19:1-23:0\">\n<li data-sourcepos=\"19:1-19:114\"><strong>\u00cen\u0103l\u021bime gura de scurgere:<\/strong> Asigura\u021bi-v\u0103 c\u0103 \u00een\u0103l\u021bimea gurii de scurgere este adecvat\u0103 pentru ad\u00e2ncimea chiuvetei dvs. \u0219i pentru dimensiunea oalelor \u0219i tig\u0103ilor pe care le utiliza\u021bi.<\/li>\n<li data-sourcepos=\"20:1-20:116\"><strong>Finisaj:<\/strong> Alege\u021bi un finisaj care completeaz\u0103 stilul buc\u0103t\u0103riei dvs., cum ar fi crom, nichel periat sau negru mat.<\/li>\n<li data-sourcepos=\"21:1-21:78\"><strong>Presiunea apei:<\/strong> Asigura\u021bi-v\u0103 c\u0103 robinetul poate suporta presiunea apei din locuin\u021ba dvs.<\/li>\n<li data-sourcepos=\"22:1-23:0\"><strong>Instalare:<\/strong> Lua\u021bi \u00een considerare metoda de instalare \u0219i conexiunile sanitare necesare.<\/li>\n<\/ul>\n<p data-sourcepos=\"24:1-24:147\">Lu\u00e2nd \u00een considerare cu aten\u021bie ace\u0219ti factori, pute\u021bi selecta un robinet de buc\u0103t\u0103rie cu o singur\u0103 gaur\u0103 care \u00eembun\u0103t\u0103\u021be\u0219te at\u00e2t func\u021bionalitatea, c\u00e2t \u0219i stilul buc\u0103t\u0103riei dumneavoastr\u0103.<\/p>","protected":false},"excerpt":{"rendered":"<table style=\"height: 407px;\" width=\"704\">\n<tbody>\n<tr>\n<td width=\"808\">1 Dimensiuni generale ale robinetului<\/td>\n<td width=\"1177\">380*225mm<\/td>\n<\/tr>\n<tr>\n<td width=\"808\">2 Robinet Greutate net\u0103<\/td>\n<td width=\"1177\">2kgs<\/td>\n<\/tr>\n<tr>\n<td width=\"808\">3 Robinet cu cutie Greutate brut\u0103<\/td>\n<td width=\"1177\">2.5kgs<\/td>\n<\/tr>\n<tr>\n<td width=\"808\">4 Dimensiunea cutiei<\/td>\n<td width=\"1177\">54*32*26mm<\/td>\n<\/tr>\n<tr>\n<td width=\"808\">5 Ambalare<\/td>\n<td width=\"1177\">4PCS\/CTN; 10PCS\/CTN; 12PCS\/CTN<\/td>\n<\/tr>\n<tr>\n<td width=\"808\">6 Lungimea furtunului de admisie<\/td>\n<td width=\"1177\">60mm<\/td>\n<\/tr>\n<tr>\n<td width=\"808\">7 Dimensiunea piuli\u021bei conductei de ap\u0103<\/td>\n<td width=\"1177\">3\/8\u2033 sau 1\/2\u2033 sau 9\/16\u2033<\/td>\n<\/tr>\n<tr>\n<td width=\"808\">8 Dimensiunea t\u0103ieturii orificiului de montare<\/td>\n<td width=\"1177\">35mm<\/td>\n<\/tr>\n<tr>\n<td width=\"808\">9 Materiale pentru robinete<\/td>\n<td width=\"1177\">F\u0103r\u0103 plumb Premium 304 America Standard Stainless<br \/>\no\u021bel<\/td>\n<\/tr>\n<\/tbody>\n<\/table>","protected":false},"featured_media":2663,"template":"","meta":[],"product_brand":[],"product_cat":[57],"product_tag":[],"class_list":{"0":"post-2662","1":"product","2":"type-product","3":"status-publish","4":"has-post-thumbnail","6":"product_cat-stainless-steel-faucet","8":"first","9":"instock","10":"shipping-taxable","11":"product-type-simple"},"_links":{"self":[{"href":"https:\/\/sinkwithfaucet.com\/ro\/wp-json\/wp\/v2\/product\/2662","targetHints":{"allow":["GET"]}}],"collection":[{"href":"https:\/\/sinkwithfaucet.com\/ro\/wp-json\/wp\/v2\/product"}],"about":[{"href":"https:\/\/sinkwithfaucet.com\/ro\/wp-json\/wp\/v2\/types\/product"}],"wp:featuredmedia":[{"embeddable":true,"href":"https:\/\/sinkwithfaucet.com\/ro\/wp-json\/wp\/v2\/media\/2663"}],"wp:attachment":[{"href":"https:\/\/sinkwithfaucet.com\/ro\/wp-json\/wp\/v2\/media?parent=2662"}],"wp:term":[{"taxonomy":"product_brand","embeddable":true,"href":"https:\/\/sinkwithfaucet.com\/ro\/wp-json\/wp\/v2\/product_brand?post=2662"},{"taxonomy":"product_cat","embeddable":true,"href":"https:\/\/sinkwithfaucet.com\/ro\/wp-json\/wp\/v2\/product_cat?post=2662"},{"taxonomy":"product_tag","embeddable":true,"href":"https:\/\/sinkwithfaucet.com\/ro\/wp-json\/wp\/v2\/product_tag?post=2662"}],"curies":[{"name":"wp","href":"https:\/\/api.w.org\/{rel}","templated":true}]}}