{"id":2660,"date":"2024-11-11T10:19:02","date_gmt":"2024-11-11T10:19:02","guid":{"rendered":"https:\/\/sinkwithfaucet.com\/?post_type=product&#038;p=2660"},"modified":"2024-12-27T03:10:06","modified_gmt":"2024-12-27T03:10:06","slug":"single-handle-pull-out-sprayer-kitchen-faucet","status":"publish","type":"product","link":"https:\/\/sinkwithfaucet.com\/ro\/single-handle-pull-out-sprayer-kitchen-faucet\/","title":{"rendered":"Robinet de buc\u0103t\u0103rie cu pulverizator cu o singur\u0103 m\u00e2ner 1107"},"content":{"rendered":"<h2 class=\"a-size-base-plus a-text-bold\"><strong>Despre robinetul de buc\u0103t\u0103rie cu pulverizator cu o singur\u0103 m\u00e2ner\u0103<\/strong><\/h2>\n<ul class=\"a-unordered-list a-vertical a-spacing-mini\">\n<li class=\"a-spacing-mini\"><span class=\"a-list-item\"><strong>DE LUNG\u0102 DURAT\u0102 \u0218I DURABIL: <\/strong>Acest robinet de buc\u0103t\u0103rie este fabricat din o\u021bel inoxidabil de \u00eenalt\u0103 calitate, cu o structur\u0103 solid\u0103, iar suprafa\u021ba adopt\u0103 tehnologia vopselei de coacere la temperatur\u0103 ridicat\u0103, care este rezistent\u0103 la uzur\u0103 \u0219i durabil\u0103, nu este u\u0219or de ruginit \u0219i decolorat \u0219i poate fi utilizat\u0103 pentru o perioad\u0103 lung\u0103 de timp.<\/span><\/li>\n<li class=\"a-spacing-mini\"><span class=\"a-list-item\"><strong>MODUL CU DOU\u0102 GURI DE SCURGERE: <\/strong>Robinetul pentru chiuveta de buc\u0103t\u0103rie este, de asemenea, echipat cu o func\u021bie de gur\u0103 dubl\u0103, care poate fi u\u0219or comutat\u0103 \u00eentre coloana de ap\u0103 normal\u0103 \u0219i op\u021biunile de du\u0219 puternic pentru a v\u0103 satisface nevoile diferite.<\/span><\/li>\n<li class=\"a-spacing-mini\"><span class=\"a-list-item\"><strong>REGLAREA TEMPERATURII: <\/strong>The <a href=\"https:\/\/kitchensink.us\/stainless-steel-kitchen-faucet\/\" target=\"_blank\" rel=\"noopener\">robinet chiuvet\u0103<\/a> este, de asemenea, echipat cu o func\u021bie de reglare a temperaturii, pute\u021bi regla temperatura dorit\u0103 dup\u0103 bunul plac, scutindu-v\u0103 de problema de a amesteca manual apa cald\u0103 \u0219i rece.<\/span><\/li>\n<li class=\"a-spacing-mini\"><span class=\"a-list-item\"><strong>ROTA\u021aIE DE 360 DE GRADE: <\/strong>Func\u021bia de rota\u021bie la 360 de grade permite o gam\u0103 complet\u0103 de mi\u0219c\u0103ri \u0219i flexibilitate, permi\u021b\u00e2nd fluxului de ap\u0103 s\u0103 ajung\u0103 flexibil \u00een toate col\u021burile chiuvetei, oferind spa\u021biu suficient pentru cur\u0103\u021barea vaselor \u0219i bolurilor.<\/span><\/li>\n<li class=\"a-spacing-mini\"><span class=\"a-list-item\"><strong>DUZ\u0102 DE \u00ceNALT\u0102 CALITATE: <\/strong>Spum\u0103 de piele moale nu numai c\u0103 poate face fluxul de ap\u0103 bogat \u00een spum\u0103, moale \u0219i f\u0103r\u0103 stropire, confortabil la atingere, dar, de asemenea, filtreaz\u0103 impurit\u0103\u021bile \u0219i v\u0103 ajut\u0103 s\u0103 economisi\u021bi ap\u0103 \u00een via\u021ba de zi cu zi.<\/span><\/li>\n<\/ul>\n<p>&nbsp;<\/p>\n<h2><strong>Tipuri de robinete de buc\u0103t\u0103rie deta\u0219abile<\/strong><\/h2>\n<ul>\n<li><strong>Un singur m\u00e2ner:<\/strong><\/li>\n<\/ul>\n<p>Cel mai comun tip.Dispune de un singur levier care controleaz\u0103 at\u00e2t temperatura, c\u00e2t \u0219i debitul apei.  Ofer\u0103 o operare u\u0219oar\u0103 \u0219i intuitiv\u0103.<\/p>\n<ul>\n<li><strong>Stil profesional:<\/strong><\/li>\n<\/ul>\n<p>Adesea au o gura de scurgere \u00een arc \u00eenalt pentru un spa\u021biu mai liber sub robinet.  De obicei, au un jet puternic \u0219i o construc\u021bie durabil\u0103, ceea ce le face populare \u00een r\u00e2ndul buc\u0103tarilor \u0219i al buc\u0103tarilor profesioni\u0219ti.<\/p>\n<ul>\n<li><strong>C\u00e2nt\u0103rite:<\/strong><\/li>\n<\/ul>\n<p>\u00cencorpora\u021bi o greutate la baza capului de pulverizare pentru a-l ajuta s\u0103 se retrag\u0103 u\u0219or \u0219i pentru a-l \u00eempiedica s\u0103 at\u00e2rne.Acest lucru asigur\u0103 o experien\u021b\u0103 mai elegant\u0103 \u0219i mai u\u0219or de utilizat.<\/p>\n<ul>\n<li><strong>\u00cenc\u0103rcat cu arc:<\/strong><\/li>\n<\/ul>\n<p>Utiliza\u021bi un mecanism cu arc pentru a retrage capul de pulverizare rapid \u0219i f\u0103r\u0103 efort.  Acest lucru poate economisi timp \u0219i efort \u00een timpul utiliz\u0103rii.<\/p>\n<p>&nbsp;<\/p>\n<h2 data-sourcepos=\"16:1-16:57\"><strong>Factori de luat \u00een considerare la alegerea unui robinet de buc\u0103t\u0103rie cu pulverizator cu o singur\u0103 m\u00e2ner\u0103<\/strong><\/h2>\n<ul data-sourcepos=\"18:1-22:0\">\n<li data-sourcepos=\"18:1-18:114\"><strong>\u00cen\u0103l\u021bime gura de scurgere:<\/strong>\u00a0Asigura\u021bi-v\u0103 c\u0103 \u00een\u0103l\u021bimea gurii de scurgere este adecvat\u0103 pentru ad\u00e2ncimea chiuvetei dvs. \u0219i pentru dimensiunea oalelor \u0219i tig\u0103ilor pe care le utiliza\u021bi.<\/li>\n<li data-sourcepos=\"19:1-19:116\"><strong>Finisaj:<\/strong>\u00a0Alege\u021bi un finisaj care completeaz\u0103 stilul buc\u0103t\u0103riei dvs., cum ar fi crom, nichel periat sau negru mat.<\/li>\n<li data-sourcepos=\"20:1-20:91\"><strong>Instalare:<\/strong>\u00a0Lua\u021bi \u00een considerare metoda de instalare \u0219i conexiunile sanitare necesare.<\/li>\n<li data-sourcepos=\"21:1-22:0\"><strong>Presiunea apei:<\/strong>\u00a0Asigura\u021bi-v\u0103 c\u0103 robinetul poate suporta presiunea apei din locuin\u021ba dvs.<\/li>\n<\/ul>\n<p>&nbsp;<\/p>\n<h2><strong>Caracteristici \u0219i beneficii ale robinetului de buc\u0103t\u0103rie cu extragere<\/strong><\/h2>\n<ul>\n<li>Instalare cu o singur\u0103 gaur\u0103 - grosime maxim\u0103 a pun\u021bii 1,75\"<\/li>\n<li>Conform ADA - M\u00e2nerul cu o singur\u0103 p\u00e2rghie simplific\u0103 controlul<\/li>\n<li>M\u00e2ner vertical proiectat pe corpul principal, se rote\u0219te cu 90 \u00b0 \u00eenainte, permi\u021b\u00e2nd func\u021bionarea \u00een spa\u021bii \u00eenguste cu backsplashes<\/li>\n<li>Cap de pulverizare cu func\u021bie dubl\u0103 - debitul de ap\u0103 de 1,8 GPM alterneaz\u0103 \u00eentre pulverizarea puternic\u0103 \u0219i fluxul aerat: Perfect pentru sp\u0103larea puternic\u0103, cl\u0103tirea delicat\u0103 \u0219i umplerea vaselor<\/li>\n<li>Construc\u021bie durabil\u0103 din alam\u0103 f\u0103r\u0103 plumb, conform CALGreen California<\/li>\n<li>Gura de scurgere cu rotire la 360\u00b0 men\u021bine ac\u021biunea de tragere \u00een jos f\u0103r\u0103 probleme<\/li>\n<li>Designul duzei cu arc \u00eenalt ofer\u0103 spa\u021biu amplu pentru umplerea oalelor \u0219i cur\u0103\u021barea vaselor de g\u0103tit mai mari<\/li>\n<li>Cartu\u0219 ceramic - precizie \"no-drip\" de cea mai \u00eenalt\u0103 calitate<\/li>\n<li>Aerator de \u00eenalt\u0103 eficien\u021b\u0103, asigur\u0103 un jet u\u0219or f\u0103r\u0103 stropi<\/li>\n<li>Capul de pulverizare retractabil cu furtun \u00eempletit din nailon de 60\" v\u0103 permite s\u0103 v\u0103 cl\u0103ti\u021bi chiuveta \u00een fiecare col\u021b<\/li>\n<li>Duzele capului de pulverizare din cauciuc sunt u\u0219or de cur\u0103\u021bat de depunerile minerale pentru o performan\u021b\u0103 de lung\u0103 durat\u0103<\/li>\n<li>Finisaj multi-placat, rezistent la coroziune, care nu se va p\u0103ta \u0219i nu se va decolora \u00een timp<\/li>\n<li>Feronerie de montaj preinstalat\u0103 \u0219i linii de ap\u0103 cald\u0103\/rece antiefrac\u021bie incluse<\/li>\n<\/ul>\n<p>&nbsp;<\/p>\n<p>Cu designul s\u0103u clasic \u0219i liniile simple, acest robinet elegant va ar\u0103ta minunat \u00een orice buc\u0103t\u0103rie. Robinetul deta\u0219abil este disponibil \u00een dou\u0103 op\u021biuni de finisare durabil\u0103 pentru a completa paleta de culori a buc\u0103t\u0103riei dvs. Capul s\u0103u de pulverizare cu ac\u021biune dubl\u0103 cu furtun rectractabil va face sp\u0103larea \u0219i cl\u0103tirea o briz\u0103. Acest robinet realizat de exper\u021bi este produs din materiale de cea mai \u00eenalt\u0103 calitate \u0219i va oferi mul\u021bi ani de utilizare f\u0103r\u0103 griji.<\/p>\n<p>&nbsp;<\/p>\n<p>&nbsp;<\/p>\n<p>&nbsp;<\/p>\n<p>&nbsp;<\/p>\n<p>&nbsp;<\/p>\n<p>&nbsp;<\/p>","protected":false},"excerpt":{"rendered":"<table style=\"height: 407px;\" width=\"704\">\n<tbody>\n<tr>\n<td width=\"808\">1 Dimensiuni generale ale robinetului<\/td>\n<td width=\"1177\">380*225mm<\/td>\n<\/tr>\n<tr>\n<td width=\"808\">2 Robinet Greutate net\u0103<\/td>\n<td width=\"1177\">2.5kgs<\/td>\n<\/tr>\n<tr>\n<td width=\"808\">3 Robinet cu cutie Greutate brut\u0103<\/td>\n<td width=\"1177\">2.8kgs<\/td>\n<\/tr>\n<tr>\n<td width=\"808\">4 Dimensiunea cutiei<\/td>\n<td width=\"1177\">54*32*26mm<\/td>\n<\/tr>\n<tr>\n<td width=\"808\">5 Ambalare<\/td>\n<td width=\"1177\">4PCS\/CTN; 10PCS\/CTN; 12PCS\/CTN<\/td>\n<\/tr>\n<tr>\n<td width=\"808\">6 Lungimea furtunului de admisie<\/td>\n<td width=\"1177\">60mm<\/td>\n<\/tr>\n<tr>\n<td width=\"808\">7 Dimensiunea piuli\u021bei conductei de ap\u0103<\/td>\n<td width=\"1177\">3\/8\u2033 sau 1\/2\u2033 sau 9\/16\u2033<\/td>\n<\/tr>\n<tr>\n<td width=\"808\">8 Dimensiunea t\u0103ieturii orificiului de montare<\/td>\n<td width=\"1177\">35mm<\/td>\n<\/tr>\n<tr>\n<td width=\"808\">9 Materiale pentru robinete<\/td>\n<td width=\"1177\">F\u0103r\u0103 plumb Premium 304 America Standard Stainless<br \/>\no\u021bel<\/td>\n<\/tr>\n<\/tbody>\n<\/table>","protected":false},"featured_media":2661,"template":"","meta":[],"product_brand":[],"product_cat":[57],"product_tag":[],"class_list":{"0":"post-2660","1":"product","2":"type-product","3":"status-publish","4":"has-post-thumbnail","6":"product_cat-stainless-steel-faucet","8":"first","9":"instock","10":"shipping-taxable","11":"product-type-simple"},"_links":{"self":[{"href":"https:\/\/sinkwithfaucet.com\/ro\/wp-json\/wp\/v2\/product\/2660","targetHints":{"allow":["GET"]}}],"collection":[{"href":"https:\/\/sinkwithfaucet.com\/ro\/wp-json\/wp\/v2\/product"}],"about":[{"href":"https:\/\/sinkwithfaucet.com\/ro\/wp-json\/wp\/v2\/types\/product"}],"wp:featuredmedia":[{"embeddable":true,"href":"https:\/\/sinkwithfaucet.com\/ro\/wp-json\/wp\/v2\/media\/2661"}],"wp:attachment":[{"href":"https:\/\/sinkwithfaucet.com\/ro\/wp-json\/wp\/v2\/media?parent=2660"}],"wp:term":[{"taxonomy":"product_brand","embeddable":true,"href":"https:\/\/sinkwithfaucet.com\/ro\/wp-json\/wp\/v2\/product_brand?post=2660"},{"taxonomy":"product_cat","embeddable":true,"href":"https:\/\/sinkwithfaucet.com\/ro\/wp-json\/wp\/v2\/product_cat?post=2660"},{"taxonomy":"product_tag","embeddable":true,"href":"https:\/\/sinkwithfaucet.com\/ro\/wp-json\/wp\/v2\/product_tag?post=2660"}],"curies":[{"name":"wp","href":"https:\/\/api.w.org\/{rel}","templated":true}]}}