{"id":2577,"date":"2024-11-09T06:30:16","date_gmt":"2024-11-09T06:30:16","guid":{"rendered":"https:\/\/sinkwithfaucet.com\/?post_type=product&#038;p=2577"},"modified":"2024-11-09T06:30:16","modified_gmt":"2024-11-09T06:30:16","slug":"kitchen-sink-with-drainboard-7848b","status":"publish","type":"product","link":"https:\/\/sinkwithfaucet.com\/ro\/kitchen-sink-with-drainboard-7848b\/","title":{"rendered":"Chiuvet\u0103 de buc\u0103t\u0103rie cu panou de scurgere 7848B"},"content":{"rendered":"<h2 data-sourcepos=\"1:1-1:53\">Chiuveta de buc\u0103t\u0103rie cu panouri de scurgere: O alegere practic\u0103<\/h2>\n<p data-sourcepos=\"3:1-3:212\"><strong>Chiuvete de buc\u0103t\u0103rie cu panouri de scurgere<\/strong> ofer\u0103 o solu\u021bie practic\u0103 \u0219i eficient\u0103 pentru sp\u0103larea \u0219i uscarea vaselor. Co\u0219ul de scurgere integrat ofer\u0103 un spa\u021biu convenabil pentru uscarea la aer a vaselor, ustensilelor \u0219i a altor ustensile de buc\u0103t\u0103rie.<\/p>\n<p data-sourcepos=\"5:1-5:51\"><strong>Caracteristici principale ale chiuvetelor de buc\u0103t\u0103rie cu scurgeri:<\/strong><\/p>\n<ul data-sourcepos=\"7:1-10:0\">\n<li data-sourcepos=\"7:1-7:113\"><strong>Func\u021bionalitate sporit\u0103:<\/strong> Placa de scurgere adaug\u0103 o zon\u0103 de uscare convenabil\u0103, reduc\u00e2nd dezordinea pe blatul dvs.<\/li>\n<li data-sourcepos=\"8:1-8:103\"><strong>\u00cembun\u0103t\u0103\u021birea igienei:<\/strong> \u021ain\u00e2nd vasele departe de tejghea, pute\u021bi ajuta la prevenirea r\u0103sp\u00e2ndirii bacteriilor.<\/li>\n<li data-sourcepos=\"9:1-10:0\"><strong>Design care economise\u0219te spa\u021biu:<\/strong> Combin\u0103 o chiuvet\u0103 \u0219i un suport de uscare \u00eentr-o singur\u0103 unitate, maximiz\u00e2nd eficien\u021ba buc\u0103t\u0103riei dvs.<\/li>\n<\/ul>\n<p data-sourcepos=\"11:1-11:44\"><strong>Tipuri de chiuvete de buc\u0103t\u0103rie cu pl\u0103ci de scurgere:<\/strong><\/p>\n<ul data-sourcepos=\"13:1-16:0\">\n<li data-sourcepos=\"13:1-13:90\"><strong>O\u021bel inoxidabil:<\/strong> O alegere popular\u0103 pentru durabilitatea, igiena \u0219i estetica sa modern\u0103.<\/li>\n<li data-sourcepos=\"14:1-14:81\"><strong>Argil\u0103 refractar\u0103:<\/strong> Un material durabil \u0219i rezistent la c\u0103ldur\u0103 care ofer\u0103 un aspect clasic.<\/li>\n<li data-sourcepos=\"15:1-16:0\"><strong>Compozit:<\/strong> Un amestec de materiale precum cuar\u021bul sau granitul, oferind o op\u021biune elegant\u0103 \u0219i durabil\u0103.<\/li>\n<\/ul>\n<p data-sourcepos=\"17:1-17:64\"><strong>Considera\u021bii la alegerea unui chiuvet\u0103 de buc\u0103t\u0103rie cu panou de scurgere:<\/strong><\/p>\n<ul data-sourcepos=\"19:1-24:0\">\n<li data-sourcepos=\"19:1-19:71\"><strong>Dimensiune:<\/strong> Alege\u021bi o dimensiune care s\u0103 se potriveasc\u0103 configura\u021biei buc\u0103t\u0103riei \u0219i nevoilor dvs.<\/li>\n<li data-sourcepos=\"20:1-20:93\"><strong>Plasarea pl\u0103cii de scurgere:<\/strong> Lua\u021bi \u00een considerare dac\u0103 prefera\u021bi o plac\u0103 de scurgere pe partea st\u00e2ng\u0103 sau pe partea dreapt\u0103.<\/li>\n<li data-sourcepos=\"21:1-21:60\"><strong>Material:<\/strong> Selecta\u021bi un material durabil \u0219i u\u0219or de cur\u0103\u021bat.<\/li>\n<li data-sourcepos=\"22:1-22:72\"><strong>Instalare:<\/strong> Alege\u021bi \u00eentre montarea dedesubt sau de sus.<\/li>\n<li data-sourcepos=\"23:1-24:0\"><strong>Stil:<\/strong> Selecta\u021bi un stil care s\u0103 completeze designul general al buc\u0103t\u0103riei dumneavoastr\u0103.<\/li>\n<\/ul>\n<p data-sourcepos=\"25:1-25:146\">Lu\u00e2nd \u00een considerare cu aten\u021bie ace\u0219ti factori, pute\u021bi selecta chiuveta de buc\u0103t\u0103rie perfect\u0103 cu scurgere pentru a spori func\u021bionalitatea \u0219i stilul buc\u0103t\u0103riei dvs.<\/p>","protected":false},"excerpt":{"rendered":"<p>Dimensiuni generale : 900*550*210 mm<\/p>\n<p>Dimensiunea t\u0103ieturii : 880*480 mm<\/p>\n<p>Material : O\u021bel inoxidabil<\/p>","protected":false},"featured_media":2579,"template":"","meta":[],"product_brand":[],"product_cat":[56],"product_tag":[],"class_list":{"0":"post-2577","1":"product","2":"type-product","3":"status-publish","4":"has-post-thumbnail","6":"product_cat-pressing-kitchen-sink","8":"first","9":"instock","10":"shipping-taxable","11":"product-type-simple"},"_links":{"self":[{"href":"https:\/\/sinkwithfaucet.com\/ro\/wp-json\/wp\/v2\/product\/2577","targetHints":{"allow":["GET"]}}],"collection":[{"href":"https:\/\/sinkwithfaucet.com\/ro\/wp-json\/wp\/v2\/product"}],"about":[{"href":"https:\/\/sinkwithfaucet.com\/ro\/wp-json\/wp\/v2\/types\/product"}],"wp:featuredmedia":[{"embeddable":true,"href":"https:\/\/sinkwithfaucet.com\/ro\/wp-json\/wp\/v2\/media\/2579"}],"wp:attachment":[{"href":"https:\/\/sinkwithfaucet.com\/ro\/wp-json\/wp\/v2\/media?parent=2577"}],"wp:term":[{"taxonomy":"product_brand","embeddable":true,"href":"https:\/\/sinkwithfaucet.com\/ro\/wp-json\/wp\/v2\/product_brand?post=2577"},{"taxonomy":"product_cat","embeddable":true,"href":"https:\/\/sinkwithfaucet.com\/ro\/wp-json\/wp\/v2\/product_cat?post=2577"},{"taxonomy":"product_tag","embeddable":true,"href":"https:\/\/sinkwithfaucet.com\/ro\/wp-json\/wp\/v2\/product_tag?post=2577"}],"curies":[{"name":"wp","href":"https:\/\/api.w.org\/{rel}","templated":true}]}}