{"id":2574,"date":"2024-11-09T06:26:09","date_gmt":"2024-11-09T06:26:09","guid":{"rendered":"https:\/\/sinkwithfaucet.com\/?post_type=product&#038;p=2574"},"modified":"2024-11-09T06:26:09","modified_gmt":"2024-11-09T06:26:09","slug":"overmount-sink-7646d","status":"publish","type":"product","link":"https:\/\/sinkwithfaucet.com\/ro\/overmount-sink-7646d\/","title":{"rendered":"Chiuvet\u0103 suprapus\u0103 7646D"},"content":{"rendered":"<h2 data-sourcepos=\"1:1-1:50\">Chiuvete suprapuse: O alegere clasic\u0103 \u0219i practic\u0103<\/h2>\n<p data-sourcepos=\"3:1-3:203\"><strong>Chiuvete suprapuse<\/strong>, cunoscute \u0219i sub numele de chiuvete cu montare pe partea superioar\u0103 sau cu montare pe blat, sunt o alegere popular\u0103 \u0219i tradi\u021bional\u0103 pentru buc\u0103t\u0103rii. Acestea sunt instalate deasupra blatului, cre\u00e2nd un aspect simplu \u0219i u\u0219or de instalat.<\/p>\n<p data-sourcepos=\"5:1-5:36\"><strong>Caracteristici principale:<\/strong><\/p>\n<ul data-sourcepos=\"7:1-11:0\">\n<li data-sourcepos=\"7:1-7:70\"><strong>Instalare u\u0219oar\u0103:<\/strong> Simplu de instalat pe orice material de blat.<\/li>\n<li data-sourcepos=\"8:1-8:112\"><strong>Gam\u0103 larg\u0103 de stiluri:<\/strong> Disponibile \u00een diferite forme, dimensiuni \u0219i materiale pentru a se potrivi diferitelor modele de buc\u0103t\u0103rii.<\/li>\n<li data-sourcepos=\"9:1-9:100\"><strong>Durabil \u0219i igienic:<\/strong> Fabricat din materiale durabile precum o\u021bel inoxidabil, ceramic\u0103 sau compozit.<\/li>\n<li data-sourcepos=\"10:1-11:0\"><strong>Rentabil:<\/strong> Adesea, sunt mai accesibile dec\u00e2t chiuvetele submontante.<\/li>\n<\/ul>\n<p data-sourcepos=\"12:1-12:29\"><strong>Tipuri:<\/strong><\/p>\n<ul data-sourcepos=\"14:1-18:0\">\n<li data-sourcepos=\"14:1-14:57\"><strong>Bol unic:<\/strong> Un singur bazin mare pentru uz general.<\/li>\n<li data-sourcepos=\"15:1-15:56\"><strong>Bol dublu:<\/strong> Dou\u0103 chiuvete separate pentru multitasking.<\/li>\n<li data-sourcepos=\"16:1-16:92\"><strong>Triple Bowl:<\/strong> Trei chiuvete pentru func\u021bionalitate suplimentar\u0103, des \u00eent\u00e2lnite \u00een buc\u0103t\u0103riile comerciale.<\/li>\n<li data-sourcepos=\"17:1-18:0\"><strong>Chiuveta Farmhouse:<\/strong> Chiuvete mari, ad\u00e2nci, cu \u0219or\u021b frontal, oferind un design rustic \u0219i func\u021bional.<\/li>\n<\/ul>\n<p data-sourcepos=\"19:1-19:51\"><strong>Considera\u021bii la alegerea unui chiuveta Overmount:<\/strong><\/p>\n<ul data-sourcepos=\"21:1-25:0\">\n<li data-sourcepos=\"21:1-21:64\"><strong>Dimensiune:<\/strong> Asigura\u021bi-v\u0103 c\u0103 chiuveta se potrive\u0219te blatului dvs. \u0219i nevoilor dvs.<\/li>\n<li data-sourcepos=\"22:1-22:60\"><strong>Material:<\/strong> Alege\u021bi un material durabil \u0219i u\u0219or de cur\u0103\u021bat.<\/li>\n<li data-sourcepos=\"23:1-23:75\"><strong>Stil:<\/strong> Selecta\u021bi un stil care s\u0103 completeze designul general al buc\u0103t\u0103riei dumneavoastr\u0103.<\/li>\n<li data-sourcepos=\"24:1-25:0\"><strong>Instalare:<\/strong> Asigura\u021bi-v\u0103 c\u0103 instalarea este corect\u0103 pentru a preveni scurgerile \u0219i deterior\u0103rile.<\/li>\n<\/ul>\n<p data-sourcepos=\"26:1-26:133\">Lu\u00e2nd \u00een considerare cu aten\u021bie ace\u0219ti factori, pute\u021bi selecta chiuveta suprapus\u0103 perfect\u0103 pentru a \u00eembun\u0103t\u0103\u021bi func\u021bionalitatea \u0219i stilul buc\u0103t\u0103riei dumneavoastr\u0103.<\/p>","protected":false},"excerpt":{"rendered":"<p>Dimensiuni generale : 750*450*150 mm<\/p>\n<p>Dimensiunea t\u0103ieturii : 730*430 mm<\/p>\n<p>Material : O\u021bel inoxidabil<\/p>","protected":false},"featured_media":2576,"template":"","meta":[],"product_brand":[],"product_cat":[56],"product_tag":[],"class_list":{"0":"post-2574","1":"product","2":"type-product","3":"status-publish","4":"has-post-thumbnail","6":"product_cat-pressing-kitchen-sink","8":"first","9":"instock","10":"shipping-taxable","11":"product-type-simple"},"_links":{"self":[{"href":"https:\/\/sinkwithfaucet.com\/ro\/wp-json\/wp\/v2\/product\/2574","targetHints":{"allow":["GET"]}}],"collection":[{"href":"https:\/\/sinkwithfaucet.com\/ro\/wp-json\/wp\/v2\/product"}],"about":[{"href":"https:\/\/sinkwithfaucet.com\/ro\/wp-json\/wp\/v2\/types\/product"}],"wp:featuredmedia":[{"embeddable":true,"href":"https:\/\/sinkwithfaucet.com\/ro\/wp-json\/wp\/v2\/media\/2576"}],"wp:attachment":[{"href":"https:\/\/sinkwithfaucet.com\/ro\/wp-json\/wp\/v2\/media?parent=2574"}],"wp:term":[{"taxonomy":"product_brand","embeddable":true,"href":"https:\/\/sinkwithfaucet.com\/ro\/wp-json\/wp\/v2\/product_brand?post=2574"},{"taxonomy":"product_cat","embeddable":true,"href":"https:\/\/sinkwithfaucet.com\/ro\/wp-json\/wp\/v2\/product_cat?post=2574"},{"taxonomy":"product_tag","embeddable":true,"href":"https:\/\/sinkwithfaucet.com\/ro\/wp-json\/wp\/v2\/product_tag?post=2574"}],"curies":[{"name":"wp","href":"https:\/\/api.w.org\/{rel}","templated":true}]}}