{"id":2434,"date":"2024-11-04T06:57:38","date_gmt":"2024-11-04T06:57:38","guid":{"rendered":"https:\/\/sinkwithfaucet.com\/?post_type=product&#038;p=2434"},"modified":"2024-11-04T06:57:38","modified_gmt":"2024-11-04T06:57:38","slug":"undermount-sink-3322dsa","status":"publish","type":"product","link":"https:\/\/sinkwithfaucet.com\/ro\/undermount-sink-3322dsa\/","title":{"rendered":"Chiuvet\u0103 sub mas\u0103 3322DSA"},"content":{"rendered":"<h2 data-sourcepos=\"1:1-1:46\">Chiuvete sub mas\u0103: O alegere elegant\u0103 \u0219i modern\u0103<\/h2>\n<p data-sourcepos=\"3:1-3:210\"><strong>Chiuvete sub mas\u0103<\/strong> sunt o alegere popular\u0103 pentru proprietarii de locuin\u021be care doresc un aspect curat \u0219i contemporan pentru buc\u0103t\u0103ria lor. Aceste chiuvete sunt instalate sub blat, cre\u00e2nd un aspect integrat \u0219i f\u0103r\u0103 sudur\u0103.<\/p>\n<p data-sourcepos=\"5:1-5:37\"><strong>Caracteristici principale:<\/strong><\/p>\n<ul data-sourcepos=\"7:1-11:0\">\n<li data-sourcepos=\"7:1-7:144\"><strong>Design elegant:<\/strong> Instalarea sub mas\u0103 elimin\u0103 spa\u021biile dintre chiuvet\u0103 \u0219i blat, rezult\u00e2nd o estetic\u0103 minimalist\u0103 \u0219i modern\u0103.<\/li>\n<li data-sourcepos=\"8:1-8:125\"><strong>U\u0219or de cur\u0103\u021bat:<\/strong> Designul f\u0103r\u0103 sudur\u0103 faciliteaz\u0103 cur\u0103\u021barea, deoarece nu exist\u0103 cr\u0103p\u0103turi \u00een care s\u0103 se acumuleze murd\u0103rie \u0219i resturi.<\/li>\n<li data-sourcepos=\"9:1-9:140\"><strong>Spa\u021biu \u00eembun\u0103t\u0103\u021bit pe blat:<\/strong> Designul sub mas\u0103 maximizeaz\u0103 spa\u021biul de pe blat, oferind mai mult spa\u021biu pentru prepararea alimentelor \u0219i alte sarcini.<\/li>\n<li data-sourcepos=\"10:1-11:0\"><strong>Durabilitate:<\/strong> Chiuvetele sub montare sunt de obicei fabricate din materiale durabile, cum ar fi o\u021bel inoxidabil sau compozit, asigur\u00e2nd o performan\u021b\u0103 de lung\u0103 durat\u0103.<\/li>\n<\/ul>\n<p data-sourcepos=\"19:1-19:52\"><strong>Considera\u021bii atunci c\u00e2nd alege\u021bi un chiuvet\u0103 sub mas\u0103:<\/strong><\/p>\n<ul data-sourcepos=\"21:1-25:0\">\n<li data-sourcepos=\"21:1-21:69\"><strong>Dimensiune:<\/strong> Asigura\u021bi-v\u0103 c\u0103 chiuveta are dimensiunea potrivit\u0103 pentru spa\u021biul buc\u0103t\u0103riei dvs.<\/li>\n<li data-sourcepos=\"22:1-22:98\"><strong>Material:<\/strong> Alege\u021bi un material durabil \u0219i u\u0219or de cur\u0103\u021bat, cum ar fi o\u021belul inoxidabil sau compozitul.<\/li>\n<li data-sourcepos=\"23:1-23:112\"><strong>G\u0103uri pentru robinet:<\/strong> Lua\u021bi \u00een considerare num\u0103rul \u0219i amplasarea orificiilor pentru robinete pentru a v\u0103 adapta la configura\u021bia dorit\u0103.<\/li>\n<li data-sourcepos=\"24:1-25:0\"><strong>Instalare:<\/strong> Chiuvetele \u00eencastrate necesit\u0103 instalare profesional\u0103 pentru a asigura o potrivire corect\u0103 \u0219i sigur\u0103.<\/li>\n<\/ul>\n<p data-sourcepos=\"26:1-26:139\">Lu\u00e2nd \u00een considerare cu aten\u021bie ace\u0219ti factori, pute\u021bi selecta chiuveta submersibil\u0103 perfect\u0103 pentru a ridica stilul \u0219i func\u021bionalitatea buc\u0103t\u0103riei dumneavoastr\u0103.<\/p>","protected":false},"excerpt":{"rendered":"<p>Dimensiuni generale : 33*22*10 inch \/ 838*559*254 mm<\/p>\n<p>Dimensiune bol : 430*452\/330*452 mm<\/p>\n<p>Dimensiunea t\u0103ieturii : 839*560 mm<\/p>\n<p>Col\u021b Radian : R10<\/p>","protected":false},"featured_media":2435,"template":"","meta":[],"product_brand":[],"product_cat":[54],"product_tag":[],"class_list":{"0":"post-2434","1":"product","2":"type-product","3":"status-publish","4":"has-post-thumbnail","6":"product_cat-apron-sink-1","8":"first","9":"instock","10":"shipping-taxable","11":"product-type-simple"},"_links":{"self":[{"href":"https:\/\/sinkwithfaucet.com\/ro\/wp-json\/wp\/v2\/product\/2434","targetHints":{"allow":["GET"]}}],"collection":[{"href":"https:\/\/sinkwithfaucet.com\/ro\/wp-json\/wp\/v2\/product"}],"about":[{"href":"https:\/\/sinkwithfaucet.com\/ro\/wp-json\/wp\/v2\/types\/product"}],"wp:featuredmedia":[{"embeddable":true,"href":"https:\/\/sinkwithfaucet.com\/ro\/wp-json\/wp\/v2\/media\/2435"}],"wp:attachment":[{"href":"https:\/\/sinkwithfaucet.com\/ro\/wp-json\/wp\/v2\/media?parent=2434"}],"wp:term":[{"taxonomy":"product_brand","embeddable":true,"href":"https:\/\/sinkwithfaucet.com\/ro\/wp-json\/wp\/v2\/product_brand?post=2434"},{"taxonomy":"product_cat","embeddable":true,"href":"https:\/\/sinkwithfaucet.com\/ro\/wp-json\/wp\/v2\/product_cat?post=2434"},{"taxonomy":"product_tag","embeddable":true,"href":"https:\/\/sinkwithfaucet.com\/ro\/wp-json\/wp\/v2\/product_tag?post=2434"}],"curies":[{"name":"wp","href":"https:\/\/api.w.org\/{rel}","templated":true}]}}