{"id":2429,"date":"2024-11-04T06:26:45","date_gmt":"2024-11-04T06:26:45","guid":{"rendered":"https:\/\/sinkwithfaucet.com\/?post_type=product&#038;p=2429"},"modified":"2024-11-04T06:27:51","modified_gmt":"2024-11-04T06:27:51","slug":"stainless-apron-sink-3322da","status":"publish","type":"product","link":"https:\/\/sinkwithfaucet.com\/ro\/stainless-apron-sink-3322da\/","title":{"rendered":"Chiuvet\u0103 cu \u0219or\u021b din o\u021bel inoxidabil 3322DA"},"content":{"rendered":"<h2><strong><b>Chiuvete cu \u0219or\u021b din inox: Un clasic de durat\u0103<\/b><\/strong><\/h2>\n<p>Chiuvetele cu \u0219or\u021b din inox sunt foarte atractive pentru proprietarii de locuin\u021be care caut\u0103 o buc\u0103t\u0103rie care s\u0103 fie at\u00e2t elegant\u0103, c\u00e2t \u0219i foarte func\u021bional\u0103. Aceste chiuvete mari \u0219i ad\u00e2nci, cunoscute frecvent sub denumirea de \"chiuvete de ferm\u0103\", au un \u0219or\u021b frontal unic care dep\u0103\u0219e\u0219te blatul.<\/p>\n<p>&nbsp;<\/p>\n<p><strong>Caracteristicile principale ale chiuvetelor frontale din o\u021bel inoxidabil:<\/strong><\/p>\n<ul>\n<li>Cuv\u0103 spa\u021bioas\u0103: Ofer\u0103 spa\u021biu suficient pentru sp\u0103larea oalelor \u0219i crati\u021belor mari.<\/li>\n<li>Design elegant: \u0218or\u021bul frontal confer\u0103 buc\u0103t\u0103riei dvs. un aspect clasic \u0219i rafinat.<\/li>\n<li>Durabilitate: Fabricat din o\u021bel inoxidabil de \u00eenalt\u0103 calitate, garant\u00e2nd performan\u021b\u0103 pe termen lung.<\/li>\n<li>U\u0219or de cur\u0103\u021bat: Suprafa\u021ba neted\u0103 este u\u0219or de \u00eentre\u021binut \u0219i dezinfectat.<\/li>\n<\/ul>\n<p><strong><b>Considera\u021bii la alegerea unui chiuvet\u0103 cu \u0219or\u021b frontal din o\u021bel inoxidabil:<\/b><\/strong><\/p>\n<ul>\n<li>Dimensiune: Opta\u021bi pentru o dimensiune care se potrive\u0219te aspectului buc\u0103t\u0103riei dvs. \u0219i cerin\u021belor dvs. specifice.<\/li>\n<li>Configura\u021bie bol: Alege\u021bi \u00eentre o configura\u021bie cu bol simplu sau dublu, \u00een func\u021bie de preferin\u021bele dvs.<\/li>\n<li>Grosimea: Un calibru mai gros \u00eenseamn\u0103 o chiuvet\u0103 mai durabil\u0103.<\/li>\n<li>Finisaj: Selecta\u021bi un finisaj care se armonizeaz\u0103 cu stilul buc\u0103t\u0103riei dvs., cum ar fi o\u021bel inoxidabil periat sau lustruit.<\/li>\n<\/ul>\n<p><strong><b>Instalare:<\/b><\/strong><\/p>\n<p>C\u00e2nt\u0103rind meticulos ace\u0219ti factori, pute\u021bi alege chiuveta frontal\u0103 cu \u0219or\u021b din o\u021bel inoxidabil ideal\u0103 pentru a ridica stilul \u0219i func\u021bionalitatea buc\u0103t\u0103riei dumneavoastr\u0103.<\/p>","protected":false},"excerpt":{"rendered":"<p>Dimensiuni generale : 33*22*10 inch \/ 838*559*254 mm<\/p>\n<p>Dimensiune bol : 788*420\/330*452 mm<\/p>\n<p>Dimensiunea t\u0103ieturii : 839*503 mm<\/p>\n<p>Col\u021b Radian : R10<\/p>","protected":false},"featured_media":2430,"template":"","meta":[],"product_brand":[],"product_cat":[54],"product_tag":[],"class_list":{"0":"post-2429","1":"product","2":"type-product","3":"status-publish","4":"has-post-thumbnail","6":"product_cat-apron-sink-1","8":"first","9":"instock","10":"shipping-taxable","11":"product-type-simple"},"_links":{"self":[{"href":"https:\/\/sinkwithfaucet.com\/ro\/wp-json\/wp\/v2\/product\/2429","targetHints":{"allow":["GET"]}}],"collection":[{"href":"https:\/\/sinkwithfaucet.com\/ro\/wp-json\/wp\/v2\/product"}],"about":[{"href":"https:\/\/sinkwithfaucet.com\/ro\/wp-json\/wp\/v2\/types\/product"}],"wp:featuredmedia":[{"embeddable":true,"href":"https:\/\/sinkwithfaucet.com\/ro\/wp-json\/wp\/v2\/media\/2430"}],"wp:attachment":[{"href":"https:\/\/sinkwithfaucet.com\/ro\/wp-json\/wp\/v2\/media?parent=2429"}],"wp:term":[{"taxonomy":"product_brand","embeddable":true,"href":"https:\/\/sinkwithfaucet.com\/ro\/wp-json\/wp\/v2\/product_brand?post=2429"},{"taxonomy":"product_cat","embeddable":true,"href":"https:\/\/sinkwithfaucet.com\/ro\/wp-json\/wp\/v2\/product_cat?post=2429"},{"taxonomy":"product_tag","embeddable":true,"href":"https:\/\/sinkwithfaucet.com\/ro\/wp-json\/wp\/v2\/product_tag?post=2429"}],"curies":[{"name":"wp","href":"https:\/\/api.w.org\/{rel}","templated":true}]}}