{"id":2427,"date":"2024-11-04T06:16:23","date_gmt":"2024-11-04T06:16:23","guid":{"rendered":"https:\/\/sinkwithfaucet.com\/?post_type=product&#038;p=2427"},"modified":"2024-11-04T06:16:23","modified_gmt":"2024-11-04T06:16:23","slug":"stainless-steel-apron-sink-3022sa","status":"publish","type":"product","link":"https:\/\/sinkwithfaucet.com\/ro\/stainless-steel-apron-sink-3022sa\/","title":{"rendered":"Chiuvet\u0103 cu \u0219or\u021b din o\u021bel inoxidabil 3022SA"},"content":{"rendered":"<h2 data-sourcepos=\"1:1-1:56\">Chiuvete cu \u0219or\u021b din o\u021bel inoxidabil: Un clasic atemporal<\/h2>\n<p data-sourcepos=\"3:1-3:252\">Chiuvetele cu \u0219or\u021b din o\u021bel inoxidabil sunt o alegere popular\u0103 pentru proprietarii de case care doresc o buc\u0103t\u0103rie elegant\u0103 \u0219i func\u021bional\u0103. Aceste chiuvete mari \u0219i ad\u00e2nci, denumite adesea \"chiuvete de ferm\u0103\", au un \u0219or\u021b frontal distinctiv care se extinde dincolo de blat.<\/p>\n<p data-sourcepos=\"5:1-5:54\"><strong>Caracteristicile principale ale chiuvetelor frontale din o\u021bel inoxidabil:<\/strong><\/p>\n<ul data-sourcepos=\"7:1-11:0\">\n<li data-sourcepos=\"7:1-7:64\"><strong>Bol spa\u021bios:<\/strong> Spa\u021biu amplu pentru sp\u0103larea oalelor \u0219i crati\u021belor mari.<\/li>\n<li data-sourcepos=\"8:1-8:86\"><strong>Design elegant:<\/strong> \u0218or\u021bul frontal adaug\u0103 un aspect clasic \u0219i elegant buc\u0103t\u0103riei dvs.<\/li>\n<li data-sourcepos=\"9:1-9:92\"><strong>Durabilitate:<\/strong> Fabricat din o\u021bel inoxidabil de \u00eenalt\u0103 calitate, asigur\u00e2nd o performan\u021b\u0103 de lung\u0103 durat\u0103.<\/li>\n<li data-sourcepos=\"10:1-11:0\"><strong>U\u0219or de cur\u0103\u021bat:<\/strong> Suprafa\u021ba neted\u0103 este u\u0219or de \u00eentre\u021binut \u0219i dezinfectat.<\/li>\n<\/ul>\n<p data-sourcepos=\"12:1-12:68\"><strong>Considera\u021bii la alegerea unui chiuvet\u0103 cu \u0219or\u021b frontal din o\u021bel inoxidabil:<\/strong><\/p>\n<ul data-sourcepos=\"14:1-19:0\">\n<li data-sourcepos=\"14:1-14:73\"><strong>Dimensiune:<\/strong> Alege\u021bi o dimensiune care se potrive\u0219te cu aspectul buc\u0103t\u0103riei dvs. \u0219i cu nevoile dvs.<\/li>\n<li data-sourcepos=\"15:1-15:97\"><strong>Configura\u021bie bol:<\/strong> Selecta\u021bi o configura\u021bie cu bol simplu sau dublu \u00een func\u021bie de preferin\u021bele dvs.<\/li>\n<li data-sourcepos=\"16:1-16:59\"><strong>Gabarit:<\/strong> Un calibru mai gros indic\u0103 o chiuvet\u0103 mai durabil\u0103.<\/li>\n<li data-sourcepos=\"17:1-17:113\"><strong>Finisaj:<\/strong> Alege\u021bi un finisaj care completeaz\u0103 stilul buc\u0103t\u0103riei dvs., cum ar fi o\u021belul inoxidabil periat sau lustruit.<\/li>\n<li data-sourcepos=\"18:1-19:0\"><strong>Instalare:<\/strong> Lua\u021bi \u00een considerare instalarea sub mas\u0103 sau deasupra mesei.<\/li>\n<\/ul>\n<p data-sourcepos=\"20:1-20:150\">Lu\u00e2nd \u00een considerare cu aten\u021bie ace\u0219ti factori, pute\u021bi selecta chiuveta cu \u0219or\u021b frontal din o\u021bel inoxidabil perfect\u0103 pentru a \u00eembun\u0103t\u0103\u021bi stilul \u0219i func\u021bionalitatea buc\u0103t\u0103riei dumneavoastr\u0103.<\/p>","protected":false},"excerpt":{"rendered":"<p>Dimensiuni generale : 30*22*10 inch \/ 762*559*254 mm<\/p>\n<p>Dimensiune bol : 712*451 mm<\/p>\n<p>Dimensiunea t\u0103ieturii : 763*503 mm<\/p>\n<p>Col\u021b Radian : R10<\/p>","protected":false},"featured_media":2428,"template":"","meta":[],"product_brand":[],"product_cat":[54],"product_tag":[],"class_list":{"0":"post-2427","1":"product","2":"type-product","3":"status-publish","4":"has-post-thumbnail","6":"product_cat-apron-sink-1","8":"first","9":"instock","10":"shipping-taxable","11":"product-type-simple"},"_links":{"self":[{"href":"https:\/\/sinkwithfaucet.com\/ro\/wp-json\/wp\/v2\/product\/2427","targetHints":{"allow":["GET"]}}],"collection":[{"href":"https:\/\/sinkwithfaucet.com\/ro\/wp-json\/wp\/v2\/product"}],"about":[{"href":"https:\/\/sinkwithfaucet.com\/ro\/wp-json\/wp\/v2\/types\/product"}],"wp:featuredmedia":[{"embeddable":true,"href":"https:\/\/sinkwithfaucet.com\/ro\/wp-json\/wp\/v2\/media\/2428"}],"wp:attachment":[{"href":"https:\/\/sinkwithfaucet.com\/ro\/wp-json\/wp\/v2\/media?parent=2427"}],"wp:term":[{"taxonomy":"product_brand","embeddable":true,"href":"https:\/\/sinkwithfaucet.com\/ro\/wp-json\/wp\/v2\/product_brand?post=2427"},{"taxonomy":"product_cat","embeddable":true,"href":"https:\/\/sinkwithfaucet.com\/ro\/wp-json\/wp\/v2\/product_cat?post=2427"},{"taxonomy":"product_tag","embeddable":true,"href":"https:\/\/sinkwithfaucet.com\/ro\/wp-json\/wp\/v2\/product_tag?post=2427"}],"curies":[{"name":"wp","href":"https:\/\/api.w.org\/{rel}","templated":true}]}}