{"id":2423,"date":"2024-11-04T06:01:20","date_gmt":"2024-11-04T06:01:20","guid":{"rendered":"https:\/\/sinkwithfaucet.com\/?post_type=product&#038;p=2423"},"modified":"2024-11-04T06:01:20","modified_gmt":"2024-11-04T06:01:20","slug":"flush-mount-sink-7948","status":"publish","type":"product","link":"https:\/\/sinkwithfaucet.com\/ro\/flush-mount-sink-7948\/","title":{"rendered":"Chiuvet\u0103 cu montare la culoare 7948"},"content":{"rendered":"<h2 data-sourcepos=\"1:1-1:50\">Chiuvete cu montare \u00eencastrat\u0103: O alegere modern\u0103 \u0219i igienic\u0103<\/h2>\n<p data-sourcepos=\"3:1-3:186\">Chiuvetele \u00eencastrate sunt o op\u021biune modern\u0103 \u0219i elegant\u0103 pentru buc\u0103t\u0103rii. Acestea sunt instalate astfel \u00eenc\u00e2t marginea chiuvetei s\u0103 fie la acela\u0219i nivel cu blatul, cre\u00e2nd o suprafa\u021b\u0103 f\u0103r\u0103 sudur\u0103 \u0219i igienic\u0103.<\/p>\n<p data-sourcepos=\"5:1-5:38\"><strong>Caracteristici principale:<\/strong><\/p>\n<ul data-sourcepos=\"7:1-11:0\">\n<li data-sourcepos=\"7:1-7:81\"><strong>Design elegant:<\/strong> Designul \u00eencastrat creeaz\u0103 un aspect curat \u0219i minimalist.<\/li>\n<li data-sourcepos=\"8:1-8:127\"><strong>U\u0219or de cur\u0103\u021bat:<\/strong> Integrarea perfect\u0103 cu blatul previne prinderea resturilor, facilit\u00e2nd cur\u0103\u021barea.<\/li>\n<li data-sourcepos=\"9:1-9:72\"><strong>Igienic:<\/strong> Absen\u021ba golurilor reduce riscul de dezvoltare a bacteriilor.<\/li>\n<li data-sourcepos=\"10:1-11:0\"><strong>Estetica modern\u0103:<\/strong> Completeaz\u0103 designul contemporan al buc\u0103t\u0103riilor.<\/li>\n<\/ul>\n<p data-sourcepos=\"12:1-12:52\"><strong>Considera\u021bii la alegerea unui chiuvet\u0103 cu montare \u00eencastrat\u0103:<\/strong><\/p>\n<ul data-sourcepos=\"14:1-18:0\">\n<li data-sourcepos=\"14:1-14:76\"><strong>Material:<\/strong> Alege\u021bi un material durabil, cum ar fi o\u021belul inoxidabil sau compozitul.<\/li>\n<li data-sourcepos=\"15:1-15:86\"><strong>Dimensiune \u0219i form\u0103:<\/strong> Selecta\u021bi o dimensiune \u0219i o form\u0103 care se potrivesc cu aspectul \u0219i nevoile buc\u0103t\u0103riei dvs.<\/li>\n<li data-sourcepos=\"16:1-16:93\"><strong>Instalare:<\/strong> Se recomand\u0103 instalarea profesional\u0103 pentru a asigura o potrivire \u0219i o etan\u0219are corespunz\u0103toare.<\/li>\n<li data-sourcepos=\"17:1-18:0\"><strong>Material blat:<\/strong> Materialul blatului trebuie s\u0103 fie compatibil cu metoda de instalare a chiuvetei \u00eencastrate.<\/li>\n<\/ul>\n<p data-sourcepos=\"19:1-19:135\">Lu\u00e2nd \u00een considerare cu aten\u021bie ace\u0219ti factori, pute\u021bi alege chiuveta \u00eencastrat\u0103 perfect\u0103 pentru a \u00eembun\u0103t\u0103\u021bi stilul \u0219i func\u021bionalitatea buc\u0103t\u0103riei dumneavoastr\u0103.<\/p>","protected":false},"excerpt":{"rendered":"<p>Dimensiuni generale : 787*480*230 mm<\/p>\n<p>Dimensiune bol : 736*362 mm<\/p>\n<p>Dimensiunea t\u0103ieturii : 763*456 mm<\/p>\n<p>Col\u021b Radian : R10<\/p>","protected":false},"featured_media":2424,"template":"","meta":[],"product_brand":[],"product_cat":[53],"product_tag":[],"class_list":{"0":"post-2423","1":"product","2":"type-product","3":"status-publish","4":"has-post-thumbnail","6":"product_cat-topmount-sink-1","8":"first","9":"instock","10":"shipping-taxable","11":"product-type-simple"},"_links":{"self":[{"href":"https:\/\/sinkwithfaucet.com\/ro\/wp-json\/wp\/v2\/product\/2423","targetHints":{"allow":["GET"]}}],"collection":[{"href":"https:\/\/sinkwithfaucet.com\/ro\/wp-json\/wp\/v2\/product"}],"about":[{"href":"https:\/\/sinkwithfaucet.com\/ro\/wp-json\/wp\/v2\/types\/product"}],"wp:featuredmedia":[{"embeddable":true,"href":"https:\/\/sinkwithfaucet.com\/ro\/wp-json\/wp\/v2\/media\/2424"}],"wp:attachment":[{"href":"https:\/\/sinkwithfaucet.com\/ro\/wp-json\/wp\/v2\/media?parent=2423"}],"wp:term":[{"taxonomy":"product_brand","embeddable":true,"href":"https:\/\/sinkwithfaucet.com\/ro\/wp-json\/wp\/v2\/product_brand?post=2423"},{"taxonomy":"product_cat","embeddable":true,"href":"https:\/\/sinkwithfaucet.com\/ro\/wp-json\/wp\/v2\/product_cat?post=2423"},{"taxonomy":"product_tag","embeddable":true,"href":"https:\/\/sinkwithfaucet.com\/ro\/wp-json\/wp\/v2\/product_tag?post=2423"}],"curies":[{"name":"wp","href":"https:\/\/api.w.org\/{rel}","templated":true}]}}