{"id":2418,"date":"2024-11-04T03:36:44","date_gmt":"2024-11-04T03:36:44","guid":{"rendered":"https:\/\/sinkwithfaucet.com\/?post_type=product&#038;p=2418"},"modified":"2024-11-04T03:36:44","modified_gmt":"2024-11-04T03:36:44","slug":"black-kitchen-sink-7647b","status":"publish","type":"product","link":"https:\/\/sinkwithfaucet.com\/ro\/black-kitchen-sink-7647b\/","title":{"rendered":"Chiuveta de buc\u0103t\u0103rie neagr\u0103 7647B"},"content":{"rendered":"<h2 data-sourcepos=\"1:1-1:215\">Chiuvete de buc\u0103t\u0103rie negre:<\/h2>\n<p data-sourcepos=\"1:1-1:215\">Chiuvetele de buc\u0103t\u0103rie negre au devenit din ce \u00een ce mai populare \u00een ultimii ani, oferind un aspect modern \u0219i sofisticat care poate ridica orice design de buc\u0103t\u0103rie. Acestea sunt disponibile \u00eentr-o varietate de materiale \u0219i stiluri.<\/p>\n<ul data-sourcepos=\"5:1-8:0\">\n<li data-sourcepos=\"5:1-5:89\"><strong>Elegant \u0219i modern:<\/strong> Finisajul \u00eenchis, mat adaug\u0103 o not\u0103 contemporan\u0103 buc\u0103t\u0103riei dvs.<\/li>\n<li data-sourcepos=\"6:1-6:84\"><strong>Durabil \u0219i igienic:<\/strong> O\u021belul inoxidabil este un material durabil \u0219i u\u0219or de cur\u0103\u021bat.<\/li>\n<li data-sourcepos=\"7:1-8:0\"><strong>Rezistent la amprente:<\/strong> Acoperirile speciale ajut\u0103 la minimizarea amprentelor \u0219i a petelor.<\/li>\n<\/ul>\n<p data-sourcepos=\"21:1-21:71\"><strong>Atunci c\u00e2nd alege\u021bi o chiuvet\u0103 de buc\u0103t\u0103rie neagr\u0103, lua\u021bi \u00een considerare urm\u0103torii factori:<\/strong><\/p>\n<ul data-sourcepos=\"23:1-28:0\">\n<li data-sourcepos=\"23:1-23:67\"><strong>Material:<\/strong> Alege\u021bi un material care se potrive\u0219te stilului \u0219i bugetului dumneavoastr\u0103.<\/li>\n<li data-sourcepos=\"24:1-24:76\"><strong>Dimensiune \u0219i form\u0103:<\/strong> Selecta\u021bi o dimensiune \u0219i o form\u0103 care se potrivesc cu aspectul buc\u0103t\u0103riei dvs.<\/li>\n<li data-sourcepos=\"25:1-25:72\"><strong>Instalare:<\/strong> Decide\u021bi dac\u0103 instala\u021bia trebuie montat\u0103 sub mas\u0103 sau deasupra.<\/li>\n<li data-sourcepos=\"26:1-26:74\"><strong>Finisaj:<\/strong> Lua\u021bi \u00een considerare nuan\u021ba specific\u0103 de negru \u0219i nivelul de str\u0103lucire.<\/li>\n<li data-sourcepos=\"27:1-28:0\"><strong>\u00centre\u021binere:<\/strong> Urma\u021bi instruc\u021biunile de \u00eengrijire ale produc\u0103torului pentru ca chiuveta dvs. s\u0103 arate c\u00e2t mai bine.<\/li>\n<\/ul>\n<p data-sourcepos=\"29:1-29:142\">Lu\u00e2nd \u00een considerare cu aten\u021bie ace\u0219ti factori, pute\u021bi alege chiuveta neagr\u0103 perfect\u0103 pentru a \u00eembun\u0103t\u0103\u021bi stilul \u0219i func\u021bionalitatea buc\u0103t\u0103riei dumneavoastr\u0103.<\/p>","protected":false},"excerpt":{"rendered":"<p>Dimensiuni generale : 760*470*230 mm<\/p>\n<p>Dimensiune bol : 720*363 mm<\/p>\n<p>Dimensiunea t\u0103ieturii : 736*446 mm<\/p>\n<p>Col\u021b Radian : R10<\/p>","protected":false},"featured_media":2419,"template":"","meta":[],"product_brand":[],"product_cat":[53],"product_tag":[],"class_list":{"0":"post-2418","1":"product","2":"type-product","3":"status-publish","4":"has-post-thumbnail","6":"product_cat-topmount-sink-1","8":"first","9":"instock","10":"shipping-taxable","11":"product-type-simple"},"_links":{"self":[{"href":"https:\/\/sinkwithfaucet.com\/ro\/wp-json\/wp\/v2\/product\/2418","targetHints":{"allow":["GET"]}}],"collection":[{"href":"https:\/\/sinkwithfaucet.com\/ro\/wp-json\/wp\/v2\/product"}],"about":[{"href":"https:\/\/sinkwithfaucet.com\/ro\/wp-json\/wp\/v2\/types\/product"}],"wp:featuredmedia":[{"embeddable":true,"href":"https:\/\/sinkwithfaucet.com\/ro\/wp-json\/wp\/v2\/media\/2419"}],"wp:attachment":[{"href":"https:\/\/sinkwithfaucet.com\/ro\/wp-json\/wp\/v2\/media?parent=2418"}],"wp:term":[{"taxonomy":"product_brand","embeddable":true,"href":"https:\/\/sinkwithfaucet.com\/ro\/wp-json\/wp\/v2\/product_brand?post=2418"},{"taxonomy":"product_cat","embeddable":true,"href":"https:\/\/sinkwithfaucet.com\/ro\/wp-json\/wp\/v2\/product_cat?post=2418"},{"taxonomy":"product_tag","embeddable":true,"href":"https:\/\/sinkwithfaucet.com\/ro\/wp-json\/wp\/v2\/product_tag?post=2418"}],"curies":[{"name":"wp","href":"https:\/\/api.w.org\/{rel}","templated":true}]}}