{"id":2413,"date":"2024-11-04T03:17:48","date_gmt":"2024-11-04T03:17:48","guid":{"rendered":"https:\/\/sinkwithfaucet.com\/?post_type=product&#038;p=2413"},"modified":"2024-11-04T06:17:09","modified_gmt":"2024-11-04T06:17:09","slug":"stainless-sink-3322so","status":"publish","type":"product","link":"https:\/\/sinkwithfaucet.com\/ro\/stainless-sink-3322so\/","title":{"rendered":"Chiuvet\u0103 inoxidabil\u0103 3322SO"},"content":{"rendered":"<h2 data-sourcepos=\"1:1-1:44\">Chiuvete din inox: Un clasic atemporal<\/h2>\n<p data-sourcepos=\"3:1-3:251\">Chiuvetele din inox sunt o alegere popular\u0103 pentru buc\u0103t\u0103rii datorit\u0103 durabilit\u0103\u021bii, igienei \u0219i esteticii lor moderne. Acestea sunt fabricate dintr-un aliaj metalic care este rezistent la rugin\u0103, coroziune \u0219i pete, ceea ce le face o op\u021biune durabil\u0103 \u0219i u\u0219or de cur\u0103\u021bat.<\/p>\n<p data-sourcepos=\"18:1-18:38\"><strong>Beneficiile chiuvetelor din o\u021bel inoxidabil:<\/strong><\/p>\n<ul data-sourcepos=\"20:1-24:0\">\n<li data-sourcepos=\"20:1-20:57\"><strong>Durabilitate:<\/strong> Rezistent la rugin\u0103, coroziune \u0219i c\u0103ldur\u0103.<\/li>\n<li data-sourcepos=\"21:1-21:42\"><strong>Igien\u0103:<\/strong> U\u0219or de cur\u0103\u021bat \u0219i dezinfectat.<\/li>\n<li data-sourcepos=\"22:1-22:86\"><strong>Stil:<\/strong> Disponibil \u00eentr-o varietate de finisaje \u0219i stiluri pentru a se potrivi cu orice decor de buc\u0103t\u0103rie.<\/li>\n<li data-sourcepos=\"23:1-24:0\"><strong>Versatilitate:<\/strong> Potrivit at\u00e2t pentru buc\u0103t\u0103riile reziden\u021biale, c\u00e2t \u0219i pentru cele comerciale.<\/li>\n<\/ul>\n<p data-sourcepos=\"25:1-25:56\"><strong>Considera\u021bii la alegerea unui chiuvet\u0103 din o\u021bel inoxidabil:<\/strong><\/p>\n<ul data-sourcepos=\"27:1-31:0\">\n<li data-sourcepos=\"27:1-27:90\"><strong>Gabarit:<\/strong> Grosimea o\u021belului inoxidabil, calibrele mai groase fiind mai durabile.<\/li>\n<li data-sourcepos=\"28:1-28:85\"><strong>Finisaj:<\/strong> Alege\u021bi dintr-o varietate de finisaje, cum ar fi periat, lustruit sau satinat.<\/li>\n<li data-sourcepos=\"29:1-29:73\"><strong>Dimensiune:<\/strong> Selecta\u021bi o dimensiune care se potrive\u0219te cu aspectul buc\u0103t\u0103riei dvs. \u0219i cu nevoile dvs.<\/li>\n<li data-sourcepos=\"30:1-31:0\"><strong>Instalare:<\/strong> Lua\u021bi \u00een considerare dac\u0103 dori\u021bi o chiuvet\u0103 cu montare sub mas\u0103 sau cu montare deasupra.<\/li>\n<\/ul>\n<p data-sourcepos=\"32:1-32:143\">Lu\u00e2nd \u00een considerare cu aten\u021bie ace\u0219ti factori, pute\u021bi alege chiuveta perfect\u0103 din o\u021bel inoxidabil pentru a spori func\u021bionalitatea \u0219i stilul buc\u0103t\u0103riei dvs.<\/p>","protected":false},"excerpt":{"rendered":"<p>Dimensiuni generale : 33*22*10 inch \/ 838*559*254 mm<\/p>\n<p>Dimensiune bol : 768*394 mm<\/p>\n<p>Dimensiunea t\u0103ieturii : 814*535 mm<\/p>\n<p>Col\u021b Radian : R0<\/p>","protected":false},"featured_media":2414,"template":"","meta":[],"product_brand":[],"product_cat":[53],"product_tag":[],"class_list":{"0":"post-2413","1":"product","2":"type-product","3":"status-publish","4":"has-post-thumbnail","6":"product_cat-topmount-sink-1","8":"first","9":"instock","10":"shipping-taxable","11":"product-type-simple"},"_links":{"self":[{"href":"https:\/\/sinkwithfaucet.com\/ro\/wp-json\/wp\/v2\/product\/2413","targetHints":{"allow":["GET"]}}],"collection":[{"href":"https:\/\/sinkwithfaucet.com\/ro\/wp-json\/wp\/v2\/product"}],"about":[{"href":"https:\/\/sinkwithfaucet.com\/ro\/wp-json\/wp\/v2\/types\/product"}],"wp:featuredmedia":[{"embeddable":true,"href":"https:\/\/sinkwithfaucet.com\/ro\/wp-json\/wp\/v2\/media\/2414"}],"wp:attachment":[{"href":"https:\/\/sinkwithfaucet.com\/ro\/wp-json\/wp\/v2\/media?parent=2413"}],"wp:term":[{"taxonomy":"product_brand","embeddable":true,"href":"https:\/\/sinkwithfaucet.com\/ro\/wp-json\/wp\/v2\/product_brand?post=2413"},{"taxonomy":"product_cat","embeddable":true,"href":"https:\/\/sinkwithfaucet.com\/ro\/wp-json\/wp\/v2\/product_cat?post=2413"},{"taxonomy":"product_tag","embeddable":true,"href":"https:\/\/sinkwithfaucet.com\/ro\/wp-json\/wp\/v2\/product_tag?post=2413"}],"curies":[{"name":"wp","href":"https:\/\/api.w.org\/{rel}","templated":true}]}}