{"id":2407,"date":"2024-11-04T02:52:17","date_gmt":"2024-11-04T02:52:17","guid":{"rendered":"https:\/\/sinkwithfaucet.com\/?post_type=product&#038;p=2407"},"modified":"2024-11-04T02:52:17","modified_gmt":"2024-11-04T02:52:17","slug":"top-mount-kitchen-sink-1200sdo","status":"publish","type":"product","link":"https:\/\/sinkwithfaucet.com\/ro\/top-mount-kitchen-sink-1200sdo\/","title":{"rendered":"Chiuveta de buc\u0103t\u0103rie cu montare superioar\u0103 1200SDO"},"content":{"rendered":"<h2 data-sourcepos=\"1:1-1:44\">Chiuvete de buc\u0103t\u0103rie cu montare superioar\u0103: O alegere clasic\u0103<\/h2>\n<p data-sourcepos=\"3:1-3:206\">Chiuvetele de buc\u0103t\u0103rie cu montare pe partea superioar\u0103, cunoscute \u0219i sub denumirea de chiuvete drop-in, sunt o op\u021biune clasic\u0103 \u0219i versatil\u0103 pentru multe buc\u0103t\u0103rii. Acestea sunt instalate deasupra blatului, cre\u00e2nd un aspect tradi\u021bional \u0219i u\u0219or de instalat.<\/p>\n<p data-sourcepos=\"5:1-5:44\"><strong>Caracteristici principale:<\/strong><\/p>\n<ul data-sourcepos=\"7:1-11:0\">\n<li data-sourcepos=\"7:1-7:70\"><strong>Instalare u\u0219oar\u0103:<\/strong> Simplu de instalat pe orice material de blat.<\/li>\n<li data-sourcepos=\"8:1-8:112\"><strong>Gam\u0103 larg\u0103 de stiluri:<\/strong> Disponibile \u00een diferite forme, dimensiuni \u0219i materiale pentru a se potrivi diferitelor modele de buc\u0103t\u0103rii.<\/li>\n<li data-sourcepos=\"9:1-9:127\"><strong>Durabil \u0219i igienic:<\/strong> Fabricat din materiale precum o\u021bel inoxidabil, ceramic\u0103 sau compozit, asigur\u00e2nd o performan\u021b\u0103 de lung\u0103 durat\u0103.<\/li>\n<li data-sourcepos=\"10:1-11:0\"><strong>Rentabil:<\/strong> Adesea, sunt mai accesibile dec\u00e2t chiuvetele submontante.<\/li>\n<\/ul>\n<p data-sourcepos=\"12:1-12:37\"><strong>Tipuri de chiuvete de buc\u0103t\u0103rie cu montaj superior:<\/strong><\/p>\n<ul data-sourcepos=\"14:1-18:0\">\n<li data-sourcepos=\"14:1-14:57\"><strong>Bol unic:<\/strong> Un singur bazin mare pentru uz general.<\/li>\n<li data-sourcepos=\"15:1-15:56\"><strong>Bol dublu:<\/strong> Dou\u0103 chiuvete separate pentru multitasking.<\/li>\n<li data-sourcepos=\"16:1-16:92\"><strong>Triple Bowl:<\/strong> Trei chiuvete pentru func\u021bionalitate suplimentar\u0103, des \u00eent\u00e2lnite \u00een buc\u0103t\u0103riile comerciale.<\/li>\n<li data-sourcepos=\"17:1-18:0\"><strong>Chiuveta Farmhouse:<\/strong> O chiuvet\u0103 mare, ad\u00e2nc\u0103, cu \u0219or\u021b frontal, oferind un aspect rustic \u0219i tradi\u021bional.<\/li>\n<\/ul>\n<p data-sourcepos=\"19:1-19:75\"><strong>Atunci c\u00e2nd alege\u021bi o chiuvet\u0103 de buc\u0103t\u0103rie cu montare superioar\u0103, lua\u021bi \u00een considerare urm\u0103torii factori:<\/strong><\/p>\n<ul data-sourcepos=\"21:1-25:0\">\n<li data-sourcepos=\"21:1-21:70\"><strong>Dimensiune:<\/strong> Asigura\u021bi-v\u0103 c\u0103 chiuveta se potrive\u0219te blatului dvs. \u0219i v\u0103 satisface nevoile.<\/li>\n<li data-sourcepos=\"22:1-22:98\"><strong>Material:<\/strong> Alege\u021bi un material durabil \u0219i u\u0219or de cur\u0103\u021bat, cum ar fi o\u021belul inoxidabil sau compozitul.<\/li>\n<li data-sourcepos=\"23:1-23:75\"><strong>Stil:<\/strong> Selecta\u021bi un stil care s\u0103 completeze designul general al buc\u0103t\u0103riei dumneavoastr\u0103.<\/li>\n<li data-sourcepos=\"24:1-25:0\"><strong>Instalare:<\/strong> Asigura\u021bi-v\u0103 c\u0103 instalarea este corect\u0103 pentru a preveni scurgerile \u0219i deterior\u0103rile.<\/li>\n<\/ul>\n<p data-sourcepos=\"26:1-26:141\">Lu\u00e2nd \u00een considerare cu aten\u021bie ace\u0219ti factori, pute\u021bi selecta chiuveta de buc\u0103t\u0103rie cu montare superioar\u0103 perfect\u0103 pentru a \u00eembun\u0103t\u0103\u021bi func\u021bionalitatea \u0219i stilul buc\u0103t\u0103riei dumneavoastr\u0103.<\/p>","protected":false},"excerpt":{"rendered":"<p>Dimensiuni generale : 1200*510*220 mm<\/p>\n<p>Dimensiune bol : 440*400 mm<\/p>\n<p>Dimensiunea t\u0103ieturii : 1175*485 mm<\/p>\n<p>Col\u021b Radian : R10<\/p>","protected":false},"featured_media":2408,"template":"","meta":[],"product_brand":[],"product_cat":[53],"product_tag":[],"class_list":{"0":"post-2407","1":"product","2":"type-product","3":"status-publish","4":"has-post-thumbnail","6":"product_cat-topmount-sink-1","8":"first","9":"instock","10":"shipping-taxable","11":"product-type-simple"},"_links":{"self":[{"href":"https:\/\/sinkwithfaucet.com\/ro\/wp-json\/wp\/v2\/product\/2407","targetHints":{"allow":["GET"]}}],"collection":[{"href":"https:\/\/sinkwithfaucet.com\/ro\/wp-json\/wp\/v2\/product"}],"about":[{"href":"https:\/\/sinkwithfaucet.com\/ro\/wp-json\/wp\/v2\/types\/product"}],"wp:featuredmedia":[{"embeddable":true,"href":"https:\/\/sinkwithfaucet.com\/ro\/wp-json\/wp\/v2\/media\/2408"}],"wp:attachment":[{"href":"https:\/\/sinkwithfaucet.com\/ro\/wp-json\/wp\/v2\/media?parent=2407"}],"wp:term":[{"taxonomy":"product_brand","embeddable":true,"href":"https:\/\/sinkwithfaucet.com\/ro\/wp-json\/wp\/v2\/product_brand?post=2407"},{"taxonomy":"product_cat","embeddable":true,"href":"https:\/\/sinkwithfaucet.com\/ro\/wp-json\/wp\/v2\/product_cat?post=2407"},{"taxonomy":"product_tag","embeddable":true,"href":"https:\/\/sinkwithfaucet.com\/ro\/wp-json\/wp\/v2\/product_tag?post=2407"}],"curies":[{"name":"wp","href":"https:\/\/api.w.org\/{rel}","templated":true}]}}